{"id":1422,"date":"2025-09-28T14:54:51","date_gmt":"2025-09-28T14:54:51","guid":{"rendered":"https:\/\/www.xhplasticlife.com\/?post_type=product&#038;p=1422"},"modified":"2025-09-28T15:25:46","modified_gmt":"2025-09-28T15:25:46","slug":"rectangular-tissue-box-supplier","status":"publish","type":"product","link":"https:\/\/www.xhplasticlife.com\/de\/produkt\/rectangular-tissue-box-supplier\/","title":{"rendered":"Rechteckige Tissue-Box Lieferant, OEM klar Wand montiert Papierhalter"},"content":{"rendered":"<div class=\"wp-block-columns is-layout-flex wp-container-core-columns-is-layout-9d6595d7 wp-block-columns-is-layout-flex\">\n<div class=\"wp-block-column is-layout-flow wp-block-column-is-layout-flow\">\n<h2 class=\"wp-block-heading\">Rechteckige Tissue-Box Merkmale:<\/h2>\n\n\n\n<ul class=\"wp-block-list\">\n<li><strong>Zuverl\u00e4ssiger Lieferant f\u00fcr rechteckige Tissue-Boxen<\/strong>: Als professioneller Lieferant von rechteckigen Tissue-Boxen bieten wir OEM\/ODM-Service mit Fabrikpreis, dauerhafte Qualit\u00e4t und stilvolle moderne Designs.<\/li>\n\n\n\n<li><strong>Multifunktionale Tissue-Box<\/strong>: Nicht nur f\u00fcr die Aufbewahrung von Taschent\u00fcchern gedacht, sondern auch als praktische L\u00f6sung f\u00fcr den Schreibtisch oder die Wand, die jeden Raum mit Funktionalit\u00e4t bereichert.<\/li>\n\n\n\n<li><strong>Reibungsloses Zugerlebnis:<\/strong> Entwickelt f\u00fcr ein seidenweiches Ziehen des Taschentuchs ohne Verklemmen, was jedes Mal ein komfortables und bequemes Benutzererlebnis gew\u00e4hrleistet.<\/li>\n\n\n\n<li><strong>Installation ohne Stanzen und Nageln:<\/strong> Einfache Installation ohne Bohren von L\u00f6chern oder N\u00e4geln. Die Wandmontage spart Zeit und verhindert Sch\u00e4den an den W\u00e4nden, was sie mieterfreundlich macht.<\/li>\n\n\n\n<li><strong>Langlebige und stilvolle Farboptionen:<\/strong> Hergestellt aus hochwertigem Material, erh\u00e4ltlich in vier auff\u00e4lligen Farben: schwarz, orange, rot und gr\u00fcn, passend zu verschiedenen Heim- oder B\u00fcroeinrichtungen.<\/li>\n\n\n\n<li><strong>Vielseitige Anwendungen:<\/strong> Ideal f\u00fcr Badezimmer, K\u00fcchen, B\u00fcros, Hotels oder Wohnzimmer - sowohl f\u00fcr den pers\u00f6nlichen Gebrauch als auch f\u00fcr Gro\u00dfeinkaufsprojekte.<\/li>\n<\/ul>\n<\/div>\n\n\n\n<div class=\"wp-block-column is-layout-flow wp-block-column-is-layout-flow\">\n<figure class=\"wp-block-image size-full\"><img decoding=\"async\" width=\"800\" height=\"800\" src=\"https:\/\/www.xhplasticlife.com\/wp-content\/uploads\/2025\/09\/Rectangular-Tissue-Box-Supplier-1.webp\" alt=\"Rechteckige Tissue-Box Lieferant (1)\" class=\"wp-image-1426\" srcset=\"https:\/\/www.xhplasticlife.com\/wp-content\/uploads\/2025\/09\/Rectangular-Tissue-Box-Supplier-1.webp 800w, https:\/\/www.xhplasticlife.com\/wp-content\/uploads\/2025\/09\/Rectangular-Tissue-Box-Supplier-1-300x300.webp 300w, https:\/\/www.xhplasticlife.com\/wp-content\/uploads\/2025\/09\/Rectangular-Tissue-Box-Supplier-1-150x150.webp 150w, https:\/\/www.xhplasticlife.com\/wp-content\/uploads\/2025\/09\/Rectangular-Tissue-Box-Supplier-1-768x768.webp 768w, https:\/\/www.xhplasticlife.com\/wp-content\/uploads\/2025\/09\/Rectangular-Tissue-Box-Supplier-1-12x12.webp 12w, https:\/\/www.xhplasticlife.com\/wp-content\/uploads\/2025\/09\/Rectangular-Tissue-Box-Supplier-1-600x600.webp 600w, https:\/\/www.xhplasticlife.com\/wp-content\/uploads\/2025\/09\/Rectangular-Tissue-Box-Supplier-1-100x100.webp 100w\" sizes=\"(max-width: 800px) 100vw, 800px\" \/><\/figure>\n<\/div>\n<\/div>\n\n\n\n<div class=\"wp-block-columns is-layout-flex wp-container-core-columns-is-layout-9d6595d7 wp-block-columns-is-layout-flex\">\n<div class=\"wp-block-column is-layout-flow wp-block-column-is-layout-flow\">\n<figure class=\"wp-block-image size-full\"><img decoding=\"async\" width=\"800\" height=\"800\" src=\"https:\/\/www.xhplasticlife.com\/wp-content\/uploads\/2025\/09\/Red-Rectangular-Tissue-Box-Supplier-4.webp\" alt=\"Rote rechteckige Tissue-Box Lieferant (4)\" class=\"wp-image-1429\" srcset=\"https:\/\/www.xhplasticlife.com\/wp-content\/uploads\/2025\/09\/Red-Rectangular-Tissue-Box-Supplier-4.webp 800w, https:\/\/www.xhplasticlife.com\/wp-content\/uploads\/2025\/09\/Red-Rectangular-Tissue-Box-Supplier-4-300x300.webp 300w, https:\/\/www.xhplasticlife.com\/wp-content\/uploads\/2025\/09\/Red-Rectangular-Tissue-Box-Supplier-4-150x150.webp 150w, https:\/\/www.xhplasticlife.com\/wp-content\/uploads\/2025\/09\/Red-Rectangular-Tissue-Box-Supplier-4-768x768.webp 768w, https:\/\/www.xhplasticlife.com\/wp-content\/uploads\/2025\/09\/Red-Rectangular-Tissue-Box-Supplier-4-12x12.webp 12w, https:\/\/www.xhplasticlife.com\/wp-content\/uploads\/2025\/09\/Red-Rectangular-Tissue-Box-Supplier-4-600x600.webp 600w, https:\/\/www.xhplasticlife.com\/wp-content\/uploads\/2025\/09\/Red-Rectangular-Tissue-Box-Supplier-4-100x100.webp 100w\" sizes=\"(max-width: 800px) 100vw, 800px\" \/><\/figure>\n<\/div>\n\n\n\n<div class=\"wp-block-column is-layout-flow wp-block-column-is-layout-flow\">\n<figure class=\"wp-block-image size-full\"><img decoding=\"async\" width=\"800\" height=\"800\" src=\"https:\/\/www.xhplasticlife.com\/wp-content\/uploads\/2025\/09\/Orange-Rectangular-Tissue-Box-Supplier-1.webp\" alt=\"Orange Rechteckige Tissue Box Lieferant (1)\" class=\"wp-image-1425\" srcset=\"https:\/\/www.xhplasticlife.com\/wp-content\/uploads\/2025\/09\/Orange-Rectangular-Tissue-Box-Supplier-1.webp 800w, https:\/\/www.xhplasticlife.com\/wp-content\/uploads\/2025\/09\/Orange-Rectangular-Tissue-Box-Supplier-1-300x300.webp 300w, https:\/\/www.xhplasticlife.com\/wp-content\/uploads\/2025\/09\/Orange-Rectangular-Tissue-Box-Supplier-1-150x150.webp 150w, https:\/\/www.xhplasticlife.com\/wp-content\/uploads\/2025\/09\/Orange-Rectangular-Tissue-Box-Supplier-1-768x768.webp 768w, https:\/\/www.xhplasticlife.com\/wp-content\/uploads\/2025\/09\/Orange-Rectangular-Tissue-Box-Supplier-1-12x12.webp 12w, https:\/\/www.xhplasticlife.com\/wp-content\/uploads\/2025\/09\/Orange-Rectangular-Tissue-Box-Supplier-1-600x600.webp 600w, https:\/\/www.xhplasticlife.com\/wp-content\/uploads\/2025\/09\/Orange-Rectangular-Tissue-Box-Supplier-1-100x100.webp 100w\" sizes=\"(max-width: 800px) 100vw, 800px\" \/><\/figure>\n<\/div>\n\n\n\n<div class=\"wp-block-column is-layout-flow wp-block-column-is-layout-flow\">\n<figure class=\"wp-block-image size-full\"><img decoding=\"async\" width=\"800\" height=\"800\" src=\"https:\/\/www.xhplasticlife.com\/wp-content\/uploads\/2025\/09\/Green-Rectangular-Tissue-Box-Supplier-2.webp\" alt=\"Gr\u00fcne rechteckige Tissue-Box Lieferant (2)\" class=\"wp-image-1424\" srcset=\"https:\/\/www.xhplasticlife.com\/wp-content\/uploads\/2025\/09\/Green-Rectangular-Tissue-Box-Supplier-2.webp 800w, https:\/\/www.xhplasticlife.com\/wp-content\/uploads\/2025\/09\/Green-Rectangular-Tissue-Box-Supplier-2-300x300.webp 300w, https:\/\/www.xhplasticlife.com\/wp-content\/uploads\/2025\/09\/Green-Rectangular-Tissue-Box-Supplier-2-150x150.webp 150w, https:\/\/www.xhplasticlife.com\/wp-content\/uploads\/2025\/09\/Green-Rectangular-Tissue-Box-Supplier-2-768x768.webp 768w, https:\/\/www.xhplasticlife.com\/wp-content\/uploads\/2025\/09\/Green-Rectangular-Tissue-Box-Supplier-2-12x12.webp 12w, https:\/\/www.xhplasticlife.com\/wp-content\/uploads\/2025\/09\/Green-Rectangular-Tissue-Box-Supplier-2-600x600.webp 600w, https:\/\/www.xhplasticlife.com\/wp-content\/uploads\/2025\/09\/Green-Rectangular-Tissue-Box-Supplier-2-100x100.webp 100w\" sizes=\"(max-width: 800px) 100vw, 800px\" \/><\/figure>\n<\/div>\n\n\n\n<div class=\"wp-block-column is-layout-flow wp-block-column-is-layout-flow\">\n<figure class=\"wp-block-image size-full\"><img decoding=\"async\" width=\"800\" height=\"800\" src=\"https:\/\/www.xhplasticlife.com\/wp-content\/uploads\/2025\/09\/Black-Rectangular-Tissue-Box-Supplier-3.webp\" alt=\"Schwarze rechteckige Tissue-Box Lieferant (3)\" class=\"wp-image-1423\" srcset=\"https:\/\/www.xhplasticlife.com\/wp-content\/uploads\/2025\/09\/Black-Rectangular-Tissue-Box-Supplier-3.webp 800w, https:\/\/www.xhplasticlife.com\/wp-content\/uploads\/2025\/09\/Black-Rectangular-Tissue-Box-Supplier-3-300x300.webp 300w, https:\/\/www.xhplasticlife.com\/wp-content\/uploads\/2025\/09\/Black-Rectangular-Tissue-Box-Supplier-3-150x150.webp 150w, https:\/\/www.xhplasticlife.com\/wp-content\/uploads\/2025\/09\/Black-Rectangular-Tissue-Box-Supplier-3-768x768.webp 768w, https:\/\/www.xhplasticlife.com\/wp-content\/uploads\/2025\/09\/Black-Rectangular-Tissue-Box-Supplier-3-12x12.webp 12w, https:\/\/www.xhplasticlife.com\/wp-content\/uploads\/2025\/09\/Black-Rectangular-Tissue-Box-Supplier-3-600x600.webp 600w, https:\/\/www.xhplasticlife.com\/wp-content\/uploads\/2025\/09\/Black-Rectangular-Tissue-Box-Supplier-3-100x100.webp 100w\" sizes=\"(max-width: 800px) 100vw, 800px\" \/><\/figure>\n<\/div>\n<\/div>\n\n\n\n<p><\/p>","protected":false},"excerpt":{"rendered":"<p>Als zuverl\u00e4ssiger Lieferant von rechteckigen Tissue-Boxen bieten wir OEM\/ODM-Service mit Fabrikpreisen, kostenlosen Mustern und niedrigen Mindestbestellmengen. Unser wandmontiertes Design zeichnet sich durch sanftes Ziehen und nagelfreie Installation aus und ist in den Farben Schwarz, Orange, Rot und Gr\u00fcn erh\u00e4ltlich - ideal f\u00fcr Gro\u00dfbestellungen.<\/p>\n<h2>Rechteckige Tissue-Box Parameter:<\/h2>\n<ul>\n<li><strong>Markenname<\/strong>: Xinghui<\/li>\n<li><strong>Modell<\/strong>: SH3181<\/li>\n<li><strong>Material<\/strong>: PP+PS<\/li>\n<li><strong>Farbe<\/strong>: schwarz, orange, rot und gr\u00fcn<\/li>\n<li><strong>Bruttogewicht:\u00a0<\/strong>12.2kg<\/li>\n<li><strong>Gr\u00f6\u00dfe des Kartons<\/strong>: 51.5x34x70.5cm<\/li>\n<li><strong>OEM\/ODM<\/strong>: Verf\u00fcgbar<\/li>\n<li><strong>Kundenspezifische Option<\/strong>: Farbe\/Gr\u00f6\u00dfe\/Logo\/Verpackung<\/li>\n<\/ul>\n<h2>Von Daily Plasticware Hersteller :<\/h2>\n<p>Gegr\u00fcndet im Jahr 2000,\u00a0<a href=\"https:\/\/www.xhplasticlife.com\/de\/\"><strong>Xinghui<\/strong><\/a>\u00a0ist spezialisiert auf die Herstellung und den Gro\u00dfhandel von Brotdosen, Lebensmittelbeh\u00e4ltern, Trinkgef\u00e4\u00dfen, Haushaltsbeh\u00e4ltern und anderen Kunststoffprodukten des t\u00e4glichen Bedarfs. Wir bieten alles aus einer Hand <em><a href=\"https:\/\/www.xhplasticlife.com\/de\/custom-food-storage-containers\/\">OEM &amp; ODM<\/a><\/em> und <em><a href=\"https:\/\/www.xhplasticlife.com\/de\/e-commerce-service\/\">Dienstleistungen f\u00fcr die Beschaffung im elektronischen Gesch\u00e4ftsverkehr<\/a><\/em> f\u00fcr Kunden.<\/p>","protected":false},"featured_media":1427,"comment_status":"closed","ping_status":"closed","template":"","meta":{"_acf_changed":false},"product_brand":[],"product_cat":[21],"product_tag":[],"class_list":{"0":"post-1422","1":"product","2":"type-product","3":"status-publish","4":"has-post-thumbnail","6":"product_cat-home-storage-containers-wholesaler","8":"first","9":"instock","10":"shipping-taxable","11":"product-type-simple"},"acf":[],"_links":{"self":[{"href":"https:\/\/www.xhplasticlife.com\/de\/wp-json\/wp\/v2\/product\/1422","targetHints":{"allow":["GET"]}}],"collection":[{"href":"https:\/\/www.xhplasticlife.com\/de\/wp-json\/wp\/v2\/product"}],"about":[{"href":"https:\/\/www.xhplasticlife.com\/de\/wp-json\/wp\/v2\/types\/product"}],"replies":[{"embeddable":true,"href":"https:\/\/www.xhplasticlife.com\/de\/wp-json\/wp\/v2\/comments?post=1422"}],"wp:featuredmedia":[{"embeddable":true,"href":"https:\/\/www.xhplasticlife.com\/de\/wp-json\/wp\/v2\/media\/1427"}],"wp:attachment":[{"href":"https:\/\/www.xhplasticlife.com\/de\/wp-json\/wp\/v2\/media?parent=1422"}],"wp:term":[{"taxonomy":"product_brand","embeddable":true,"href":"https:\/\/www.xhplasticlife.com\/de\/wp-json\/wp\/v2\/product_brand?post=1422"},{"taxonomy":"product_cat","embeddable":true,"href":"https:\/\/www.xhplasticlife.com\/de\/wp-json\/wp\/v2\/product_cat?post=1422"},{"taxonomy":"product_tag","embeddable":true,"href":"https:\/\/www.xhplasticlife.com\/de\/wp-json\/wp\/v2\/product_tag?post=1422"}],"curies":[{"name":"wp","href":"https:\/\/api.w.org\/{rel}","templated":true}]}}