{"id":1396,"date":"2025-09-28T06:48:03","date_gmt":"2025-09-28T06:48:03","guid":{"rendered":"https:\/\/www.xhplasticlife.com\/?post_type=product&#038;p=1396"},"modified":"2025-09-28T08:44:57","modified_gmt":"2025-09-28T08:44:57","slug":"custom-tissue-boxes","status":"publish","type":"product","link":"https:\/\/www.xhplasticlife.com\/de\/produkt\/custom-tissue-boxes\/","title":{"rendered":"Benutzerdefinierte Tissue-Boxen, Luxus-Kunststoff-Gesichts-Tissue-Halter f\u00fcr Haus &amp; Hotel Desktop"},"content":{"rendered":"<div class=\"wp-block-columns is-layout-flex wp-container-core-columns-is-layout-9d6595d7 wp-block-columns-is-layout-flex\">\n<div class=\"wp-block-column is-layout-flow wp-block-column-is-layout-flow\">\n<h2 class=\"wp-block-heading\">Kundenspezifische Tissue-Boxen Merkmale:<\/h2>\n\n\n\n<ul class=\"wp-block-list\">\n<li><strong>Weit \u00f6ffnendes Design: <\/strong>Die weite \u00d6ffnung sorgt daf\u00fcr, dass die Taschent\u00fccher problemlos herausgezogen werden k\u00f6nnen, ohne zu zerrei\u00dfen, was diese individuellen Tissue-Boxen sowohl praktisch als auch benutzerfreundlich macht.<\/li>\n\n\n\n<li><strong>Multifunktions-Fach: <\/strong>Die Tissue-Boxen sind mit einem Staufach ausgestattet, in dem kleine Utensilien aufbewahrt werden k\u00f6nnen, damit Ihr Schreibtisch ordentlich und organisiert bleibt.<\/li>\n\n\n\n<li><strong>Eingebaute Federunterst\u00fctzung:<\/strong> Durch die automatische Hebe- und Senkfederunterst\u00fctzung k\u00f6nnen die T\u00fccher auch dann leicht herausgezogen werden, wenn die Box zur Neige geht.<\/li>\n\n\n\n<li><strong>Langlebiges Material: <\/strong>Die aus hochwertigem PP+PS-Material gefertigten Tissue-Boxen sind langlebig, robust und sturzsicher und gew\u00e4hrleisten eine langfristige Nutzung.<\/li>\n\n\n\n<li><strong>Anwendbarer Schauplatz: <\/strong>Perfekt f\u00fcr den Einsatz zu Hause, im Hotel, im B\u00fcro und auf dem Schreibtisch, der jeder Umgebung einen Hauch von Eleganz und Komfort verleiht.<\/li>\n<\/ul>\n<\/div>\n\n\n\n<div class=\"wp-block-column is-layout-flow wp-block-column-is-layout-flow\">\n<figure class=\"wp-block-image size-full\"><img decoding=\"async\" width=\"800\" height=\"800\" src=\"https:\/\/www.xhplasticlife.com\/wp-content\/uploads\/2025\/09\/Custom-Tissue-Boxes-Plastic-Facial-Tissue-Holder-Supplier-8.webp\" alt=\"Benutzerdefinierte Tissue-Boxen Kunststoff-Gesichtstuchhalter Lieferant (8)\" class=\"wp-image-1404\" srcset=\"https:\/\/www.xhplasticlife.com\/wp-content\/uploads\/2025\/09\/Custom-Tissue-Boxes-Plastic-Facial-Tissue-Holder-Supplier-8.webp 800w, https:\/\/www.xhplasticlife.com\/wp-content\/uploads\/2025\/09\/Custom-Tissue-Boxes-Plastic-Facial-Tissue-Holder-Supplier-8-300x300.webp 300w, https:\/\/www.xhplasticlife.com\/wp-content\/uploads\/2025\/09\/Custom-Tissue-Boxes-Plastic-Facial-Tissue-Holder-Supplier-8-150x150.webp 150w, https:\/\/www.xhplasticlife.com\/wp-content\/uploads\/2025\/09\/Custom-Tissue-Boxes-Plastic-Facial-Tissue-Holder-Supplier-8-768x768.webp 768w, https:\/\/www.xhplasticlife.com\/wp-content\/uploads\/2025\/09\/Custom-Tissue-Boxes-Plastic-Facial-Tissue-Holder-Supplier-8-12x12.webp 12w, https:\/\/www.xhplasticlife.com\/wp-content\/uploads\/2025\/09\/Custom-Tissue-Boxes-Plastic-Facial-Tissue-Holder-Supplier-8-600x600.webp 600w, https:\/\/www.xhplasticlife.com\/wp-content\/uploads\/2025\/09\/Custom-Tissue-Boxes-Plastic-Facial-Tissue-Holder-Supplier-8-100x100.webp 100w\" sizes=\"(max-width: 800px) 100vw, 800px\" \/><\/figure>\n<\/div>\n<\/div>\n\n\n\n<figure class=\"wp-block-table\"><table class=\"has-fixed-layout\"><tbody><tr><td>Modell<\/td><td>Gewicht<\/td><td>Bruttogewicht<\/td><\/tr><tr><td>SH2488<\/td><td>510G<\/td><td>16,5 kg<\/td><\/tr><tr><td>SH2499(mit Zahnstocherhalterung)<\/td><td>550G<\/td><td>17,7 kg<\/td><\/tr><\/tbody><\/table><\/figure>\n\n\n\n<div class=\"wp-block-columns is-layout-flex wp-container-core-columns-is-layout-9d6595d7 wp-block-columns-is-layout-flex\">\n<div class=\"wp-block-column is-layout-flow wp-block-column-is-layout-flow\">\n<figure class=\"wp-block-image size-full\"><img decoding=\"async\" width=\"800\" height=\"800\" src=\"https:\/\/www.xhplasticlife.com\/wp-content\/uploads\/2025\/09\/Custom-Plastic-Tissue-Boxes-2.webp\" alt=\"Kundenspezifische Tissue-Boxen aus Kunststoff (2)\" class=\"wp-image-1397\" srcset=\"https:\/\/www.xhplasticlife.com\/wp-content\/uploads\/2025\/09\/Custom-Plastic-Tissue-Boxes-2.webp 800w, https:\/\/www.xhplasticlife.com\/wp-content\/uploads\/2025\/09\/Custom-Plastic-Tissue-Boxes-2-300x300.webp 300w, https:\/\/www.xhplasticlife.com\/wp-content\/uploads\/2025\/09\/Custom-Plastic-Tissue-Boxes-2-150x150.webp 150w, https:\/\/www.xhplasticlife.com\/wp-content\/uploads\/2025\/09\/Custom-Plastic-Tissue-Boxes-2-768x768.webp 768w, https:\/\/www.xhplasticlife.com\/wp-content\/uploads\/2025\/09\/Custom-Plastic-Tissue-Boxes-2-12x12.webp 12w, https:\/\/www.xhplasticlife.com\/wp-content\/uploads\/2025\/09\/Custom-Plastic-Tissue-Boxes-2-600x600.webp 600w, https:\/\/www.xhplasticlife.com\/wp-content\/uploads\/2025\/09\/Custom-Plastic-Tissue-Boxes-2-100x100.webp 100w\" sizes=\"(max-width: 800px) 100vw, 800px\" \/><\/figure>\n<\/div>\n\n\n\n<div class=\"wp-block-column is-layout-flow wp-block-column-is-layout-flow\">\n<figure class=\"wp-block-image size-full\"><img decoding=\"async\" width=\"800\" height=\"800\" src=\"https:\/\/www.xhplasticlife.com\/wp-content\/uploads\/2025\/09\/Custom-Plastic-Tissue-Boxes-4.webp\" alt=\"Kundenspezifische Tissue-Boxen aus Kunststoff (4)\" class=\"wp-image-1398\" srcset=\"https:\/\/www.xhplasticlife.com\/wp-content\/uploads\/2025\/09\/Custom-Plastic-Tissue-Boxes-4.webp 800w, https:\/\/www.xhplasticlife.com\/wp-content\/uploads\/2025\/09\/Custom-Plastic-Tissue-Boxes-4-300x300.webp 300w, https:\/\/www.xhplasticlife.com\/wp-content\/uploads\/2025\/09\/Custom-Plastic-Tissue-Boxes-4-150x150.webp 150w, https:\/\/www.xhplasticlife.com\/wp-content\/uploads\/2025\/09\/Custom-Plastic-Tissue-Boxes-4-768x768.webp 768w, https:\/\/www.xhplasticlife.com\/wp-content\/uploads\/2025\/09\/Custom-Plastic-Tissue-Boxes-4-12x12.webp 12w, https:\/\/www.xhplasticlife.com\/wp-content\/uploads\/2025\/09\/Custom-Plastic-Tissue-Boxes-4-600x600.webp 600w, https:\/\/www.xhplasticlife.com\/wp-content\/uploads\/2025\/09\/Custom-Plastic-Tissue-Boxes-4-100x100.webp 100w\" sizes=\"(max-width: 800px) 100vw, 800px\" \/><\/figure>\n<\/div>\n<\/div>\n\n\n\n<div class=\"wp-block-columns is-layout-flex wp-container-core-columns-is-layout-9d6595d7 wp-block-columns-is-layout-flex\">\n<div class=\"wp-block-column is-layout-flow wp-block-column-is-layout-flow\">\n<figure class=\"wp-block-image size-full\"><img decoding=\"async\" width=\"800\" height=\"800\" src=\"https:\/\/www.xhplasticlife.com\/wp-content\/uploads\/2025\/09\/Custom-Plastic-Tissue-Boxes-with-toothpick-and-cotton-swab-holder-3.webp\" alt=\"Individuelle Kunststoff-Tissue-Boxen mit Zahnstocher und Wattest\u00e4bchenhalter (3)\" class=\"wp-image-1399\" srcset=\"https:\/\/www.xhplasticlife.com\/wp-content\/uploads\/2025\/09\/Custom-Plastic-Tissue-Boxes-with-toothpick-and-cotton-swab-holder-3.webp 800w, https:\/\/www.xhplasticlife.com\/wp-content\/uploads\/2025\/09\/Custom-Plastic-Tissue-Boxes-with-toothpick-and-cotton-swab-holder-3-300x300.webp 300w, https:\/\/www.xhplasticlife.com\/wp-content\/uploads\/2025\/09\/Custom-Plastic-Tissue-Boxes-with-toothpick-and-cotton-swab-holder-3-150x150.webp 150w, https:\/\/www.xhplasticlife.com\/wp-content\/uploads\/2025\/09\/Custom-Plastic-Tissue-Boxes-with-toothpick-and-cotton-swab-holder-3-768x768.webp 768w, https:\/\/www.xhplasticlife.com\/wp-content\/uploads\/2025\/09\/Custom-Plastic-Tissue-Boxes-with-toothpick-and-cotton-swab-holder-3-12x12.webp 12w, https:\/\/www.xhplasticlife.com\/wp-content\/uploads\/2025\/09\/Custom-Plastic-Tissue-Boxes-with-toothpick-and-cotton-swab-holder-3-600x600.webp 600w, https:\/\/www.xhplasticlife.com\/wp-content\/uploads\/2025\/09\/Custom-Plastic-Tissue-Boxes-with-toothpick-and-cotton-swab-holder-3-100x100.webp 100w\" sizes=\"(max-width: 800px) 100vw, 800px\" \/><\/figure>\n<\/div>\n\n\n\n<div class=\"wp-block-column is-layout-flow wp-block-column-is-layout-flow\">\n<figure class=\"wp-block-image size-full\"><img decoding=\"async\" width=\"800\" height=\"800\" src=\"https:\/\/www.xhplasticlife.com\/wp-content\/uploads\/2025\/09\/Custom-Plastic-Tissue-Boxes-with-toothpick-and-cotton-swab-holder-4.webp\" alt=\"Individuelle Kunststoff-Tissue-Boxen mit Zahnstocher und Wattest\u00e4bchenhalter (4)\" class=\"wp-image-1400\" srcset=\"https:\/\/www.xhplasticlife.com\/wp-content\/uploads\/2025\/09\/Custom-Plastic-Tissue-Boxes-with-toothpick-and-cotton-swab-holder-4.webp 800w, https:\/\/www.xhplasticlife.com\/wp-content\/uploads\/2025\/09\/Custom-Plastic-Tissue-Boxes-with-toothpick-and-cotton-swab-holder-4-300x300.webp 300w, https:\/\/www.xhplasticlife.com\/wp-content\/uploads\/2025\/09\/Custom-Plastic-Tissue-Boxes-with-toothpick-and-cotton-swab-holder-4-150x150.webp 150w, https:\/\/www.xhplasticlife.com\/wp-content\/uploads\/2025\/09\/Custom-Plastic-Tissue-Boxes-with-toothpick-and-cotton-swab-holder-4-768x768.webp 768w, https:\/\/www.xhplasticlife.com\/wp-content\/uploads\/2025\/09\/Custom-Plastic-Tissue-Boxes-with-toothpick-and-cotton-swab-holder-4-12x12.webp 12w, https:\/\/www.xhplasticlife.com\/wp-content\/uploads\/2025\/09\/Custom-Plastic-Tissue-Boxes-with-toothpick-and-cotton-swab-holder-4-600x600.webp 600w, https:\/\/www.xhplasticlife.com\/wp-content\/uploads\/2025\/09\/Custom-Plastic-Tissue-Boxes-with-toothpick-and-cotton-swab-holder-4-100x100.webp 100w\" sizes=\"(max-width: 800px) 100vw, 800px\" \/><\/figure>\n<\/div>\n<\/div>","protected":false},"excerpt":{"rendered":"<p>Erhalten Sie kundenspezifische Tissue-Boxen zum Fabrikpreis mit OEM\/ODM-Unterst\u00fctzung. Hergestellt aus langlebigem PP+PS mit breiter \u00d6ffnung, Federunterst\u00fctzung und Aufbewahrungsdesign. Begrenzte kostenlose Muster f\u00fcr Haus, Hotel und Badezimmer angeboten.<\/p>\n<h2>Luxus-Plastik-Tissue-Boxen Parameter<\/h2>\n<ul>\n<li><strong>Markenname<\/strong>: Xinghui<\/li>\n<li><strong>Material<\/strong>: Kunststoff (PP)+PS<\/li>\n<li><strong>Farbe<\/strong>: wei\u00df, cremefarben<\/li>\n<li><strong>Produktgr\u00f6\u00dfe: <\/strong>24*16.5*10.8cm<\/li>\n<li><strong>Gr\u00f6\u00dfe des Kartons<\/strong>: 79*56*49.5cm<\/li>\n<li><strong>OEM\/ODM<\/strong>: Verf\u00fcgbar<\/li>\n<li><strong>Kundenspezifische Option<\/strong>: Farbe\/Gr\u00f6\u00dfe\/Logo\/Verpackung<\/li>\n<\/ul>\n<h2>Von Daily Plasticware Hersteller :<\/h2>\n<p>Gegr\u00fcndet im Jahr 2000,\u00a0<a href=\"https:\/\/www.xhplasticlife.com\/de\/\"><strong>Xinghui<\/strong><\/a>\u00a0ist auf die Herstellung und den Gro\u00dfhandel von Lunchboxen, Lebensmittelbeh\u00e4ltern, Trinkgef\u00e4\u00dfen, Haushaltsbeh\u00e4ltern und anderen Kunststoffprodukten des t\u00e4glichen Bedarfs spezialisiert. Wir bieten OEM- &amp; ODM- und E-Commerce-Beschaffungsdienste f\u00fcr Kunden aus einer Hand.<\/p>","protected":false},"featured_media":1403,"comment_status":"closed","ping_status":"closed","template":"","meta":{"_acf_changed":false},"product_brand":[],"product_cat":[21],"product_tag":[],"class_list":{"0":"post-1396","1":"product","2":"type-product","3":"status-publish","4":"has-post-thumbnail","6":"product_cat-home-storage-containers-wholesaler","8":"first","9":"instock","10":"shipping-taxable","11":"product-type-simple"},"acf":[],"_links":{"self":[{"href":"https:\/\/www.xhplasticlife.com\/de\/wp-json\/wp\/v2\/product\/1396","targetHints":{"allow":["GET"]}}],"collection":[{"href":"https:\/\/www.xhplasticlife.com\/de\/wp-json\/wp\/v2\/product"}],"about":[{"href":"https:\/\/www.xhplasticlife.com\/de\/wp-json\/wp\/v2\/types\/product"}],"replies":[{"embeddable":true,"href":"https:\/\/www.xhplasticlife.com\/de\/wp-json\/wp\/v2\/comments?post=1396"}],"wp:featuredmedia":[{"embeddable":true,"href":"https:\/\/www.xhplasticlife.com\/de\/wp-json\/wp\/v2\/media\/1403"}],"wp:attachment":[{"href":"https:\/\/www.xhplasticlife.com\/de\/wp-json\/wp\/v2\/media?parent=1396"}],"wp:term":[{"taxonomy":"product_brand","embeddable":true,"href":"https:\/\/www.xhplasticlife.com\/de\/wp-json\/wp\/v2\/product_brand?post=1396"},{"taxonomy":"product_cat","embeddable":true,"href":"https:\/\/www.xhplasticlife.com\/de\/wp-json\/wp\/v2\/product_cat?post=1396"},{"taxonomy":"product_tag","embeddable":true,"href":"https:\/\/www.xhplasticlife.com\/de\/wp-json\/wp\/v2\/product_tag?post=1396"}],"curies":[{"name":"wp","href":"https:\/\/api.w.org\/{rel}","templated":true}]}}