{"id":1378,"date":"2025-09-23T03:40:56","date_gmt":"2025-09-23T03:40:56","guid":{"rendered":"https:\/\/www.xhplasticlife.com\/?post_type=product&#038;p=1378"},"modified":"2026-04-02T10:02:49","modified_gmt":"2026-04-02T10:02:49","slug":"custom-insulated-lunch-box","status":"publish","type":"product","link":"https:\/\/www.xhplasticlife.com\/de\/produkt\/custom-insulated-lunch-box\/","title":{"rendered":"Benutzerdefinierte isolierte Lunch-Box, Gro\u00dfhandel Edelstahl Bento Lunch-Box f\u00fcr Kinder"},"content":{"rendered":"<div class=\"wp-block-columns is-layout-flex wp-container-core-columns-is-layout-9d6595d7 wp-block-columns-is-layout-flex\">\n<div class=\"wp-block-column is-layout-flow wp-block-column-is-layout-flow\">\n<h2 class=\"wp-block-heading\">Benutzerdefinierte isolierte Lunch-Box Merkmale:<\/h2>\n\n\n\n<ul class=\"wp-block-list\">\n<li><strong>Hochwertiges lebensmittelechtes Material<\/strong>: Die aus Edelstahl 304 gefertigte Brotdose ist robust, rostfrei und sicher f\u00fcr den t\u00e4glichen Gebrauch durch Kinder. Sie bewahrt die Frische der Lebensmittel und die Hygiene.<\/li>\n\n\n\n<li><strong>850ml Fassungsverm\u00f6gen mit 2 F\u00e4chern: <\/strong>Die Bento-Box ist mit doppelten Gittern zur Trennung der Speisen ausgestattet und daher ideal f\u00fcr Schulessen, ausgewogene Ern\u00e4hrung und Portionskontrolle.<\/li>\n\n\n\n<li><strong>Auslaufsicheres Design mit Silikondichtung<\/strong>: Ausgestattet mit einem vorinstallierten Silikondichtring und 4 Schnappverschl\u00fcssen, verhindert die Box das Auslaufen und sch\u00fctzt die Lebensmittel beim Transport.<\/li>\n\n\n\n<li><strong>Eingebaute Besteckablage:<\/strong> Im Deckel befindet sich ein spezieller Besteckkasten, in dem Kinder L\u00f6ffel, Gabeln oder St\u00e4bchen ohne zus\u00e4tzliche Verpackung aufbewahren k\u00f6nnen.<\/li>\n\n\n\n<li><strong>Inklusive isolierter Tragetasche: <\/strong>Die mitgelieferte Thermotasche zum Aufw\u00e4rmen von Speisen macht sie zu einer gro\u00dfartigen isolierten Lunchbox f\u00fcr die Schule, f\u00fcr Reisen oder f\u00fcr Ausfl\u00fcge.<\/li>\n\n\n\n<li><strong>Vielseitige Suppensch\u00fcssel mit Deckel:<\/strong> Verf\u00fcgt \u00fcber eine Suppensch\u00fcssel aus Edelstahl 304 mit dicht schlie\u00dfendem Deckel, so dass Fl\u00fcssigkeiten wie Suppe oder So\u00dfe ohne Versch\u00fctten transportiert werden k\u00f6nnen.<\/li>\n\n\n\n<li><strong>Optionen f\u00fcr Kunden und Gro\u00dfhandel: <\/strong>Mit der Option der OEM\/ODM-Anpassung erm\u00f6glicht diese Bento-Lunchbox aus Edelstahl Branding, Gr\u00f6\u00dfenanpassung und Gro\u00dfhandelsverf\u00fcgbarkeit f\u00fcr ausl\u00e4ndische K\u00e4ufer.<\/li>\n<\/ul>\n<\/div>\n\n\n\n<div class=\"wp-block-column is-layout-flow wp-block-column-is-layout-flow\">\n<figure class=\"wp-block-image size-full\"><img decoding=\"async\" width=\"800\" height=\"800\" src=\"https:\/\/www.xhplasticlife.com\/wp-content\/uploads\/2025\/09\/Custom-Insulated-Lunch-Box-Manufacturer.webp\" alt=\"Benutzerdefinierte isolierte Lunchbox Hersteller\" class=\"wp-image-1379\" srcset=\"https:\/\/www.xhplasticlife.com\/wp-content\/uploads\/2025\/09\/Custom-Insulated-Lunch-Box-Manufacturer.webp 800w, https:\/\/www.xhplasticlife.com\/wp-content\/uploads\/2025\/09\/Custom-Insulated-Lunch-Box-Manufacturer-300x300.webp 300w, https:\/\/www.xhplasticlife.com\/wp-content\/uploads\/2025\/09\/Custom-Insulated-Lunch-Box-Manufacturer-150x150.webp 150w, https:\/\/www.xhplasticlife.com\/wp-content\/uploads\/2025\/09\/Custom-Insulated-Lunch-Box-Manufacturer-768x768.webp 768w, https:\/\/www.xhplasticlife.com\/wp-content\/uploads\/2025\/09\/Custom-Insulated-Lunch-Box-Manufacturer-12x12.webp 12w, https:\/\/www.xhplasticlife.com\/wp-content\/uploads\/2025\/09\/Custom-Insulated-Lunch-Box-Manufacturer-600x600.webp 600w, https:\/\/www.xhplasticlife.com\/wp-content\/uploads\/2025\/09\/Custom-Insulated-Lunch-Box-Manufacturer-100x100.webp 100w\" sizes=\"(max-width: 800px) 100vw, 800px\" \/><\/figure>\n<\/div>\n<\/div>\n\n\n\n<div class=\"wp-block-columns is-layout-flex wp-container-core-columns-is-layout-9d6595d7 wp-block-columns-is-layout-flex\">\n<div class=\"wp-block-column is-layout-flow wp-block-column-is-layout-flow\">\n<h3 class=\"wp-block-heading\">Gro\u00dfhandel isolierte Lunch-Box Gr\u00f6\u00dfe:<\/h3>\n\n\n\n<figure class=\"wp-block-image size-full\"><img decoding=\"async\" width=\"790\" height=\"790\" src=\"https:\/\/www.xhplasticlife.com\/wp-content\/uploads\/2025\/09\/Custom-Insulated-Lunch-Box-Supplier-xinghui-2.webp\" alt=\"Benutzerdefinierte isolierte Lunch-Box Lieferant - xinghui (2)\" class=\"wp-image-1381\" srcset=\"https:\/\/www.xhplasticlife.com\/wp-content\/uploads\/2025\/09\/Custom-Insulated-Lunch-Box-Supplier-xinghui-2.webp 790w, https:\/\/www.xhplasticlife.com\/wp-content\/uploads\/2025\/09\/Custom-Insulated-Lunch-Box-Supplier-xinghui-2-300x300.webp 300w, https:\/\/www.xhplasticlife.com\/wp-content\/uploads\/2025\/09\/Custom-Insulated-Lunch-Box-Supplier-xinghui-2-150x150.webp 150w, https:\/\/www.xhplasticlife.com\/wp-content\/uploads\/2025\/09\/Custom-Insulated-Lunch-Box-Supplier-xinghui-2-768x768.webp 768w, https:\/\/www.xhplasticlife.com\/wp-content\/uploads\/2025\/09\/Custom-Insulated-Lunch-Box-Supplier-xinghui-2-12x12.webp 12w, https:\/\/www.xhplasticlife.com\/wp-content\/uploads\/2025\/09\/Custom-Insulated-Lunch-Box-Supplier-xinghui-2-600x600.webp 600w, https:\/\/www.xhplasticlife.com\/wp-content\/uploads\/2025\/09\/Custom-Insulated-Lunch-Box-Supplier-xinghui-2-100x100.webp 100w\" sizes=\"(max-width: 790px) 100vw, 790px\" \/><\/figure>\n<\/div>\n\n\n\n<div class=\"wp-block-column is-layout-flow wp-block-column-is-layout-flow\">\n<figure class=\"wp-block-image size-full\"><img decoding=\"async\" width=\"800\" height=\"800\" src=\"https:\/\/www.xhplasticlife.com\/wp-content\/uploads\/2025\/09\/Custom-Insulated-Lunch-Box-Supplier-xinghui-7.webp\" alt=\"Benutzerdefinierte isolierte Lunch-Box Lieferant - xinghui (7)\" class=\"wp-image-1386\" srcset=\"https:\/\/www.xhplasticlife.com\/wp-content\/uploads\/2025\/09\/Custom-Insulated-Lunch-Box-Supplier-xinghui-7.webp 800w, https:\/\/www.xhplasticlife.com\/wp-content\/uploads\/2025\/09\/Custom-Insulated-Lunch-Box-Supplier-xinghui-7-300x300.webp 300w, https:\/\/www.xhplasticlife.com\/wp-content\/uploads\/2025\/09\/Custom-Insulated-Lunch-Box-Supplier-xinghui-7-150x150.webp 150w, https:\/\/www.xhplasticlife.com\/wp-content\/uploads\/2025\/09\/Custom-Insulated-Lunch-Box-Supplier-xinghui-7-768x768.webp 768w, https:\/\/www.xhplasticlife.com\/wp-content\/uploads\/2025\/09\/Custom-Insulated-Lunch-Box-Supplier-xinghui-7-12x12.webp 12w, https:\/\/www.xhplasticlife.com\/wp-content\/uploads\/2025\/09\/Custom-Insulated-Lunch-Box-Supplier-xinghui-7-600x600.webp 600w, https:\/\/www.xhplasticlife.com\/wp-content\/uploads\/2025\/09\/Custom-Insulated-Lunch-Box-Supplier-xinghui-7-100x100.webp 100w\" sizes=\"(max-width: 800px) 100vw, 800px\" \/><\/figure>\n<\/div>\n<\/div>\n\n\n\n<figure class=\"wp-block-table\"><table class=\"has-fixed-layout\"><tbody><tr><td>Modell<\/td><td>Gr\u00f6\u00dfe<\/td><td>Kapazit\u00e4t<\/td><td>Bruttogewicht<\/td><td>Gr\u00f6\u00dfe des Kartons<\/td><td>Verpacken<\/td><\/tr><tr><td>6639-1<\/td><td>23*16,5*7,5 cm<\/td><td>850ML<\/td><td>25 kg<\/td><td>65*48*53 cm<\/td><td>48 St\u00fcck\/ctn<\/td><\/tr><tr><td>6639-2<\/td><td>28*20*7,5 cm<\/td><td>1550ML<\/td><td>27,5 kg<\/td><td>73*57*43 cm<\/td><td>36 St\u00fcck\/ctn<\/td><\/tr><\/tbody><\/table><\/figure>\n\n\n\n<div class=\"wp-block-columns is-layout-flex wp-container-core-columns-is-layout-9d6595d7 wp-block-columns-is-layout-flex\">\n<div class=\"wp-block-column is-layout-flow wp-block-column-is-layout-flow\">\n<figure class=\"wp-block-image size-full\"><img decoding=\"async\" width=\"712\" height=\"712\" src=\"https:\/\/www.xhplasticlife.com\/wp-content\/uploads\/2025\/09\/Custom-Insulated-Lunch-Box-Supplier-xinghui-1.webp\" alt=\"Benutzerdefinierte isolierte Lunch-Box Lieferant - xinghui (1)\" class=\"wp-image-1380\" srcset=\"https:\/\/www.xhplasticlife.com\/wp-content\/uploads\/2025\/09\/Custom-Insulated-Lunch-Box-Supplier-xinghui-1.webp 712w, https:\/\/www.xhplasticlife.com\/wp-content\/uploads\/2025\/09\/Custom-Insulated-Lunch-Box-Supplier-xinghui-1-300x300.webp 300w, https:\/\/www.xhplasticlife.com\/wp-content\/uploads\/2025\/09\/Custom-Insulated-Lunch-Box-Supplier-xinghui-1-150x150.webp 150w, https:\/\/www.xhplasticlife.com\/wp-content\/uploads\/2025\/09\/Custom-Insulated-Lunch-Box-Supplier-xinghui-1-12x12.webp 12w, https:\/\/www.xhplasticlife.com\/wp-content\/uploads\/2025\/09\/Custom-Insulated-Lunch-Box-Supplier-xinghui-1-600x600.webp 600w, https:\/\/www.xhplasticlife.com\/wp-content\/uploads\/2025\/09\/Custom-Insulated-Lunch-Box-Supplier-xinghui-1-100x100.webp 100w\" sizes=\"(max-width: 712px) 100vw, 712px\" \/><\/figure>\n<\/div>\n\n\n\n<div class=\"wp-block-column is-layout-flow wp-block-column-is-layout-flow\">\n<figure class=\"wp-block-image size-full\"><img decoding=\"async\" width=\"708\" height=\"708\" src=\"https:\/\/www.xhplasticlife.com\/wp-content\/uploads\/2025\/09\/Custom-Insulated-Lunch-Box-Supplier-xinghui-3.webp\" alt=\"Benutzerdefinierte isolierte Lunch-Box Lieferant - xinghui (3)\" class=\"wp-image-1382\" srcset=\"https:\/\/www.xhplasticlife.com\/wp-content\/uploads\/2025\/09\/Custom-Insulated-Lunch-Box-Supplier-xinghui-3.webp 708w, https:\/\/www.xhplasticlife.com\/wp-content\/uploads\/2025\/09\/Custom-Insulated-Lunch-Box-Supplier-xinghui-3-300x300.webp 300w, https:\/\/www.xhplasticlife.com\/wp-content\/uploads\/2025\/09\/Custom-Insulated-Lunch-Box-Supplier-xinghui-3-150x150.webp 150w, https:\/\/www.xhplasticlife.com\/wp-content\/uploads\/2025\/09\/Custom-Insulated-Lunch-Box-Supplier-xinghui-3-12x12.webp 12w, https:\/\/www.xhplasticlife.com\/wp-content\/uploads\/2025\/09\/Custom-Insulated-Lunch-Box-Supplier-xinghui-3-600x600.webp 600w, https:\/\/www.xhplasticlife.com\/wp-content\/uploads\/2025\/09\/Custom-Insulated-Lunch-Box-Supplier-xinghui-3-100x100.webp 100w\" sizes=\"(max-width: 708px) 100vw, 708px\" \/><\/figure>\n<\/div>\n<\/div>\n\n\n\n<p><\/p>","protected":false},"excerpt":{"rendered":"<p>Gro\u00dfhandel benutzerdefinierte isolierte Lunch-Box Anbieter bietet 304 Edelstahl Bento Lunch-Boxen mit 2-Gitter-Design, auslaufsichere Dichtung, Suppe Sch\u00fcssel mit Deckel, isolierte Tasche, und integrierte Besteckkasten. OEM &amp; ODM-Anpassung f\u00fcr globale K\u00e4ufer zur Verf\u00fcgung.<\/p>\n<h2>Benutzerdefinierte isolierte Lunch-Box Parameter:<\/h2>\n<ul>\n<li><strong>Modell<\/strong>: 6639<\/li>\n<li><strong>Markenname<\/strong>: Xinghui<\/li>\n<li><strong>Material<\/strong>: PP+Silikon+Edelstahl 304<\/li>\n<li><strong>Farbe<\/strong>: wei\u00df+blau<\/li>\n<li><strong>Verpacken<\/strong>: Farbe Karton<\/li>\n<li><strong>OEM\/ODM<\/strong>: Verf\u00fcgbar<\/li>\n<li><strong>MOQ: <\/strong>2000 St\u00fcck<\/li>\n<li><strong>Kundenspezifische Option<\/strong>: Farbe\/Gr\u00f6\u00dfe\/Logo\/Verpackung<\/li>\n<\/ul>\n<h2>Von Daily Plasticware Hersteller :<\/h2>\n<p>Gegr\u00fcndet im Jahr 2000,\u00a0<a href=\"https:\/\/www.xhplasticlife.com\/de\/\"><strong>Xinghui<\/strong><\/a>\u00a0ist auf die Herstellung und den Gro\u00dfhandel von Lunchboxen, Lebensmittelbeh\u00e4ltern, Trinkgef\u00e4\u00dfen, Haushaltsbeh\u00e4ltern und anderen Kunststoffprodukten des t\u00e4glichen Bedarfs spezialisiert. Wir bieten OEM- &amp; ODM- und E-Commerce-Beschaffungsdienste f\u00fcr Kunden aus einer Hand.<\/p>","protected":false},"featured_media":1384,"comment_status":"closed","ping_status":"closed","template":"","meta":{"_acf_changed":false},"product_brand":[],"product_cat":[17,35],"product_tag":[],"class_list":{"0":"post-1378","1":"product","2":"type-product","3":"status-publish","4":"has-post-thumbnail","6":"product_cat-wholesale-lunch-boxes","7":"product_cat-stainless-steel-lunch-box-manufacturer","9":"first","10":"instock","11":"shipping-taxable","12":"product-type-simple"},"acf":[],"_links":{"self":[{"href":"https:\/\/www.xhplasticlife.com\/de\/wp-json\/wp\/v2\/product\/1378","targetHints":{"allow":["GET"]}}],"collection":[{"href":"https:\/\/www.xhplasticlife.com\/de\/wp-json\/wp\/v2\/product"}],"about":[{"href":"https:\/\/www.xhplasticlife.com\/de\/wp-json\/wp\/v2\/types\/product"}],"replies":[{"embeddable":true,"href":"https:\/\/www.xhplasticlife.com\/de\/wp-json\/wp\/v2\/comments?post=1378"}],"wp:featuredmedia":[{"embeddable":true,"href":"https:\/\/www.xhplasticlife.com\/de\/wp-json\/wp\/v2\/media\/1384"}],"wp:attachment":[{"href":"https:\/\/www.xhplasticlife.com\/de\/wp-json\/wp\/v2\/media?parent=1378"}],"wp:term":[{"taxonomy":"product_brand","embeddable":true,"href":"https:\/\/www.xhplasticlife.com\/de\/wp-json\/wp\/v2\/product_brand?post=1378"},{"taxonomy":"product_cat","embeddable":true,"href":"https:\/\/www.xhplasticlife.com\/de\/wp-json\/wp\/v2\/product_cat?post=1378"},{"taxonomy":"product_tag","embeddable":true,"href":"https:\/\/www.xhplasticlife.com\/de\/wp-json\/wp\/v2\/product_tag?post=1378"}],"curies":[{"name":"wp","href":"https:\/\/api.w.org\/{rel}","templated":true}]}}