{"id":1343,"date":"2025-09-11T16:45:56","date_gmt":"2025-09-11T16:45:56","guid":{"rendered":"https:\/\/www.xhplasticlife.com\/?post_type=product&#038;p=1343"},"modified":"2025-09-11T16:49:28","modified_gmt":"2025-09-11T16:49:28","slug":"wholesale-plastic-drip-trays","status":"publish","type":"product","link":"https:\/\/www.xhplasticlife.com\/de\/produkt\/wholesale-plastic-drip-trays\/","title":{"rendered":"Gro\u00dfhandel Kunststoff Abtropfschalen Factory Supply Rechteck Vertiefung K\u00fcche Drain Tray f\u00fcr Cup"},"content":{"rendered":"<div class=\"wp-block-columns is-layout-flex wp-container-core-columns-is-layout-9d6595d7 wp-block-columns-is-layout-flex\">\n<div class=\"wp-block-column is-layout-flow wp-block-column-is-layout-flow\">\n<h2 class=\"wp-block-heading\">Gro\u00dfhandel Kunststoff Abtropfschalen Merkmale:<\/h2>\n\n\n\n<ul class=\"wp-block-list\">\n<li><strong>Hochbest\u00e4ndiges Kunststoffmaterial<\/strong>: Aus hartem, leichtem PP-Kunststoff hergestellt, sind die Tabletts robust f\u00fcr eine lange Nutzung. Die glatte Oberfl\u00e4che, feuchtigkeitsbest\u00e4ndig und verschlei\u00dffest f\u00fcr m\u00fchelose Reinigung und regelm\u00e4\u00dfige Anwendung in der K\u00fcche.<\/li>\n\n\n\n<li><strong>Tiefes, rechteckiges Tablett Form:<\/strong> Die tiefe, rechteckige Tablettform bietet mehr Stauraum und kann mehr Teller, Tassen und Besteck aufnehmen, was f\u00fcr viel Stauraum sorgt.<\/li>\n\n\n\n<li><strong>Effektive Entw\u00e4sserung<\/strong>: Speziell angefertigte Kunststoffabtropfschalen verf\u00fcgen \u00fcber ein Drainagegitter, das das Wasser sofort ablaufen l\u00e4sst, so dass die Arbeitsplatten trocken und frei von Wasserpf\u00fctzen sind.<\/li>\n\n\n\n<li><strong>Verbesserte Felge<\/strong>: Der erh\u00f6hte Rand verhindert das \u00dcberlaufen von Wasser und vermeidet Wasserflecken auf der Arbeitsplatte.<\/li>\n\n\n\n<li><strong>Vielseitig einsetzbar:<\/strong> Da Gro\u00dfhandels-Kunststoffabtropfschalen verschiedene K\u00fcchenprodukte wie Geschirr, Teeservice, Obst und Gem\u00fcse aufnehmen k\u00f6nnen, sind sie eine ideale L\u00f6sung sowohl f\u00fcr gewerbliche als auch f\u00fcr private K\u00fcchen.<\/li>\n\n\n\n<li><strong>Fabrik direkt<\/strong>: Wir sind ein professioneller Hersteller von Kunststoff-Tropfschalen und bieten Gro\u00dfhandel Kunststoff-Tropfschalen, um Gro\u00dfhandel Anforderungen zu erf\u00fcllen, erm\u00f6glichen die Anpassung, und bieten verschiedene Gr\u00f6\u00dfen und Farben.<\/li>\n\n\n\n<li><strong>Langlebig: <\/strong>Die Tabletts sind sto\u00dffest und robust genug, um dem h\u00e4ufigen Gebrauch im Alltag standzuhalten und eignen sich f\u00fcr den Einsatz in der K\u00fcche.<\/li>\n<\/ul>\n<\/div>\n\n\n\n<div class=\"wp-block-column is-layout-flow wp-block-column-is-layout-flow\">\n<figure class=\"wp-block-image size-full\"><img decoding=\"async\" width=\"750\" height=\"760\" src=\"https:\/\/www.xhplasticlife.com\/wp-content\/uploads\/2025\/09\/Wholesale-Plastic-Drip-Trays-Factory-4.webp\" alt=\"Gro\u00dfhandel Kunststoff Abtropfschalen Fabrik (4)\" class=\"wp-image-1350\" srcset=\"https:\/\/www.xhplasticlife.com\/wp-content\/uploads\/2025\/09\/Wholesale-Plastic-Drip-Trays-Factory-4.webp 750w, https:\/\/www.xhplasticlife.com\/wp-content\/uploads\/2025\/09\/Wholesale-Plastic-Drip-Trays-Factory-4-296x300.webp 296w, https:\/\/www.xhplasticlife.com\/wp-content\/uploads\/2025\/09\/Wholesale-Plastic-Drip-Trays-Factory-4-12x12.webp 12w, https:\/\/www.xhplasticlife.com\/wp-content\/uploads\/2025\/09\/Wholesale-Plastic-Drip-Trays-Factory-4-600x608.webp 600w, https:\/\/www.xhplasticlife.com\/wp-content\/uploads\/2025\/09\/Wholesale-Plastic-Drip-Trays-Factory-4-100x100.webp 100w\" sizes=\"(max-width: 750px) 100vw, 750px\" \/><\/figure>\n<\/div>\n<\/div>\n\n\n\n<div class=\"wp-block-columns is-layout-flex wp-container-core-columns-is-layout-9d6595d7 wp-block-columns-is-layout-flex\">\n<div class=\"wp-block-column is-layout-flow wp-block-column-is-layout-flow\">\n<figure class=\"wp-block-image size-full\"><img decoding=\"async\" width=\"800\" height=\"800\" src=\"https:\/\/www.xhplasticlife.com\/wp-content\/uploads\/2025\/09\/Wholesale-Plastic-Drip-Trays-Manufacturer-1.webp\" alt=\"Gro\u00dfhandel Kunststoff Abtropfschalen Hersteller (1)\" class=\"wp-image-1344\" srcset=\"https:\/\/www.xhplasticlife.com\/wp-content\/uploads\/2025\/09\/Wholesale-Plastic-Drip-Trays-Manufacturer-1.webp 800w, https:\/\/www.xhplasticlife.com\/wp-content\/uploads\/2025\/09\/Wholesale-Plastic-Drip-Trays-Manufacturer-1-300x300.webp 300w, https:\/\/www.xhplasticlife.com\/wp-content\/uploads\/2025\/09\/Wholesale-Plastic-Drip-Trays-Manufacturer-1-150x150.webp 150w, https:\/\/www.xhplasticlife.com\/wp-content\/uploads\/2025\/09\/Wholesale-Plastic-Drip-Trays-Manufacturer-1-768x768.webp 768w, https:\/\/www.xhplasticlife.com\/wp-content\/uploads\/2025\/09\/Wholesale-Plastic-Drip-Trays-Manufacturer-1-12x12.webp 12w, https:\/\/www.xhplasticlife.com\/wp-content\/uploads\/2025\/09\/Wholesale-Plastic-Drip-Trays-Manufacturer-1-600x600.webp 600w, https:\/\/www.xhplasticlife.com\/wp-content\/uploads\/2025\/09\/Wholesale-Plastic-Drip-Trays-Manufacturer-1-100x100.webp 100w\" sizes=\"(max-width: 800px) 100vw, 800px\" \/><\/figure>\n<\/div>\n\n\n\n<div class=\"wp-block-column is-layout-flow wp-block-column-is-layout-flow\">\n<figure class=\"wp-block-image size-full\"><img decoding=\"async\" width=\"800\" height=\"800\" src=\"https:\/\/www.xhplasticlife.com\/wp-content\/uploads\/2025\/09\/Wholesale-Plastic-Drip-Trays-Factory-1.webp\" alt=\"Gro\u00dfhandel Kunststoff Abtropfschalen Fabrik (1)\" class=\"wp-image-1347\" srcset=\"https:\/\/www.xhplasticlife.com\/wp-content\/uploads\/2025\/09\/Wholesale-Plastic-Drip-Trays-Factory-1.webp 800w, https:\/\/www.xhplasticlife.com\/wp-content\/uploads\/2025\/09\/Wholesale-Plastic-Drip-Trays-Factory-1-300x300.webp 300w, https:\/\/www.xhplasticlife.com\/wp-content\/uploads\/2025\/09\/Wholesale-Plastic-Drip-Trays-Factory-1-150x150.webp 150w, https:\/\/www.xhplasticlife.com\/wp-content\/uploads\/2025\/09\/Wholesale-Plastic-Drip-Trays-Factory-1-768x768.webp 768w, https:\/\/www.xhplasticlife.com\/wp-content\/uploads\/2025\/09\/Wholesale-Plastic-Drip-Trays-Factory-1-12x12.webp 12w, https:\/\/www.xhplasticlife.com\/wp-content\/uploads\/2025\/09\/Wholesale-Plastic-Drip-Trays-Factory-1-600x600.webp 600w, https:\/\/www.xhplasticlife.com\/wp-content\/uploads\/2025\/09\/Wholesale-Plastic-Drip-Trays-Factory-1-100x100.webp 100w\" sizes=\"(max-width: 800px) 100vw, 800px\" \/><\/figure>\n<\/div>\n<\/div>\n\n\n\n<p><\/p>","protected":false},"excerpt":{"rendered":"<p>Willkommen in unserer Fabrik f\u00fcr Kunststoffabtropfschalen! Wir bieten Gro\u00dfhandel Kunststoff Abtropfschalen mit wettbewerbsf\u00e4higen Preisen, niedrige MOQ, und kostenlose Proben. Ideal f\u00fcr den Einsatz in der K\u00fcche, von der Organisation von Geschirr bis zum Abtropfenlassen von Tassen. OEM\/ODM Dienstleistungen zur Verf\u00fcgung, um Ihre spezifischen Anforderungen zu erf\u00fcllen.<\/p>\n<h2>Gro\u00dfhandel Kunststoff Abtropfschalen Parameter<\/h2>\n<ul>\n<li><strong>Modell<\/strong>: SH3167<\/li>\n<li><strong>Markenname<\/strong>: Xinghui<\/li>\n<li><strong>Material<\/strong>: Kunststoff (PP)<\/li>\n<li><strong>Farbe<\/strong>: wei\u00df\/cremewei\u00df<\/li>\n<li><strong>Produktgr\u00f6\u00dfe:<\/strong>33*16*4cm<\/li>\n<li><strong>Bruttogewicht:\u00a0<\/strong>17KG<\/li>\n<li><strong>Gr\u00f6\u00dfe des Kartons<\/strong>: 66.5*50.5*44cm<\/li>\n<li><strong>Verpacken<\/strong>: OPP-Verpackung<\/li>\n<li><strong>OEM\/ODM<\/strong>: Verf\u00fcgbar<\/li>\n<li><strong>Kundenspezifische Option<\/strong>: Farbe\/Gr\u00f6\u00dfe\/Logo\/Verpackung<\/li>\n<\/ul>\n<h2>Von Daily Plasticware Hersteller :<\/h2>\n<p>Gegr\u00fcndet im Jahr 2000,\u00a0<a href=\"https:\/\/www.xhplasticlife.com\/de\/\"><strong>Xinghui<\/strong><\/a>\u00a0ist auf die Herstellung und den Gro\u00dfhandel von Lunchboxen, Lebensmittelbeh\u00e4ltern, Trinkgef\u00e4\u00dfen, Haushaltsbeh\u00e4ltern und anderen Kunststoffprodukten des t\u00e4glichen Bedarfs spezialisiert. Wir bieten OEM- &amp; ODM- und E-Commerce-Beschaffungsdienste f\u00fcr Kunden aus einer Hand.<\/p>","protected":false},"featured_media":1351,"comment_status":"closed","ping_status":"closed","template":"","meta":{"_acf_changed":false},"product_brand":[],"product_cat":[19],"product_tag":[],"class_list":{"0":"post-1343","1":"product","2":"type-product","3":"status-publish","4":"has-post-thumbnail","6":"product_cat-kitchen-storage-containers-wholesale","8":"first","9":"instock","10":"shipping-taxable","11":"product-type-simple"},"acf":[],"_links":{"self":[{"href":"https:\/\/www.xhplasticlife.com\/de\/wp-json\/wp\/v2\/product\/1343","targetHints":{"allow":["GET"]}}],"collection":[{"href":"https:\/\/www.xhplasticlife.com\/de\/wp-json\/wp\/v2\/product"}],"about":[{"href":"https:\/\/www.xhplasticlife.com\/de\/wp-json\/wp\/v2\/types\/product"}],"replies":[{"embeddable":true,"href":"https:\/\/www.xhplasticlife.com\/de\/wp-json\/wp\/v2\/comments?post=1343"}],"wp:featuredmedia":[{"embeddable":true,"href":"https:\/\/www.xhplasticlife.com\/de\/wp-json\/wp\/v2\/media\/1351"}],"wp:attachment":[{"href":"https:\/\/www.xhplasticlife.com\/de\/wp-json\/wp\/v2\/media?parent=1343"}],"wp:term":[{"taxonomy":"product_brand","embeddable":true,"href":"https:\/\/www.xhplasticlife.com\/de\/wp-json\/wp\/v2\/product_brand?post=1343"},{"taxonomy":"product_cat","embeddable":true,"href":"https:\/\/www.xhplasticlife.com\/de\/wp-json\/wp\/v2\/product_cat?post=1343"},{"taxonomy":"product_tag","embeddable":true,"href":"https:\/\/www.xhplasticlife.com\/de\/wp-json\/wp\/v2\/product_tag?post=1343"}],"curies":[{"name":"wp","href":"https:\/\/api.w.org\/{rel}","templated":true}]}}