{"id":1334,"date":"2025-09-11T10:59:54","date_gmt":"2025-09-11T10:59:54","guid":{"rendered":"https:\/\/www.xhplasticlife.com\/?post_type=product&#038;p=1334"},"modified":"2025-09-11T10:59:57","modified_gmt":"2025-09-11T10:59:57","slug":"custom-plastic-drip-tray-supplier","status":"publish","type":"product","link":"https:\/\/www.xhplasticlife.com\/de\/produkt\/custom-plastic-drip-tray-supplier\/","title":{"rendered":"Benutzerdefinierte Kunststoff-Tropfschale f\u00fcr Tasse Sch\u00fcssel Gericht, Rechteck vertieft Serviertablett Lieferant"},"content":{"rendered":"<div class=\"wp-block-columns is-layout-flex wp-container-core-columns-is-layout-9d6595d7 wp-block-columns-is-layout-flex\">\n<div class=\"wp-block-column is-layout-flow wp-block-column-is-layout-flow\">\n<h2 class=\"wp-block-heading\">Kundenspezifische Kunststoff-Tropfschale Merkmale:<\/h2>\n\n\n\n<ul class=\"wp-block-list\">\n<li><strong>Erfolgreiche Entw\u00e4sserungsplanung<\/strong>: Diese riesige Kunststoff-Tropfschale verf\u00fcgt \u00fcber ein hohles Abtropfgitter, das f\u00fcr ein schnelles Abtropfen sorgt und Geschirr, Tassen und \u00c4hnliches trocken h\u00e4lt.<\/li>\n\n\n\n<li><strong>Langlebiges Material:<\/strong> Das Tablett besteht aus hochwertigem PP-Kunststoff mit glatten, gratfreien Kanten und einem eleganten Design und ist f\u00fcr den langfristigen Gebrauch geeignet.<\/li>\n\n\n\n<li><strong>Rise Rim Design:<\/strong> Der hochgezogene Rand wurde speziell entwickelt, um Versch\u00fcttetes in Schach zu halten, damit Ihr Tisch sauber und aufger\u00e4umt bleibt.<\/li>\n\n\n\n<li><strong>Multifunktionale Lagerung<\/strong>: Dieser Gro\u00dfhandel Kunststoff Abtropfschale ist am besten f\u00fcr den Heimgebrauch geeignet und kann verwendet werden, um Teller, Schalen, Tassen, Obst, Gem\u00fcse, Tee-Sets, und vieles mehr zu speichern, Ihre K\u00fcche oder Essbereich zu organisieren.<\/li>\n\n\n\n<li><strong>Doppellagige Drainagewanne<\/strong>: Die doppelschichtige, erh\u00f6hte Abtropfschale enth\u00e4lt eine untere Schicht, die Wasser auff\u00e4ngt und Fl\u00fcssigkeitsansammlungen und Wasserflecken verhindert.<\/li>\n\n\n\n<li><strong>Anpassungen:<\/strong> Wir bieten kundenspezifische Produkte aus Kunststoff f\u00fcr Hausbesitzer an, mit OEM\/ODM-Anpassungsdiensten, um Ihren besonderen Bed\u00fcrfnissen gerecht zu werden.<\/li>\n\n\n\n<li><strong>Leicht zu reinigen:<\/strong> Die Oberfl\u00e4che ist leicht abwaschbar und sauber zu halten und kann mit hei\u00dfem Wasser gereinigt werden.<\/li>\n<\/ul>\n<\/div>\n\n\n\n<div class=\"wp-block-column is-layout-flow wp-block-column-is-layout-flow\">\n<figure class=\"wp-block-image size-full\"><img decoding=\"async\" width=\"800\" height=\"800\" src=\"https:\/\/www.xhplasticlife.com\/wp-content\/uploads\/2025\/09\/Custom-Plastic-Drip-Tray-Supplier.webp\" alt=\"Benutzerdefinierte Kunststoff-Tropfschale Lieferant\" class=\"wp-image-1340\" srcset=\"https:\/\/www.xhplasticlife.com\/wp-content\/uploads\/2025\/09\/Custom-Plastic-Drip-Tray-Supplier.webp 800w, https:\/\/www.xhplasticlife.com\/wp-content\/uploads\/2025\/09\/Custom-Plastic-Drip-Tray-Supplier-300x300.webp 300w, https:\/\/www.xhplasticlife.com\/wp-content\/uploads\/2025\/09\/Custom-Plastic-Drip-Tray-Supplier-150x150.webp 150w, https:\/\/www.xhplasticlife.com\/wp-content\/uploads\/2025\/09\/Custom-Plastic-Drip-Tray-Supplier-768x768.webp 768w, https:\/\/www.xhplasticlife.com\/wp-content\/uploads\/2025\/09\/Custom-Plastic-Drip-Tray-Supplier-12x12.webp 12w, https:\/\/www.xhplasticlife.com\/wp-content\/uploads\/2025\/09\/Custom-Plastic-Drip-Tray-Supplier-600x600.webp 600w, https:\/\/www.xhplasticlife.com\/wp-content\/uploads\/2025\/09\/Custom-Plastic-Drip-Tray-Supplier-100x100.webp 100w\" sizes=\"(max-width: 800px) 100vw, 800px\" \/><\/figure>\n<\/div>\n<\/div>\n\n\n\n<div class=\"wp-block-columns is-layout-flex wp-container-core-columns-is-layout-9d6595d7 wp-block-columns-is-layout-flex\">\n<div class=\"wp-block-column is-layout-flow wp-block-column-is-layout-flow\">\n<figure class=\"wp-block-image size-full\"><img decoding=\"async\" width=\"750\" height=\"654\" src=\"https:\/\/www.xhplasticlife.com\/wp-content\/uploads\/2025\/09\/Custom-Plastic-Drip-Tray-Supplier-3.webp\" alt=\"Benutzerdefinierte Kunststoff-Tropfschale Lieferant (3)\" class=\"wp-image-1339\" srcset=\"https:\/\/www.xhplasticlife.com\/wp-content\/uploads\/2025\/09\/Custom-Plastic-Drip-Tray-Supplier-3.webp 750w, https:\/\/www.xhplasticlife.com\/wp-content\/uploads\/2025\/09\/Custom-Plastic-Drip-Tray-Supplier-3-300x262.webp 300w, https:\/\/www.xhplasticlife.com\/wp-content\/uploads\/2025\/09\/Custom-Plastic-Drip-Tray-Supplier-3-14x12.webp 14w, https:\/\/www.xhplasticlife.com\/wp-content\/uploads\/2025\/09\/Custom-Plastic-Drip-Tray-Supplier-3-600x523.webp 600w\" sizes=\"(max-width: 750px) 100vw, 750px\" \/><\/figure>\n<\/div>\n\n\n\n<div class=\"wp-block-column is-layout-flow wp-block-column-is-layout-flow\">\n<figure class=\"wp-block-image size-full\"><img decoding=\"async\" width=\"750\" height=\"695\" src=\"https:\/\/www.xhplasticlife.com\/wp-content\/uploads\/2025\/09\/Custom-Plastic-Drip-Tray-Supplier-1.webp\" alt=\"Benutzerdefinierte Kunststoff-Tropfschale Lieferant (1)\" class=\"wp-image-1337\" srcset=\"https:\/\/www.xhplasticlife.com\/wp-content\/uploads\/2025\/09\/Custom-Plastic-Drip-Tray-Supplier-1.webp 750w, https:\/\/www.xhplasticlife.com\/wp-content\/uploads\/2025\/09\/Custom-Plastic-Drip-Tray-Supplier-1-300x278.webp 300w, https:\/\/www.xhplasticlife.com\/wp-content\/uploads\/2025\/09\/Custom-Plastic-Drip-Tray-Supplier-1-13x12.webp 13w, https:\/\/www.xhplasticlife.com\/wp-content\/uploads\/2025\/09\/Custom-Plastic-Drip-Tray-Supplier-1-600x556.webp 600w\" sizes=\"(max-width: 750px) 100vw, 750px\" \/><\/figure>\n<\/div>\n<\/div>\n\n\n\n<p><\/p>","protected":false},"excerpt":{"rendered":"<p>Willkommen bei unserer kundenspezifischen Kunststoff-Auffangschale f\u00fcr den Haushalt! Wir bieten doppelschichtige, erh\u00f6hte Abtropfschalen aus Kunststoff mit niedrigem MOQ, kostenlosen Mustern und wettbewerbsf\u00e4higen Preisen. Perfekt f\u00fcr die Organisation von Geschirr, Tassen, Obst und mehr. OEM\/ODM Dienstleistungen verf\u00fcgbar, um Ihre Bed\u00fcrfnisse zu erf\u00fcllen!<\/p>\n<h2>Benutzerdefinierte Kunststoff-Tropfschale Parameter<\/h2>\n<ul>\n<li><strong>Modell<\/strong>: SH3147<\/li>\n<li><strong>Markenname<\/strong>: Xinghui<\/li>\n<li><strong>Material<\/strong>: Kunststoff (PP)<\/li>\n<li><strong>Farbe<\/strong>: wei\u00df<\/li>\n<li><strong>Produktgr\u00f6\u00dfe:<\/strong>33*22*4cm<\/li>\n<li><strong>Bruttogewicht:\u00a0<\/strong>14.9KG<\/li>\n<li><strong>Gr\u00f6\u00dfe des Kartons<\/strong>: 66.5*50.5*44cm<\/li>\n<li><strong>Verpacken<\/strong>: OPP-Verpackung<\/li>\n<li><strong>OEM\/ODM<\/strong>: Verf\u00fcgbar<\/li>\n<li><strong>Kundenspezifische Option<\/strong>: Farbe\/Gr\u00f6\u00dfe\/Logo\/Verpackung<\/li>\n<\/ul>\n<h2>Von Daily Plasticware Hersteller :<\/h2>\n<p>Gegr\u00fcndet im Jahr 2000,\u00a0<a href=\"https:\/\/www.xhplasticlife.com\/de\/\"><strong>Xinghui<\/strong><\/a>\u00a0ist auf die Herstellung und den Gro\u00dfhandel von Lunchboxen, Lebensmittelbeh\u00e4ltern, Trinkgef\u00e4\u00dfen, Haushaltsbeh\u00e4ltern und anderen Kunststoffprodukten des t\u00e4glichen Bedarfs spezialisiert. Wir bieten OEM- &amp; ODM- und E-Commerce-Beschaffungsdienste f\u00fcr Kunden aus einer Hand.<\/p>","protected":false},"featured_media":1336,"comment_status":"closed","ping_status":"closed","template":"","meta":{"_acf_changed":false},"product_brand":[],"product_cat":[21,19],"product_tag":[],"class_list":{"0":"post-1334","1":"product","2":"type-product","3":"status-publish","4":"has-post-thumbnail","6":"product_cat-home-storage-containers-wholesaler","7":"product_cat-kitchen-storage-containers-wholesale","9":"first","10":"instock","11":"shipping-taxable","12":"product-type-simple"},"acf":[],"_links":{"self":[{"href":"https:\/\/www.xhplasticlife.com\/de\/wp-json\/wp\/v2\/product\/1334","targetHints":{"allow":["GET"]}}],"collection":[{"href":"https:\/\/www.xhplasticlife.com\/de\/wp-json\/wp\/v2\/product"}],"about":[{"href":"https:\/\/www.xhplasticlife.com\/de\/wp-json\/wp\/v2\/types\/product"}],"replies":[{"embeddable":true,"href":"https:\/\/www.xhplasticlife.com\/de\/wp-json\/wp\/v2\/comments?post=1334"}],"wp:featuredmedia":[{"embeddable":true,"href":"https:\/\/www.xhplasticlife.com\/de\/wp-json\/wp\/v2\/media\/1336"}],"wp:attachment":[{"href":"https:\/\/www.xhplasticlife.com\/de\/wp-json\/wp\/v2\/media?parent=1334"}],"wp:term":[{"taxonomy":"product_brand","embeddable":true,"href":"https:\/\/www.xhplasticlife.com\/de\/wp-json\/wp\/v2\/product_brand?post=1334"},{"taxonomy":"product_cat","embeddable":true,"href":"https:\/\/www.xhplasticlife.com\/de\/wp-json\/wp\/v2\/product_cat?post=1334"},{"taxonomy":"product_tag","embeddable":true,"href":"https:\/\/www.xhplasticlife.com\/de\/wp-json\/wp\/v2\/product_tag?post=1334"}],"curies":[{"name":"wp","href":"https:\/\/api.w.org\/{rel}","templated":true}]}}