{"id":1323,"date":"2025-09-11T10:16:08","date_gmt":"2025-09-11T10:16:08","guid":{"rendered":"https:\/\/www.xhplasticlife.com\/?post_type=product&#038;p=1323"},"modified":"2025-09-11T11:00:38","modified_gmt":"2025-09-11T11:00:38","slug":"large-plastic-drain-tray-supplier","status":"publish","type":"product","link":"https:\/\/www.xhplasticlife.com\/de\/produkt\/large-plastic-drain-tray-supplier\/","title":{"rendered":"Gro\u00dfe Kunststoff Abtropffl\u00e4che Lieferant, Lebensmittel Tee Platte Kunststoff Abtropffl\u00e4che K\u00fcche Waschbecken Tablett"},"content":{"rendered":"<div class=\"wp-block-columns is-layout-flex wp-container-core-columns-is-layout-9d6595d7 wp-block-columns-is-layout-flex\">\n<div class=\"wp-block-column is-layout-flow wp-block-column-is-layout-flow\" style=\"flex-basis:50%\">\n<h2 class=\"wp-block-heading\">Gro\u00dfe Kunststoff-Ablaufwanne Merkmale:<\/h2>\n\n\n\n<ul class=\"wp-block-list\">\n<li><strong>Langlebige Kunststoffkonstruktion: <\/strong>Diese gro\u00dfe Kunststoffabtropfschale besteht aus hochwertigem PP-Kunststoff; sie ist stabil, aber leicht und bietet eine lange Nutzungsdauer. Die glatte Oberfl\u00e4che ist leicht zu reinigen.<\/li>\n\n\n\n<li><strong>Wasserauffangwanne:<\/strong> Er f\u00e4ngt das Wasser genau auf und leitet es ab, so dass es nicht zur\u00fcckgehalten wird und Ihre Arbeitsplatten trocken und sauber bleiben.<\/li>\n\n\n\n<li><strong>Platzsparendes Design:<\/strong> Spart wertvollen Platz auf der Arbeitsplatte und passt in K\u00fcchen jeder Gr\u00f6\u00dfe.<\/li>\n\n\n\n<li><strong>Vielseitige Lagerung:<\/strong> Praktisch f\u00fcr Teller, Sch\u00fcsseln, Tassen, Besteck und mehr, damit Ihre K\u00fcche sauber und organisiert bleibt.<\/li>\n\n\n\n<li><strong>Leicht zu reinigen:<\/strong> Die glatte Oberfl\u00e4che ist leicht zu reinigen und kann mit hei\u00dfem Wasser ges\u00e4ubert werden, um die Hygiene zu gew\u00e4hrleisten.<\/li>\n\n\n\n<li><strong>Verankerte Drainageschicht:<\/strong> Die einzigartig gestaltete, erh\u00f6hte Drainageschicht verbessert die Entw\u00e4sserung und verhindert das Verstopfen durch Wasser.<\/li>\n\n\n\n<li><strong>Wasserspeicherung:<\/strong> Die Grundschicht ist wasserabweisend und h\u00e4lt Ihre Arbeitsplatten sauber und ordentlich.<\/li>\n\n\n\n<li><strong>Anpassungen:<\/strong> Als professioneller Anbieter von Kunststoff-Ablaufwannen bieten wir Ihnen ma\u00dfgeschneiderte gro\u00dfe Kunststoff-Ablaufwannen auf der Grundlage Ihrer spezifischen Anforderungen, wie OEM\/ODM.<\/li>\n<\/ul>\n<\/div>\n\n\n\n<div class=\"wp-block-column is-layout-flow wp-block-column-is-layout-flow\" style=\"flex-basis:50%\">\n<figure class=\"wp-block-image size-full\"><img decoding=\"async\" width=\"750\" height=\"675\" src=\"https:\/\/www.xhplasticlife.com\/wp-content\/uploads\/2025\/09\/Plastic-Drain-Tray-Supplier-Manufacturer-1.webp\" alt=\"Kunststoff-Auffangwanne Lieferant Hersteller (1)\" class=\"wp-image-1327\" srcset=\"https:\/\/www.xhplasticlife.com\/wp-content\/uploads\/2025\/09\/Plastic-Drain-Tray-Supplier-Manufacturer-1.webp 750w, https:\/\/www.xhplasticlife.com\/wp-content\/uploads\/2025\/09\/Plastic-Drain-Tray-Supplier-Manufacturer-1-300x270.webp 300w, https:\/\/www.xhplasticlife.com\/wp-content\/uploads\/2025\/09\/Plastic-Drain-Tray-Supplier-Manufacturer-1-13x12.webp 13w, https:\/\/www.xhplasticlife.com\/wp-content\/uploads\/2025\/09\/Plastic-Drain-Tray-Supplier-Manufacturer-1-600x540.webp 600w\" sizes=\"(max-width: 750px) 100vw, 750px\" \/><\/figure>\n<\/div>\n<\/div>\n\n\n\n<div class=\"wp-block-columns is-layout-flex wp-container-core-columns-is-layout-9d6595d7 wp-block-columns-is-layout-flex\">\n<div class=\"wp-block-column is-layout-flow wp-block-column-is-layout-flow\"><div class=\"wp-block-image\">\n<figure class=\"aligncenter size-full\"><img decoding=\"async\" width=\"800\" height=\"800\" src=\"https:\/\/www.xhplasticlife.com\/wp-content\/uploads\/2025\/09\/Large-Plastic-Drain-Tray-Supplier.webp\" alt=\"Gro\u00dfe Kunststoff-Auffangwanne Lieferant\" class=\"wp-image-1326\" srcset=\"https:\/\/www.xhplasticlife.com\/wp-content\/uploads\/2025\/09\/Large-Plastic-Drain-Tray-Supplier.webp 800w, https:\/\/www.xhplasticlife.com\/wp-content\/uploads\/2025\/09\/Large-Plastic-Drain-Tray-Supplier-300x300.webp 300w, https:\/\/www.xhplasticlife.com\/wp-content\/uploads\/2025\/09\/Large-Plastic-Drain-Tray-Supplier-150x150.webp 150w, https:\/\/www.xhplasticlife.com\/wp-content\/uploads\/2025\/09\/Large-Plastic-Drain-Tray-Supplier-768x768.webp 768w, https:\/\/www.xhplasticlife.com\/wp-content\/uploads\/2025\/09\/Large-Plastic-Drain-Tray-Supplier-12x12.webp 12w, https:\/\/www.xhplasticlife.com\/wp-content\/uploads\/2025\/09\/Large-Plastic-Drain-Tray-Supplier-600x600.webp 600w, https:\/\/www.xhplasticlife.com\/wp-content\/uploads\/2025\/09\/Large-Plastic-Drain-Tray-Supplier-100x100.webp 100w\" sizes=\"(max-width: 800px) 100vw, 800px\" \/><figcaption class=\"wp-element-caption\">SH3135<\/figcaption><\/figure>\n<\/div><\/div>\n\n\n\n<div class=\"wp-block-column is-layout-flow wp-block-column-is-layout-flow\"><div class=\"wp-block-image\">\n<figure class=\"aligncenter size-full\"><img decoding=\"async\" width=\"800\" height=\"800\" src=\"https:\/\/www.xhplasticlife.com\/wp-content\/uploads\/2025\/09\/Small-Plastic-Drain-Tray-Supplier.webp\" alt=\"Kleiner Kunststoff-Auffangbeh\u00e4lter Lieferant\" class=\"wp-image-1333\" srcset=\"https:\/\/www.xhplasticlife.com\/wp-content\/uploads\/2025\/09\/Small-Plastic-Drain-Tray-Supplier.webp 800w, https:\/\/www.xhplasticlife.com\/wp-content\/uploads\/2025\/09\/Small-Plastic-Drain-Tray-Supplier-300x300.webp 300w, https:\/\/www.xhplasticlife.com\/wp-content\/uploads\/2025\/09\/Small-Plastic-Drain-Tray-Supplier-150x150.webp 150w, https:\/\/www.xhplasticlife.com\/wp-content\/uploads\/2025\/09\/Small-Plastic-Drain-Tray-Supplier-768x768.webp 768w, https:\/\/www.xhplasticlife.com\/wp-content\/uploads\/2025\/09\/Small-Plastic-Drain-Tray-Supplier-12x12.webp 12w, https:\/\/www.xhplasticlife.com\/wp-content\/uploads\/2025\/09\/Small-Plastic-Drain-Tray-Supplier-600x600.webp 600w, https:\/\/www.xhplasticlife.com\/wp-content\/uploads\/2025\/09\/Small-Plastic-Drain-Tray-Supplier-100x100.webp 100w\" sizes=\"(max-width: 800px) 100vw, 800px\" \/><figcaption class=\"wp-element-caption\">SH3145<\/figcaption><\/figure>\n<\/div><\/div>\n<\/div>","protected":false},"excerpt":{"rendered":"<p>Willkommen bei unserer Sammlung von Kunststoff-Ablaufwannen! Wir bieten kundenspezifische gro\u00dfe Kunststoff-Ablaufwannen mit niedrigen MOQ, kostenlose Muster und wettbewerbsf\u00e4hige Preise. Perfekt f\u00fcr die Organisation von K\u00fcchensp\u00fclen, um einen sauberen, trockenen Raum zu gew\u00e4hrleisten. OEM\/ODM verf\u00fcgbar, um Ihre spezifischen Anforderungen zu erf\u00fcllen.<\/p>\n<h2>Gro\u00dfe Kunststoff-Auffangwanne Parameter<\/h2>\n<ul>\n<li><strong>Modell<\/strong>: SH3135\/SH3145<\/li>\n<li><strong>Markenname<\/strong>: Xinghui<\/li>\n<li><strong>Material<\/strong>: Kunststoff (PP)<\/li>\n<li><strong>Farbe<\/strong>: wei\u00df<\/li>\n<li><strong>Produktgr\u00f6\u00dfe: <\/strong>39*22.5*2.5cm\/31*17.5*2.2cm<\/li>\n<li><strong>Bruttogewicht: <\/strong>18.5KG\/15.8KG<\/li>\n<li><strong>Gr\u00f6\u00dfe des Kartons<\/strong>: 46*40*45cm\/54*38.5*46.5cm<\/li>\n<li><strong>Verpacken<\/strong>: OPP-Verpackung<\/li>\n<li><strong>OEM\/ODM<\/strong>: Verf\u00fcgbar<\/li>\n<li><strong>Kundenspezifische Option<\/strong>: Farbe\/Gr\u00f6\u00dfe\/Logo\/Verpackung<\/li>\n<\/ul>\n<h2>Von Daily Plasticware Hersteller :<\/h2>\n<p>Gegr\u00fcndet im Jahr 2000,\u00a0<a href=\"https:\/\/www.xhplasticlife.com\/de\/\"><strong>Xinghui<\/strong><\/a>\u00a0ist auf die Herstellung und den Gro\u00dfhandel von Lunchboxen, Lebensmittelbeh\u00e4ltern, Trinkgef\u00e4\u00dfen, Haushaltsbeh\u00e4ltern und anderen Kunststoffprodukten des t\u00e4glichen Bedarfs spezialisiert. Wir bieten OEM- &amp; ODM- und E-Commerce-Beschaffungsdienste f\u00fcr Kunden aus einer Hand.<\/p>","protected":false},"featured_media":1325,"comment_status":"closed","ping_status":"closed","template":"","meta":{"_acf_changed":false},"product_brand":[],"product_cat":[19],"product_tag":[],"class_list":{"0":"post-1323","1":"product","2":"type-product","3":"status-publish","4":"has-post-thumbnail","6":"product_cat-kitchen-storage-containers-wholesale","8":"first","9":"instock","10":"shipping-taxable","11":"product-type-simple"},"acf":[],"_links":{"self":[{"href":"https:\/\/www.xhplasticlife.com\/de\/wp-json\/wp\/v2\/product\/1323","targetHints":{"allow":["GET"]}}],"collection":[{"href":"https:\/\/www.xhplasticlife.com\/de\/wp-json\/wp\/v2\/product"}],"about":[{"href":"https:\/\/www.xhplasticlife.com\/de\/wp-json\/wp\/v2\/types\/product"}],"replies":[{"embeddable":true,"href":"https:\/\/www.xhplasticlife.com\/de\/wp-json\/wp\/v2\/comments?post=1323"}],"wp:featuredmedia":[{"embeddable":true,"href":"https:\/\/www.xhplasticlife.com\/de\/wp-json\/wp\/v2\/media\/1325"}],"wp:attachment":[{"href":"https:\/\/www.xhplasticlife.com\/de\/wp-json\/wp\/v2\/media?parent=1323"}],"wp:term":[{"taxonomy":"product_brand","embeddable":true,"href":"https:\/\/www.xhplasticlife.com\/de\/wp-json\/wp\/v2\/product_brand?post=1323"},{"taxonomy":"product_cat","embeddable":true,"href":"https:\/\/www.xhplasticlife.com\/de\/wp-json\/wp\/v2\/product_cat?post=1323"},{"taxonomy":"product_tag","embeddable":true,"href":"https:\/\/www.xhplasticlife.com\/de\/wp-json\/wp\/v2\/product_tag?post=1323"}],"curies":[{"name":"wp","href":"https:\/\/api.w.org\/{rel}","templated":true}]}}