{"id":1317,"date":"2025-09-11T08:30:10","date_gmt":"2025-09-11T08:30:10","guid":{"rendered":"https:\/\/www.xhplasticlife.com\/?post_type=product&#038;p=1317"},"modified":"2025-09-11T08:30:13","modified_gmt":"2025-09-11T08:30:13","slug":"makeup-storage-container-supplier","status":"publish","type":"product","link":"https:\/\/www.xhplasticlife.com\/de\/produkt\/makeup-storage-container-supplier\/","title":{"rendered":"OEM Makeup Storage Container Lieferant, Kunststoff Kosmetik Aufbewahrungsbox f\u00fcr Hautpflege, Lippenstift"},"content":{"rendered":"<div class=\"wp-block-columns is-layout-flex wp-container-core-columns-is-layout-9d6595d7 wp-block-columns-is-layout-flex\">\n<div class=\"wp-block-column is-layout-flow wp-block-column-is-layout-flow\">\n<h2 class=\"wp-block-heading\">OEM Makeup-Aufbewahrungsbeh\u00e4lter Merkmale:<\/h2>\n\n\n\n<ul class=\"wp-block-list\">\n<li><strong>Professioneller Lieferant Vorteile:<\/strong> Wir sind ein guter Lieferant von Make-up-Beh\u00e4ltern f\u00fcr die Aufbewahrung und bieten verschiedene Designs und Gr\u00f6\u00dfen an, um die Anforderungen an die Aufbewahrung von Hautpflege, Lippenstift und Make-up zu erf\u00fcllen.<\/li>\n\n\n\n<li><strong>Multifunktionale Speicherstruktur<\/strong>: Mit den Schubladen und F\u00e4chern k\u00f6nnen Sie Kosmetika, Hautpflegeprodukte, Schmuck und andere Dinge kategorisieren und Ihren Schreibtisch aufr\u00e4umen und organisieren.<\/li>\n\n\n\n<li><strong>Hochwertige Materialien<\/strong>: Aus hochwertigem PP-Kunststoff gefertigt, ist es extrem langlebig, staub- und feuchtigkeitsbest\u00e4ndig und muss t\u00e4glich nur leicht mit warmem Wasser abgewischt werden.<\/li>\n\n\n\n<li><strong>Stilvolle Erscheinung<\/strong>: Transparent und cremewei\u00df, f\u00fcgt sich das minimalistische und elegante Erscheinungsbild nahtlos in jedes Wohnambiente ein und eignet sich perfekt f\u00fcr Schlafzimmer, Badezimmer, Frisiertische und vieles mehr.<\/li>\n\n\n\n<li><strong>OEM\/ODM-Anpassung:<\/strong> Wir bieten Markenanpassung und Massenproduktion mit niedrigem MOQ und verhelfen unseren Kunden zu einem einzigartigen Wettbewerbsvorteil auf dem Markt.<\/li>\n<\/ul>\n<\/div>\n\n\n\n<div class=\"wp-block-column is-layout-flow wp-block-column-is-layout-flow\">\n<figure class=\"wp-block-image size-full\"><img decoding=\"async\" width=\"800\" height=\"800\" src=\"https:\/\/www.xhplasticlife.com\/wp-content\/uploads\/2025\/09\/OEM-Makeup-Storage-Container-Supplier-5.webp\" alt=\"OEM Makeup Lagerbeh\u00e4lter Lieferant (5)\" class=\"wp-image-1322\" srcset=\"https:\/\/www.xhplasticlife.com\/wp-content\/uploads\/2025\/09\/OEM-Makeup-Storage-Container-Supplier-5.webp 800w, https:\/\/www.xhplasticlife.com\/wp-content\/uploads\/2025\/09\/OEM-Makeup-Storage-Container-Supplier-5-300x300.webp 300w, https:\/\/www.xhplasticlife.com\/wp-content\/uploads\/2025\/09\/OEM-Makeup-Storage-Container-Supplier-5-150x150.webp 150w, https:\/\/www.xhplasticlife.com\/wp-content\/uploads\/2025\/09\/OEM-Makeup-Storage-Container-Supplier-5-768x768.webp 768w, https:\/\/www.xhplasticlife.com\/wp-content\/uploads\/2025\/09\/OEM-Makeup-Storage-Container-Supplier-5-12x12.webp 12w, https:\/\/www.xhplasticlife.com\/wp-content\/uploads\/2025\/09\/OEM-Makeup-Storage-Container-Supplier-5-600x600.webp 600w, https:\/\/www.xhplasticlife.com\/wp-content\/uploads\/2025\/09\/OEM-Makeup-Storage-Container-Supplier-5-100x100.webp 100w\" sizes=\"(max-width: 800px) 100vw, 800px\" \/><\/figure>\n<\/div>\n<\/div>\n\n\n\n<div class=\"wp-block-columns is-layout-flex wp-container-core-columns-is-layout-9d6595d7 wp-block-columns-is-layout-flex\">\n<div class=\"wp-block-column is-layout-flow wp-block-column-is-layout-flow\">\n<figure class=\"wp-block-image size-full\"><img decoding=\"async\" width=\"567\" height=\"567\" src=\"https:\/\/www.xhplasticlife.com\/wp-content\/uploads\/2025\/09\/OEM-Makeup-Storage-Container-Supplier-2.webp\" alt=\"OEM Makeup Storage Container Lieferant (2)\" class=\"wp-image-1319\" srcset=\"https:\/\/www.xhplasticlife.com\/wp-content\/uploads\/2025\/09\/OEM-Makeup-Storage-Container-Supplier-2.webp 567w, https:\/\/www.xhplasticlife.com\/wp-content\/uploads\/2025\/09\/OEM-Makeup-Storage-Container-Supplier-2-300x300.webp 300w, https:\/\/www.xhplasticlife.com\/wp-content\/uploads\/2025\/09\/OEM-Makeup-Storage-Container-Supplier-2-150x150.webp 150w, https:\/\/www.xhplasticlife.com\/wp-content\/uploads\/2025\/09\/OEM-Makeup-Storage-Container-Supplier-2-12x12.webp 12w, https:\/\/www.xhplasticlife.com\/wp-content\/uploads\/2025\/09\/OEM-Makeup-Storage-Container-Supplier-2-100x100.webp 100w\" sizes=\"(max-width: 567px) 100vw, 567px\" \/><\/figure>\n<\/div>\n\n\n\n<div class=\"wp-block-column is-layout-flow wp-block-column-is-layout-flow\">\n<figure class=\"wp-block-image size-full\"><img decoding=\"async\" width=\"511\" height=\"511\" src=\"https:\/\/www.xhplasticlife.com\/wp-content\/uploads\/2025\/09\/OEM-Makeup-Storage-Container-Supplier-1.webp\" alt=\"OEM Makeup Lagerbeh\u00e4lter Lieferant (1)\" class=\"wp-image-1318\" srcset=\"https:\/\/www.xhplasticlife.com\/wp-content\/uploads\/2025\/09\/OEM-Makeup-Storage-Container-Supplier-1.webp 511w, https:\/\/www.xhplasticlife.com\/wp-content\/uploads\/2025\/09\/OEM-Makeup-Storage-Container-Supplier-1-300x300.webp 300w, https:\/\/www.xhplasticlife.com\/wp-content\/uploads\/2025\/09\/OEM-Makeup-Storage-Container-Supplier-1-150x150.webp 150w, https:\/\/www.xhplasticlife.com\/wp-content\/uploads\/2025\/09\/OEM-Makeup-Storage-Container-Supplier-1-12x12.webp 12w, https:\/\/www.xhplasticlife.com\/wp-content\/uploads\/2025\/09\/OEM-Makeup-Storage-Container-Supplier-1-100x100.webp 100w\" sizes=\"(max-width: 511px) 100vw, 511px\" \/><\/figure>\n<\/div>\n<\/div>","protected":false},"excerpt":{"rendered":"<p>Willkommen in unserer Make-up Aufbewahrungsbeh\u00e4lter Lieferanten Sammlung! Wir bieten Gro\u00dfhandel Kosmetik Aufbewahrungsboxen mit niedrigen MOQ, kostenlose Proben, und wettbewerbsf\u00e4hige Preise. Stilvolle transparente &amp; Creme Designs, OEM\/ODM-Anpassung zur Verf\u00fcgung, um Ihre Marke Umsatz zu steigern.<\/p>\n<h2>OEM Makeup Lagerbeh\u00e4lter Parameter<\/h2>\n<p><strong>Modell<\/strong>: SN3178<br \/>\n<strong>Markenname<\/strong>: Xinghui<br \/>\n<strong>Material<\/strong>Kunststoff (PP)+Silikon<br \/>\n<strong>Farbe<\/strong>: cremewei\u00df<br \/>\n<strong>Bruttogewicht:<\/strong>8,2 kg<br \/>\n<strong>Gr\u00f6\u00dfe des Kartons<\/strong>: 61*39*47cm<br \/>\n<strong>Verpacken<\/strong>: OPP-Verpackung<br \/>\n<strong>OEM\/ODM<\/strong>: Verf\u00fcgbar<br \/>\n<strong>Kundenspezifische Option<\/strong>: Farbe\/Gr\u00f6\u00dfe\/Logo\/Verpackung<\/p>\n<h2>Von Daily Plasticware Hersteller :<\/h2>\n<p>Gegr\u00fcndet im Jahr 2000,\u00a0<a href=\"https:\/\/www.xhplasticlife.com\/de\/\"><strong>Xinghui<\/strong><\/a>\u00a0ist auf die Herstellung und den Gro\u00dfhandel von Lunchboxen, Lebensmittelbeh\u00e4ltern, Trinkgef\u00e4\u00dfen, Haushaltsbeh\u00e4ltern und anderen Kunststoffprodukten des t\u00e4glichen Bedarfs spezialisiert. Wir bieten OEM- &amp; ODM- und E-Commerce-Beschaffungsdienste f\u00fcr Kunden aus einer Hand.<\/p>","protected":false},"featured_media":1321,"comment_status":"closed","ping_status":"closed","template":"","meta":{"_acf_changed":false},"product_brand":[],"product_cat":[21],"product_tag":[],"class_list":{"0":"post-1317","1":"product","2":"type-product","3":"status-publish","4":"has-post-thumbnail","6":"product_cat-home-storage-containers-wholesaler","8":"first","9":"instock","10":"shipping-taxable","11":"product-type-simple"},"acf":[],"_links":{"self":[{"href":"https:\/\/www.xhplasticlife.com\/de\/wp-json\/wp\/v2\/product\/1317","targetHints":{"allow":["GET"]}}],"collection":[{"href":"https:\/\/www.xhplasticlife.com\/de\/wp-json\/wp\/v2\/product"}],"about":[{"href":"https:\/\/www.xhplasticlife.com\/de\/wp-json\/wp\/v2\/types\/product"}],"replies":[{"embeddable":true,"href":"https:\/\/www.xhplasticlife.com\/de\/wp-json\/wp\/v2\/comments?post=1317"}],"wp:featuredmedia":[{"embeddable":true,"href":"https:\/\/www.xhplasticlife.com\/de\/wp-json\/wp\/v2\/media\/1321"}],"wp:attachment":[{"href":"https:\/\/www.xhplasticlife.com\/de\/wp-json\/wp\/v2\/media?parent=1317"}],"wp:term":[{"taxonomy":"product_brand","embeddable":true,"href":"https:\/\/www.xhplasticlife.com\/de\/wp-json\/wp\/v2\/product_brand?post=1317"},{"taxonomy":"product_cat","embeddable":true,"href":"https:\/\/www.xhplasticlife.com\/de\/wp-json\/wp\/v2\/product_cat?post=1317"},{"taxonomy":"product_tag","embeddable":true,"href":"https:\/\/www.xhplasticlife.com\/de\/wp-json\/wp\/v2\/product_tag?post=1317"}],"curies":[{"name":"wp","href":"https:\/\/api.w.org\/{rel}","templated":true}]}}