{"id":1180,"date":"2025-07-28T17:00:45","date_gmt":"2025-07-28T17:00:45","guid":{"rendered":"https:\/\/www.xhplasticlife.com\/?post_type=product&#038;p=1180"},"modified":"2025-07-28T17:01:21","modified_gmt":"2025-07-28T17:01:21","slug":"bulk-airtight-food-storage-containers","status":"publish","type":"product","link":"https:\/\/www.xhplasticlife.com\/de\/produkt\/bulk-airtight-food-storage-containers\/","title":{"rendered":"Bulk luftdicht Lebensmittel Lagerung Container 3 St\u00fcck Runde Kunststoff Lebensmittel-Container Gro\u00dfh\u00e4ndler"},"content":{"rendered":"<div class=\"wp-block-columns is-layout-flex wp-container-core-columns-is-layout-9d6595d7 wp-block-columns-is-layout-flex\">\n<div class=\"wp-block-column is-layout-flow wp-block-column-is-layout-flow\">\n<h2 class=\"wp-block-heading\">Bulk Airtight Food Storage Containers Set Eigenschaften:<\/h2>\n\n\n\n<ul class=\"wp-block-list\">\n<li><strong>Option Gro\u00dfeinkauf<\/strong>: geeignet f\u00fcr Gro\u00dfeink\u00e4ufe, bietet luftdichte Lebensmittelbeh\u00e4lter f\u00fcr eine Vielzahl von kommerziellen und privaten Aufbewahrungsbed\u00fcrfnissen.<\/li>\n\n\n\n<li><strong>Versiegelt und <\/strong><span style=\"box-sizing: border-box; margin: 0px; padding: 0px;\"><strong>Feuchtigkeitsresistentes Design<\/strong>: Ausgestattet mit versiegelten Deckeln, um die langfristige Frische von Lebensmitteln zu gew\u00e4hrleisten und das Eindringen von Luft und Feuchtigkeit zu verhindern, was ihn zu einem idealen Kunststoff-Lebensmittelbeh\u00e4lter f\u00fcr den Gro\u00dfhandel macht<\/span>.<\/li>\n\n\n\n<li><strong>Mehrzweck-Lagerung:<\/strong> geeignet f\u00fcr die Aufbewahrung von Getreide, Trockenfr\u00fcchten, Mehl, Gew\u00fcrzen und anderen Zutaten, einfach zu bedienen und platzsparend, geeignet f\u00fcr K\u00fcchen, Lagerh\u00e4user und das Gastst\u00e4ttengewerbe.<\/li>\n\n\n\n<li><strong>Transparentes Design:<\/strong> Transparentes Kunststoffmaterial, leicht zu \u00fcberpr\u00fcfen, den Bestand an Zutaten, und reduziert die Zeit f\u00fcr die Suche nach Zutaten.<\/li>\n\n\n\n<li><strong>Umweltfreundlich und langlebig:<\/strong> Hergestellt aus hochwertigem BPA-freiem Kunststoff, ungiftig und geruchsneutral, langlebig und wiederverwendbar, entspricht den Sicherheitsstandards f\u00fcr die Aufbewahrung von Lebensmitteln.<\/li>\n\n\n\n<li><strong>Stapelbare Lagerung<\/strong>: Das stapelbare Design spart Platz und eignet sich f\u00fcr die Lagerung in K\u00fchlschr\u00e4nken, Schr\u00e4nken oder gewerblichen Vorratskammern.<\/li>\n<\/ul>\n<\/div>\n\n\n\n<div class=\"wp-block-column is-layout-flow wp-block-column-is-layout-flow\">\n<figure class=\"wp-block-image size-full\"><img decoding=\"async\" width=\"1312\" height=\"850\" src=\"https:\/\/www.xhplasticlife.com\/wp-content\/uploads\/2025\/07\/Bulk-Airtight-Food-Storage-Containers-3-Piece-Set-Sizes.webp\" alt=\"Bulk Airtight Food Storage Containers 3 St\u00fcck Set Gr\u00f6\u00dfen\" class=\"wp-image-1205\" srcset=\"https:\/\/www.xhplasticlife.com\/wp-content\/uploads\/2025\/07\/Bulk-Airtight-Food-Storage-Containers-3-Piece-Set-Sizes.webp 1312w, https:\/\/www.xhplasticlife.com\/wp-content\/uploads\/2025\/07\/Bulk-Airtight-Food-Storage-Containers-3-Piece-Set-Sizes-300x194.webp 300w, https:\/\/www.xhplasticlife.com\/wp-content\/uploads\/2025\/07\/Bulk-Airtight-Food-Storage-Containers-3-Piece-Set-Sizes-768x498.webp 768w, https:\/\/www.xhplasticlife.com\/wp-content\/uploads\/2025\/07\/Bulk-Airtight-Food-Storage-Containers-3-Piece-Set-Sizes-18x12.webp 18w, https:\/\/www.xhplasticlife.com\/wp-content\/uploads\/2025\/07\/Bulk-Airtight-Food-Storage-Containers-3-Piece-Set-Sizes-1200x777.webp 1200w, https:\/\/www.xhplasticlife.com\/wp-content\/uploads\/2025\/07\/Bulk-Airtight-Food-Storage-Containers-3-Piece-Set-Sizes-600x389.webp 600w\" sizes=\"(max-width: 1312px) 100vw, 1312px\" \/><\/figure>\n<\/div>\n<\/div>\n\n\n\n<div class=\"wp-block-columns is-layout-flex wp-container-core-columns-is-layout-9d6595d7 wp-block-columns-is-layout-flex\">\n<div class=\"wp-block-column is-layout-flow wp-block-column-is-layout-flow\">\n<figure class=\"wp-block-image size-full\"><img decoding=\"async\" width=\"2500\" height=\"2500\" src=\"https:\/\/www.xhplasticlife.com\/wp-content\/uploads\/2025\/07\/Bulk-Airtight-Food-Storage-Containers-3-Piece-Set-Wholesaler-3.webp\" alt=\"Bulk Airtight Food Storage Containers 3 St\u00fcck Set Gro\u00dfh\u00e4ndler (3)\" class=\"wp-image-1208\" srcset=\"https:\/\/www.xhplasticlife.com\/wp-content\/uploads\/2025\/07\/Bulk-Airtight-Food-Storage-Containers-3-Piece-Set-Wholesaler-3.webp 2500w, https:\/\/www.xhplasticlife.com\/wp-content\/uploads\/2025\/07\/Bulk-Airtight-Food-Storage-Containers-3-Piece-Set-Wholesaler-3-300x300.webp 300w, https:\/\/www.xhplasticlife.com\/wp-content\/uploads\/2025\/07\/Bulk-Airtight-Food-Storage-Containers-3-Piece-Set-Wholesaler-3-150x150.webp 150w, https:\/\/www.xhplasticlife.com\/wp-content\/uploads\/2025\/07\/Bulk-Airtight-Food-Storage-Containers-3-Piece-Set-Wholesaler-3-768x768.webp 768w, https:\/\/www.xhplasticlife.com\/wp-content\/uploads\/2025\/07\/Bulk-Airtight-Food-Storage-Containers-3-Piece-Set-Wholesaler-3-12x12.webp 12w, https:\/\/www.xhplasticlife.com\/wp-content\/uploads\/2025\/07\/Bulk-Airtight-Food-Storage-Containers-3-Piece-Set-Wholesaler-3-1200x1200.webp 1200w, https:\/\/www.xhplasticlife.com\/wp-content\/uploads\/2025\/07\/Bulk-Airtight-Food-Storage-Containers-3-Piece-Set-Wholesaler-3-600x600.webp 600w, https:\/\/www.xhplasticlife.com\/wp-content\/uploads\/2025\/07\/Bulk-Airtight-Food-Storage-Containers-3-Piece-Set-Wholesaler-3-100x100.webp 100w\" sizes=\"(max-width: 2500px) 100vw, 2500px\" \/><\/figure>\n<\/div>\n\n\n\n<div class=\"wp-block-column is-layout-flow wp-block-column-is-layout-flow\">\n<figure class=\"wp-block-image size-full\"><img decoding=\"async\" width=\"2500\" height=\"2500\" src=\"https:\/\/www.xhplasticlife.com\/wp-content\/uploads\/2025\/07\/Bulk-Airtight-Food-Storage-Containers-3-Piece-Set-Wholesaler-2.webp\" alt=\"Bulk Airtight Food Storage Containers 3 St\u00fcck Set Gro\u00dfh\u00e4ndler (2)\" class=\"wp-image-1207\" srcset=\"https:\/\/www.xhplasticlife.com\/wp-content\/uploads\/2025\/07\/Bulk-Airtight-Food-Storage-Containers-3-Piece-Set-Wholesaler-2.webp 2500w, https:\/\/www.xhplasticlife.com\/wp-content\/uploads\/2025\/07\/Bulk-Airtight-Food-Storage-Containers-3-Piece-Set-Wholesaler-2-300x300.webp 300w, https:\/\/www.xhplasticlife.com\/wp-content\/uploads\/2025\/07\/Bulk-Airtight-Food-Storage-Containers-3-Piece-Set-Wholesaler-2-150x150.webp 150w, https:\/\/www.xhplasticlife.com\/wp-content\/uploads\/2025\/07\/Bulk-Airtight-Food-Storage-Containers-3-Piece-Set-Wholesaler-2-768x768.webp 768w, https:\/\/www.xhplasticlife.com\/wp-content\/uploads\/2025\/07\/Bulk-Airtight-Food-Storage-Containers-3-Piece-Set-Wholesaler-2-12x12.webp 12w, https:\/\/www.xhplasticlife.com\/wp-content\/uploads\/2025\/07\/Bulk-Airtight-Food-Storage-Containers-3-Piece-Set-Wholesaler-2-1200x1200.webp 1200w, https:\/\/www.xhplasticlife.com\/wp-content\/uploads\/2025\/07\/Bulk-Airtight-Food-Storage-Containers-3-Piece-Set-Wholesaler-2-600x600.webp 600w, https:\/\/www.xhplasticlife.com\/wp-content\/uploads\/2025\/07\/Bulk-Airtight-Food-Storage-Containers-3-Piece-Set-Wholesaler-2-100x100.webp 100w\" sizes=\"(max-width: 2500px) 100vw, 2500px\" \/><\/figure>\n<\/div>\n\n\n\n<div class=\"wp-block-column is-layout-flow wp-block-column-is-layout-flow\">\n<figure class=\"wp-block-image size-full\"><img decoding=\"async\" width=\"2500\" height=\"2500\" src=\"https:\/\/www.xhplasticlife.com\/wp-content\/uploads\/2025\/07\/Bulk-Airtight-Food-Storage-Containers-3-Piece-Set-Wholesaler-1.webp\" alt=\"Bulk Airtight Food Storage Containers 3 St\u00fcck Set Gro\u00dfh\u00e4ndler (1)\" class=\"wp-image-1206\" srcset=\"https:\/\/www.xhplasticlife.com\/wp-content\/uploads\/2025\/07\/Bulk-Airtight-Food-Storage-Containers-3-Piece-Set-Wholesaler-1.webp 2500w, https:\/\/www.xhplasticlife.com\/wp-content\/uploads\/2025\/07\/Bulk-Airtight-Food-Storage-Containers-3-Piece-Set-Wholesaler-1-300x300.webp 300w, https:\/\/www.xhplasticlife.com\/wp-content\/uploads\/2025\/07\/Bulk-Airtight-Food-Storage-Containers-3-Piece-Set-Wholesaler-1-150x150.webp 150w, https:\/\/www.xhplasticlife.com\/wp-content\/uploads\/2025\/07\/Bulk-Airtight-Food-Storage-Containers-3-Piece-Set-Wholesaler-1-768x768.webp 768w, https:\/\/www.xhplasticlife.com\/wp-content\/uploads\/2025\/07\/Bulk-Airtight-Food-Storage-Containers-3-Piece-Set-Wholesaler-1-12x12.webp 12w, https:\/\/www.xhplasticlife.com\/wp-content\/uploads\/2025\/07\/Bulk-Airtight-Food-Storage-Containers-3-Piece-Set-Wholesaler-1-1200x1200.webp 1200w, https:\/\/www.xhplasticlife.com\/wp-content\/uploads\/2025\/07\/Bulk-Airtight-Food-Storage-Containers-3-Piece-Set-Wholesaler-1-600x600.webp 600w, https:\/\/www.xhplasticlife.com\/wp-content\/uploads\/2025\/07\/Bulk-Airtight-Food-Storage-Containers-3-Piece-Set-Wholesaler-1-100x100.webp 100w\" sizes=\"(max-width: 2500px) 100vw, 2500px\" \/><\/figure>\n<\/div>\n<\/div>","protected":false},"excerpt":{"rendered":"<p>Willkommen zum Kauf von luftdichten Lebensmittelbeh\u00e4ltern in gro\u00dfen Mengen. Als vertrauensw\u00fcrdiger Gro\u00dfh\u00e4ndler f\u00fcr Lebensmittelbeh\u00e4lter aus Kunststoff bieten wir ein 3-teiliges rundes Set mit luftdichten Deckeln an, das sich ideal f\u00fcr die Aufbewahrung von K\u00f6rnern, Trockenfr\u00fcchten, M\u00fcsli und mehr eignet. Diese aus BPA-freiem Kunststoff hergestellten Beh\u00e4lter sind stapelbar, platzsparend und eignen sich sowohl f\u00fcr den privaten als auch f\u00fcr den gewerblichen Gebrauch.<\/p>\n<h2>Luftdichte Lebensmittelbeh\u00e4lter Set Parameter<\/h2>\n<p><strong>Modell<\/strong>: BX1053<br \/>\n<strong>Markenname<\/strong>: Xinghui<br \/>\n<strong>Material<\/strong>: PP+Silikon<br \/>\n<strong>Farbe<\/strong>: Schwarz, Rot und Khaki\/Transparent<br \/>\n<strong>Bruttogewicht<\/strong>: 12.4kg<br \/>\n<strong>Grammatur<\/strong>: 425G<br \/>\n<strong>Box Gr\u00f6\u00dfe<\/strong>: 61x30x57cm<br \/>\n<strong>Verpacken<\/strong>: 24St\u00fcck<br \/>\n<strong>OEM\/ODM<\/strong>: Verf\u00fcgbar<br \/>\n<strong>Kundenspezifische Option<\/strong>: Farbe\/Gr\u00f6\u00dfe\/Logo\/Verpackung<\/p>\n<h2>Von Lebensmittel Lagerung Container Hersteller :<\/h2>\n<p>Gegr\u00fcndet im Jahr 2000,\u00a0<strong>Xinghui<\/strong>\u00a0ist auf die Herstellung und den Gro\u00dfhandel von Lunchboxen, Lebensmittelbeh\u00e4ltern, Trinkgef\u00e4\u00dfen, Haushaltsbeh\u00e4ltern und anderen Kunststoffprodukten des t\u00e4glichen Bedarfs spezialisiert. Wir bieten OEM- &amp; ODM- und E-Commerce-Beschaffungsdienste f\u00fcr Kunden aus einer Hand.<\/p>","protected":false},"featured_media":1209,"comment_status":"closed","ping_status":"closed","template":"","meta":{"_acf_changed":false},"product_brand":[],"product_cat":[18],"product_tag":[],"class_list":{"0":"post-1180","1":"product","2":"type-product","3":"status-publish","4":"has-post-thumbnail","6":"product_cat-bulk-food-storage-container","8":"first","9":"instock","10":"shipping-taxable","11":"product-type-simple"},"acf":[],"_links":{"self":[{"href":"https:\/\/www.xhplasticlife.com\/de\/wp-json\/wp\/v2\/product\/1180","targetHints":{"allow":["GET"]}}],"collection":[{"href":"https:\/\/www.xhplasticlife.com\/de\/wp-json\/wp\/v2\/product"}],"about":[{"href":"https:\/\/www.xhplasticlife.com\/de\/wp-json\/wp\/v2\/types\/product"}],"replies":[{"embeddable":true,"href":"https:\/\/www.xhplasticlife.com\/de\/wp-json\/wp\/v2\/comments?post=1180"}],"wp:featuredmedia":[{"embeddable":true,"href":"https:\/\/www.xhplasticlife.com\/de\/wp-json\/wp\/v2\/media\/1209"}],"wp:attachment":[{"href":"https:\/\/www.xhplasticlife.com\/de\/wp-json\/wp\/v2\/media?parent=1180"}],"wp:term":[{"taxonomy":"product_brand","embeddable":true,"href":"https:\/\/www.xhplasticlife.com\/de\/wp-json\/wp\/v2\/product_brand?post=1180"},{"taxonomy":"product_cat","embeddable":true,"href":"https:\/\/www.xhplasticlife.com\/de\/wp-json\/wp\/v2\/product_cat?post=1180"},{"taxonomy":"product_tag","embeddable":true,"href":"https:\/\/www.xhplasticlife.com\/de\/wp-json\/wp\/v2\/product_tag?post=1180"}],"curies":[{"name":"wp","href":"https:\/\/api.w.org\/{rel}","templated":true}]}}