{"id":737,"date":"2025-07-24T10:36:50","date_gmt":"2025-07-24T10:36:50","guid":{"rendered":"https:\/\/www.xhplasticlife.com\/?post_type=product&#038;p=737"},"modified":"2025-07-24T10:36:50","modified_gmt":"2025-07-24T10:36:50","slug":"freezer-storage-containers-wholesale","status":"publish","type":"product","link":"https:\/\/www.xhplasticlife.com\/ar\/product\/freezer-storage-containers-wholesale\/","title":{"rendered":"\u0623\u0641\u0636\u0644 \u0645\u062c\u0645\u0648\u0639\u0629 \u062d\u0627\u0648\u064a\u0627\u062a \u062a\u062e\u0632\u064a\u0646 \u0627\u0644\u0645\u062c\u0645\u062f\u0627\u062a \u0644\u062a\u062e\u0632\u064a\u0646 \u0627\u0644\u0637\u0639\u0627\u0645 \u0628\u0627\u0644\u062c\u0645\u0644\u0629 \u0627\u0644\u0645\u0648\u0631\u062f \u0644\u0645\u062c\u0645\u0648\u0639\u0629 \u062d\u0627\u0648\u064a\u0627\u062a \u062a\u062e\u0632\u064a\u0646 \u0627\u0644\u0637\u0639\u0627\u0645"},"content":{"rendered":"<div class=\"wp-block-columns is-layout-flex wp-container-core-columns-is-layout-9d6595d7 wp-block-columns-is-layout-flex\">\n<div class=\"wp-block-column is-layout-flow wp-block-column-is-layout-flow\">\n<h2 class=\"wp-block-heading\">\u062d\u0627\u0648\u064a\u0627\u062a \u062a\u062e\u0632\u064a\u0646 \u0627\u0644\u0645\u062c\u0645\u062f\u0627\u062a \u0628\u0627\u0644\u062c\u0645\u0644\u0629 \u0627\u0644\u0645\u064a\u0632\u0627\u062a:<\/h2>\n\n\n\n<ul class=\"wp-block-list\">\n<li><strong>\u0648\u0638\u064a\u0641\u0629 \u0627\u0644\u062a\u062e\u0632\u064a\u0646 \u0641\u064a \u0627\u0644\u0641\u0631\u064a\u0632\u0631<\/strong>:: \u0628\u0644\u0627\u0633\u062a\u064a\u0643 \u0639\u0627\u0644\u064a \u0627\u0644\u062c\u0648\u062f\u0629\u060c \u0645\u0646\u0627\u0633\u0628 \u0644\u062a\u062e\u0632\u064a\u0646 \u0627\u0644\u0645\u0643\u0648\u0646\u0627\u062a \u0627\u0644\u0645\u062c\u0645\u062f\u0629 \u0639\u0644\u0649 \u0627\u0644\u0645\u062f\u0649 \u0627\u0644\u0637\u0648\u064a\u0644\u060c \u0648\u0647\u0648 \u0627\u0644\u0645\u0646\u062a\u062c \u0627\u0644\u0645\u0641\u0636\u0644 \u0644\u0623\u0641\u0636\u0644 \u062d\u0627\u0648\u064a\u0627\u062a \u062a\u062e\u0632\u064a\u0646 \u0627\u0644\u0645\u062c\u0645\u062f\u0627\u062a \u0628\u0627\u0644\u062c\u0645\u0644\u0629\u060c \u0648\u064a\u062d\u0627\u0641\u0638 \u0639\u0644\u0649 \u0627\u0644\u0637\u0639\u0627\u0645 \u0637\u0627\u0632\u062c\u064b\u0627.<\/li>\n\n\n\n<li><strong>\u062a\u0635\u0645\u064a\u0645 \u0645\u062a\u0639\u062f\u062f \u0627\u0644\u0648\u0638\u0627\u0626\u0641<\/strong>:: \u064a\u0645\u0643\u0646 \u0627\u0633\u062a\u062e\u062f\u0627\u0645\u0647\u0627 \u0644\u062a\u062e\u0632\u064a\u0646 \u0627\u0644\u062b\u0644\u0627\u062c\u0629\u060c \u0648\u0625\u0639\u062f\u0627\u062f \u0627\u0644\u0648\u062c\u0628\u0627\u062a\u060c \u0648\u0635\u0646\u062f\u0648\u0642 \u0627\u0644\u0633\u0644\u0637\u0629 \u0648\u063a\u064a\u0631\u0647\u0627 \u0645\u0646 \u0627\u0644\u0633\u064a\u0646\u0627\u0631\u064a\u0648\u0647\u0627\u062a\u060c \u0648\u062a\u0644\u0628\u064a\u0629 \u0627\u0644\u0627\u062d\u062a\u064a\u0627\u062c\u0627\u062a \u0627\u0644\u0639\u0627\u0626\u0644\u064a\u0629 \u0648\u0627\u0644\u062a\u062c\u0627\u0631\u064a\u0629\u060c \u0648\u0647\u064a \u0646\u0645\u0648\u0630\u062c \u0645\u0628\u064a\u0639\u064b\u0627 \u0644\u0645\u0648\u0631\u062f \u062d\u0627\u0648\u064a\u0627\u062a \u062a\u062e\u0632\u064a\u0646 \u0627\u0644\u0637\u0639\u0627\u0645.<\/li>\n\n\n\n<li><strong>\u0645\u062d\u0643\u0645 \u0627\u0644\u0625\u063a\u0644\u0627\u0642 \u0648\u0645\u0627\u0646\u0639 \u0644\u0644\u062a\u0633\u0631\u0628<\/strong>:: \u0645\u0632\u0648\u062f \u0628\u063a\u0637\u0627\u0621 \u0648\u0642\u0641\u0644 \u0645\u0627\u0646\u0639 \u0644\u0644\u062a\u0633\u0631\u0628 \u0644\u0645\u0646\u0639 \u062a\u0633\u0631\u0628 \u0627\u0644\u0637\u0639\u0627\u0645\u060c \u0648\u0645\u0646\u0627\u0633\u0628 \u0644\u0644\u062a\u0628\u0631\u064a\u062f \u0648\u0627\u0644\u062a\u062c\u0645\u064a\u062f \u0648\u0627\u0644\u062a\u0633\u062e\u064a\u0646 \u0641\u064a \u0627\u0644\u0645\u064a\u0643\u0631\u0648\u0648\u064a\u0641.<\/li>\n\n\n\n<li><strong>\u062a\u062e\u0632\u064a\u0646 \u0627\u0644\u062a\u0642\u0633\u064a\u0645<\/strong>:: \u062a\u0635\u0645\u064a\u0645\u0627\u062a \u0645\u062a\u0639\u062f\u062f\u0629 \u0627\u0644\u0623\u0642\u0633\u0627\u0645\u060c \u0645\u0644\u0627\u0626\u0645\u0629 \u0644\u062a\u0639\u0628\u0626\u0629 \u0623\u0646\u0648\u0627\u0639 \u0645\u062e\u062a\u0644\u0641\u0629 \u0645\u0646 \u0627\u0644\u0637\u0639\u0627\u0645\u060c \u0648\u0645\u0646\u0627\u0633\u0628\u0629 \u0628\u0634\u0643\u0644 \u062e\u0627\u0635 \u0644\u062a\u0642\u062f\u064a\u0645 \u0627\u0644\u0637\u0639\u0627\u0645 \u0641\u064a \u0627\u0644\u062e\u0627\u0631\u062c \u0648\u0625\u0639\u062f\u0627\u062f \u0627\u0644\u0648\u062c\u0628\u0627\u062a \u0627\u0644\u0639\u0627\u0626\u0644\u064a\u0629.<\/li>\n\n\n\n<li><strong>\u0645\u0648\u0627\u062f \u0635\u062f\u064a\u0642\u0629 \u0644\u0644\u0628\u064a\u0626\u0629<\/strong>: \u0628\u0644\u0627\u0633\u062a\u064a\u0643 \u062e\u0627\u0644\u064d \u0645\u0646 \u0645\u0627\u062f\u0629 BPA\u060c \u0635\u062d\u064a \u0648\u0622\u0645\u0646\u060c \u0645\u062a\u064a\u0646 \u0648\u0644\u064a\u0633 \u0645\u0646 \u0627\u0644\u0633\u0647\u0644 \u062a\u0634\u0648\u064a\u0647\u0647\u060c \u0645\u0646\u0627\u0633\u0628 \u0644\u0644\u0627\u0633\u062a\u062e\u062f\u0627\u0645 \u0627\u0644\u064a\u0648\u0645\u064a.<\/li>\n\n\n\n<li><strong>\u062f\u0639\u0645 \u0627\u0644\u0634\u0631\u0627\u0621 \u0628\u0627\u0644\u062c\u0645\u0644\u0629<\/strong>:: \u062a\u0648\u0641\u064a\u0631 \u0623\u0641\u0636\u0644 \u062d\u0627\u0648\u064a\u0627\u062a \u062a\u062e\u0632\u064a\u0646 \u0627\u0644\u0645\u062c\u0645\u062f\u0627\u062a \u0628\u0627\u0644\u062c\u0645\u0644\u0629 \u0648\u0645\u0648\u0631\u062f \u062d\u0627\u0648\u064a\u0627\u062a \u062a\u062e\u0632\u064a\u0646 \u0627\u0644\u0637\u0639\u0627\u0645 \u0628\u0627\u0644\u062c\u0645\u0644\u0629 \u0644\u062a\u0644\u0628\u064a\u0629 \u0627\u062d\u062a\u064a\u0627\u062c\u0627\u062a \u0627\u0644\u0637\u0644\u0628\u0627\u062a \u0628\u0627\u0644\u062c\u0645\u0644\u0629.<\/li>\n<\/ul>\n<\/div>\n\n\n\n<div class=\"wp-block-column is-layout-flow wp-block-column-is-layout-flow\">\n<figure class=\"wp-block-image size-full\"><img decoding=\"async\" width=\"800\" height=\"800\" src=\"https:\/\/www.xhplasticlife.com\/wp-content\/uploads\/2025\/07\/Best-Freezer-Storage-Containers-Wholesaler-4.webp\" alt=\"\u0623\u0641\u0636\u0644 \u062d\u0627\u0648\u064a\u0627\u062a \u062a\u062e\u0632\u064a\u0646 \u0627\u0644\u0645\u062c\u0645\u062f\u0627\u062a \u0628\u0627\u0644\u062c\u0645\u0644\u0629 (4)\" class=\"wp-image-749\" srcset=\"https:\/\/www.xhplasticlife.com\/wp-content\/uploads\/2025\/07\/Best-Freezer-Storage-Containers-Wholesaler-4.webp 800w, https:\/\/www.xhplasticlife.com\/wp-content\/uploads\/2025\/07\/Best-Freezer-Storage-Containers-Wholesaler-4-300x300.webp 300w, https:\/\/www.xhplasticlife.com\/wp-content\/uploads\/2025\/07\/Best-Freezer-Storage-Containers-Wholesaler-4-150x150.webp 150w, https:\/\/www.xhplasticlife.com\/wp-content\/uploads\/2025\/07\/Best-Freezer-Storage-Containers-Wholesaler-4-768x768.webp 768w, https:\/\/www.xhplasticlife.com\/wp-content\/uploads\/2025\/07\/Best-Freezer-Storage-Containers-Wholesaler-4-600x600.webp 600w, https:\/\/www.xhplasticlife.com\/wp-content\/uploads\/2025\/07\/Best-Freezer-Storage-Containers-Wholesaler-4-100x100.webp 100w\" sizes=\"(max-width: 800px) 100vw, 800px\" \/><\/figure>\n<\/div>\n<\/div>\n\n\n\n<h2 class=\"wp-block-heading\">\u062d\u0627\u0648\u064a\u0627\u062a \u062a\u062e\u0632\u064a\u0646 \u0627\u0644\u0645\u062c\u0645\u062f\u0627\u062a \u0627\u0644\u0633\u0627\u0626\u0628\u0629 \u0627\u0644\u062d\u062c\u0645:<\/h2>\n\n\n\n<figure class=\"wp-block-table is-style-stripes\"><table class=\"has-fixed-layout\"><tbody><tr><td>\u0627\u0644\u0637\u0631\u0627\u0632<\/td><td>\u0627\u0644\u0633\u0639\u0629<\/td><td>\u0646.\u0648.\/PCS<\/td><td>\u062c\u064a.\u062f\u0628\u0644\u064a\u0648\/\u062d\u0627\u0644\u0629<\/td><td>\u0627\u0644\u0643\u0645\u064a\u0629 \u0644\u0643\u0644 \u0639\u0644\u0628\u0629<\/td><td>\u062d\u062c\u0645 \u0627\u0644\u0635\u0646\u062f\u0648\u0642 \u0627\u0644\u062e\u0627\u0631\u062c\u064a<\/td><\/tr><tr><td>BX1131<\/td><td>300 \u0645\u0644\u0644\u064a<\/td><td>13.5 \u0643\u062c\u0645<\/td><td>38G<\/td><td>300 \u0642\u0637\u0639\u0629<\/td><td>60 \u00d7 53 \u00d7 47 \u0633\u0645<\/td><\/tr><tr><td>BX1132<\/td><td>600 \u0645\u0644\u0644\u064a<\/td><td>12.2 \u0643\u062c\u0645<\/td><td>63G<\/td><td>160 \u0642\u0637\u0639\u0629<\/td><td>61 \u00d7 45.45.5 \u00d7 56 \u0633\u0645<\/td><\/tr><tr><td>BX1133<\/td><td>1000 \u0645\u0644\u0644\u064a<\/td><td>11 \u0643\u062c\u0645<\/td><td>94G<\/td><td>100 \u0642\u0637\u0639\u0629<\/td><td>65\u00d736\u00d766 \u0633\u0645<\/td><\/tr><tr><td>BX1134<\/td><td>1500 \u0645\u0644\u0644\u064a<\/td><td>11.5 \u0643\u062c\u0645<\/td><td>126G<\/td><td>80 \u0642\u0637\u0639\u0629<\/td><td>57.5 \u00d7 41 \u00d7 75.5 \u0633\u0645<\/td><\/tr><tr><td>BX1135<\/td><td>2000 \u0645\u0644\u0644\u064a<\/td><td>11.4 \u0643\u062c\u0645<\/td><td>155G<\/td><td>64 \u0642\u0637\u0639\u0629<\/td><td>63 \u00d7 44 \u00d7 72.5 \u0633\u0645<\/td><\/tr><tr><td>BX1136<\/td><td>3050 \u0645\u0644\u0644\u064a<\/td><td>11.3 \u0643\u062c\u0645<\/td><td>208G<\/td><td>48 \u0642\u0637\u0639\u0629<\/td><td>54 \u00d7 50.5 \u00d7 50.5 \u00d7 78 \u0633\u0645<\/td><\/tr><\/tbody><\/table><\/figure>\n\n\n\n<div class=\"wp-block-columns is-layout-flex wp-container-core-columns-is-layout-9d6595d7 wp-block-columns-is-layout-flex\">\n<div class=\"wp-block-column is-layout-flow wp-block-column-is-layout-flow\">\n<figure class=\"wp-block-image size-full\"><img decoding=\"async\" width=\"800\" height=\"800\" src=\"https:\/\/www.xhplasticlife.com\/wp-content\/uploads\/2025\/07\/Wholesale-Freezer-Storage-Containers-3.webp\" alt=\"\u062d\u0627\u0648\u064a\u0627\u062a \u062a\u062e\u0632\u064a\u0646 \u0627\u0644\u0645\u062c\u0645\u062f\u0627\u062a \u0628\u0627\u0644\u062c\u0645\u0644\u0629 (3)\" class=\"wp-image-752\" srcset=\"https:\/\/www.xhplasticlife.com\/wp-content\/uploads\/2025\/07\/Wholesale-Freezer-Storage-Containers-3.webp 800w, https:\/\/www.xhplasticlife.com\/wp-content\/uploads\/2025\/07\/Wholesale-Freezer-Storage-Containers-3-300x300.webp 300w, https:\/\/www.xhplasticlife.com\/wp-content\/uploads\/2025\/07\/Wholesale-Freezer-Storage-Containers-3-150x150.webp 150w, https:\/\/www.xhplasticlife.com\/wp-content\/uploads\/2025\/07\/Wholesale-Freezer-Storage-Containers-3-768x768.webp 768w, https:\/\/www.xhplasticlife.com\/wp-content\/uploads\/2025\/07\/Wholesale-Freezer-Storage-Containers-3-600x600.webp 600w, https:\/\/www.xhplasticlife.com\/wp-content\/uploads\/2025\/07\/Wholesale-Freezer-Storage-Containers-3-100x100.webp 100w\" sizes=\"(max-width: 800px) 100vw, 800px\" \/><\/figure>\n<\/div>\n\n\n\n<div class=\"wp-block-column is-layout-flow wp-block-column-is-layout-flow\">\n<figure class=\"wp-block-image size-full\"><img decoding=\"async\" width=\"790\" height=\"950\" src=\"https:\/\/www.xhplasticlife.com\/wp-content\/uploads\/2025\/07\/Best-Freezer-Storage-Containers-Wholesaler-3.webp\" alt=\"\u0623\u0641\u0636\u0644 \u062d\u0627\u0648\u064a\u0627\u062a \u062a\u062e\u0632\u064a\u0646 \u0627\u0644\u0645\u062c\u0645\u062f\u0627\u062a \u0628\u0627\u0644\u062c\u0645\u0644\u0629 (3)\" class=\"wp-image-748\" srcset=\"https:\/\/www.xhplasticlife.com\/wp-content\/uploads\/2025\/07\/Best-Freezer-Storage-Containers-Wholesaler-3.webp 790w, https:\/\/www.xhplasticlife.com\/wp-content\/uploads\/2025\/07\/Best-Freezer-Storage-Containers-Wholesaler-3-249x300.webp 249w, https:\/\/www.xhplasticlife.com\/wp-content\/uploads\/2025\/07\/Best-Freezer-Storage-Containers-Wholesaler-3-768x924.webp 768w, https:\/\/www.xhplasticlife.com\/wp-content\/uploads\/2025\/07\/Best-Freezer-Storage-Containers-Wholesaler-3-600x722.webp 600w\" sizes=\"(max-width: 790px) 100vw, 790px\" \/><\/figure>\n<\/div>\n<\/div>","protected":false},"excerpt":{"rendered":"<p>\u0645\u0631\u062d\u0628\u064b\u0627 \u0628\u0643 \u0641\u064a \u0634\u0631\u0627\u0621 \u0623\u0641\u0636\u0644 \u062d\u0627\u0648\u064a\u0627\u062a \u062a\u062e\u0632\u064a\u0646 \u0627\u0644\u0645\u062c\u0645\u062f\u0627\u062a \u0628\u0627\u0644\u062c\u0645\u0644\u0629. \u0628\u0635\u0641\u062a\u0646\u0627 \u0645\u0648\u0631\u062f\u064b\u0627 \u0645\u0648\u062b\u0648\u0642\u064b\u0627 \u0644\u062d\u0627\u0648\u064a\u0627\u062a \u062a\u062e\u0632\u064a\u0646 \u0627\u0644\u0637\u0639\u0627\u0645\u060c \u0646\u0642\u062f\u0645 \u062d\u0627\u0648\u064a\u0627\u062a \u062e\u0627\u0644\u064a\u0629 \u0645\u0646 \u0645\u0627\u062f\u0629 BPA\u060c \u0642\u0627\u0628\u0644\u0629 \u0644\u0644\u062a\u0643\u062f\u064a\u0633 \u0628\u0640 6 \u0639\u0628\u0648\u0627\u062a \u0645\u0639 \u0623\u063a\u0637\u064a\u0629 \u0645\u062d\u0643\u0645\u0629 \u0627\u0644\u0625\u063a\u0644\u0627\u0642 \u0648\u0645\u064a\u0632\u0627\u062a \u0642\u0641\u0644 \u0622\u0645\u0646\u0629\u060c \u0645\u062b\u0627\u0644\u064a\u0629 \u0644\u062a\u062e\u0632\u064a\u0646 \u0627\u0644\u0623\u0637\u0639\u0645\u0629 \u0627\u0644\u0645\u062c\u0645\u062f\u0629 \u0648\u0625\u0639\u062f\u0627\u062f \u0627\u0644\u0648\u062c\u0628\u0627\u062a \u0648\u0627\u0644\u0633\u0644\u0637\u0627\u062a. \u0645\u062a\u064a\u0646\u0629\u060c \u0648\u0622\u0645\u0646\u0629 \u0644\u0644\u0627\u0633\u062a\u062e\u062f\u0627\u0645 \u0641\u064a \u0627\u0644\u0645\u064a\u0643\u0631\u0648\u0648\u064a\u0641\u060c \u0648\u0645\u062b\u0627\u0644\u064a\u0629 \u0644\u0644\u0627\u0633\u062a\u062e\u062f\u0627\u0645 \u0627\u0644\u0645\u0646\u0632\u0644\u064a \u0623\u0648 \u0641\u064a \u0627\u0644\u0645\u0637\u0627\u0639\u0645 \u0623\u0648 \u0627\u0644\u0648\u062c\u0628\u0627\u062a \u0627\u0644\u062c\u0627\u0647\u0632\u0629.<\/p>\n<h2>\u0645\u0639\u0644\u0645\u0629 \u062d\u0627\u0648\u064a\u0627\u062a \u062a\u062e\u0632\u064a\u0646 \u0627\u0644\u0645\u062c\u0645\u062f\u0627\u062a \u0628\u0627\u0644\u062c\u0645\u0644\u0629<\/h2>\n<p><strong>\u0627\u0644\u0637\u0631\u0627\u0632<\/strong>: BX1131-BX1136<br \/><strong>\u0627\u0633\u0645 \u0627\u0644\u0639\u0644\u0627\u0645\u0629 \u0627\u0644\u062a\u062c\u0627\u0631\u064a\u0629<\/strong>: \u0634\u064a\u0646\u063a\u0648\u064a<br \/><strong>\u0627\u0644\u0645\u0648\u0627\u062f<\/strong>: PP + PET<br \/><strong>\u0627\u0644\u0644\u0648\u0646<\/strong>: \u0623\u0628\u064a\u0636 \u0643\u0631\u064a\u0645\u064a + \u0634\u0641\u0627\u0641 + \u0634\u0641\u0627\u0641<br \/><strong>\u0627\u0644\u062a\u0639\u0628\u0626\u0629: <\/strong>\u062d\u0642\u064a\u0628\u0629 OPP<br \/><strong>\u062a\u0635\u0646\u064a\u0639 \u0627\u0644\u0645\u0639\u062f\u0627\u062a \u0627\u0644\u0623\u0635\u0644\u064a\u0629\/\u0627\u0644\u062a\u0635\u0646\u064a\u0639 \u062d\u0633\u0628 \u0627\u0644\u0637\u0644\u0628<\/strong>: \u0645\u062a\u0627\u062d<br \/><strong>\u062e\u064a\u0627\u0631 \u0645\u062e\u0635\u0635 \u062d\u0633\u0628 \u0627\u0644\u0637\u0644\u0628<\/strong>: \u0627\u0644\u0644\u0648\u0646\/\u0627\u0644\u062d\u062c\u0645\/ \u0627\u0644\u0634\u0639\u0627\u0631\/\u0627\u0644\u062d\u0632\u0645\u0629<\/p>\n<h2>\u0645\u0646 \u0627\u0644\u0634\u0631\u0643\u0629 \u0627\u0644\u0645\u0635\u0646\u0639\u0629 \u0644\u062d\u0627\u0648\u064a\u0627\u062a \u062a\u062e\u0632\u064a\u0646 \u0627\u0644\u0637\u0639\u0627\u0645 :<\/h2>\n<p>\u062a\u0623\u0633\u0633\u062a \u0639\u0627\u0645 2000,<a href=\"https:\/\/www.xhplasticlife.com\/ar\/\">\u00a0<strong>\u0634\u064a\u0646\u063a\u0648\u064a<\/strong><\/a>\u00a0\u0645\u062a\u062e\u0635\u0635\u0629 \u0641\u064a \u0625\u0646\u062a\u0627\u062c \u0648\u0628\u064a\u0639 \u0635\u0646\u0627\u062f\u064a\u0642 \u0627\u0644\u063a\u062f\u0627\u0621 \u0648\u062d\u0627\u0648\u064a\u0627\u062a \u062a\u062e\u0632\u064a\u0646 \u0627\u0644\u0637\u0639\u0627\u0645 \u0648\u062d\u0627\u0648\u064a\u0627\u062a \u062a\u062e\u0632\u064a\u0646 \u0627\u0644\u0637\u0639\u0627\u0645 \u0648\u0623\u0648\u0627\u0646\u064a \u0627\u0644\u0645\u0634\u0631\u0648\u0628\u0627\u062a \u0648\u062d\u0627\u0648\u064a\u0627\u062a \u0627\u0644\u062a\u062e\u0632\u064a\u0646 \u0627\u0644\u0645\u0646\u0632\u0644\u064a\u0629 \u0648\u063a\u064a\u0631\u0647\u0627 \u0645\u0646 \u0627\u0644\u0645\u0646\u062a\u062c\u0627\u062a \u0627\u0644\u0628\u0644\u0627\u0633\u062a\u064a\u0643\u064a\u0629 \u0627\u0644\u064a\u0648\u0645\u064a\u0629. \u062a\u0648\u0641\u064a\u0631 \u062e\u062f\u0645\u0627\u062a \u062a\u0635\u0646\u064a\u0639 \u0627\u0644\u0645\u0639\u062f\u0627\u062a \u0627\u0644\u0623\u0635\u0644\u064a\u0629 \u0648\u062a\u0635\u0646\u064a\u0639 \u0627\u0644\u062a\u0635\u0645\u064a\u0645 \u0627\u0644\u0623\u0635\u0644\u064a \u0648\u062a\u0635\u0646\u064a\u0639 \u0627\u0644\u062a\u0635\u0645\u064a\u0645 \u0627\u0644\u0634\u062e\u0635\u064a \u0648\u062e\u062f\u0645\u0627\u062a \u0627\u0644\u0634\u0631\u0627\u0621 \u0639\u0628\u0631 \u0627\u0644\u0625\u0646\u062a\u0631\u0646\u062a \u0644\u0644\u0639\u0645\u0644\u0627\u0621.<\/p>","protected":false},"featured_media":750,"comment_status":"closed","ping_status":"closed","template":"","meta":{"_acf_changed":false},"product_brand":[],"product_cat":[18],"product_tag":[],"class_list":{"0":"post-737","1":"product","2":"type-product","3":"status-publish","4":"has-post-thumbnail","6":"product_cat-bulk-food-storage-container","8":"first","9":"instock","10":"shipping-taxable","11":"product-type-simple"},"acf":[],"_links":{"self":[{"href":"https:\/\/www.xhplasticlife.com\/ar\/wp-json\/wp\/v2\/product\/737","targetHints":{"allow":["GET"]}}],"collection":[{"href":"https:\/\/www.xhplasticlife.com\/ar\/wp-json\/wp\/v2\/product"}],"about":[{"href":"https:\/\/www.xhplasticlife.com\/ar\/wp-json\/wp\/v2\/types\/product"}],"replies":[{"embeddable":true,"href":"https:\/\/www.xhplasticlife.com\/ar\/wp-json\/wp\/v2\/comments?post=737"}],"wp:featuredmedia":[{"embeddable":true,"href":"https:\/\/www.xhplasticlife.com\/ar\/wp-json\/wp\/v2\/media\/750"}],"wp:attachment":[{"href":"https:\/\/www.xhplasticlife.com\/ar\/wp-json\/wp\/v2\/media?parent=737"}],"wp:term":[{"taxonomy":"product_brand","embeddable":true,"href":"https:\/\/www.xhplasticlife.com\/ar\/wp-json\/wp\/v2\/product_brand?post=737"},{"taxonomy":"product_cat","embeddable":true,"href":"https:\/\/www.xhplasticlife.com\/ar\/wp-json\/wp\/v2\/product_cat?post=737"},{"taxonomy":"product_tag","embeddable":true,"href":"https:\/\/www.xhplasticlife.com\/ar\/wp-json\/wp\/v2\/product_tag?post=737"}],"curies":[{"name":"wp","href":"https:\/\/api.w.org\/{rel}","templated":true}]}}