{"id":729,"date":"2025-07-24T08:29:36","date_gmt":"2025-07-24T08:29:36","guid":{"rendered":"https:\/\/www.xhplasticlife.com\/?post_type=product&#038;p=729"},"modified":"2025-07-24T08:29:37","modified_gmt":"2025-07-24T08:29:37","slug":"custom-food-storage-container","status":"publish","type":"product","link":"https:\/\/www.xhplasticlife.com\/ar\/product\/custom-food-storage-container\/","title":{"rendered":"\u062d\u0627\u0648\u064a\u0629 \u062a\u062e\u0632\u064a\u0646 \u0637\u0639\u0627\u0645 \u0645\u062e\u0635\u0635\u0629 \u0645\u0639 \u0642\u0641\u0644 \u0628\u0642\u0641\u0644 \u0642\u0627\u0628\u0644 \u0644\u0644\u0627\u0644\u062a\u0642\u0627\u0637\u060c \u0639\u0644\u0628\u0629 \u0633\u0644\u0637\u0629 \u0628\u064a\u0646\u062a\u0648 \u0645\u062d\u0643\u0645\u0629 \u0627\u0644\u0625\u063a\u0644\u0627\u0642"},"content":{"rendered":"<div class=\"wp-block-columns is-layout-flex wp-container-core-columns-is-layout-9d6595d7 wp-block-columns-is-layout-flex\">\n<div class=\"wp-block-column is-layout-flow wp-block-column-is-layout-flow\">\n<h2 class=\"wp-block-heading\">\u0645\u064a\u0632\u0627\u062a \u062d\u0627\u0648\u064a\u0629 \u062a\u062e\u0632\u064a\u0646 \u0627\u0644\u0637\u0639\u0627\u0645 \u0627\u0644\u0645\u062e\u0635\u0635\u0629:<\/h2>\n\n\n\n<ul class=\"wp-block-list\">\n<li><strong>\u062a\u0635\u0645\u064a\u0645 \u0645\u062e\u0635\u0635 \u062d\u0633\u0628 \u0627\u0644\u0637\u0644\u0628<\/strong>:: \u064a\u062f\u0639\u0645 \u0627\u0644\u0634\u0639\u0627\u0631 \u0648\u0627\u0644\u062d\u062c\u0645 \u0627\u0644\u0645\u062e\u0635\u0635\u064a\u0646 \u0644\u062a\u0644\u0628\u064a\u0629 \u0627\u0644\u0627\u062d\u062a\u064a\u0627\u062c\u0627\u062a \u0627\u0644\u0634\u062e\u0635\u064a\u0629 \u0644\u0645\u062e\u062a\u0644\u0641 \u0627\u0644\u0639\u0644\u0627\u0645\u0627\u062a \u0627\u0644\u062a\u062c\u0627\u0631\u064a\u0629\u060c \u0648\u0647\u0648 \u062e\u064a\u0627\u0631 \u0645\u062b\u0627\u0644\u064a \u0644\u062d\u0627\u0648\u064a\u0629 \u062a\u062e\u0632\u064a\u0646 \u0627\u0644\u0637\u0639\u0627\u0645 \u0627\u0644\u0645\u062e\u0635\u0635\u0629.<\/li>\n\n\n\n<li><strong>\u0642\u0641\u0644 \u0627\u0644\u0642\u0641\u0644<\/strong>: \u064a\u0636\u0645\u0646 \u062a\u0635\u0645\u064a\u0645 \u0642\u0641\u0644 \u0627\u0644\u0642\u0641\u0644 \u0627\u0644\u0645\u0641\u0627\u062c\u0626 \u0625\u062d\u0643\u0627\u0645 \u0627\u0644\u0625\u063a\u0644\u0627\u0642 \u0628\u0634\u0643\u0644 \u062c\u064a\u062f \u0648\u064a\u0645\u0646\u0639 \u0627\u0644\u062a\u0633\u0631\u0628 \u0628\u0634\u0643\u0644 \u0641\u0639\u0627\u0644\u060c \u0648\u0647\u0648 \u0645\u0646\u0627\u0633\u0628 \u0644\u0645\u062c\u0645\u0648\u0639\u0629 \u0645\u062a\u0646\u0648\u0639\u0629 \u0645\u0646 \u0633\u064a\u0646\u0627\u0631\u064a\u0648\u0647\u0627\u062a \u0639\u0644\u0628 \u0633\u0644\u0637\u0629 \u0628\u064a\u0646\u062a\u0648 \u0644\u0625\u0639\u062f\u0627\u062f \u0627\u0644\u0648\u062c\u0628\u0627\u062a.<\/li>\n\n\n\n<li><strong>\u0642\u0627\u0628\u0644 \u0644\u0644\u0627\u0633\u062a\u062e\u062f\u0627\u0645 \u0641\u064a \u0627\u0644\u0645\u064a\u0643\u0631\u0648\u0648\u064a\u0641<\/strong>: \u0645\u0635\u0646\u0648\u0639\u0629 \u0645\u0646 \u0645\u0648\u0627\u062f \u0645\u062e\u0635\u0635\u0629 \u0644\u0644\u0637\u0639\u0627\u0645\u060c \u0645\u0642\u0627\u0648\u0645\u0629 \u0644\u062f\u0631\u062c\u0627\u062a \u0627\u0644\u062d\u0631\u0627\u0631\u0629 \u0627\u0644\u0639\u0627\u0644\u064a\u0629\u060c \u064a\u0645\u0643\u0646 \u062a\u0633\u062e\u064a\u0646\u0647\u0627 \u0645\u0628\u0627\u0634\u0631\u0629 \u0641\u064a \u0627\u0644\u0645\u064a\u0643\u0631\u0648\u0648\u064a\u0641\u060c \u0645\u0631\u064a\u062d\u0629 \u0648\u0633\u0631\u064a\u0639\u0629\u060c \u0645\u0645\u0627 \u064a\u0639\u0643\u0633 \u0627\u0644\u0637\u0627\u0628\u0639 \u0627\u0644\u0639\u0645\u0644\u064a \u0644\u062d\u0627\u0648\u064a\u0629 \u062a\u062e\u0632\u064a\u0646 \u0627\u0644\u0637\u0639\u0627\u0645 \u0627\u0644\u0645\u062e\u0635\u0635\u0629.<\/li>\n\n\n\n<li><strong>\u062a\u062e\u0632\u064a\u0646 \u0627\u0644\u0645\u0642\u0635\u0648\u0631\u0629<\/strong>:: \u062a\u0635\u0645\u064a\u0645 \u0645\u062a\u0639\u062f\u062f \u0627\u0644\u0645\u0642\u0635\u0648\u0631\u0627\u062a\u060c \u064a\u0633\u0647\u0644 \u062a\u0639\u0628\u0626\u0629 \u0627\u0644\u0633\u0644\u0637\u0627\u062a\u060c \u0623\u0648 \u0637\u0639\u0627\u0645 \u0627\u0644\u0628\u064a\u0646\u062a\u0648 \u0623\u0648 \u0627\u0644\u0637\u0639\u0627\u0645 \u0627\u0644\u0623\u0633\u0627\u0633\u064a\u060c \u0648\u064a\u062d\u0633\u0646 \u0643\u0641\u0627\u0621\u0629 \u0645\u0646\u062a\u062c\u0627\u062a \u0645\u0648\u0631\u062f \u0635\u0646\u062f\u0648\u0642 \u0633\u0644\u0637\u0629 \u0628\u064a\u0646\u062a\u0648 \u0644\u0625\u0639\u062f\u0627\u062f \u0627\u0644\u0648\u062c\u0628\u0627\u062a.<\/li>\n\n\n\n<li><strong>\u0645\u0648\u0627\u062f \u0635\u062f\u064a\u0642\u0629 \u0644\u0644\u0628\u064a\u0626\u0629<\/strong>:: \u0627\u0633\u062a\u062e\u062f\u0627\u0645 \u0628\u0644\u0627\u0633\u062a\u064a\u0643 \u062e\u0627\u0644\u064d \u0645\u0646 \u0645\u0627\u062f\u0629 BPA\u060c \u0635\u062d\u064a \u0648\u0639\u062f\u064a\u0645 \u0627\u0644\u0631\u0627\u0626\u062d\u0629\u060c \u0645\u0646\u0627\u0633\u0628 \u0644\u0644\u0627\u0633\u062a\u062e\u062f\u0627\u0645 \u0627\u0644\u0645\u0646\u0632\u0644\u064a \u0623\u0648 \u0627\u0644\u0645\u0643\u062a\u0628\u064a \u0623\u0648 \u0627\u0644\u062e\u0627\u0631\u062c\u064a \u0627\u0644\u0645\u062d\u0645\u0648\u0644.<\/li>\n<\/ul>\n<\/div>\n\n\n\n<div class=\"wp-block-column is-layout-flow wp-block-column-is-layout-flow\">\n<figure class=\"wp-block-image size-full\"><img decoding=\"async\" width=\"720\" height=\"720\" src=\"https:\/\/www.xhplasticlife.com\/wp-content\/uploads\/2025\/07\/Custom-Food-Storage-Container-Supplier-2.webp\" alt=\"\u0645\u0648\u0631\u062f \u062d\u0627\u0648\u064a\u0627\u062a \u062a\u062e\u0632\u064a\u0646 \u0627\u0644\u0637\u0639\u0627\u0645 \u0627\u0644\u0645\u062e\u0635\u0635\u0629 (2)\" class=\"wp-image-732\" srcset=\"https:\/\/www.xhplasticlife.com\/wp-content\/uploads\/2025\/07\/Custom-Food-Storage-Container-Supplier-2.webp 720w, https:\/\/www.xhplasticlife.com\/wp-content\/uploads\/2025\/07\/Custom-Food-Storage-Container-Supplier-2-300x300.webp 300w, https:\/\/www.xhplasticlife.com\/wp-content\/uploads\/2025\/07\/Custom-Food-Storage-Container-Supplier-2-150x150.webp 150w, https:\/\/www.xhplasticlife.com\/wp-content\/uploads\/2025\/07\/Custom-Food-Storage-Container-Supplier-2-600x600.webp 600w, https:\/\/www.xhplasticlife.com\/wp-content\/uploads\/2025\/07\/Custom-Food-Storage-Container-Supplier-2-100x100.webp 100w\" sizes=\"(max-width: 720px) 100vw, 720px\" \/><\/figure>\n<\/div>\n<\/div>\n\n\n\n<h2 class=\"wp-block-heading\">\u062d\u0627\u0648\u064a\u0627\u062a \u062a\u062e\u0632\u064a\u0646 \u0627\u0644\u0637\u0639\u0627\u0645 \u0628\u0627\u0644\u062c\u0645\u0644\u0629 \u0627\u0644\u062d\u062c\u0645:<\/h2>\n\n\n\n<figure class=\"wp-block-table is-style-stripes\"><table class=\"has-fixed-layout\"><tbody><tr><td>\u0627\u0644\u0637\u0631\u0627\u0632<\/td><td>\u0627\u0644\u0633\u0639\u0629<\/td><td>\u0646.\u0648.\/PCS<\/td><td>\u062c\u064a.\u062f\u0628\u0644\u064a\u0648\/\u062d\u0627\u0644\u0629<\/td><td>\u0627\u0644\u0643\u0645\u064a\u0629 \u0644\u0643\u0644 \u0639\u0644\u0628\u0629<\/td><td>\u062d\u062c\u0645 \u0627\u0644\u0635\u0646\u062f\u0648\u0642 \u0627\u0644\u062e\u0627\u0631\u062c\u064a<\/td><\/tr><tr><td>BX1047<\/td><td>400 \u0645\u0644\u0644\u064a<\/td><td>3.6 \u0643\u062c\u0645<\/td><td>72G<\/td><td>160 \u0642\u0637\u0639\u0629<\/td><td>55.5 \u00d7 40 \u00d7 55 \u0633\u0645<\/td><\/tr><tr><td>BX1048<\/td><td>800 \u0645\u0644\u0644\u064a<\/td><td>11.8 \u0643\u062c\u0645<\/td><td>100G<\/td><td>96 \u0642\u0637\u0639\u0629<\/td><td>51 \u00d7 48.5 \u00d7 48.5 \u00d7 51.5 \u0633\u0645<\/td><\/tr><tr><td>BX1049<\/td><td>1400 \u0645\u0644\u0644\u064a<\/td><td>12.9 \u0643\u062c\u0645<\/td><td>154 \u0643\u062c\u0645<\/td><td>72 \u0642\u0637\u0639\u0629<\/td><td>60 \u00d7 45 \u00d7 45 \u00d7 57 \u0633\u0645<\/td><\/tr><\/tbody><\/table><\/figure>\n\n\n\n<figure class=\"wp-block-image size-full\"><img decoding=\"async\" width=\"750\" height=\"266\" src=\"https:\/\/www.xhplasticlife.com\/wp-content\/uploads\/2025\/07\/Custom-Food-Storage-Container-Sizes.webp\" alt=\"\u0623\u062d\u062c\u0627\u0645 \u062d\u0627\u0648\u064a\u0627\u062a \u062a\u062e\u0632\u064a\u0646 \u0627\u0644\u0637\u0639\u0627\u0645 \u0627\u0644\u0645\u062e\u0635\u0635\u0629\" class=\"wp-image-730\" srcset=\"https:\/\/www.xhplasticlife.com\/wp-content\/uploads\/2025\/07\/Custom-Food-Storage-Container-Sizes.webp 750w, https:\/\/www.xhplasticlife.com\/wp-content\/uploads\/2025\/07\/Custom-Food-Storage-Container-Sizes-300x106.webp 300w, https:\/\/www.xhplasticlife.com\/wp-content\/uploads\/2025\/07\/Custom-Food-Storage-Container-Sizes-600x213.webp 600w\" sizes=\"(max-width: 750px) 100vw, 750px\" \/><\/figure>\n\n\n\n<figure class=\"wp-block-image size-full\"><img decoding=\"async\" width=\"800\" height=\"421\" src=\"https:\/\/www.xhplasticlife.com\/wp-content\/uploads\/2025\/07\/Custom-Food-Storage-Container-Supplier.webp\" alt=\"\u0645\u0648\u0631\u062f \u062d\u0627\u0648\u064a\u0627\u062a \u062a\u062e\u0632\u064a\u0646 \u0627\u0644\u0637\u0639\u0627\u0645 \u0627\u0644\u0645\u062e\u0635\u0635\u0629\" class=\"wp-image-735\" srcset=\"https:\/\/www.xhplasticlife.com\/wp-content\/uploads\/2025\/07\/Custom-Food-Storage-Container-Supplier.webp 800w, https:\/\/www.xhplasticlife.com\/wp-content\/uploads\/2025\/07\/Custom-Food-Storage-Container-Supplier-300x158.webp 300w, https:\/\/www.xhplasticlife.com\/wp-content\/uploads\/2025\/07\/Custom-Food-Storage-Container-Supplier-768x404.webp 768w, https:\/\/www.xhplasticlife.com\/wp-content\/uploads\/2025\/07\/Custom-Food-Storage-Container-Supplier-600x316.webp 600w\" sizes=\"(max-width: 800px) 100vw, 800px\" \/><\/figure>","protected":false},"excerpt":{"rendered":"<p>\u0645\u0631\u062d\u0628\u064b\u0627 \u0628\u0643 \u0641\u064a \u0634\u0631\u0627\u0621 \u062d\u0627\u0648\u064a\u0629 \u062a\u062e\u0632\u064a\u0646 \u0627\u0644\u0637\u0639\u0627\u0645 \u0627\u0644\u0645\u062e\u0635\u0635\u0629 \u0644\u062f\u064a\u0646\u0627. \u0628\u0635\u0641\u062a\u0646\u0627 \u0645\u0648\u0631\u062f\u064b\u0627 \u0644\u0635\u0646\u0627\u062f\u064a\u0642 \u0633\u0644\u0637\u0629 \u0628\u064a\u0646\u062a\u0648 \u0644\u0625\u0639\u062f\u0627\u062f \u0627\u0644\u0648\u062c\u0628\u0627\u062a\u060c \u0641\u0625\u0646\u0646\u0627 \u0646\u0648\u0641\u0631 \u062d\u0627\u0648\u064a\u0627\u062a \u062e\u0627\u0644\u064a\u0629 \u0645\u0646 \u0645\u0627\u062f\u0629 BPA \u0648\u0622\u0645\u0646\u0629 \u0644\u0644\u0627\u0633\u062a\u062e\u062f\u0627\u0645 \u0641\u064a \u0627\u0644\u0645\u064a\u0643\u0631\u0648\u0648\u064a\u0641 \u0645\u0639 \u0623\u063a\u0637\u064a\u0629 \u0645\u062d\u0643\u0645\u0629 \u0627\u0644\u0625\u063a\u0644\u0627\u0642 \u0648\u062a\u0635\u0645\u064a\u0645 \u0645\u062a\u0639\u062f\u062f \u0627\u0644\u0645\u0642\u0635\u0648\u0631\u0627\u062a. \u0645\u062b\u0627\u0644\u064a\u0629 \u0644\u0648\u062c\u0628\u0627\u062a \u0627\u0644\u063a\u062f\u0627\u0621 \u0623\u0648 \u0627\u0644\u0633\u0644\u0637\u0629 \u0623\u0648 \u0625\u0639\u062f\u0627\u062f \u0627\u0644\u0648\u062c\u0628\u0627\u062a - \u0645\u062b\u0627\u0644\u064a\u0629 \u0644\u062e\u062f\u0645\u0627\u062a \u0627\u0644\u0628\u064a\u0639 \u0628\u0627\u0644\u062a\u062c\u0632\u0626\u0629 \u0648\u0627\u0644\u0645\u0643\u0627\u062a\u0628 \u0648\u0627\u0644\u0648\u062c\u0628\u0627\u062a \u0627\u0644\u062c\u0627\u0647\u0632\u0629.<\/p>\n<h2>\u0645\u0639\u0644\u0645\u0629 \u062d\u0627\u0648\u064a\u0629 \u062a\u062e\u0632\u064a\u0646 \u0627\u0644\u0637\u0639\u0627\u0645 \u0627\u0644\u0645\u062e\u0635\u0635\u0629<\/h2>\n<p><strong>\u0627\u0644\u0637\u0631\u0627\u0632<\/strong>: BX1047-BX1049<br \/>\n<strong>\u0627\u0633\u0645 \u0627\u0644\u0639\u0644\u0627\u0645\u0629 \u0627\u0644\u062a\u062c\u0627\u0631\u064a\u0629<\/strong>: \u0634\u064a\u0646\u063a\u0648\u064a<br \/>\n<strong>\u0627\u0644\u0645\u0648\u0627\u062f<\/strong>: PP+ \u0633\u064a\u0644\u064a\u0643\u0648\u0646<br \/>\n<strong>\u0627\u0644\u0644\u0648\u0646<\/strong>: \u0623\u0633\u0648\u062f\u060c \u0648\u0623\u062d\u0645\u0631\u060c \u0648\u0643\u0627\u0643\u064a\/\u0634\u0641\u0627\u0641\u060c \u0648\u0623\u062d\u0645\u0631<br \/>\n<strong>\u062a\u0635\u0646\u064a\u0639 \u0627\u0644\u0645\u0639\u062f\u0627\u062a \u0627\u0644\u0623\u0635\u0644\u064a\u0629\/\u0627\u0644\u062a\u0635\u0646\u064a\u0639 \u062d\u0633\u0628 \u0627\u0644\u0637\u0644\u0628<\/strong>: \u0645\u062a\u0627\u062d<br \/>\n<strong>\u062e\u064a\u0627\u0631 \u0645\u062e\u0635\u0635 \u062d\u0633\u0628 \u0627\u0644\u0637\u0644\u0628<\/strong>: \u0627\u0644\u0644\u0648\u0646\/\u0627\u0644\u062d\u062c\u0645\/ \u0627\u0644\u0634\u0639\u0627\u0631\/\u0627\u0644\u062d\u0632\u0645\u0629<\/p>\n<h2>\u0645\u0646 \u0627\u0644\u0634\u0631\u0643\u0629 \u0627\u0644\u0645\u0635\u0646\u0639\u0629 \u0644\u0644\u0623\u0648\u0627\u0646\u064a \u0627\u0644\u0628\u0644\u0627\u0633\u062a\u064a\u0643\u064a\u0629 \u0627\u0644\u064a\u0648\u0645\u064a\u0629 :<\/h2>\n<p>\u062a\u0623\u0633\u0633\u062a \u0639\u0627\u0645 2000,\u00a0<strong>\u0634\u064a\u0646\u063a\u0648\u064a<\/strong>\u00a0\u0645\u062a\u062e\u0635\u0635\u0629 \u0641\u064a \u0625\u0646\u062a\u0627\u062c \u0648\u0628\u064a\u0639 \u0635\u0646\u0627\u062f\u064a\u0642 \u0627\u0644\u063a\u062f\u0627\u0621 \u0648\u062d\u0627\u0648\u064a\u0627\u062a \u062a\u062e\u0632\u064a\u0646 \u0627\u0644\u0637\u0639\u0627\u0645 \u0648\u062d\u0627\u0648\u064a\u0627\u062a \u062a\u062e\u0632\u064a\u0646 \u0627\u0644\u0637\u0639\u0627\u0645 \u0648\u0623\u0648\u0627\u0646\u064a \u0627\u0644\u0645\u0634\u0631\u0648\u0628\u0627\u062a \u0648\u062d\u0627\u0648\u064a\u0627\u062a \u0627\u0644\u062a\u062e\u0632\u064a\u0646 \u0627\u0644\u0645\u0646\u0632\u0644\u064a\u0629 \u0648\u063a\u064a\u0631\u0647\u0627 \u0645\u0646 \u0627\u0644\u0645\u0646\u062a\u062c\u0627\u062a \u0627\u0644\u0628\u0644\u0627\u0633\u062a\u064a\u0643\u064a\u0629 \u0627\u0644\u064a\u0648\u0645\u064a\u0629. \u062a\u0648\u0641\u064a\u0631 \u062e\u062f\u0645\u0627\u062a \u062a\u0635\u0646\u064a\u0639 \u0627\u0644\u0645\u0639\u062f\u0627\u062a \u0627\u0644\u0623\u0635\u0644\u064a\u0629 \u0648\u062a\u0635\u0646\u064a\u0639 \u0627\u0644\u062a\u0635\u0645\u064a\u0645 \u0627\u0644\u0623\u0635\u0644\u064a \u0648\u062a\u0635\u0646\u064a\u0639 \u0627\u0644\u062a\u0635\u0645\u064a\u0645 \u0627\u0644\u0634\u062e\u0635\u064a \u0648\u062e\u062f\u0645\u0627\u062a \u0627\u0644\u0634\u0631\u0627\u0621 \u0639\u0628\u0631 \u0627\u0644\u0625\u0646\u062a\u0631\u0646\u062a \u0644\u0644\u0639\u0645\u0644\u0627\u0621.<\/p>","protected":false},"featured_media":734,"comment_status":"closed","ping_status":"closed","template":"","meta":{"_acf_changed":false},"product_brand":[],"product_cat":[18],"product_tag":[],"class_list":{"0":"post-729","1":"product","2":"type-product","3":"status-publish","4":"has-post-thumbnail","6":"product_cat-bulk-food-storage-container","8":"first","9":"instock","10":"shipping-taxable","11":"product-type-simple"},"acf":[],"_links":{"self":[{"href":"https:\/\/www.xhplasticlife.com\/ar\/wp-json\/wp\/v2\/product\/729","targetHints":{"allow":["GET"]}}],"collection":[{"href":"https:\/\/www.xhplasticlife.com\/ar\/wp-json\/wp\/v2\/product"}],"about":[{"href":"https:\/\/www.xhplasticlife.com\/ar\/wp-json\/wp\/v2\/types\/product"}],"replies":[{"embeddable":true,"href":"https:\/\/www.xhplasticlife.com\/ar\/wp-json\/wp\/v2\/comments?post=729"}],"wp:featuredmedia":[{"embeddable":true,"href":"https:\/\/www.xhplasticlife.com\/ar\/wp-json\/wp\/v2\/media\/734"}],"wp:attachment":[{"href":"https:\/\/www.xhplasticlife.com\/ar\/wp-json\/wp\/v2\/media?parent=729"}],"wp:term":[{"taxonomy":"product_brand","embeddable":true,"href":"https:\/\/www.xhplasticlife.com\/ar\/wp-json\/wp\/v2\/product_brand?post=729"},{"taxonomy":"product_cat","embeddable":true,"href":"https:\/\/www.xhplasticlife.com\/ar\/wp-json\/wp\/v2\/product_cat?post=729"},{"taxonomy":"product_tag","embeddable":true,"href":"https:\/\/www.xhplasticlife.com\/ar\/wp-json\/wp\/v2\/product_tag?post=729"}],"curies":[{"name":"wp","href":"https:\/\/api.w.org\/{rel}","templated":true}]}}