{"id":622,"date":"2025-07-23T15:13:19","date_gmt":"2025-07-23T15:13:19","guid":{"rendered":"https:\/\/www.xhplasticlife.com\/?post_type=product&#038;p=622"},"modified":"2025-07-23T15:13:20","modified_gmt":"2025-07-23T15:13:20","slug":"bulk-freezer-storage-containers","status":"publish","type":"product","link":"https:\/\/www.xhplasticlife.com\/ar\/product\/bulk-freezer-storage-containers\/","title":{"rendered":"\u062d\u0627\u0648\u064a\u0627\u062a \u062a\u062e\u0632\u064a\u0646 \u0627\u0644\u0645\u062c\u0645\u062f\u0627\u062a \u0627\u0644\u0633\u0627\u0626\u0628\u0629 1.4 \u0644\u062a\u0631 \u0635\u0646\u0627\u062f\u064a\u0642 \u062a\u062e\u0632\u064a\u0646 \u0627\u0644\u062b\u0644\u0627\u062c\u0629 \u0627\u0644\u0628\u0644\u0627\u0633\u062a\u064a\u0643\u064a\u0629 \u0633\u0639\u0629 1.4 \u0644\u062a\u0631"},"content":{"rendered":"<div class=\"wp-block-columns is-layout-flex wp-container-core-columns-is-layout-9d6595d7 wp-block-columns-is-layout-flex\">\n<div class=\"wp-block-column is-layout-flow wp-block-column-is-layout-flow\">\n<h2 class=\"wp-block-heading\">\u062d\u0627\u0648\u064a\u0627\u062a \u062a\u062e\u0632\u064a\u0646 \u0627\u0644\u0645\u062c\u0645\u062f\u0627\u062a \u0627\u0644\u0633\u0627\u0626\u0628\u0629 \u0627\u0644\u0645\u064a\u0632\u0627\u062a:<\/h2>\n\n\n\n<ul class=\"wp-block-list\">\n<li><strong>\u062a\u062e\u0632\u064a\u0646 \u0645\u062a\u0639\u062f\u062f \u0627\u0644\u0648\u0638\u0627\u0626\u0641<\/strong>:: \u064a\u0645\u0643\u0646 \u0627\u0633\u062a\u062e\u062f\u0627\u0645\u0647 \u0644\u0644\u062a\u0628\u0631\u064a\u062f \u0648\u0627\u0644\u062a\u062c\u0645\u064a\u062f \u0648\u0627\u0644\u062a\u0633\u062e\u064a\u0646 \u0641\u064a \u0627\u0644\u0645\u064a\u0643\u0631\u0648\u0648\u064a\u0641\u060c \u0648\u064a\u0645\u0643\u0646 \u0627\u0633\u062a\u062e\u062f\u0627\u0645 \u0635\u0646\u062f\u0648\u0642 \u0648\u0627\u062d\u062f \u0644\u0623\u063a\u0631\u0627\u0636 \u0645\u062a\u0639\u062f\u062f\u0629\u060c \u0648\u0645\u0646\u0627\u0633\u0628 \u0644\u062a\u0646\u0638\u064a\u0645 \u0627\u0644\u0645\u0643\u0648\u0646\u0627\u062a \u0627\u0644\u0645\u062e\u062a\u0644\u0641\u0629\u060c \u0648\u0647\u0648 \u062e\u064a\u0627\u0631 \u0641\u0639\u0627\u0644 \u0645\u0646 \u062d\u064a\u062b \u0627\u0644\u062a\u0643\u0644\u0641\u0629 \u0644\u062d\u0627\u0648\u064a\u0627\u062a \u062a\u062e\u0632\u064a\u0646 \u0627\u0644\u0645\u062c\u0645\u062f\u0627\u062a \u0627\u0644\u0633\u0627\u0626\u0628\u0629.<\/li>\n\n\n\n<li><strong>\u0645\u0642\u0635\u0648\u0631\u0629 \u0642\u0627\u0628\u0644\u0629 \u0644\u0644\u0625\u0632\u0627\u0644\u0629<\/strong>: \u062a\u0634\u062a\u0645\u0644 \u0639\u0644\u0649 \u0641\u0648\u0627\u0635\u0644 \u0642\u0627\u0628\u0644\u0629 \u0644\u0644\u0625\u0632\u0627\u0644\u0629 \u0644\u0641\u0635\u0644 \u0627\u0644\u0645\u0643\u0648\u0646\u0627\u062a \u0628\u062d\u0631\u064a\u0629\u060c \u0648\u0633\u0647\u0644\u0629 \u0627\u0644\u062a\u0635\u0646\u064a\u0641 \u0648\u0627\u0644\u062a\u0646\u0638\u064a\u0645\u060c \u0648\u062a\u0639\u0632\u064a\u0632 \u0643\u0641\u0627\u0621\u0629 \u0627\u0633\u062a\u062e\u062f\u0627\u0645 \u0627\u0644\u062b\u0644\u0627\u062c\u0629.<\/li>\n\n\n\n<li><strong>\u0627\u062e\u062a\u064a\u0627\u0631\u064a \u0645\u0639 \u062a\u0635\u0645\u064a\u0645 \u0641\u0644\u062a\u0631 \u0627\u0644\u0645\u064a\u0627\u0647<\/strong>:: \u0645\u0639 \u0647\u064a\u0643\u0644 \u062a\u0635\u0631\u064a\u0641 \u0641\u064a \u0627\u0644\u0623\u0633\u0641\u0644 \u0644\u0644\u062d\u0641\u0627\u0638 \u0639\u0644\u0649 \u062c\u0641\u0627\u0641 \u0627\u0644\u0637\u0639\u0627\u0645\u060c \u0648\u0645\u0646\u0627\u0633\u0628\u0629 \u0644\u062a\u062e\u0632\u064a\u0646 \u0627\u0644\u0645\u0643\u0648\u0646\u0627\u062a \u0627\u0644\u0645\u062e\u062a\u0644\u0641\u0629 \u0645\u062b\u0644 \u0627\u0644\u0641\u0648\u0627\u0643\u0647 \u0648\u0627\u0644\u062e\u0636\u0631\u0648\u0627\u062a \u0648\u0627\u0644\u0644\u062d\u0648\u0645 \u0648\u063a\u064a\u0631\u0647\u0627.<\/li>\n\n\n\n<li><strong>\u0645\u0627\u062f\u0629 \u0645\u062a\u064a\u0646\u0629<\/strong>: \u0645\u0635\u0646\u0648\u0639 \u0645\u0646 \u0628\u0644\u0627\u0633\u062a\u064a\u0643 \u0639\u0627\u0644\u064a \u0627\u0644\u062c\u0648\u062f\u0629\u060c \u062e\u0627\u0644\u064d \u0645\u0646 \u0645\u0627\u062f\u0629 BPA\u060c \u0622\u0645\u0646 \u0648\u0645\u0648\u062b\u0648\u0642 \u0628\u0647\u060c \u0625\u0646\u0647 \u0645\u0646\u062a\u062c \u0635\u0646\u0627\u062f\u064a\u0642 \u062a\u062e\u0632\u064a\u0646 \u0627\u0644\u062b\u0644\u0627\u062c\u0629 \u0627\u0644\u0628\u0644\u0627\u0633\u062a\u064a\u0643\u064a\u0629 \u0627\u0644\u0623\u0643\u062b\u0631 \u0645\u0628\u064a\u0639\u064b\u0627 \u0628\u0627\u0644\u062c\u0645\u0644\u0629.<\/li>\n\n\n\n<li><strong>\u0642\u0627\u0628\u0644\u0629 \u0644\u0644\u062a\u0643\u062f\u064a\u0633 \u0648\u0645\u0648\u0641\u0631\u0629 \u0644\u0644\u0645\u0633\u0627\u062d\u0629<\/strong>:: \u062a\u0635\u0645\u064a\u0645 \u0642\u0627\u0628\u0644 \u0644\u0644\u062a\u0643\u062f\u064a\u0633\u060c \u064a\u0648\u0641\u0631 \u0645\u0633\u0627\u062d\u0629 \u0641\u064a \u0627\u0644\u062b\u0644\u0627\u062c\u0629 \u0628\u0634\u0643\u0644 \u0641\u0639\u0627\u0644\u060c \u0648\u0645\u0646\u0627\u0633\u0628 \u0644\u0644\u0645\u0637\u0628\u062e \u0627\u0644\u0645\u0646\u0632\u0644\u064a \u0648\u063a\u0631\u0641\u0629 \u0627\u0644\u0637\u0639\u0627\u0645 \u0627\u0644\u062e\u0644\u0641\u064a\u0629 \u0644\u0644\u0627\u0633\u062a\u062e\u062f\u0627\u0645 \u0628\u0643\u0645\u064a\u0627\u062a \u0643\u0628\u064a\u0631\u0629.<\/li>\n\n\n\n<li><strong>\u062f\u0639\u0645 \u0627\u0644\u062a\u062e\u0635\u064a\u0635 \u0628\u0627\u0644\u062c\u0645\u0644\u0629 \u0627\u0644\u062a\u062e\u0635\u064a\u0635 \u0628\u0627\u0644\u062c\u0645\u0644\u0629<\/strong>:: \u0627\u0644\u062a\u0648\u0631\u064a\u062f \u0627\u0644\u0645\u0628\u0627\u0634\u0631 \u0645\u0646 \u0627\u0644\u0645\u0635\u0646\u0639\u060c \u0648\u062a\u0648\u0641\u064a\u0631 \u062e\u062f\u0645\u0629 OEM\/ODM\u060c \u0648\u0645\u0646\u0627\u0633\u0628\u0629 \u0644\u0644\u0645\u0634\u062a\u0631\u064a\u0646 \u0648\u0623\u0635\u062d\u0627\u0628 \u0627\u0644\u0639\u0644\u0627\u0645\u0627\u062a \u0627\u0644\u062a\u062c\u0627\u0631\u064a\u0629 \u0627\u0644\u0630\u064a\u0646 \u064a\u0628\u062d\u062b\u0648\u0646 \u0639\u0646 \u062d\u0627\u0648\u064a\u0627\u062a \u062a\u062e\u0632\u064a\u0646 \u0627\u0644\u0645\u062c\u0645\u062f \u0628\u0627\u0644\u062c\u0645\u0644\u0629 \u0645\u0639 \u0635\u0646\u0627\u062f\u064a\u0642 \u062a\u062e\u0632\u064a\u0646 \u0627\u0644\u062b\u0644\u0627\u062c\u0629 \u0627\u0644\u0628\u0644\u0627\u0633\u062a\u064a\u0643\u064a\u0629 \u0628\u0627\u0644\u062c\u0645\u0644\u0629.<\/li>\n<\/ul>\n<\/div>\n\n\n\n<div class=\"wp-block-column is-layout-flow wp-block-column-is-layout-flow\">\n<figure class=\"wp-block-image size-full\"><img decoding=\"async\" width=\"800\" height=\"800\" src=\"https:\/\/www.xhplasticlife.com\/wp-content\/uploads\/2025\/07\/Bulk-Freezer-Storage-Containers-Manufacturer-4.webp\" alt=\"\u0627\u0644\u0634\u0631\u0643\u0629 \u0627\u0644\u0645\u0635\u0646\u0639\u0629 \u0644\u062d\u0627\u0648\u064a\u0627\u062a \u062a\u062e\u0632\u064a\u0646 \u0627\u0644\u0645\u062c\u0645\u062f\u0627\u062a \u0627\u0644\u0633\u0627\u0626\u0628\u0629 (4)\" class=\"wp-image-632\" srcset=\"https:\/\/www.xhplasticlife.com\/wp-content\/uploads\/2025\/07\/Bulk-Freezer-Storage-Containers-Manufacturer-4.webp 800w, https:\/\/www.xhplasticlife.com\/wp-content\/uploads\/2025\/07\/Bulk-Freezer-Storage-Containers-Manufacturer-4-300x300.webp 300w, https:\/\/www.xhplasticlife.com\/wp-content\/uploads\/2025\/07\/Bulk-Freezer-Storage-Containers-Manufacturer-4-150x150.webp 150w, https:\/\/www.xhplasticlife.com\/wp-content\/uploads\/2025\/07\/Bulk-Freezer-Storage-Containers-Manufacturer-4-768x768.webp 768w, https:\/\/www.xhplasticlife.com\/wp-content\/uploads\/2025\/07\/Bulk-Freezer-Storage-Containers-Manufacturer-4-600x600.webp 600w, https:\/\/www.xhplasticlife.com\/wp-content\/uploads\/2025\/07\/Bulk-Freezer-Storage-Containers-Manufacturer-4-100x100.webp 100w\" sizes=\"(max-width: 800px) 100vw, 800px\" \/><\/figure>\n<\/div>\n<\/div>\n\n\n\n<h2 class=\"wp-block-heading\">\u062d\u0627\u0648\u064a\u0627\u062a \u062a\u062e\u0632\u064a\u0646 \u0627\u0644\u0645\u062c\u0645\u062f\u0627\u062a \u0627\u0644\u0633\u0627\u0626\u0628\u0629 \u0627\u0644\u062d\u062c\u0645:<\/h2>\n\n\n\n<figure class=\"wp-block-table is-style-stripes\"><table class=\"has-fixed-layout\"><tbody><tr><td>\u0627\u0644\u0637\u0631\u0627\u0632<\/td><td>\u0627\u0644\u0647\u064a\u0627\u0643\u0644<\/td><td>\u0646.\u0648.\/PCS<\/td><td>\u062c\u064a.\u062f\u0628\u0644\u064a\u0648\/\u062d\u0627\u0644\u0629<\/td><\/tr><tr><td>BX1094<\/td><td>2 \u0645\u0642\u0635\u0648\u0631\u0629<\/td><td>195G<\/td><td>15.5 \u0643\u062c\u0645<\/td><\/tr><tr><td>BX1095<\/td><td>3 \u0645\u0642\u0635\u0648\u0631\u0629<\/td><td>203G<\/td><td>16 \u0643\u062c\u0645<\/td><\/tr><tr><td>BX1096<\/td><td>4 \u0645\u0642\u0635\u0648\u0631\u0629<\/td><td>212G<\/td><td>16.6 \u0643\u062c\u0645<\/td><\/tr><tr><td>BX1097<\/td><td>2 \u062d\u062c\u0631\u0629 2 \u0645\u0639 \u0641\u062a\u062d\u0629 \u062a\u0635\u0631\u064a\u0641<\/td><td>185G<\/td><td>14.7 \u0643\u062c\u0645<\/td><\/tr><tr><td>BX1098<\/td><td>3 \u0645\u0642\u0635\u0648\u0631\u0629 3 \u0645\u0639 \u0641\u062a\u062d\u0629 \u062a\u0635\u0631\u064a\u0641<\/td><td>192G<\/td><td>15.2 \u0643\u062c\u0645<\/td><\/tr><tr><td>BX1099<\/td><td>4 \u0645\u0642\u0635\u0648\u0631\u0629 4 \u0645\u0639 \u0641\u062a\u062d\u0629 \u062a\u0635\u0631\u064a\u0641<\/td><td>199G<\/td><td>15.6 \u0643\u062c\u0645<\/td><\/tr><\/tbody><\/table><\/figure>\n\n\n\n<div class=\"wp-block-columns is-layout-flex wp-container-core-columns-is-layout-9d6595d7 wp-block-columns-is-layout-flex\">\n<div class=\"wp-block-column is-layout-flow wp-block-column-is-layout-flow\"><div class=\"wp-block-image\">\n<figure class=\"aligncenter size-full\"><img decoding=\"async\" width=\"800\" height=\"800\" src=\"https:\/\/www.xhplasticlife.com\/wp-content\/uploads\/2025\/07\/2-compartment-food-containers-Wholesale.webp\" alt=\"2 \u062d\u0627\u0648\u064a\u0627\u062a \u0637\u0639\u0627\u0645 \u0645\u0642\u0635\u0648\u0631\u0629 2 \u0645\u0642\u0635\u0648\u0631\u0629 \u0637\u0639\u0627\u0645 \u0628\u0627\u0644\u062c\u0645\u0644\u0629\" class=\"wp-image-623\" srcset=\"https:\/\/www.xhplasticlife.com\/wp-content\/uploads\/2025\/07\/2-compartment-food-containers-Wholesale.webp 800w, https:\/\/www.xhplasticlife.com\/wp-content\/uploads\/2025\/07\/2-compartment-food-containers-Wholesale-300x300.webp 300w, https:\/\/www.xhplasticlife.com\/wp-content\/uploads\/2025\/07\/2-compartment-food-containers-Wholesale-150x150.webp 150w, https:\/\/www.xhplasticlife.com\/wp-content\/uploads\/2025\/07\/2-compartment-food-containers-Wholesale-768x768.webp 768w, https:\/\/www.xhplasticlife.com\/wp-content\/uploads\/2025\/07\/2-compartment-food-containers-Wholesale-600x600.webp 600w, https:\/\/www.xhplasticlife.com\/wp-content\/uploads\/2025\/07\/2-compartment-food-containers-Wholesale-100x100.webp 100w\" sizes=\"(max-width: 800px) 100vw, 800px\" \/><figcaption class=\"wp-element-caption\">BX1094<\/figcaption><\/figure>\n<\/div><\/div>\n\n\n\n<div class=\"wp-block-column is-layout-flow wp-block-column-is-layout-flow\"><div class=\"wp-block-image\">\n<figure class=\"aligncenter size-full\"><img decoding=\"async\" width=\"800\" height=\"800\" src=\"https:\/\/www.xhplasticlife.com\/wp-content\/uploads\/2025\/07\/3compartment-food-containers-wholesale-2.webp\" alt=\"3\u062d\u0627\u0648\u064a\u0627\u062a \u0637\u0639\u0627\u0645 3\u0623\u062c\u0632\u0627\u0621 \u0628\u0627\u0644\u062c\u0645\u0644\u0629 - 2\" class=\"wp-image-626\" srcset=\"https:\/\/www.xhplasticlife.com\/wp-content\/uploads\/2025\/07\/3compartment-food-containers-wholesale-2.webp 800w, https:\/\/www.xhplasticlife.com\/wp-content\/uploads\/2025\/07\/3compartment-food-containers-wholesale-2-300x300.webp 300w, https:\/\/www.xhplasticlife.com\/wp-content\/uploads\/2025\/07\/3compartment-food-containers-wholesale-2-150x150.webp 150w, https:\/\/www.xhplasticlife.com\/wp-content\/uploads\/2025\/07\/3compartment-food-containers-wholesale-2-768x768.webp 768w, https:\/\/www.xhplasticlife.com\/wp-content\/uploads\/2025\/07\/3compartment-food-containers-wholesale-2-600x600.webp 600w, https:\/\/www.xhplasticlife.com\/wp-content\/uploads\/2025\/07\/3compartment-food-containers-wholesale-2-100x100.webp 100w\" sizes=\"(max-width: 800px) 100vw, 800px\" \/><figcaption class=\"wp-element-caption\">BX1095<\/figcaption><\/figure>\n<\/div><\/div>\n\n\n\n<div class=\"wp-block-column is-layout-flow wp-block-column-is-layout-flow\"><div class=\"wp-block-image\">\n<figure class=\"aligncenter size-full\"><img decoding=\"async\" width=\"800\" height=\"800\" src=\"https:\/\/www.xhplasticlife.com\/wp-content\/uploads\/2025\/07\/4-compartment-food-containers-wholesale.webp\" alt=\"4 \u062d\u0627\u0648\u064a\u0627\u062a \u0637\u0639\u0627\u0645 4 \u0645\u0642\u0635\u0648\u0631\u0627\u062a \u0637\u0639\u0627\u0645 \u0628\u0627\u0644\u062c\u0645\u0644\u0629\" class=\"wp-image-627\" srcset=\"https:\/\/www.xhplasticlife.com\/wp-content\/uploads\/2025\/07\/4-compartment-food-containers-wholesale.webp 800w, https:\/\/www.xhplasticlife.com\/wp-content\/uploads\/2025\/07\/4-compartment-food-containers-wholesale-300x300.webp 300w, https:\/\/www.xhplasticlife.com\/wp-content\/uploads\/2025\/07\/4-compartment-food-containers-wholesale-150x150.webp 150w, https:\/\/www.xhplasticlife.com\/wp-content\/uploads\/2025\/07\/4-compartment-food-containers-wholesale-768x768.webp 768w, https:\/\/www.xhplasticlife.com\/wp-content\/uploads\/2025\/07\/4-compartment-food-containers-wholesale-600x600.webp 600w, https:\/\/www.xhplasticlife.com\/wp-content\/uploads\/2025\/07\/4-compartment-food-containers-wholesale-100x100.webp 100w\" sizes=\"(max-width: 800px) 100vw, 800px\" \/><figcaption class=\"wp-element-caption\">BX1096<\/figcaption><\/figure>\n<\/div><\/div>\n<\/div>\n\n\n\n<div class=\"wp-block-columns is-layout-flex wp-container-core-columns-is-layout-9d6595d7 wp-block-columns-is-layout-flex\">\n<div class=\"wp-block-column is-layout-flow wp-block-column-is-layout-flow\"><div class=\"wp-block-image\">\n<figure class=\"aligncenter size-full\"><img decoding=\"async\" width=\"800\" height=\"800\" src=\"https:\/\/www.xhplasticlife.com\/wp-content\/uploads\/2025\/07\/2-compartment-food-containers-with-Drain-Hole-wholesale.webp\" alt=\"2 \u062d\u0627\u0648\u064a\u0627\u062a \u0637\u0639\u0627\u0645 \u0645\u0642\u0635\u0648\u0631\u0629 2 \u0645\u0639 \u0641\u062a\u062d\u0629 \u062a\u0635\u0631\u064a\u0641 \u0628\u0627\u0644\u062c\u0645\u0644\u0629\" class=\"wp-image-624\" srcset=\"https:\/\/www.xhplasticlife.com\/wp-content\/uploads\/2025\/07\/2-compartment-food-containers-with-Drain-Hole-wholesale.webp 800w, https:\/\/www.xhplasticlife.com\/wp-content\/uploads\/2025\/07\/2-compartment-food-containers-with-Drain-Hole-wholesale-300x300.webp 300w, https:\/\/www.xhplasticlife.com\/wp-content\/uploads\/2025\/07\/2-compartment-food-containers-with-Drain-Hole-wholesale-150x150.webp 150w, https:\/\/www.xhplasticlife.com\/wp-content\/uploads\/2025\/07\/2-compartment-food-containers-with-Drain-Hole-wholesale-768x768.webp 768w, https:\/\/www.xhplasticlife.com\/wp-content\/uploads\/2025\/07\/2-compartment-food-containers-with-Drain-Hole-wholesale-600x600.webp 600w, https:\/\/www.xhplasticlife.com\/wp-content\/uploads\/2025\/07\/2-compartment-food-containers-with-Drain-Hole-wholesale-100x100.webp 100w\" sizes=\"(max-width: 800px) 100vw, 800px\" \/><figcaption class=\"wp-element-caption\">BX1097<\/figcaption><\/figure>\n<\/div><\/div>\n\n\n\n<div class=\"wp-block-column is-layout-flow wp-block-column-is-layout-flow\"><div class=\"wp-block-image\">\n<figure class=\"aligncenter size-full\"><img decoding=\"async\" width=\"800\" height=\"800\" src=\"https:\/\/www.xhplasticlife.com\/wp-content\/uploads\/2025\/07\/3-compartment-food-containers-with-Drain-Hole.webp\" alt=\"3 \u062d\u0627\u0648\u064a\u0627\u062a \u0637\u0639\u0627\u0645 \u0641\u064a 3 \u0645\u0642\u0635\u0648\u0631\u0627\u062a \u0645\u0639 \u0641\u062a\u062d\u0629 \u062a\u0635\u0631\u064a\u0641\" class=\"wp-image-625\" srcset=\"https:\/\/www.xhplasticlife.com\/wp-content\/uploads\/2025\/07\/3-compartment-food-containers-with-Drain-Hole.webp 800w, https:\/\/www.xhplasticlife.com\/wp-content\/uploads\/2025\/07\/3-compartment-food-containers-with-Drain-Hole-300x300.webp 300w, https:\/\/www.xhplasticlife.com\/wp-content\/uploads\/2025\/07\/3-compartment-food-containers-with-Drain-Hole-150x150.webp 150w, https:\/\/www.xhplasticlife.com\/wp-content\/uploads\/2025\/07\/3-compartment-food-containers-with-Drain-Hole-768x768.webp 768w, https:\/\/www.xhplasticlife.com\/wp-content\/uploads\/2025\/07\/3-compartment-food-containers-with-Drain-Hole-600x600.webp 600w, https:\/\/www.xhplasticlife.com\/wp-content\/uploads\/2025\/07\/3-compartment-food-containers-with-Drain-Hole-100x100.webp 100w\" sizes=\"(max-width: 800px) 100vw, 800px\" \/><figcaption class=\"wp-element-caption\">BX1098<\/figcaption><\/figure>\n<\/div><\/div>\n\n\n\n<div class=\"wp-block-column is-layout-flow wp-block-column-is-layout-flow\"><div class=\"wp-block-image\">\n<figure class=\"aligncenter size-full\"><img decoding=\"async\" width=\"800\" height=\"800\" src=\"https:\/\/www.xhplasticlife.com\/wp-content\/uploads\/2025\/07\/4-compartment-food-containers-with-Drain-Hole.webp\" alt=\"4 \u062d\u0627\u0648\u064a\u0627\u062a \u0637\u0639\u0627\u0645 \u0630\u0627\u062a 4 \u0645\u0642\u0635\u0648\u0631\u0627\u062a \u0645\u0639 \u0641\u062a\u062d\u0629 \u062a\u0635\u0631\u064a\u0641\" class=\"wp-image-628\" srcset=\"https:\/\/www.xhplasticlife.com\/wp-content\/uploads\/2025\/07\/4-compartment-food-containers-with-Drain-Hole.webp 800w, https:\/\/www.xhplasticlife.com\/wp-content\/uploads\/2025\/07\/4-compartment-food-containers-with-Drain-Hole-300x300.webp 300w, https:\/\/www.xhplasticlife.com\/wp-content\/uploads\/2025\/07\/4-compartment-food-containers-with-Drain-Hole-150x150.webp 150w, https:\/\/www.xhplasticlife.com\/wp-content\/uploads\/2025\/07\/4-compartment-food-containers-with-Drain-Hole-768x768.webp 768w, https:\/\/www.xhplasticlife.com\/wp-content\/uploads\/2025\/07\/4-compartment-food-containers-with-Drain-Hole-600x600.webp 600w, https:\/\/www.xhplasticlife.com\/wp-content\/uploads\/2025\/07\/4-compartment-food-containers-with-Drain-Hole-100x100.webp 100w\" sizes=\"(max-width: 800px) 100vw, 800px\" \/><figcaption class=\"wp-element-caption\">BX1099<\/figcaption><\/figure>\n<\/div><\/div>\n<\/div>","protected":false},"excerpt":{"rendered":"<p>\u0645\u0631\u062d\u0628\u064b\u0627 \u0628\u0643 \u0641\u064a \u0634\u0631\u0627\u0621 \u062d\u0627\u0648\u064a\u0627\u062a \u062a\u062e\u0632\u064a\u0646 \u0627\u0644\u062b\u0644\u0627\u062c\u0629 \u0628\u0627\u0644\u062c\u0645\u0644\u0629. \u0635\u064f\u0646\u0639\u062a \u0635\u0646\u0627\u062f\u064a\u0642 \u062a\u062e\u0632\u064a\u0646 \u0627\u0644\u062b\u0644\u0627\u062c\u0627\u062a \u0627\u0644\u0628\u0644\u0627\u0633\u062a\u064a\u0643\u064a\u0629 \u0628\u0627\u0644\u062c\u0645\u0644\u0629 \u0645\u0646 \u0645\u0648\u0627\u062f \u062e\u0627\u0644\u064a\u0629 \u0645\u0646 \u0645\u0627\u062f\u0629 BPA\u060c \u0645\u0639 \u062d\u062c\u0631\u0627\u062a \u0642\u0627\u0628\u0644\u0629 \u0644\u0644\u0625\u0632\u0627\u0644\u0629 \u0648\u0635\u0648\u0627\u0646\u064a \u062a\u0635\u0631\u064a\u0641. \u0645\u0635\u0645\u0645\u0629 \u0644\u062a\u0646\u0638\u064a\u0645 \u0627\u0644\u0645\u0637\u0628\u062e \u0628\u0643\u0641\u0627\u0621\u0629\u060c \u0648\u0647\u064a \u0642\u0627\u0628\u0644\u0629 \u0644\u0644\u062a\u0643\u062f\u064a\u0633 \u0648\u0642\u0627\u0628\u0644\u0629 \u0644\u0644\u062a\u0633\u062e\u064a\u0646 \u0641\u064a \u0627\u0644\u0645\u064a\u0643\u0631\u0648\u0648\u064a\u0641 \u0648\u0622\u0645\u0646\u0629 \u0644\u0644\u062a\u062c\u0645\u064a\u062f \u0648\u0645\u062b\u0627\u0644\u064a\u0629 \u0644\u0644\u0627\u0633\u062a\u062e\u062f\u0627\u0645 \u0627\u0644\u0645\u0646\u0632\u0644\u064a \u0623\u0648 \u0627\u0644\u062a\u062e\u0632\u064a\u0646 \u0627\u0644\u062a\u062c\u0627\u0631\u064a \u0628\u0627\u0644\u062c\u0645\u0644\u0629.<\/p>\n<h2>\u0645\u0639\u0644\u0645\u0629 \u062d\u0627\u0648\u064a\u0627\u062a \u062a\u062e\u0632\u064a\u0646 \u0627\u0644\u0645\u062c\u0645\u062f\u0627\u062a \u0628\u0627\u0644\u062c\u0645\u0644\u0629<\/h2>\n<p><strong>\u0627\u0644\u0637\u0631\u0627\u0632<\/strong>: BX1094-BX1099<br \/><strong>\u0627\u0633\u0645 \u0627\u0644\u0639\u0644\u0627\u0645\u0629 \u0627\u0644\u062a\u062c\u0627\u0631\u064a\u0629<\/strong>: \u0634\u064a\u0646\u063a\u0648\u064a<br \/><strong>\u0627\u0644\u0645\u0648\u0627\u062f<\/strong>: \u0628\u0627\u0621 \u0628\u0627\u0621<br \/><strong>\u0627\u0644\u0628\u064f\u0639\u062f<\/strong>: 1.4L<br \/><strong>\u0627\u0644\u0644\u0648\u0646<\/strong>: \u0644\u0648\u0646 \u0643\u0631\u064a\u0645\u064a \u0623\u0648 \u062d\u0633\u0628 \u0627\u0644\u0637\u0644\u0628<br \/><strong>\u0627\u0644\u062d\u062c\u0645<\/strong>:: 20.3 \u0633\u0645 * 15 \u0633\u0645 * 6.5 \u0633\u0645\u00a0<br \/><strong>\u062d\u062c\u0645 \u0627\u0644\u0635\u0646\u062f\u0648\u0642<\/strong>: 59.5 \u00d7 43.5 \u00d7 43.5 \u00d7 53.5 \u0633\u0645<br \/><strong>\u0627\u0644\u062a\u0639\u0628\u0626\u0629<\/strong>:: 72 \u0642\u0637\u0639\u0629<br \/><strong>\u062a\u0635\u0646\u064a\u0639 \u0627\u0644\u0645\u0639\u062f\u0627\u062a \u0627\u0644\u0623\u0635\u0644\u064a\u0629\/\u0627\u0644\u062a\u0635\u0646\u064a\u0639 \u062d\u0633\u0628 \u0627\u0644\u0637\u0644\u0628<\/strong>: \u0645\u062a\u0627\u062d<br \/><strong>\u062e\u064a\u0627\u0631 \u0645\u062e\u0635\u0635 \u062d\u0633\u0628 \u0627\u0644\u0637\u0644\u0628<\/strong>: \u0627\u0644\u0644\u0648\u0646\/\u0627\u0644\u062d\u062c\u0645\/ \u0627\u0644\u0634\u0639\u0627\u0631\/\u0627\u0644\u062d\u0632\u0645\u0629<\/p>\n<h2>\u0645\u0646 \u0627\u0644\u0634\u0631\u0643\u0629 \u0627\u0644\u0645\u0635\u0646\u0639\u0629 \u0644\u062d\u0627\u0648\u064a\u0627\u062a \u062a\u062e\u0632\u064a\u0646 \u0627\u0644\u0637\u0639\u0627\u0645 :<\/h2>\n<p>\u062a\u0623\u0633\u0633\u062a \u0639\u0627\u0645 2000,<a href=\"https:\/\/www.xhplasticlife.com\/ar\/\">\u00a0<strong>\u0634\u064a\u0646\u063a\u0648\u064a<\/strong><\/a>\u00a0\u0645\u062a\u062e\u0635\u0635\u0629 \u0641\u064a \u0625\u0646\u062a\u0627\u062c \u0648\u0628\u064a\u0639 \u0635\u0646\u0627\u062f\u064a\u0642 \u0627\u0644\u063a\u062f\u0627\u0621 \u0648\u062d\u0627\u0648\u064a\u0627\u062a \u062a\u062e\u0632\u064a\u0646 \u0627\u0644\u0637\u0639\u0627\u0645 \u0648\u062d\u0627\u0648\u064a\u0627\u062a \u062a\u062e\u0632\u064a\u0646 \u0627\u0644\u0637\u0639\u0627\u0645 \u0648\u0623\u0648\u0627\u0646\u064a \u0627\u0644\u0645\u0634\u0631\u0648\u0628\u0627\u062a \u0648\u062d\u0627\u0648\u064a\u0627\u062a \u0627\u0644\u062a\u062e\u0632\u064a\u0646 \u0627\u0644\u0645\u0646\u0632\u0644\u064a\u0629 \u0648\u063a\u064a\u0631\u0647\u0627 \u0645\u0646 \u0627\u0644\u0645\u0646\u062a\u062c\u0627\u062a \u0627\u0644\u0628\u0644\u0627\u0633\u062a\u064a\u0643\u064a\u0629 \u0627\u0644\u064a\u0648\u0645\u064a\u0629. \u062a\u0648\u0641\u064a\u0631 \u062e\u062f\u0645\u0627\u062a \u062a\u0635\u0646\u064a\u0639 \u0627\u0644\u0645\u0639\u062f\u0627\u062a \u0627\u0644\u0623\u0635\u0644\u064a\u0629 \u0648\u062a\u0635\u0646\u064a\u0639 \u0627\u0644\u062a\u0635\u0645\u064a\u0645 \u0627\u0644\u0623\u0635\u0644\u064a \u0648\u062a\u0635\u0646\u064a\u0639 \u0627\u0644\u062a\u0635\u0645\u064a\u0645 \u0627\u0644\u0634\u062e\u0635\u064a \u0648\u062e\u062f\u0645\u0627\u062a \u0627\u0644\u0634\u0631\u0627\u0621 \u0639\u0628\u0631 \u0627\u0644\u0625\u0646\u062a\u0631\u0646\u062a \u0644\u0644\u0639\u0645\u0644\u0627\u0621.<\/p>","protected":false},"featured_media":633,"comment_status":"closed","ping_status":"closed","template":"","meta":{"_acf_changed":false},"product_brand":[],"product_cat":[18],"product_tag":[],"class_list":{"0":"post-622","1":"product","2":"type-product","3":"status-publish","4":"has-post-thumbnail","6":"product_cat-bulk-food-storage-container","8":"first","9":"instock","10":"shipping-taxable","11":"product-type-simple"},"acf":[],"_links":{"self":[{"href":"https:\/\/www.xhplasticlife.com\/ar\/wp-json\/wp\/v2\/product\/622","targetHints":{"allow":["GET"]}}],"collection":[{"href":"https:\/\/www.xhplasticlife.com\/ar\/wp-json\/wp\/v2\/product"}],"about":[{"href":"https:\/\/www.xhplasticlife.com\/ar\/wp-json\/wp\/v2\/types\/product"}],"replies":[{"embeddable":true,"href":"https:\/\/www.xhplasticlife.com\/ar\/wp-json\/wp\/v2\/comments?post=622"}],"wp:featuredmedia":[{"embeddable":true,"href":"https:\/\/www.xhplasticlife.com\/ar\/wp-json\/wp\/v2\/media\/633"}],"wp:attachment":[{"href":"https:\/\/www.xhplasticlife.com\/ar\/wp-json\/wp\/v2\/media?parent=622"}],"wp:term":[{"taxonomy":"product_brand","embeddable":true,"href":"https:\/\/www.xhplasticlife.com\/ar\/wp-json\/wp\/v2\/product_brand?post=622"},{"taxonomy":"product_cat","embeddable":true,"href":"https:\/\/www.xhplasticlife.com\/ar\/wp-json\/wp\/v2\/product_cat?post=622"},{"taxonomy":"product_tag","embeddable":true,"href":"https:\/\/www.xhplasticlife.com\/ar\/wp-json\/wp\/v2\/product_tag?post=622"}],"curies":[{"name":"wp","href":"https:\/\/api.w.org\/{rel}","templated":true}]}}