{"id":2065,"date":"2026-01-21T01:18:43","date_gmt":"2026-01-21T01:18:43","guid":{"rendered":"https:\/\/www.xhplasticlife.com\/?post_type=product&#038;p=2065"},"modified":"2026-01-21T02:01:55","modified_gmt":"2026-01-21T02:01:55","slug":"airtight-grain-storage-containers-wholesale","status":"publish","type":"product","link":"https:\/\/www.xhplasticlife.com\/ar\/product\/airtight-grain-storage-containers-wholesale\/","title":{"rendered":"\u062d\u0627\u0648\u064a\u0627\u062a \u062a\u062e\u0632\u064a\u0646 \u0627\u0644\u062d\u0628\u0648\u0628 \u0627\u0644\u0645\u062d\u0643\u0645\u0629 \u0627\u0644\u0625\u063a\u0644\u0627\u0642 \u0628\u0627\u0644\u062c\u0645\u0644\u0629\u060c \u0645\u064f\u0635\u0646\u0650\u0651\u0639 \u0623\u0648\u0639\u064a\u0629 \u062a\u062e\u0632\u064a\u0646 \u0627\u0644\u0623\u063a\u0630\u064a\u0629 \u0627\u0644\u0628\u0644\u0627\u0633\u062a\u064a\u0643\u064a\u0629"},"content":{"rendered":"<div class=\"wp-block-columns is-layout-flex wp-container-core-columns-is-layout-9d6595d7 wp-block-columns-is-layout-flex\">\n<div class=\"wp-block-column is-layout-flow wp-block-column-is-layout-flow\">\n<h2 class=\"wp-block-heading\">\u062d\u0627\u0648\u064a\u0627\u062a \u062a\u062e\u0632\u064a\u0646 \u0627\u0644\u062d\u0628\u0648\u0628 \u0645\u062d\u0643\u0645\u0629 \u0627\u0644\u0625\u063a\u0644\u0627\u0642 \u0628\u0627\u0644\u062c\u0645\u0644\u0629 \u0627\u0644\u0645\u064a\u0632\u0627\u062a:<\/h2>\n\n\n\n<ul class=\"wp-block-list\">\n<li><strong>\u062a\u0635\u0645\u064a\u0645 \u0645\u062d\u0643\u0645 \u0627\u0644\u0625\u063a\u0644\u0627\u0642 \u0644\u062d\u0645\u0627\u064a\u0629 \u0637\u0648\u064a\u0644\u0629 \u0627\u0644\u0623\u0645\u062f \u0645\u0646 \u0627\u0644\u0631\u0637\u0648\u0628\u0629 \u0648\u0627\u0644\u0646\u0636\u0627\u0631\u0629:<\/strong> \u064a\u0645\u0646\u0639 \u0627\u0644\u063a\u0637\u0627\u0621 \u0627\u0644\u0645\u062d\u0643\u0645 \u0627\u0644\u0625\u063a\u0644\u0627\u0642 \u0627\u0644\u0647\u0648\u0627\u0621 \u0648\u0627\u0644\u0631\u0637\u0648\u0628\u0629 \u0628\u0634\u0643\u0644 \u0641\u0639\u0627\u0644\u060c \u0645\u0645\u0627 \u064a\u0642\u0644\u0644 \u0645\u0646 \u0627\u0644\u0631\u0637\u0648\u0628\u0629 \u0648\u0645\u0634\u0627\u0643\u0644 \u0627\u0644\u0622\u0641\u0627\u062a\u060c \u0648\u064a\u0633\u0627\u0639\u062f \u0627\u0644\u0633\u0644\u0639 \u0627\u0644\u062c\u0627\u0641\u0629 \u0645\u062b\u0644 \u0627\u0644\u0623\u0631\u0632 \u0648\u0627\u0644\u062f\u0642\u064a\u0642 \u0648\u0627\u0644\u062d\u0628\u0648\u0628 \u0648\u0627\u0644\u0641\u0627\u0635\u0648\u0644\u064a\u0627 \u0641\u064a \u0627\u0644\u062d\u0641\u0627\u0638 \u0639\u0644\u0649 \u0637\u0639\u0645\u0647\u0627 \u0627\u0644\u0637\u0627\u0632\u062c \u0644\u0641\u062a\u0631\u0629 \u0637\u0648\u064a\u0644\u0629. \u0645\u062b\u0627\u0644\u064a\u0629 \u0644\u0645\u0634\u0627\u0631\u064a\u0639 \u062d\u0627\u0648\u064a\u0629 \u062a\u062e\u0632\u064a\u0646 \u0627\u0644\u062d\u0628\u0648\u0628 \u0645\u062d\u0643\u0645\u0629 \u0627\u0644\u0625\u063a\u0644\u0627\u0642 \u0627\u0644\u0645\u0633\u062a\u0645\u0631\u0629 \u0628\u0627\u0644\u062c\u0645\u0644\u0629.<\/li>\n\n\n\n<li><strong>\u0645\u0627\u062f\u0629 \u0628\u0644\u0627\u0633\u062a\u064a\u0643\u064a\u0629 \u0645\u0635\u0646\u0648\u0639\u0629 \u0645\u0646 \u0627\u0644\u0628\u0644\u0627\u0633\u062a\u064a\u0643 \u0627\u0644\u0645\u062e\u0635\u0635 \u0644\u0644\u0637\u0639\u0627\u0645\u060c \u0622\u0645\u0646\u0629 \u0644\u0644\u0627\u0633\u062a\u062e\u062f\u0627\u0645 \u0627\u0644\u064a\u0648\u0645\u064a:<\/strong> \u0645\u0635\u0646\u0648\u0639\u0629 \u0645\u0646 \u0645\u0627\u062f\u0629 \u0628\u0644\u0627\u0633\u062a\u064a\u0643\u064a\u0629 \u0622\u0645\u0646\u0629 \u0644\u0644\u062a\u0644\u0627\u0645\u0633 \u0645\u0639 \u0627\u0644\u0637\u0639\u0627\u0645\u060c \u0639\u062f\u064a\u0645\u0629 \u0627\u0644\u0631\u0627\u0626\u062d\u0629 \u0648\u063a\u064a\u0631 \u0642\u0627\u0628\u0644\u0629 \u0644\u0644\u062a\u0634\u0648\u0647 \u0628\u0633\u0647\u0648\u0644\u0629\u060c \u0648\u0645\u0646\u0627\u0633\u0628\u0629 \u0644\u0644\u0645\u0637\u0627\u0628\u062e \u0627\u0644\u0645\u0646\u0632\u0644\u064a\u0629 \u0648\u0633\u064a\u0646\u0627\u0631\u064a\u0648\u0647\u0627\u062a \u062a\u062e\u0632\u064a\u0646 \u0627\u0644\u0637\u0639\u0627\u0645 \u0627\u0644\u062a\u062c\u0627\u0631\u064a\u0629\u060c \u0645\u0645\u0627 \u064a\u0639\u0632\u0632 \u062b\u0642\u0629 \u0627\u0644\u0645\u0633\u062a\u062e\u062f\u0645 \u0627\u0644\u0646\u0647\u0627\u0626\u064a.<\/li>\n\n\n\n<li><strong>\u062a\u0635\u0645\u064a\u0645 \u062d\u0627\u0648\u064a\u0629 \u0634\u0641\u0627\u0641\u060c \u064a\u0645\u0643\u0646 \u0631\u0624\u064a\u0629 \u0645\u062d\u062a\u0648\u064a\u0627\u062a\u0647\u0627 \u0628\u0648\u0636\u0648\u062d:<\/strong> \u064a\u0633\u0645\u062d \u0627\u0644\u0645\u0638\u0647\u0631 \u0627\u0644\u0634\u0641\u0627\u0641 \u0644\u0644\u063a\u0627\u064a\u0629 \u0628\u0627\u0644\u062a\u0639\u0631\u0641 \u0627\u0644\u0633\u0631\u064a\u0639 \u0639\u0644\u0649 \u0627\u0644\u0645\u062d\u062a\u0648\u064a\u0627\u062a \u0648\u0627\u0644\u0643\u0645\u064a\u0629\u060c \u0645\u0645\u0627 \u064a\u062d\u0633\u0646 \u0645\u0646 \u0643\u0641\u0627\u0621\u0629 \u0625\u062f\u0627\u0631\u0629 \u0627\u0644\u0645\u0637\u0628\u062e \u0648\u064a\u0633\u0627\u0639\u062f \u0641\u064a \u0639\u0631\u0636 \u0627\u0644\u062a\u062c\u0632\u0626\u0629\u060c \u0645\u0645\u0627 \u064a\u0639\u0632\u0632 \u0645\u0646 \u062c\u0627\u0630\u0628\u064a\u0629 \u0627\u0644\u0634\u0631\u0627\u0621.<\/li>\n\n\n\n<li><strong>\u062e\u064a\u0627\u0631\u0627\u062a \u0633\u0639\u0629 \u0645\u062a\u0639\u062f\u062f\u0629 \u0644\u062a\u0644\u0628\u064a\u0629 \u0627\u062d\u062a\u064a\u0627\u062c\u0627\u062a \u0627\u0644\u062a\u062e\u0632\u064a\u0646 \u0627\u0644\u0645\u062e\u062a\u0644\u0641\u0629:<\/strong> \u0645\u062a\u0648\u0641\u0631\u0629 \u0628\u0633\u0639\u0627\u062a \u0645\u062e\u062a\u0644\u0641\u0629\u060c \u0648\u0645\u0646\u0627\u0633\u0628\u0629 \u0644\u062a\u062e\u0632\u064a\u0646 \u0623\u0646\u0648\u0627\u0639 \u0645\u062e\u062a\u0644\u0641\u0629 \u0645\u0646 \u0627\u0644\u062d\u0628\u0648\u0628 \u0643\u0644 \u0639\u0644\u0649 \u062d\u062f\u0629\u060c \u0645\u0645\u0627 \u064a\u0633\u0647\u0644 \u0645\u062c\u0645\u0648\u0639\u0627\u062a \u0627\u0644\u0645\u062c\u0645\u0648\u0639\u0627\u062a \u0644\u0623\u0635\u062d\u0627\u0628 \u0627\u0644\u0639\u0644\u0627\u0645\u0627\u062a \u0627\u0644\u062a\u062c\u0627\u0631\u064a\u0629 \u0648\u062a\u062c\u0627\u0631 \u0627\u0644\u062c\u0645\u0644\u0629.<\/li>\n\n\n\n<li><strong>\u064a\u062f\u0639\u0645 \u062e\u062f\u0645\u0627\u062a \u062a\u062e\u0635\u064a\u0635 OEM\/ODM: <\/strong>\u062a\u062a\u0648\u0641\u0631 \u062e\u064a\u0627\u0631\u0627\u062a \u0627\u0644\u0633\u0639\u0629 \u0648\u0627\u0644\u0644\u0648\u0646 \u0648\u0627\u0644\u0634\u0639\u0627\u0631 \u0648\u0627\u0644\u062a\u063a\u0644\u064a\u0641 \u0627\u0644\u0642\u0627\u0628\u0644\u0629 \u0644\u0644\u062a\u062e\u0635\u064a\u0635\u060c \u0645\u0645\u0627 \u064a\u0633\u0627\u0639\u062f \u0627\u0644\u0639\u0645\u0644\u0627\u0621 \u0639\u0644\u0649 \u0625\u0646\u0634\u0627\u0621 \u062e\u0637\u0648\u0637 \u0645\u0646\u062a\u062c\u0627\u062a \u062a\u062e\u0632\u064a\u0646 \u062d\u0628\u0648\u0628 \u0645\u062a\u0645\u0627\u064a\u0632\u0629 \u0648\u062a\u0639\u0632\u064a\u0632 \u0627\u0644\u062a\u0639\u0631\u0641 \u0639\u0644\u0649 \u0627\u0644\u0639\u0644\u0627\u0645\u0629 \u0627\u0644\u062a\u062c\u0627\u0631\u064a\u0629.<\/li>\n\n\n\n<li><strong>\u0645\u0646\u0627\u0633\u0628\u0629 \u0644\u0644\u0634\u0631\u0627\u0621 \u0628\u0627\u0644\u062c\u0645\u0644\u0629\u060c \u0648\u062a\u0648\u0631\u064a\u062f \u0645\u0633\u062a\u0642\u0631 \u0648\u0645\u0648\u062b\u0648\u0642 \u0628\u0647<\/strong>: \u0647\u064a\u0643\u0644 \u0627\u0644\u0645\u0646\u062a\u062c \u0646\u0627\u0636\u062c \u0648\u0625\u0646\u062a\u0627\u062c\u0647 \u0645\u0633\u062a\u0642\u0631\u060c \u0645\u0645\u0627 \u064a\u062c\u0639\u0644\u0647 \u0645\u062b\u0627\u0644\u064a\u064b\u0627 \u0644\u0627\u062d\u062a\u064a\u0627\u062c\u0627\u062a \u0627\u0644\u0625\u0645\u062f\u0627\u062f \u0628\u0627\u0644\u062c\u0645\u0644\u0629 \u0639\u0644\u0649 \u0627\u0644\u0645\u062f\u0649 \u0627\u0644\u0637\u0648\u064a\u0644 \u0641\u064a \u062d\u0627\u0648\u064a\u0627\u062a \u062a\u062e\u0632\u064a\u0646 \u0627\u0644\u062d\u0628\u0648\u0628 \u0645\u062d\u0643\u0645\u0629 \u0627\u0644\u0625\u063a\u0644\u0627\u0642 \u0628\u0627\u0644\u062c\u0645\u0644\u0629.<\/li>\n\n\n\n<li><strong>\u062a\u0648\u0631\u064a\u062f \u0645\u0628\u0627\u0634\u0631 \u0645\u0646 \u0627\u0644\u0645\u0635\u0646\u0639\u060c \u0645\u064a\u0632\u0629 \u0643\u0628\u064a\u0631\u0629 \u0641\u064a \u0623\u0633\u0639\u0627\u0631 \u0627\u0644\u062c\u0645\u0644\u0629<\/strong>: \u064a\u0648\u0641\u0631 \u0646\u0638\u0627\u0645 \u0627\u0644\u0625\u0646\u062a\u0627\u062c \u0627\u0644\u062e\u0627\u0635 \u0628\u0646\u0627 \u0648\u0642\u062f\u0631\u062a\u0646\u0627 \u0627\u0644\u0645\u0633\u062a\u0642\u0631\u0629 \u0623\u0633\u0639\u0627\u0631 \u062c\u0645\u0644\u0629 \u062a\u0646\u0627\u0641\u0633\u064a\u0629 \u0644\u0644\u0645\u0635\u0646\u0639\u060c \u0645\u0645\u0627 \u064a\u0633\u0627\u0639\u062f \u0627\u0644\u0645\u0634\u062a\u0631\u064a\u0646 \u0639\u0644\u0649 \u0627\u0644\u062a\u062d\u0643\u0645 \u0641\u064a \u0627\u0644\u062a\u0643\u0627\u0644\u064a\u0641 \u0628\u0641\u0639\u0627\u0644\u064a\u0629.<\/li>\n<\/ul>\n<\/div>\n\n\n\n<div class=\"wp-block-column is-layout-flow wp-block-column-is-layout-flow\">\n<figure class=\"wp-block-image size-full\"><img decoding=\"async\" width=\"800\" height=\"800\" src=\"https:\/\/www.xhplasticlife.com\/wp-content\/uploads\/2026\/01\/Airtight-Grain-Storage-Containers-Wholesale-Supplier-5.webp\" alt=\"\u0645\u0648\u0631\u062f \u062d\u0627\u0648\u064a\u0627\u062a \u062a\u062e\u0632\u064a\u0646 \u0627\u0644\u062d\u0628\u0648\u0628 \u0645\u062d\u0643\u0645\u0629 \u0627\u0644\u0625\u063a\u0644\u0627\u0642 \u0628\u0627\u0644\u062c\u0645\u0644\u0629 (5)\" class=\"wp-image-2074\" srcset=\"https:\/\/www.xhplasticlife.com\/wp-content\/uploads\/2026\/01\/Airtight-Grain-Storage-Containers-Wholesale-Supplier-5.webp 800w, https:\/\/www.xhplasticlife.com\/wp-content\/uploads\/2026\/01\/Airtight-Grain-Storage-Containers-Wholesale-Supplier-5-300x300.webp 300w, https:\/\/www.xhplasticlife.com\/wp-content\/uploads\/2026\/01\/Airtight-Grain-Storage-Containers-Wholesale-Supplier-5-150x150.webp 150w, https:\/\/www.xhplasticlife.com\/wp-content\/uploads\/2026\/01\/Airtight-Grain-Storage-Containers-Wholesale-Supplier-5-768x768.webp 768w, https:\/\/www.xhplasticlife.com\/wp-content\/uploads\/2026\/01\/Airtight-Grain-Storage-Containers-Wholesale-Supplier-5-12x12.webp 12w, https:\/\/www.xhplasticlife.com\/wp-content\/uploads\/2026\/01\/Airtight-Grain-Storage-Containers-Wholesale-Supplier-5-600x600.webp 600w, https:\/\/www.xhplasticlife.com\/wp-content\/uploads\/2026\/01\/Airtight-Grain-Storage-Containers-Wholesale-Supplier-5-100x100.webp 100w\" sizes=\"(max-width: 800px) 100vw, 800px\" \/><\/figure>\n<\/div>\n<\/div>\n\n\n\n<h2 class=\"wp-block-heading\">\u062d\u0627\u0648\u064a\u0627\u062a \u062a\u062e\u0632\u064a\u0646 \u0627\u0644\u062d\u0628\u0648\u0628 \u0645\u062d\u0643\u0645\u0629 \u0627\u0644\u0625\u063a\u0644\u0627\u0642 \u0627\u0644\u062d\u062c\u0645:<\/h2>\n\n\n\n<figure class=\"wp-block-table is-style-stripes\"><table class=\"has-fixed-layout\"><tbody><tr><td>\u0627\u0644\u0637\u0631\u0627\u0632<\/td><td>\u0627\u0644\u0633\u0639\u0629<\/td><td>\u062d\u062c\u0645 \u0627\u0644\u062a\u0639\u0628\u0626\u0629<\/td><td>\u062c\u064a.\u062f\u0628\u0644\u064a\u0648\/\u062d\u0627\u0644\u0629<\/td><td>\u0623\u0628\u0639\u0627\u062f \u0627\u0644\u0645\u0646\u062a\u062c<\/td><td>\u062d\u062c\u0645 \u0627\u0644\u0635\u0646\u062f\u0648\u0642 \u0627\u0644\u062e\u0627\u0631\u062c\u064a<\/td><\/tr><tr><td>3040<\/td><td>1700 \u0645\u0644\u0644\u064a<\/td><td>60<\/td><td>11 \u0643\u062c\u0645<\/td><td>10.3 \u00d7 10.3 \u00d7 10.3 \u00d7 20.4 \u0633\u0645<\/td><td>53 \u00d7 43 \u00d7 43 \u00d7 63 \u0633\u0645<\/td><\/tr><tr><td>3041<\/td><td>1300 \u0645\u0644\u0644\u064a<\/td><td>80<\/td><td>11 \u0643\u062c\u0645<\/td><td>10.3 \u00d7 10.3 \u00d7 10.3 \u00d7 16.3 \u0633\u0645<\/td><td>53 \u00d7 45.45.5 \u00d7 56 \u0633\u0645<\/td><\/tr><tr><td>3042<\/td><td>800 \u0645\u0644\u0644\u064a<\/td><td>100<\/td><td>11 \u0643\u062c\u0645<\/td><td>10.3 \u00d7 10.3 \u00d7 10.3 \u00d7 20.4 \u0633\u0645<\/td><td>65\u00d736\u00d766 \u0633\u0645<\/td><\/tr><tr><td>3043<\/td><td>400 \u0645\u0644\u0644\u064a<\/td><td>120<\/td><td>10 \u0643\u062c\u0645<\/td><td>10.3 \u00d7 10.3 \u00d7 10.3 \u00d7 6.2 \u0633\u0645<\/td><td>57.5 \u00d7 41 \u00d7 75.5 \u0633\u0645<\/td><\/tr><\/tbody><\/table><\/figure>\n\n\n\n<div class=\"wp-block-columns is-layout-flex wp-container-core-columns-is-layout-9d6595d7 wp-block-columns-is-layout-flex\">\n<div class=\"wp-block-column is-layout-flow wp-block-column-is-layout-flow\">\n<figure class=\"wp-block-image size-full\"><img decoding=\"async\" width=\"630\" height=\"664\" src=\"https:\/\/www.xhplasticlife.com\/wp-content\/uploads\/2026\/01\/1700ML-Airtight-Grain-Storage-Containers-3040.webp\" alt=\"\u062d\u0627\u0648\u064a\u0627\u062a \u062a\u062e\u0632\u064a\u0646 \u0627\u0644\u062d\u0628\u0648\u0628 \u0645\u062d\u0643\u0645\u0629 \u0627\u0644\u0625\u063a\u0644\u0627\u0642 \u0628\u0633\u0639\u0629 1700 \u0645\u0644\u0644\u064a\u062a\u0631 - 3040\" class=\"wp-image-2069\" srcset=\"https:\/\/www.xhplasticlife.com\/wp-content\/uploads\/2026\/01\/1700ML-Airtight-Grain-Storage-Containers-3040.webp 630w, https:\/\/www.xhplasticlife.com\/wp-content\/uploads\/2026\/01\/1700ML-Airtight-Grain-Storage-Containers-3040-285x300.webp 285w, https:\/\/www.xhplasticlife.com\/wp-content\/uploads\/2026\/01\/1700ML-Airtight-Grain-Storage-Containers-3040-11x12.webp 11w, https:\/\/www.xhplasticlife.com\/wp-content\/uploads\/2026\/01\/1700ML-Airtight-Grain-Storage-Containers-3040-600x632.webp 600w\" sizes=\"(max-width: 630px) 100vw, 630px\" \/><\/figure>\n<\/div>\n\n\n\n<div class=\"wp-block-column is-layout-flow wp-block-column-is-layout-flow\">\n<figure class=\"wp-block-image size-full\"><img decoding=\"async\" width=\"734\" height=\"630\" src=\"https:\/\/www.xhplasticlife.com\/wp-content\/uploads\/2026\/01\/1300ML-Airtight-Grain-Storage-Containers-3041.webp\" alt=\"\u062d\u0627\u0648\u064a\u0627\u062a \u062a\u062e\u0632\u064a\u0646 \u0627\u0644\u062d\u0628\u0648\u0628 \u0645\u062d\u0643\u0645\u0629 \u0627\u0644\u0625\u063a\u0644\u0627\u0642 \u0628\u0633\u0639\u0629 1300 \u0645\u0644\u0644\u064a\u062a\u0631 -3041\" class=\"wp-image-2068\" srcset=\"https:\/\/www.xhplasticlife.com\/wp-content\/uploads\/2026\/01\/1300ML-Airtight-Grain-Storage-Containers-3041.webp 734w, https:\/\/www.xhplasticlife.com\/wp-content\/uploads\/2026\/01\/1300ML-Airtight-Grain-Storage-Containers-3041-300x257.webp 300w, https:\/\/www.xhplasticlife.com\/wp-content\/uploads\/2026\/01\/1300ML-Airtight-Grain-Storage-Containers-3041-14x12.webp 14w, https:\/\/www.xhplasticlife.com\/wp-content\/uploads\/2026\/01\/1300ML-Airtight-Grain-Storage-Containers-3041-600x515.webp 600w\" sizes=\"(max-width: 734px) 100vw, 734px\" \/><\/figure>\n<\/div>\n\n\n\n<div class=\"wp-block-column is-layout-flow wp-block-column-is-layout-flow\">\n<figure class=\"wp-block-image size-full\"><img decoding=\"async\" width=\"644\" height=\"548\" src=\"https:\/\/www.xhplasticlife.com\/wp-content\/uploads\/2026\/01\/800ML-Airtight-Grain-Storage-Containers-3042.webp\" alt=\"\u062d\u0627\u0648\u064a\u0627\u062a \u062a\u062e\u0632\u064a\u0646 \u0627\u0644\u062d\u0628\u0648\u0628 \u0645\u062d\u0643\u0645\u0629 \u0627\u0644\u0625\u063a\u0644\u0627\u0642 \u0628\u0633\u0639\u0629 800 \u0645\u0644\u0644\u064a\u062a\u0631 - 3042\" class=\"wp-image-2067\" srcset=\"https:\/\/www.xhplasticlife.com\/wp-content\/uploads\/2026\/01\/800ML-Airtight-Grain-Storage-Containers-3042.webp 644w, https:\/\/www.xhplasticlife.com\/wp-content\/uploads\/2026\/01\/800ML-Airtight-Grain-Storage-Containers-3042-300x255.webp 300w, https:\/\/www.xhplasticlife.com\/wp-content\/uploads\/2026\/01\/800ML-Airtight-Grain-Storage-Containers-3042-14x12.webp 14w, https:\/\/www.xhplasticlife.com\/wp-content\/uploads\/2026\/01\/800ML-Airtight-Grain-Storage-Containers-3042-600x511.webp 600w\" sizes=\"(max-width: 644px) 100vw, 644px\" \/><\/figure>\n<\/div>\n\n\n\n<div class=\"wp-block-column is-layout-flow wp-block-column-is-layout-flow\">\n<figure class=\"wp-block-image size-full\"><img decoding=\"async\" width=\"664\" height=\"532\" src=\"https:\/\/www.xhplasticlife.com\/wp-content\/uploads\/2026\/01\/400ML-Airtight-Grain-Storage-Containers-3043.webp\" alt=\"\u062d\u0627\u0648\u064a\u0627\u062a \u062a\u062e\u0632\u064a\u0646 \u0627\u0644\u062d\u0628\u0648\u0628 \u0645\u062d\u0643\u0645\u0629 \u0627\u0644\u0625\u063a\u0644\u0627\u0642 \u0633\u0639\u0629 400 \u0645\u0644\u0644\u064a\u062a\u0631 - 3043\" class=\"wp-image-2066\" srcset=\"https:\/\/www.xhplasticlife.com\/wp-content\/uploads\/2026\/01\/400ML-Airtight-Grain-Storage-Containers-3043.webp 664w, https:\/\/www.xhplasticlife.com\/wp-content\/uploads\/2026\/01\/400ML-Airtight-Grain-Storage-Containers-3043-300x240.webp 300w, https:\/\/www.xhplasticlife.com\/wp-content\/uploads\/2026\/01\/400ML-Airtight-Grain-Storage-Containers-3043-15x12.webp 15w, https:\/\/www.xhplasticlife.com\/wp-content\/uploads\/2026\/01\/400ML-Airtight-Grain-Storage-Containers-3043-600x481.webp 600w\" sizes=\"(max-width: 664px) 100vw, 664px\" \/><\/figure>\n<\/div>\n<\/div>","protected":false},"excerpt":{"rendered":"<p>\u0645\u0631\u062d\u0628\u064b\u0627 \u0628\u0643\u0645 \u0641\u064a \u0634\u0631\u0627\u0621 \u062d\u0627\u0648\u064a\u0627\u062a \u062a\u062e\u0632\u064a\u0646 \u0627\u0644\u062d\u0628\u0648\u0628 \u0645\u062d\u0643\u0645\u0629 \u0627\u0644\u0625\u063a\u0644\u0627\u0642 \u0628\u0627\u0644\u062c\u0645\u0644\u0629. \u0628\u0635\u0641\u062a\u0646\u0627 \u0634\u0631\u0643\u0629 \u0645\u062d\u062a\u0631\u0641\u0629 \u0641\u064a \u062a\u0635\u0646\u064a\u0639 \u0623\u0648\u0639\u064a\u0629 \u062a\u062e\u0632\u064a\u0646 \u0627\u0644\u0623\u063a\u0630\u064a\u0629 \u0627\u0644\u0628\u0644\u0627\u0633\u062a\u064a\u0643\u064a\u0629\u060c \u0641\u0625\u0646\u0646\u0627 \u0646\u0648\u0641\u0631 \u062d\u0627\u0648\u064a\u0627\u062a \u0645\u062a\u064a\u0646\u0629 \u0645\u062d\u0643\u0645\u0629 \u0627\u0644\u0625\u063a\u0644\u0627\u0642 \u0644\u062a\u062e\u0632\u064a\u0646 \u0627\u0644\u062d\u0628\u0648\u0628 \u0648\u0627\u0644\u0623\u063a\u0630\u064a\u0629 \u0627\u0644\u062c\u0627\u0641\u0629. \u062a\u0633\u0627\u0639\u062f \u0623\u0633\u0639\u0627\u0631 \u0627\u0644\u062c\u0645\u0644\u0629 \u0627\u0644\u0645\u0628\u0627\u0634\u0631\u0629 \u0645\u0646 \u0627\u0644\u0645\u0635\u0646\u0639\u060c \u0648\u062f\u0639\u0645 \u062a\u0635\u0646\u064a\u0639 \u0627\u0644\u0645\u0639\u062f\u0627\u062a \u0627\u0644\u0623\u0635\u0644\u064a\u0629\/\u0627\u0644\u062a\u0635\u0646\u064a\u0639 \u062d\u0633\u0628 \u0627\u0644\u0637\u0644\u0628\u060c \u0648\u0627\u0644\u0639\u064a\u0646\u0627\u062a \u0627\u0644\u0645\u062c\u0627\u0646\u064a\u0629 \u0627\u0644\u0645\u0634\u062a\u0631\u064a\u0646 \u0639\u0644\u0649 \u0627\u0644\u062d\u0635\u0648\u0644 \u0639\u0644\u0649 \u0645\u0635\u062f\u0631 \u0628\u0643\u0641\u0627\u0621\u0629.<\/p>\n<h2>\u0645\u0639\u0644\u0645\u0629 \u062d\u0627\u0648\u064a\u0627\u062a \u062a\u062e\u0632\u064a\u0646 \u0627\u0644\u062d\u0628\u0648\u0628 \u0627\u0644\u0645\u062d\u0643\u0645\u0629 \u0627\u0644\u0625\u063a\u0644\u0627\u0642<\/h2>\n<p><strong>\u0627\u0644\u0637\u0631\u0627\u0632<\/strong>: 3040-3043<br \/><strong>\u0627\u0633\u0645 \u0627\u0644\u0639\u0644\u0627\u0645\u0629 \u0627\u0644\u062a\u062c\u0627\u0631\u064a\u0629<\/strong>: \u0634\u064a\u0646\u063a\u0648\u064a<br \/><strong>\u0627\u0644\u0645\u0648\u0627\u062f<\/strong>: \u0628\u0627\u0621 \u0628\u0627\u0621\u00a0<br \/><strong>\u0627\u0644\u0644\u0648\u0646<\/strong>: \u0648\u0631\u062f\u064a\u060c \u0623\u0632\u0631\u0642<br \/><strong>\u0627\u0644\u062a\u0639\u0628\u0626\u0629: <\/strong>\u062d\u0642\u064a\u0628\u0629 OPP<br \/><strong>\u062a\u0635\u0646\u064a\u0639 \u0627\u0644\u0645\u0639\u062f\u0627\u062a \u0627\u0644\u0623\u0635\u0644\u064a\u0629\/\u0627\u0644\u062a\u0635\u0646\u064a\u0639 \u062d\u0633\u0628 \u0627\u0644\u0637\u0644\u0628<\/strong>: \u0645\u062a\u0627\u062d<br \/><strong>\u062e\u064a\u0627\u0631 \u0645\u062e\u0635\u0635 \u062d\u0633\u0628 \u0627\u0644\u0637\u0644\u0628<\/strong>: \u0627\u0644\u0644\u0648\u0646\/\u0627\u0644\u062d\u062c\u0645\/ \u0627\u0644\u0634\u0639\u0627\u0631\/\u0627\u0644\u062d\u0632\u0645\u0629<\/p>\n<h2>\u0645\u0646 \u0627\u0644\u0634\u0631\u0643\u0629 \u0627\u0644\u0645\u0635\u0646\u0639\u0629 \u0644\u062d\u0627\u0648\u064a\u0627\u062a \u062a\u062e\u0632\u064a\u0646 \u0627\u0644\u0637\u0639\u0627\u0645 :<\/h2>\n<p>\u062a\u0623\u0633\u0633\u062a \u0639\u0627\u0645 2000,<a href=\"https:\/\/www.xhplasticlife.com\/ar\/\">\u00a0<strong>\u0634\u064a\u0646\u063a\u0648\u064a<\/strong><\/a>\u00a0\u0645\u062a\u062e\u0635\u0635\u0629 \u0641\u064a \u0625\u0646\u062a\u0627\u062c \u0648\u0628\u064a\u0639 \u0635\u0646\u0627\u062f\u064a\u0642 \u0627\u0644\u063a\u062f\u0627\u0621 \u0648\u062d\u0627\u0648\u064a\u0627\u062a \u062a\u062e\u0632\u064a\u0646 \u0627\u0644\u0637\u0639\u0627\u0645 \u0648\u062d\u0627\u0648\u064a\u0627\u062a \u062a\u062e\u0632\u064a\u0646 \u0627\u0644\u0637\u0639\u0627\u0645 \u0648\u0623\u0648\u0627\u0646\u064a \u0627\u0644\u0645\u0634\u0631\u0648\u0628\u0627\u062a \u0648\u062d\u0627\u0648\u064a\u0627\u062a \u0627\u0644\u062a\u062e\u0632\u064a\u0646 \u0627\u0644\u0645\u0646\u0632\u0644\u064a\u0629 \u0648\u063a\u064a\u0631\u0647\u0627 \u0645\u0646 \u0627\u0644\u0645\u0646\u062a\u062c\u0627\u062a \u0627\u0644\u0628\u0644\u0627\u0633\u062a\u064a\u0643\u064a\u0629 \u0627\u0644\u064a\u0648\u0645\u064a\u0629. \u062a\u0648\u0641\u064a\u0631 \u062e\u062f\u0645\u0627\u062a \u062a\u0635\u0646\u064a\u0639 \u0627\u0644\u0645\u0639\u062f\u0627\u062a \u0627\u0644\u0623\u0635\u0644\u064a\u0629 \u0648\u062a\u0635\u0646\u064a\u0639 \u0627\u0644\u062a\u0635\u0645\u064a\u0645 \u0627\u0644\u0623\u0635\u0644\u064a \u0648\u062a\u0635\u0646\u064a\u0639 \u0627\u0644\u062a\u0635\u0645\u064a\u0645 \u0627\u0644\u0634\u062e\u0635\u064a \u0648\u062e\u062f\u0645\u0627\u062a \u0627\u0644\u0634\u0631\u0627\u0621 \u0639\u0628\u0631 \u0627\u0644\u0625\u0646\u062a\u0631\u0646\u062a \u0644\u0644\u0639\u0645\u0644\u0627\u0621.<\/p>","protected":false},"featured_media":2072,"comment_status":"closed","ping_status":"closed","template":"","meta":{"_acf_changed":false},"product_brand":[],"product_cat":[18],"product_tag":[],"class_list":{"0":"post-2065","1":"product","2":"type-product","3":"status-publish","4":"has-post-thumbnail","6":"product_cat-bulk-food-storage-container","8":"first","9":"instock","10":"shipping-taxable","11":"product-type-simple"},"acf":[],"_links":{"self":[{"href":"https:\/\/www.xhplasticlife.com\/ar\/wp-json\/wp\/v2\/product\/2065","targetHints":{"allow":["GET"]}}],"collection":[{"href":"https:\/\/www.xhplasticlife.com\/ar\/wp-json\/wp\/v2\/product"}],"about":[{"href":"https:\/\/www.xhplasticlife.com\/ar\/wp-json\/wp\/v2\/types\/product"}],"replies":[{"embeddable":true,"href":"https:\/\/www.xhplasticlife.com\/ar\/wp-json\/wp\/v2\/comments?post=2065"}],"wp:featuredmedia":[{"embeddable":true,"href":"https:\/\/www.xhplasticlife.com\/ar\/wp-json\/wp\/v2\/media\/2072"}],"wp:attachment":[{"href":"https:\/\/www.xhplasticlife.com\/ar\/wp-json\/wp\/v2\/media?parent=2065"}],"wp:term":[{"taxonomy":"product_brand","embeddable":true,"href":"https:\/\/www.xhplasticlife.com\/ar\/wp-json\/wp\/v2\/product_brand?post=2065"},{"taxonomy":"product_cat","embeddable":true,"href":"https:\/\/www.xhplasticlife.com\/ar\/wp-json\/wp\/v2\/product_cat?post=2065"},{"taxonomy":"product_tag","embeddable":true,"href":"https:\/\/www.xhplasticlife.com\/ar\/wp-json\/wp\/v2\/product_tag?post=2065"}],"curies":[{"name":"wp","href":"https:\/\/api.w.org\/{rel}","templated":true}]}}