{"id":2004,"date":"2026-01-07T03:12:11","date_gmt":"2026-01-07T03:12:11","guid":{"rendered":"https:\/\/www.xhplasticlife.com\/?post_type=product&#038;p=2004"},"modified":"2026-01-07T03:35:13","modified_gmt":"2026-01-07T03:35:13","slug":"large-rectangular-food-storage-containers","status":"publish","type":"product","link":"https:\/\/www.xhplasticlife.com\/ar\/product\/large-rectangular-food-storage-containers\/","title":{"rendered":"\u0627\u0644\u0634\u0631\u0643\u0629 \u0627\u0644\u0645\u0635\u0646\u0639\u0629 \u0644\u062d\u0627\u0648\u064a\u0627\u062a \u062a\u062e\u0632\u064a\u0646 \u0627\u0644\u0637\u0639\u0627\u0645 \u0627\u0644\u0645\u0633\u062a\u0637\u064a\u0644\u0629 \u0627\u0644\u0643\u0628\u064a\u0631\u0629 \u0628\u0627\u0644\u062c\u0645\u0644\u0629"},"content":{"rendered":"<div class=\"wp-block-columns is-layout-flex wp-container-core-columns-is-layout-9d6595d7 wp-block-columns-is-layout-flex\">\n<div class=\"wp-block-column is-layout-flow wp-block-column-is-layout-flow\">\n<h2 class=\"wp-block-heading\">\u0645\u062c\u0645\u0648\u0639\u0629 \u0639\u0644\u0628 \u062a\u062e\u0632\u064a\u0646 \u0627\u0644\u0637\u0639\u0627\u0645 \u0627\u0644\u0643\u0628\u064a\u0631\u0629 \u0627\u0644\u0645\u0633\u062a\u0637\u064a\u0644\u0629 \u0627\u0644\u0634\u0643\u0644 \u0645\u064a\u0632\u0627\u062a \u0627\u0644\u0645\u062c\u0645\u0648\u0639\u0629:<\/h2>\n\n\n\n<ul class=\"wp-block-list\">\n<li><strong>\u062a\u0635\u0645\u064a\u0645 \u0628\u0633\u0639\u0629 \u0643\u0628\u064a\u0631\u0629 \u062a\u0628\u0644\u063a 2.06 \u0644\u062a\u0631 \u0644\u062a\u0644\u0628\u064a\u0629 \u0627\u062d\u062a\u064a\u0627\u062c\u0627\u062a \u0625\u0639\u062f\u0627\u062f \u0627\u0644\u0648\u062c\u0628\u0627\u062a \u0639\u0627\u0644\u064a\u0629 \u0627\u0644\u062a\u0631\u062f\u062f<\/strong>. \u0645\u0646\u0627\u0633\u0628\u0629 \u0644\u0625\u0639\u062f\u0627\u062f \u0627\u0644\u0648\u062c\u0628\u0627\u062a \u0627\u0644\u0645\u0646\u0632\u0644\u064a\u0629\u060c \u0648\u0625\u0639\u062f\u0627\u062f \u0648\u062c\u0628\u0627\u062a \u0627\u0644\u0644\u064a\u0627\u0642\u0629 \u0627\u0644\u0628\u062f\u0646\u064a\u0629\u060c \u0648\u062a\u063a\u0644\u064a\u0641 \u0627\u0644\u0648\u062c\u0628\u0627\u062a \u0627\u0644\u062e\u0627\u0631\u062c\u064a\u0629\u060c \u0648\u0627\u0644\u0627\u0633\u062a\u062e\u062f\u0627\u0645 \u0627\u0644\u062a\u062c\u0627\u0631\u064a \u0641\u064a \u0627\u0644\u0645\u0637\u0627\u0628\u062e. \u062a\u0642\u0644\u0644 \u0627\u0644\u0633\u0639\u0629 \u0627\u0644\u0643\u0628\u064a\u0631\u0629 \u0645\u0646 \u0639\u062f\u062f \u0639\u0645\u0644\u064a\u0627\u062a \u0625\u0639\u0627\u062f\u0629 \u0627\u0644\u062a\u0639\u0628\u0626\u0629 \u0648\u0627\u0644\u062a\u063a\u0644\u064a\u0641\u060c \u0645\u0645\u0627 \u064a\u062d\u0633\u0646 \u0645\u0646 \u062a\u062c\u0631\u0628\u0629 \u0627\u0644\u0645\u0633\u062a\u062e\u062f\u0645 \u0627\u0644\u0646\u0647\u0627\u0626\u064a. \u0645\u062b\u0627\u0644\u064a\u0629 \u0644\u0645\u0634\u0627\u0631\u064a\u0639 \u0627\u0644\u0628\u064a\u0639 \u0628\u0627\u0644\u062c\u0645\u0644\u0629 \u0644\u062d\u0627\u0648\u064a\u0627\u062a \u062a\u062e\u0632\u064a\u0646 \u0627\u0644\u0637\u0639\u0627\u0645 \u0627\u0644\u0645\u0633\u062a\u0637\u064a\u0644\u0629 \u0627\u0644\u0643\u0628\u064a\u0631\u0629 \u0637\u0648\u064a\u0644\u0629 \u0627\u0644\u0623\u062c\u0644.<\/li>\n\n\n\n<li><strong>\u0645\u0627\u062f\u0629 \u0627\u0644\u0628\u0648\u0644\u064a \u0628\u0631\u0648\u0628\u064a\u0644\u064a\u0646 \u0628\u0648\u0644\u064a \u0628\u0631\u0648\u0628\u064a\u0644\u064a\u0646 \u0627\u0644\u062e\u0627\u0644\u064a\u0629 \u0645\u0646 \u0645\u0627\u062f\u0629 BPA \u0627\u0644\u062e\u0627\u0644\u064a\u0629 \u0645\u0646 \u0645\u0627\u062f\u0629 BPA\u060c \u0622\u0645\u0646\u0629 \u0648\u0645\u062a\u064a\u0646\u0629. <\/strong>\u0645\u0635\u0646\u0648\u0639\u0629 \u0645\u0646 \u0645\u0627\u062f\u0629 \u0627\u0644\u0628\u0648\u0644\u064a \u0628\u0631\u0648\u0628\u064a\u0644\u064a\u0646 \u0628\u0648\u0644\u064a \u0628\u0631\u0648\u0628\u064a\u0644\u064a\u0646 \u0634\u0641\u0627\u0641\u0629 \u0639\u0627\u0644\u064a\u0629 \u0627\u0644\u062c\u0648\u062f\u0629\u060c \u062e\u0627\u0644\u064a\u0629 \u0645\u0646 \u0645\u0627\u062f\u0629 BPA\u060c \u0639\u062f\u064a\u0645\u0629 \u0627\u0644\u0631\u0627\u0626\u062d\u0629\u060c \u0648\u0645\u0642\u0627\u0648\u0645\u0629 \u0644\u0644\u0635\u062f\u0645\u0627\u062a \u0627\u0644\u062d\u0631\u0627\u0631\u064a\u0629\u060c \u0648\u0645\u0646\u0627\u0633\u0628\u0629 \u0644\u0644\u0627\u0633\u062a\u062e\u062f\u0627\u0645 \u0627\u0644\u0645\u062a\u0643\u0631\u0631. \u0643\u0634\u0631\u0643\u0629 \u0645\u0635\u0646\u0650\u0651\u0639\u0629 \u0645\u062d\u062a\u0631\u0641\u0629 \u0644\u062d\u0627\u0648\u064a\u0627\u062a \u0627\u0644\u0637\u0639\u0627\u0645 \u0627\u0644\u0645\u062e\u0635\u0635\u0629 \u0644\u0625\u0639\u062f\u0627\u062f \u0627\u0644\u0648\u062c\u0628\u0627\u062a \u0627\u0644\u0645\u0635\u0646\u0648\u0639\u0629 \u0645\u0646 \u0627\u0644\u0628\u0648\u0644\u064a \u0628\u0631\u0648\u0628\u064a\u0644\u064a\u0646 \u0628\u0648\u0644\u064a \u0628\u0631\u0648\u0628\u064a\u0644\u064a\u0646 PP\u060c \u0641\u0625\u0646\u0646\u0627 \u0646\u0644\u062a\u0632\u0645 \u0628\u0635\u0631\u0627\u0645\u0629 \u0628\u0645\u0639\u0627\u064a\u064a\u0631 \u0633\u0644\u0627\u0645\u0629 \u0645\u0644\u0627\u0645\u0633\u0629 \u0627\u0644\u0637\u0639\u0627\u0645.<\/li>\n\n\n\n<li><strong>\u0622\u0645\u0646 \u0644\u0644\u0627\u0633\u062a\u062e\u062f\u0627\u0645 \u0641\u064a \u0627\u0644\u0645\u0627\u064a\u0643\u0631\u0648\u0648\u064a\u0641\/\u0627\u0644\u062b\u0644\u0627\u062c\u0629 \u0644\u0645\u0632\u064a\u062f \u0645\u0646 \u0627\u0644\u0645\u0631\u0648\u0646\u0629.<\/strong> \u064a\u062f\u0639\u0645 \u0643\u0644\u0627\u064b \u0645\u0646 \u0627\u0644\u062a\u0634\u063a\u064a\u0644 \u0627\u0644\u0622\u0645\u0646 \u0641\u064a \u0627\u0644\u0645\u064a\u0643\u0631\u0648\u0648\u064a\u0641 \u0648\u0627\u0644\u0645\u062c\u0645\u062f\u060c \u0645\u0645\u0627 \u064a\u0633\u0647\u0644 \u0625\u0639\u062f\u0627\u062f \u0627\u0644\u0648\u062c\u0628\u0627\u062a \u0645\u0633\u0628\u0642\u064b\u0627 \u0648\u0627\u0644\u062a\u0628\u0631\u064a\u062f \u0648\u0627\u0644\u062a\u062c\u0645\u064a\u062f \u0648\u0625\u0639\u0627\u062f\u0629 \u0627\u0644\u062a\u0633\u062e\u064a\u0646 \u0627\u0644\u0633\u0631\u064a\u0639\u060c \u0645\u0645\u0627 \u064a\u063a\u0637\u064a \u0633\u064a\u0646\u0627\u0631\u064a\u0648\u0647\u0627\u062a \u0645\u062e\u062a\u0644\u0641\u0629 \u0644\u062a\u062e\u0632\u064a\u0646 \u0627\u0644\u0637\u0639\u0627\u0645 \u0648\u062a\u0633\u062e\u064a\u0646\u0647.<\/li>\n\n\n\n<li><strong>\u064a\u0642\u0644\u0644 \u0627\u0644\u0647\u064a\u0643\u0644 \u0627\u0644\u0642\u0627\u0628\u0644 \u0644\u0644\u062a\u0643\u062f\u064a\u0633 \u0645\u0646 \u062a\u0643\u0627\u0644\u064a\u0641 \u0627\u0644\u062a\u062e\u0632\u064a\u0646 \u0648\u0627\u0644\u0646\u0642\u0644.<\/strong> \u064a\u0639\u0645\u0644 \u0627\u0644\u062a\u0635\u0645\u064a\u0645 \u0627\u0644\u0642\u0627\u0628\u0644 \u0644\u0644\u062a\u0643\u062f\u064a\u0633 \u0639\u0644\u0649 \u062a\u0633\u0647\u064a\u0644 \u0627\u0644\u062a\u0643\u062f\u064a\u0633 \u0627\u0644\u0623\u0646\u064a\u0642 \u0648\u062a\u0648\u0641\u064a\u0631 \u0645\u0633\u0627\u062d\u0629 \u0627\u0644\u0645\u0633\u062a\u0648\u062f\u0639\u0627\u062a \u0648\u0627\u0644\u062e\u062f\u0645\u0627\u062a \u0627\u0644\u0644\u0648\u062c\u0633\u062a\u064a\u0629\u060c \u0645\u0645\u0627 \u064a\u0633\u0627\u0639\u062f \u0627\u0644\u0645\u0634\u062a\u0631\u064a\u0646 \u0639\u0644\u0649 \u0627\u0644\u062a\u062d\u0643\u0645 \u0628\u0641\u0639\u0627\u0644\u064a\u0629 \u0641\u064a \u062a\u0643\u0627\u0644\u064a\u0641 \u0627\u0644\u0634\u0631\u0627\u0621 \u0628\u0627\u0644\u062c\u0645\u0644\u0629 \u0648\u0627\u0644\u062a\u0648\u0631\u064a\u062f \u0637\u0648\u064a\u0644 \u0627\u0644\u0623\u062c\u0644.<\/li>\n\n\n\n<li><strong>\u0635\u0646\u062f\u0648\u0642 \u0634\u0641\u0627\u0641 \u0644\u0631\u0624\u064a\u0629 \u0648\u0627\u0636\u062d\u0629 \u0644\u0644\u0645\u062d\u062a\u0648\u064a\u0627\u062a.<\/strong> \u064a\u0633\u0647\u0644 \u062a\u0635\u0645\u064a\u0645 PP \u0627\u0644\u0648\u0627\u0636\u062d \u0627\u0644\u062a\u0639\u0631\u0641 \u0627\u0644\u0633\u0631\u064a\u0639 \u0639\u0644\u0649 \u0623\u0646\u0648\u0627\u0639 \u0627\u0644\u0637\u0639\u0627\u0645 \u0648\u0627\u0644\u0643\u0645\u064a\u0627\u062a \u0627\u0644\u0645\u062a\u0628\u0642\u064a\u0629\u060c \u0645\u0639 \u062a\u0639\u0632\u064a\u0632 \u0639\u0631\u0636 \u0627\u0644\u062a\u062c\u0632\u0626\u0629 \u0648\u062a\u062c\u0631\u0628\u0629 \u0627\u0644\u0645\u0633\u062a\u062e\u062f\u0645 \u0627\u0644\u0646\u0647\u0627\u0626\u064a.<\/li>\n\n\n\n<li><strong>\u0623\u0637\u0642\u0645 \u0645\u0631\u0646\u0629 2\/3\/4 \u0642\u0637\u0639 \u0645\u0646\u0627\u0633\u0628\u0629 \u0644\u0644\u0645\u0628\u064a\u0639\u0627\u062a \u0645\u062a\u0639\u062f\u062f\u0629 \u0627\u0644\u0642\u0646\u0648\u0627\u062a. <\/strong>\u062a\u0644\u0628\u064a \u0623\u062d\u062c\u0627\u0645 \u0627\u0644\u0645\u062c\u0645\u0648\u0639\u0627\u062a \u0627\u0644\u0645\u062a\u0639\u062f\u062f\u0629 \u0627\u062d\u062a\u064a\u0627\u062c\u0627\u062a \u0645\u062e\u062a\u0644\u0641 \u0627\u0644\u0623\u0633\u0648\u0627\u0642 \u0648\u0642\u0646\u0648\u0627\u062a \u0627\u0644\u0628\u064a\u0639\u060c \u0645\u0645\u0627 \u064a\u0633\u0647\u0644 \u0639\u0644\u0649 \u0627\u0644\u0639\u0644\u0627\u0645\u0627\u062a \u0627\u0644\u062a\u062c\u0627\u0631\u064a\u0629 \u0625\u0646\u0634\u0627\u0621 \u0647\u064a\u0627\u0643\u0644 \u0645\u0646\u062a\u062c\u0627\u062a \u0645\u062a\u0639\u062f\u062f\u0629 \u0648\u062d\u062f\u0627\u062a \u0625\u0646\u062a\u0627\u062c \u0645\u062a\u0639\u062f\u062f\u0629.<\/li>\n\n\n\n<li><strong>\u062a\u062a\u0648\u0641\u0631 \u062e\u062f\u0645\u0627\u062a \u0627\u0644\u062a\u062e\u0635\u064a\u0635 \u062d\u0633\u0628 \u0627\u0644\u0637\u0644\u0628\/\u0627\u0644\u062a\u0635\u0646\u064a\u0639 \u062d\u0633\u0628 \u0627\u0644\u0637\u0644\u0628<\/strong>. \u062a\u0633\u0627\u0639\u062f \u0645\u062c\u0645\u0648\u0639\u0627\u062a \u0627\u0644\u0633\u0639\u0629 \u0648\u0627\u0644\u0623\u0644\u0648\u0627\u0646 \u0648\u0627\u0644\u0634\u0639\u0627\u0631\u0627\u062a \u0648\u062d\u0644\u0648\u0644 \u0627\u0644\u062a\u0639\u0628\u0626\u0629 \u0648\u0627\u0644\u062a\u063a\u0644\u064a\u0641 \u0627\u0644\u0642\u0627\u0628\u0644\u0629 \u0644\u0644\u062a\u062e\u0635\u064a\u0635 \u0627\u0644\u0639\u0645\u0644\u0627\u0621 \u0639\u0644\u0649 \u0625\u0646\u0634\u0627\u0621 \u062e\u0637\u0648\u0637 \u0625\u0646\u062a\u0627\u062c \u062d\u0627\u0648\u064a\u0627\u062a \u0637\u0639\u0627\u0645 \u0645\u062e\u0635\u0635\u0629 \u0644\u0644\u0648\u062c\u0628\u0627\u062a \u0627\u0644\u062c\u0627\u0647\u0632\u0629 \u0644\u0644\u0648\u062c\u0628\u0627\u062a PP.<\/li>\n<\/ul>\n<\/div>\n\n\n\n<div class=\"wp-block-column is-layout-flow wp-block-column-is-layout-flow\">\n<figure class=\"wp-block-image size-full\"><img decoding=\"async\" width=\"750\" height=\"750\" src=\"https:\/\/www.xhplasticlife.com\/wp-content\/uploads\/2026\/01\/Large-Rectangular-Food-Storage-Containers-Wholesale-4.webp\" alt=\"\u062d\u0627\u0648\u064a\u0627\u062a \u062a\u062e\u0632\u064a\u0646 \u0637\u0639\u0627\u0645 \u0643\u0628\u064a\u0631\u0629 \u0645\u0633\u062a\u0637\u064a\u0644\u0629 \u0627\u0644\u0634\u0643\u0644 \u0628\u0627\u0644\u062c\u0645\u0644\u0629 (4)\" class=\"wp-image-2011\" srcset=\"https:\/\/www.xhplasticlife.com\/wp-content\/uploads\/2026\/01\/Large-Rectangular-Food-Storage-Containers-Wholesale-4.webp 750w, https:\/\/www.xhplasticlife.com\/wp-content\/uploads\/2026\/01\/Large-Rectangular-Food-Storage-Containers-Wholesale-4-300x300.webp 300w, https:\/\/www.xhplasticlife.com\/wp-content\/uploads\/2026\/01\/Large-Rectangular-Food-Storage-Containers-Wholesale-4-150x150.webp 150w, https:\/\/www.xhplasticlife.com\/wp-content\/uploads\/2026\/01\/Large-Rectangular-Food-Storage-Containers-Wholesale-4-12x12.webp 12w, https:\/\/www.xhplasticlife.com\/wp-content\/uploads\/2026\/01\/Large-Rectangular-Food-Storage-Containers-Wholesale-4-600x600.webp 600w, https:\/\/www.xhplasticlife.com\/wp-content\/uploads\/2026\/01\/Large-Rectangular-Food-Storage-Containers-Wholesale-4-100x100.webp 100w\" sizes=\"(max-width: 750px) 100vw, 750px\" \/><\/figure>\n<\/div>\n<\/div>\n\n\n\n<h2 class=\"wp-block-heading\">\u062d\u0627\u0648\u064a\u0627\u062a \u062a\u062e\u0632\u064a\u0646 \u0627\u0644\u0645\u062c\u0645\u062f\u0627\u062a \u0627\u0644\u0633\u0627\u0626\u0628\u0629 \u0627\u0644\u062d\u062c\u0645:<\/h2>\n\n\n\n<figure class=\"wp-block-table is-style-stripes\"><table class=\"has-fixed-layout\"><tbody><tr><td>\u0627\u0644\u0637\u0631\u0627\u0632<\/td><td>\u0627\u0644\u0633\u0639\u0629<\/td><td>\u0623\u0628\u0639\u0627\u062f \u0627\u0644\u0645\u0646\u062a\u062c<\/td><td>\u062c\u064a.\u062f\u0628\u0644\u064a\u0648\/\u062d\u0627\u0644\u0629<\/td><td>\u0627\u0644\u0643\u0645\u064a\u0629 \u0644\u0643\u0644 \u0639\u0644\u0628\u0629<\/td><td>\u062d\u062c\u0645 \u0627\u0644\u0635\u0646\u062f\u0648\u0642 \u0627\u0644\u062e\u0627\u0631\u062c\u064a<\/td><\/tr><tr><td>3320<\/td><td>2060 \u0645\u0644\u0644\u064a\/ 1 \u0642\u0637\u0639\u0629<\/td><td>23\u00d715\u00d710.5 \u0633\u0645<\/td><td>17.2 \u0643\u062c\u0645<\/td><td>54 \u0642\u0637\u0639\u0629<\/td><td>72\u00d748\u00d760 \u0633\u0645<\/td><\/tr><tr><td>3321<\/td><td>2060 \u0645\u0644\u0644\u064a\/ 1 \u0642\u0637\u0639\u0629<\/td><td>23 \u00d7 15 \u00d7 13 \u0633\u0645<\/td><td>17.7 \u0643\u062c\u0645<\/td><td>45 \u0642\u0637\u0639\u0629<\/td><td>72\u00d748\u00d760 \u0633\u0645<\/td><\/tr><tr><td>3322<\/td><td>2060 \u0645\u0644\u0644\u064a\/ 1 \u0642\u0637\u0639\u0629<\/td><td>23 \u00d7 15 \u00d7 15 \u00d7 15 \u0633\u0645<\/td><td>14 \u0643\u062c\u0645<\/td><td>36 \u0642\u0637\u0639\u0629<\/td><td>72\u00d748\u00d760 \u0633\u0645<\/td><\/tr><\/tbody><\/table><\/figure>\n\n\n\n<div class=\"wp-block-columns is-layout-flex wp-container-core-columns-is-layout-9d6595d7 wp-block-columns-is-layout-flex\">\n<div class=\"wp-block-column is-layout-flow wp-block-column-is-layout-flow\"><div class=\"wp-block-image\">\n<figure class=\"aligncenter size-full\"><img decoding=\"async\" width=\"800\" height=\"800\" src=\"https:\/\/www.xhplasticlife.com\/wp-content\/uploads\/2026\/01\/Large-Rectangular-Food-Storage-Containers-2PCS-SKU-01.webp\" alt=\"\u062d\u0627\u0648\u064a\u0627\u062a \u062a\u062e\u0632\u064a\u0646 \u0637\u0639\u0627\u0645 \u0643\u0628\u064a\u0631\u0629 \u0645\u0633\u062a\u0637\u064a\u0644\u0629 \u0627\u0644\u0634\u0643\u0644 2 \u0642\u0637\u0639\u0629 - SKU-01\" class=\"wp-image-2005\" srcset=\"https:\/\/www.xhplasticlife.com\/wp-content\/uploads\/2026\/01\/Large-Rectangular-Food-Storage-Containers-2PCS-SKU-01.webp 800w, https:\/\/www.xhplasticlife.com\/wp-content\/uploads\/2026\/01\/Large-Rectangular-Food-Storage-Containers-2PCS-SKU-01-300x300.webp 300w, https:\/\/www.xhplasticlife.com\/wp-content\/uploads\/2026\/01\/Large-Rectangular-Food-Storage-Containers-2PCS-SKU-01-150x150.webp 150w, https:\/\/www.xhplasticlife.com\/wp-content\/uploads\/2026\/01\/Large-Rectangular-Food-Storage-Containers-2PCS-SKU-01-768x768.webp 768w, https:\/\/www.xhplasticlife.com\/wp-content\/uploads\/2026\/01\/Large-Rectangular-Food-Storage-Containers-2PCS-SKU-01-12x12.webp 12w, https:\/\/www.xhplasticlife.com\/wp-content\/uploads\/2026\/01\/Large-Rectangular-Food-Storage-Containers-2PCS-SKU-01-600x600.webp 600w, https:\/\/www.xhplasticlife.com\/wp-content\/uploads\/2026\/01\/Large-Rectangular-Food-Storage-Containers-2PCS-SKU-01-100x100.webp 100w\" sizes=\"(max-width: 800px) 100vw, 800px\" \/><figcaption class=\"wp-element-caption\">3320<\/figcaption><\/figure>\n<\/div><\/div>\n\n\n\n<div class=\"wp-block-column is-layout-flow wp-block-column-is-layout-flow\"><div class=\"wp-block-image\">\n<figure class=\"aligncenter size-full\"><img decoding=\"async\" width=\"800\" height=\"800\" src=\"https:\/\/www.xhplasticlife.com\/wp-content\/uploads\/2026\/01\/Large-Rectangular-Food-Storage-Containers-3PCS-SKU-02.webp\" alt=\"\u062d\u0627\u0648\u064a\u0627\u062a \u062a\u062e\u0632\u064a\u0646 \u0637\u0639\u0627\u0645 \u0643\u0628\u064a\u0631\u0629 \u0645\u0633\u062a\u0637\u064a\u0644\u0629 \u0627\u0644\u0634\u0643\u0644 3 \u0642\u0637\u0639 - SKU-02\" class=\"wp-image-2006\" srcset=\"https:\/\/www.xhplasticlife.com\/wp-content\/uploads\/2026\/01\/Large-Rectangular-Food-Storage-Containers-3PCS-SKU-02.webp 800w, https:\/\/www.xhplasticlife.com\/wp-content\/uploads\/2026\/01\/Large-Rectangular-Food-Storage-Containers-3PCS-SKU-02-300x300.webp 300w, https:\/\/www.xhplasticlife.com\/wp-content\/uploads\/2026\/01\/Large-Rectangular-Food-Storage-Containers-3PCS-SKU-02-150x150.webp 150w, https:\/\/www.xhplasticlife.com\/wp-content\/uploads\/2026\/01\/Large-Rectangular-Food-Storage-Containers-3PCS-SKU-02-768x768.webp 768w, https:\/\/www.xhplasticlife.com\/wp-content\/uploads\/2026\/01\/Large-Rectangular-Food-Storage-Containers-3PCS-SKU-02-12x12.webp 12w, https:\/\/www.xhplasticlife.com\/wp-content\/uploads\/2026\/01\/Large-Rectangular-Food-Storage-Containers-3PCS-SKU-02-600x600.webp 600w, https:\/\/www.xhplasticlife.com\/wp-content\/uploads\/2026\/01\/Large-Rectangular-Food-Storage-Containers-3PCS-SKU-02-100x100.webp 100w\" sizes=\"(max-width: 800px) 100vw, 800px\" \/><figcaption class=\"wp-element-caption\">3321<\/figcaption><\/figure>\n<\/div><\/div>\n\n\n\n<div class=\"wp-block-column is-layout-flow wp-block-column-is-layout-flow\"><div class=\"wp-block-image\">\n<figure class=\"aligncenter size-full\"><img decoding=\"async\" width=\"800\" height=\"800\" src=\"https:\/\/www.xhplasticlife.com\/wp-content\/uploads\/2026\/01\/Large-Rectangular-Food-Storage-Containers-3PCS-SKU-03.webp\" alt=\"\u0639\u0628\u0648\u0627\u062a \u062a\u062e\u0632\u064a\u0646 \u0637\u0639\u0627\u0645 \u0643\u0628\u064a\u0631\u0629 \u0645\u0633\u062a\u0637\u064a\u0644\u0629 \u0627\u0644\u0634\u0643\u0644 3 \u0642\u0637\u0639 - SKU-03\" class=\"wp-image-2007\" srcset=\"https:\/\/www.xhplasticlife.com\/wp-content\/uploads\/2026\/01\/Large-Rectangular-Food-Storage-Containers-3PCS-SKU-03.webp 800w, https:\/\/www.xhplasticlife.com\/wp-content\/uploads\/2026\/01\/Large-Rectangular-Food-Storage-Containers-3PCS-SKU-03-300x300.webp 300w, https:\/\/www.xhplasticlife.com\/wp-content\/uploads\/2026\/01\/Large-Rectangular-Food-Storage-Containers-3PCS-SKU-03-150x150.webp 150w, https:\/\/www.xhplasticlife.com\/wp-content\/uploads\/2026\/01\/Large-Rectangular-Food-Storage-Containers-3PCS-SKU-03-768x768.webp 768w, https:\/\/www.xhplasticlife.com\/wp-content\/uploads\/2026\/01\/Large-Rectangular-Food-Storage-Containers-3PCS-SKU-03-12x12.webp 12w, https:\/\/www.xhplasticlife.com\/wp-content\/uploads\/2026\/01\/Large-Rectangular-Food-Storage-Containers-3PCS-SKU-03-600x600.webp 600w, https:\/\/www.xhplasticlife.com\/wp-content\/uploads\/2026\/01\/Large-Rectangular-Food-Storage-Containers-3PCS-SKU-03-100x100.webp 100w\" sizes=\"(max-width: 800px) 100vw, 800px\" \/><figcaption class=\"wp-element-caption\">3323<\/figcaption><\/figure>\n<\/div><\/div>\n<\/div>\n\n\n\n<p><\/p>","protected":false},"excerpt":{"rendered":"<p data-start=\"443\" data-end=\"722\">\u0645\u0631\u062d\u0628\u064b\u0627 \u0628\u0643\u0645 \u0641\u064a \u0634\u0631\u0627\u0621 \u062d\u0627\u0648\u064a\u0627\u062a \u062a\u062e\u0632\u064a\u0646 \u0627\u0644\u0637\u0639\u0627\u0645 \u0627\u0644\u0645\u0633\u062a\u0637\u064a\u0644\u0629 \u0627\u0644\u0643\u0628\u064a\u0631\u0629 \u0628\u0627\u0644\u062c\u0645\u0644\u0629. \u0623\u0637\u0642\u0645 \u062d\u0627\u0648\u064a\u0627\u062a \u0637\u0639\u0627\u0645 PP \u0634\u0641\u0627\u0641\u0629 \u062e\u0627\u0644\u064a\u0629 \u0645\u0646 \u0645\u0627\u062f\u0629 BPA \u062e\u0627\u0644\u064a\u0629 \u0645\u0646 \u0645\u0627\u062f\u0629 BPA \u0648\u062e\u0627\u0644\u064a\u0629 \u0645\u0646 \u0645\u0627\u062f\u0629 BPA\u060c \u0648\u0622\u0645\u0646\u0629 \u0641\u064a \u0627\u0644\u0645\u064a\u0643\u0631\u0648\u0648\u064a\u0641\u060c \u0648\u0642\u0627\u0628\u0644\u0629 \u0644\u0644\u062a\u0643\u062f\u064a\u0633 \u0648\u0622\u0645\u0646\u0629 \u0641\u064a \u0627\u0644\u0645\u062c\u0645\u062f. \u0643\u0634\u0631\u0643\u0629 \u0645\u0635\u0646\u0650\u0651\u0639\u0629 \u0644\u062d\u0627\u0648\u064a\u0627\u062a \u0627\u0644\u0637\u0639\u0627\u0645 \u0627\u0644\u062c\u0627\u0647\u0632\u0629 \u0644\u0644\u0648\u062c\u0628\u0627\u062a PP \u0627\u0644\u0645\u062e\u0635\u0635\u0629 \u0644\u0644\u0648\u062c\u0628\u0627\u062a\u060c \u0646\u0642\u062f\u0645 \u0623\u0633\u0639\u0627\u0631 \u0627\u0644\u062c\u0645\u0644\u0629 \u0648\u0639\u064a\u0646\u0627\u062a \u0645\u062c\u0627\u0646\u064a\u0629.<\/p>\n<h2>\u0645\u0639\u0644\u0645\u0629 \u062d\u0627\u0648\u064a\u0627\u062a \u062a\u062e\u0632\u064a\u0646 \u0627\u0644\u0637\u0639\u0627\u0645 \u0627\u0644\u0643\u0628\u064a\u0631\u0629 \u0627\u0644\u0645\u0633\u062a\u0637\u064a\u0644\u0629 \u0627\u0644\u0634\u0643\u0644 \u0627\u0644\u0645\u0639\u0644\u0645\u0629<\/h2>\n<p><strong>\u0627\u0644\u0637\u0631\u0627\u0632<\/strong>: 3320-3323<br \/><strong>\u0627\u0633\u0645 \u0627\u0644\u0639\u0644\u0627\u0645\u0629 \u0627\u0644\u062a\u062c\u0627\u0631\u064a\u0629<\/strong>: \u0634\u064a\u0646\u063a\u0648\u064a<br \/><strong>\u0627\u0644\u0645\u0648\u0627\u062f<\/strong>: PP + PET<br \/><strong>\u0627\u0644\u0644\u0648\u0646<\/strong>: \u0623\u062e\u0636\u0631 + \u0634\u0641\u0627\u0641<br \/><strong>\u0627\u0644\u062a\u0639\u0628\u0626\u0629: <\/strong>\u0627\u0644\u0645\u0632\u0627\u064a\u062f\u0629 \u0627\u0644\u0648\u0631\u0642\u064a\u0629<br \/><strong>\u062a\u0635\u0646\u064a\u0639 \u0627\u0644\u0645\u0639\u062f\u0627\u062a \u0627\u0644\u0623\u0635\u0644\u064a\u0629\/\u0627\u0644\u062a\u0635\u0646\u064a\u0639 \u062d\u0633\u0628 \u0627\u0644\u0637\u0644\u0628<\/strong>: \u0645\u062a\u0627\u062d<br \/><strong>\u062e\u064a\u0627\u0631 \u0645\u062e\u0635\u0635 \u062d\u0633\u0628 \u0627\u0644\u0637\u0644\u0628<\/strong>: \u0627\u0644\u0644\u0648\u0646\/\u0627\u0644\u062d\u062c\u0645\/ \u0627\u0644\u0634\u0639\u0627\u0631\/\u0627\u0644\u062d\u0632\u0645\u0629<\/p>\n<h2>\u0645\u0646 \u0627\u0644\u0634\u0631\u0643\u0629 \u0627\u0644\u0645\u0635\u0646\u0639\u0629 \u0644\u062d\u0627\u0648\u064a\u0627\u062a \u062a\u062e\u0632\u064a\u0646 \u0627\u0644\u0637\u0639\u0627\u0645 :<\/h2>\n<p>\u062a\u0623\u0633\u0633\u062a \u0639\u0627\u0645 2000,<a href=\"https:\/\/www.xhplasticlife.com\/ar\/\">\u00a0<strong>\u0634\u064a\u0646\u063a\u0648\u064a<\/strong><\/a>\u00a0\u0645\u062a\u062e\u0635\u0635\u0629 \u0641\u064a \u0625\u0646\u062a\u0627\u062c \u0648\u0628\u064a\u0639 \u0635\u0646\u0627\u062f\u064a\u0642 \u0627\u0644\u063a\u062f\u0627\u0621 \u0648\u062d\u0627\u0648\u064a\u0627\u062a \u062a\u062e\u0632\u064a\u0646 \u0627\u0644\u0637\u0639\u0627\u0645 \u0648\u062d\u0627\u0648\u064a\u0627\u062a \u062a\u062e\u0632\u064a\u0646 \u0627\u0644\u0637\u0639\u0627\u0645 \u0648\u0623\u0648\u0627\u0646\u064a \u0627\u0644\u0645\u0634\u0631\u0648\u0628\u0627\u062a \u0648\u062d\u0627\u0648\u064a\u0627\u062a \u0627\u0644\u062a\u062e\u0632\u064a\u0646 \u0627\u0644\u0645\u0646\u0632\u0644\u064a\u0629 \u0648\u063a\u064a\u0631\u0647\u0627 \u0645\u0646 \u0627\u0644\u0645\u0646\u062a\u062c\u0627\u062a \u0627\u0644\u0628\u0644\u0627\u0633\u062a\u064a\u0643\u064a\u0629 \u0627\u0644\u064a\u0648\u0645\u064a\u0629. \u062a\u0648\u0641\u064a\u0631 \u062e\u062f\u0645\u0627\u062a \u062a\u0635\u0646\u064a\u0639 \u0627\u0644\u0645\u0639\u062f\u0627\u062a \u0627\u0644\u0623\u0635\u0644\u064a\u0629 \u0648\u062a\u0635\u0646\u064a\u0639 \u0627\u0644\u062a\u0635\u0645\u064a\u0645 \u0627\u0644\u0623\u0635\u0644\u064a \u0648\u062a\u0635\u0646\u064a\u0639 \u0627\u0644\u062a\u0635\u0645\u064a\u0645 \u0627\u0644\u0634\u062e\u0635\u064a \u0648\u062e\u062f\u0645\u0627\u062a \u0627\u0644\u0634\u0631\u0627\u0621 \u0639\u0628\u0631 \u0627\u0644\u0625\u0646\u062a\u0631\u0646\u062a \u0644\u0644\u0639\u0645\u0644\u0627\u0621.<\/p>","protected":false},"featured_media":2013,"comment_status":"closed","ping_status":"closed","template":"","meta":{"_acf_changed":false},"product_brand":[],"product_cat":[18],"product_tag":[],"class_list":{"0":"post-2004","1":"product","2":"type-product","3":"status-publish","4":"has-post-thumbnail","6":"product_cat-bulk-food-storage-container","8":"first","9":"instock","10":"shipping-taxable","11":"product-type-simple"},"acf":[],"_links":{"self":[{"href":"https:\/\/www.xhplasticlife.com\/ar\/wp-json\/wp\/v2\/product\/2004","targetHints":{"allow":["GET"]}}],"collection":[{"href":"https:\/\/www.xhplasticlife.com\/ar\/wp-json\/wp\/v2\/product"}],"about":[{"href":"https:\/\/www.xhplasticlife.com\/ar\/wp-json\/wp\/v2\/types\/product"}],"replies":[{"embeddable":true,"href":"https:\/\/www.xhplasticlife.com\/ar\/wp-json\/wp\/v2\/comments?post=2004"}],"wp:featuredmedia":[{"embeddable":true,"href":"https:\/\/www.xhplasticlife.com\/ar\/wp-json\/wp\/v2\/media\/2013"}],"wp:attachment":[{"href":"https:\/\/www.xhplasticlife.com\/ar\/wp-json\/wp\/v2\/media?parent=2004"}],"wp:term":[{"taxonomy":"product_brand","embeddable":true,"href":"https:\/\/www.xhplasticlife.com\/ar\/wp-json\/wp\/v2\/product_brand?post=2004"},{"taxonomy":"product_cat","embeddable":true,"href":"https:\/\/www.xhplasticlife.com\/ar\/wp-json\/wp\/v2\/product_cat?post=2004"},{"taxonomy":"product_tag","embeddable":true,"href":"https:\/\/www.xhplasticlife.com\/ar\/wp-json\/wp\/v2\/product_tag?post=2004"}],"curies":[{"name":"wp","href":"https:\/\/api.w.org\/{rel}","templated":true}]}}