{"id":1988,"date":"2026-01-07T02:10:08","date_gmt":"2026-01-07T01:47:08","guid":{"rendered":"https:\/\/www.xhplasticlife.com\/?post_type=product&#038;p=1988"},"modified":"2026-01-07T03:05:59","modified_gmt":"2026-01-07T03:05:59","slug":"bulk-square-food-containers-supplier","status":"publish","type":"product","link":"https:\/\/www.xhplasticlife.com\/ar\/product\/bulk-square-food-containers-supplier\/","title":{"rendered":"\u0645\u0648\u0631\u062f \u062d\u0627\u0648\u064a\u0627\u062a \u0637\u0639\u0627\u0645 \u0645\u0631\u0628\u0639\u0629 \u0627\u0644\u0634\u0643\u0644\u060c \u0645\u062c\u0645\u0648\u0639\u0629 \u062d\u0627\u0648\u064a\u0627\u062a \u062a\u062e\u0632\u064a\u0646 \u062e\u0627\u0644\u064a\u0629 \u0645\u0646 \u0645\u0627\u062f\u0629 BPA"},"content":{"rendered":"<div class=\"wp-block-columns is-layout-flex wp-container-core-columns-is-layout-9d6595d7 wp-block-columns-is-layout-flex\">\n<div class=\"wp-block-column is-layout-flow wp-block-column-is-layout-flow\">\n<h2 class=\"wp-block-heading\">\u062d\u0627\u0648\u064a\u0627\u062a \u0637\u0639\u0627\u0645 \u0645\u0631\u0628\u0639\u0629 \u0627\u0644\u0634\u0643\u0644 \u0645\u0631\u0628\u0639\u0629 \u0627\u0644\u062d\u062c\u0645 \u0627\u0644\u0645\u064a\u0632\u0627\u062a:<\/h2>\n\n\n\n<ul class=\"wp-block-list\">\n<li><strong>\u0628\u0644\u0627\u0633\u062a\u064a\u0643 \u062e\u0627\u0644\u064d \u0645\u0646 \u0645\u0627\u062f\u0629 BPA \u0627\u0644\u062e\u0627\u0644\u064a\u0629 \u0645\u0646 \u0645\u0627\u062f\u0629 BPA \u0627\u0644\u063a\u0630\u0627\u0626\u064a\u0629 \u0648\u0623\u0643\u062b\u0631 \u0623\u0645\u0627\u0646\u064b\u0627 \u0648\u0645\u0648\u062b\u0648\u0642\u064a\u0629<\/strong>: \u0645\u0635\u0646\u0648\u0639\u0629 \u0645\u0646 \u0645\u0648\u0627\u062f \u062e\u0627\u0644\u064a\u0629 \u0645\u0646 \u0645\u0627\u062f\u0629 BPA \u0627\u0644\u062a\u064a \u062a\u0644\u0628\u064a \u0645\u0639\u0627\u064a\u064a\u0631 \u0645\u0644\u0627\u0645\u0633\u0629 \u0627\u0644\u0637\u0639\u0627\u0645\u060c \u0647\u0630\u0647 \u0627\u0644\u062d\u0627\u0648\u064a\u0629 \u0639\u062f\u064a\u0645\u0629 \u0627\u0644\u0631\u0627\u0626\u062d\u0629 \u0648\u0645\u062a\u064a\u0646\u0629 \u0648\u0645\u0646\u0627\u0633\u0628\u0629 \u0644\u0644\u0627\u0633\u062a\u062e\u062f\u0627\u0645 \u0627\u0644\u0645\u062a\u0643\u0631\u0631 \u0639\u0644\u0649 \u0627\u0644\u0645\u062f\u0649 \u0627\u0644\u0637\u0648\u064a\u0644. \u0628\u0635\u0641\u062a\u0646\u0627 \u0645\u0648\u0631\u062f\u064b\u0627 \u0645\u062d\u062a\u0631\u0641\u064b\u0627 \u0644\u0645\u062c\u0645\u0648\u0639\u0627\u062a \u062d\u0627\u0648\u064a\u0627\u062a \u062a\u062e\u0632\u064a\u0646 \u0627\u0644\u0637\u0639\u0627\u0645 \u0627\u0644\u0628\u0644\u0627\u0633\u062a\u064a\u0643\u064a\u0629 \u0627\u0644\u062e\u0627\u0644\u064a\u0629 \u0645\u0646 BPA\u060c \u0641\u0625\u0646\u0646\u0627 \u0646\u0644\u062a\u0632\u0645 \u0628\u0635\u0631\u0627\u0645\u0629 \u0628\u0645\u0639\u0627\u064a\u064a\u0631 \u0633\u0644\u0627\u0645\u0629 \u0627\u0644\u0623\u063a\u0630\u064a\u0629.<\/li>\n\n\n\n<li><strong>\u062a\u0635\u0645\u064a\u0645 \u0647\u064a\u0643\u0644 \u0645\u0631\u0628\u0639 \u0644\u0627\u0633\u062a\u063a\u0644\u0627\u0644 \u0623\u0639\u0644\u0649 \u0644\u0644\u0645\u0633\u0627\u062d\u0629:<\/strong> \u064a\u0633\u0647\u0651\u0644 \u0627\u0644\u0634\u0643\u0644 \u0627\u0644\u0645\u0631\u0628\u0639 \u0648\u0636\u0639\u0647 \u0628\u0634\u0643\u0644 \u0623\u0646\u064a\u0642 \u0641\u064a \u0627\u0644\u062b\u0644\u0627\u062c\u0627\u062a \u0648\u062e\u0632\u0627\u0626\u0646 \u0627\u0644\u062a\u062e\u0632\u064a\u0646\u060c \u0645\u0645\u0627 \u064a\u0648\u0641\u0631 \u0645\u0633\u0627\u062d\u0629 \u0623\u0643\u0628\u0631 \u0645\u0646 \u0627\u0644\u062d\u0627\u0648\u064a\u0627\u062a \u0627\u0644\u062f\u0627\u0626\u0631\u064a\u0629\u060c \u0645\u0645\u0627 \u064a\u062c\u0639\u0644\u0647 \u0645\u0646\u0627\u0633\u0628\u064b\u0627 \u0644\u0633\u064a\u0646\u0627\u0631\u064a\u0648\u0647\u0627\u062a \u0625\u0639\u062f\u0627\u062f \u0627\u0644\u0648\u062c\u0628\u0627\u062a \u0641\u064a \u0643\u0644 \u0645\u0646 \u0627\u0644\u0645\u0637\u0627\u0628\u062e \u0627\u0644\u0645\u0646\u0632\u0644\u064a\u0629 \u0648\u0627\u0644\u062a\u062c\u0627\u0631\u064a\u0629.<\/li>\n\n\n\n<li><strong>\u0645\u0646\u0627\u0633\u0628\u0629 \u0644\u0625\u0639\u062f\u0627\u062f \u0627\u0644\u0648\u062c\u0628\u0627\u062a \u0648\u062a\u062c\u0647\u064a\u0632\u0647\u0627 \u0628\u0634\u0643\u0644 \u0623\u0643\u062b\u0631 \u0643\u0641\u0627\u0621\u0629 \u0641\u064a \u0627\u0644\u062a\u0642\u0633\u064a\u0645:<\/strong> \u062a\u0633\u0645\u062d \u0627\u0644\u0633\u0639\u0629 \u0627\u0644\u0645\u0639\u0642\u0648\u0644\u0629 \u0628\u062a\u062d\u0636\u064a\u0631 \u0627\u0644\u0648\u062c\u0628\u0627\u062a \u0645\u0633\u0628\u0642\u064b\u0627 \u0628\u0634\u0643\u0644 \u0645\u0631\u064a\u062d \u0648\u0627\u0644\u062a\u062d\u0643\u0645 \u0641\u064a \u0627\u0644\u062d\u0635\u0635 \u0627\u0644\u063a\u0630\u0627\u0626\u064a\u0629\u060c \u0645\u0645\u0627 \u064a\u0644\u0628\u064a \u0627\u062d\u062a\u064a\u0627\u062c\u0627\u062a \u0648\u062c\u0628\u0627\u062a \u0627\u0644\u0644\u064a\u0627\u0642\u0629 \u0627\u0644\u0628\u062f\u0646\u064a\u0629 \u0648\u0627\u0644\u0639\u0627\u0645\u0644\u064a\u0646 \u0641\u064a \u0627\u0644\u0645\u0643\u0627\u062a\u0628 \u0648\u0625\u0639\u062f\u0627\u062f \u0627\u0644\u0648\u062c\u0628\u0627\u062a \u0627\u0644\u062e\u0627\u0631\u062c\u064a\u0629\u060c \u0645\u0645\u0627 \u064a\u0639\u0632\u0632 \u062a\u062c\u0631\u0628\u0629 \u0627\u0644\u0645\u0633\u062a\u062e\u062f\u0645 \u0627\u0644\u0646\u0647\u0627\u0626\u064a.<\/li>\n\n\n\n<li><strong>\u062a\u0635\u0645\u064a\u0645 \u0642\u0627\u0628\u0644 \u0644\u0644\u062a\u0643\u062f\u064a\u0633 \u064a\u0642\u0644\u0644 \u0645\u0646 \u062a\u0643\u0627\u0644\u064a\u0641 \u0627\u0644\u062a\u062e\u0632\u064a\u0646 \u0648\u0627\u0644\u062e\u062f\u0645\u0627\u062a \u0627\u0644\u0644\u0648\u062c\u0633\u062a\u064a\u0629:<\/strong> \u064a\u062f\u0639\u0645 \u0627\u0644\u062a\u0643\u062f\u064a\u0633 \u0627\u0644\u0645\u0633\u062a\u0642\u0631\u060c \u0645\u0645\u0627 \u064a\u0648\u0641\u0631 \u0645\u0633\u0627\u062d\u0629 \u0627\u0644\u0645\u0633\u062a\u0648\u062f\u0639\u0627\u062a \u0648\u0627\u0644\u0646\u0642\u0644\u060c \u0648\u0647\u0648 \u0645\u062b\u0627\u0644\u064a \u0644\u0644\u0634\u0631\u0627\u0621 \u0628\u0627\u0644\u062c\u0645\u0644\u0629 \u0648\u0646\u0645\u0627\u0630\u062c \u0627\u0644\u062a\u0648\u0631\u064a\u062f \u0637\u0648\u064a\u0644\u0629 \u0627\u0644\u0623\u062c\u0644 \u0644\u0645\u0648\u0631\u062f\u064a \u062d\u0627\u0648\u064a\u0627\u062a \u0627\u0644\u0623\u063a\u0630\u064a\u0629 \u0627\u0644\u0645\u0631\u0628\u0639\u0629 \u0627\u0644\u0633\u0627\u0626\u0628\u0629.<\/li>\n\n\n\n<li>\u0647\u064a\u0643\u0644 \u0627\u0644\u0635\u0646\u062f\u0648\u0642 \u0627\u0644\u0634\u0641\u0627\u0641\u060c \u0639\u0631\u0636 \u0627\u0644\u0645\u062d\u062a\u0648\u064a\u0627\u062a \u0628\u0648\u0636\u0648\u062d: \u064a\u0633\u0645\u062d \u0627\u0644\u062a\u0635\u0645\u064a\u0645 \u0627\u0644\u0648\u0627\u0636\u062d \u0648\u0627\u0644\u0645\u0631\u0626\u064a \u0628\u0627\u0644\u062a\u0639\u0631\u0641 \u0627\u0644\u0633\u0631\u064a\u0639 \u0639\u0644\u0649 \u0623\u0646\u0648\u0627\u0639 \u0627\u0644\u0637\u0639\u0627\u0645 \u0648\u0627\u0644\u0643\u0645\u064a\u0627\u062a \u0627\u0644\u0645\u062a\u0628\u0642\u064a\u0629\u060c \u0645\u0645\u0627 \u064a\u0633\u0627\u0639\u062f \u0623\u064a\u0636\u064b\u0627 \u0641\u064a \u0639\u0631\u0636\u0647\u0627 \u0644\u0644\u0628\u064a\u0639 \u0628\u0627\u0644\u062a\u062c\u0632\u0626\u0629 \u0648\u062a\u062d\u0648\u064a\u0644 \u0627\u0644\u0645\u0628\u064a\u0639\u0627\u062a.<\/li>\n\n\n\n<li><strong>\u062f\u0639\u0645 \u062a\u062e\u0635\u064a\u0635 OEM \/ ODM: <\/strong>\u062a\u0633\u0627\u0639\u062f \u062a\u0631\u0643\u064a\u0628\u0627\u062a \u0627\u0644\u0633\u0639\u0629 \u0648\u0627\u0644\u0623\u0644\u0648\u0627\u0646 \u0648\u0627\u0644\u0634\u0639\u0627\u0631\u0627\u062a \u0648\u0627\u0644\u062a\u063a\u0644\u064a\u0641 \u0627\u0644\u0642\u0627\u0628\u0644\u0629 \u0644\u0644\u062a\u062e\u0635\u064a\u0635 \u0627\u0644\u0639\u0645\u0644\u0627\u0621 \u0639\u0644\u0649 \u0625\u0646\u0634\u0627\u0621 \u0645\u062c\u0645\u0648\u0639\u0627\u062a \u062d\u0627\u0648\u064a\u0627\u062a \u062a\u062e\u0632\u064a\u0646 \u0637\u0639\u0627\u0645 \u0628\u0644\u0627\u0633\u062a\u064a\u0643\u064a\u0629 \u0645\u062e\u0635\u0635\u0629 \u062e\u0627\u0644\u064a\u0629 \u0645\u0646 \u0645\u0627\u062f\u0629 BPA.<\/li>\n\n\n\n<li><strong>\u062a\u0648\u0631\u064a\u062f \u0645\u0628\u0627\u0634\u0631 \u0645\u0646 \u0627\u0644\u0645\u0635\u0646\u0639\u060c \u0648\u0623\u0633\u0639\u0627\u0631 \u0645\u0633\u062a\u0642\u0631\u0629 \u0648\u062a\u0646\u0627\u0641\u0633\u064a\u0629<\/strong>: \u0645\u0639 \u0646\u0638\u0627\u0645 \u0627\u0644\u0625\u0646\u062a\u0627\u062c \u0627\u0644\u0646\u0627\u0636\u062c \u0648\u0627\u0644\u0642\u062f\u0631\u0629 \u0627\u0644\u0645\u0633\u062a\u0642\u0631\u0629\u060c \u0646\u0642\u062f\u0645 \u0623\u0633\u0639\u0627\u0631 \u0627\u0644\u0645\u0635\u0646\u0639 \u0628\u0627\u0644\u062c\u0645\u0644\u0629\u060c \u0645\u0645\u0627 \u064a\u0633\u0627\u0639\u062f \u0627\u0644\u0645\u0634\u062a\u0631\u064a\u0646 \u0639\u0644\u0649 \u0627\u0644\u062a\u062d\u0643\u0645 \u0641\u064a \u0627\u0644\u062a\u0643\u0627\u0644\u064a\u0641 \u0648\u062a\u0639\u0632\u064a\u0632 \u0627\u0644\u0642\u062f\u0631\u0629 \u0627\u0644\u062a\u0646\u0627\u0641\u0633\u064a\u0629 \u0641\u064a \u0627\u0644\u0633\u0648\u0642.<\/li>\n<\/ul>\n<\/div>\n\n\n\n<div class=\"wp-block-column is-layout-flow wp-block-column-is-layout-flow\">\n<figure class=\"wp-block-image size-full\"><img decoding=\"async\" width=\"750\" height=\"750\" src=\"https:\/\/www.xhplasticlife.com\/wp-content\/uploads\/2026\/01\/Wholesale-Square-Food-Containers-Fctory-Supplier.webp\" alt=\"\u0645\u0648\u0631\u062f \u062d\u0627\u0648\u064a\u0627\u062a \u0623\u063a\u0630\u064a\u0629 \u0645\u0631\u0628\u0639\u0629 \u0627\u0644\u0634\u0643\u0644 \u0645\u0631\u0628\u0639\u0629 \u0627\u0644\u0634\u0643\u0644 \u0628\u0627\u0644\u062c\u0645\u0644\u0629\" class=\"wp-image-1995\" srcset=\"https:\/\/www.xhplasticlife.com\/wp-content\/uploads\/2026\/01\/Wholesale-Square-Food-Containers-Fctory-Supplier.webp 750w, https:\/\/www.xhplasticlife.com\/wp-content\/uploads\/2026\/01\/Wholesale-Square-Food-Containers-Fctory-Supplier-300x300.webp 300w, https:\/\/www.xhplasticlife.com\/wp-content\/uploads\/2026\/01\/Wholesale-Square-Food-Containers-Fctory-Supplier-150x150.webp 150w, https:\/\/www.xhplasticlife.com\/wp-content\/uploads\/2026\/01\/Wholesale-Square-Food-Containers-Fctory-Supplier-12x12.webp 12w, https:\/\/www.xhplasticlife.com\/wp-content\/uploads\/2026\/01\/Wholesale-Square-Food-Containers-Fctory-Supplier-600x600.webp 600w, https:\/\/www.xhplasticlife.com\/wp-content\/uploads\/2026\/01\/Wholesale-Square-Food-Containers-Fctory-Supplier-100x100.webp 100w\" sizes=\"(max-width: 750px) 100vw, 750px\" \/><\/figure>\n<\/div>\n<\/div>\n\n\n\n<h2 class=\"wp-block-heading\">\u062d\u0627\u0648\u064a\u0627\u062a \u062a\u062e\u0632\u064a\u0646 \u0627\u0644\u0645\u062c\u0645\u062f\u0627\u062a \u0627\u0644\u0633\u0627\u0626\u0628\u0629 \u0627\u0644\u062d\u062c\u0645:<\/h2>\n\n\n\n<figure class=\"wp-block-table is-style-stripes\"><table class=\"has-fixed-layout\"><tbody><tr><td>\u0627\u0644\u0637\u0631\u0627\u0632<\/td><td>\u0627\u0644\u0633\u0639\u0629<\/td><td>\u0623\u0628\u0639\u0627\u062f \u0627\u0644\u0645\u0646\u062a\u062c<\/td><td>\u062c\u064a.\u062f\u0628\u0644\u064a\u0648\/\u062d\u0627\u0644\u0629<\/td><td>\u0627\u0644\u0643\u0645\u064a\u0629 \u0644\u0643\u0644 \u0639\u0644\u0628\u0629<\/td><td>\u062d\u062c\u0645 \u0627\u0644\u0635\u0646\u062f\u0648\u0642 \u0627\u0644\u062e\u0627\u0631\u062c\u064a<\/td><\/tr><tr><td>3323<\/td><td>650 \u0645\u0644\u0644\u064a\/ 1 \u0642\u0637\u0639\u0629<\/td><td>13.5 \u00d7 13 \u00d7 8.5 \u0633\u0645<\/td><td>15.4 \u0643\u062c\u0645<\/td><td>120 \u0642\u0637\u0639\u0629<\/td><td>70\u00d742\u00d761 \u0633\u0645<\/td><\/tr><tr><td>3324<\/td><td>650 \u0645\u0644\u0644\u064a\/ 1 \u0642\u0637\u0639\u0629<\/td><td>13.5 \u00d7 13 \u00d7 13 \u00d7 10.5 \u0633\u0645<\/td><td>16.6 \u0643\u062c\u0645<\/td><td>90 \u0642\u0637\u0639\u0629<\/td><td>70\u00d742\u00d759 \u0633\u0645<\/td><\/tr><tr><td>3325<\/td><td>650 \u0645\u0644\u0644\u064a\/ 1 \u0642\u0637\u0639\u0629<\/td><td>13.5 \u00d7 13 \u00d7 12.5 \u0633\u0645<\/td><td>16 \u0643\u062c\u0645<\/td><td>75 \u0642\u0637\u0639\u0629<\/td><td>68x41x59 \u0633\u0645<\/td><\/tr><\/tbody><\/table><\/figure>\n\n\n\n<div class=\"wp-block-columns is-layout-flex wp-container-core-columns-is-layout-9d6595d7 wp-block-columns-is-layout-flex\">\n<div class=\"wp-block-column is-layout-flow wp-block-column-is-layout-flow\">\n<figure class=\"wp-block-image size-full\"><img decoding=\"async\" width=\"800\" height=\"800\" src=\"https:\/\/www.xhplasticlife.com\/wp-content\/uploads\/2026\/01\/Wholesale-Square-Food-Containers-2pcs-SKU-04.webp\" alt=\"\u062d\u0627\u0648\u064a\u0627\u062a \u0637\u0639\u0627\u0645 \u0645\u0631\u0628\u0639\u0629 \u0627\u0644\u0634\u0643\u0644 \u0628\u0627\u0644\u062c\u0645\u0644\u0629 - 2 \u0642\u0637\u0639\u0629 - SKU-04\" class=\"wp-image-1992\" srcset=\"https:\/\/www.xhplasticlife.com\/wp-content\/uploads\/2026\/01\/Wholesale-Square-Food-Containers-2pcs-SKU-04.webp 800w, https:\/\/www.xhplasticlife.com\/wp-content\/uploads\/2026\/01\/Wholesale-Square-Food-Containers-2pcs-SKU-04-300x300.webp 300w, https:\/\/www.xhplasticlife.com\/wp-content\/uploads\/2026\/01\/Wholesale-Square-Food-Containers-2pcs-SKU-04-150x150.webp 150w, https:\/\/www.xhplasticlife.com\/wp-content\/uploads\/2026\/01\/Wholesale-Square-Food-Containers-2pcs-SKU-04-768x768.webp 768w, https:\/\/www.xhplasticlife.com\/wp-content\/uploads\/2026\/01\/Wholesale-Square-Food-Containers-2pcs-SKU-04-12x12.webp 12w, https:\/\/www.xhplasticlife.com\/wp-content\/uploads\/2026\/01\/Wholesale-Square-Food-Containers-2pcs-SKU-04-600x600.webp 600w, https:\/\/www.xhplasticlife.com\/wp-content\/uploads\/2026\/01\/Wholesale-Square-Food-Containers-2pcs-SKU-04-100x100.webp 100w\" sizes=\"(max-width: 800px) 100vw, 800px\" \/><figcaption class=\"wp-element-caption\">3323<\/figcaption><\/figure>\n<\/div>\n\n\n\n<div class=\"wp-block-column is-layout-flow wp-block-column-is-layout-flow\">\n<figure class=\"wp-block-image size-full\"><img decoding=\"async\" width=\"800\" height=\"800\" src=\"https:\/\/www.xhplasticlife.com\/wp-content\/uploads\/2026\/01\/Wholesale-Square-Food-Containers-3pcs-SKU-05.webp\" alt=\"\u062d\u0627\u0648\u064a\u0627\u062a \u0637\u0639\u0627\u0645 \u0645\u0631\u0628\u0639\u0629 \u0627\u0644\u0634\u0643\u0644 \u0628\u0627\u0644\u062c\u0645\u0644\u0629 - 3 \u0642\u0637\u0639 -SKU-05\" class=\"wp-image-1993\" srcset=\"https:\/\/www.xhplasticlife.com\/wp-content\/uploads\/2026\/01\/Wholesale-Square-Food-Containers-3pcs-SKU-05.webp 800w, https:\/\/www.xhplasticlife.com\/wp-content\/uploads\/2026\/01\/Wholesale-Square-Food-Containers-3pcs-SKU-05-300x300.webp 300w, https:\/\/www.xhplasticlife.com\/wp-content\/uploads\/2026\/01\/Wholesale-Square-Food-Containers-3pcs-SKU-05-150x150.webp 150w, https:\/\/www.xhplasticlife.com\/wp-content\/uploads\/2026\/01\/Wholesale-Square-Food-Containers-3pcs-SKU-05-768x768.webp 768w, https:\/\/www.xhplasticlife.com\/wp-content\/uploads\/2026\/01\/Wholesale-Square-Food-Containers-3pcs-SKU-05-12x12.webp 12w, https:\/\/www.xhplasticlife.com\/wp-content\/uploads\/2026\/01\/Wholesale-Square-Food-Containers-3pcs-SKU-05-600x600.webp 600w, https:\/\/www.xhplasticlife.com\/wp-content\/uploads\/2026\/01\/Wholesale-Square-Food-Containers-3pcs-SKU-05-100x100.webp 100w\" sizes=\"(max-width: 800px) 100vw, 800px\" \/><figcaption class=\"wp-element-caption\">3324<\/figcaption><\/figure>\n<\/div>\n\n\n\n<div class=\"wp-block-column is-layout-flow wp-block-column-is-layout-flow\"><div class=\"wp-block-image\">\n<figure class=\"aligncenter size-full\"><img decoding=\"async\" width=\"800\" height=\"800\" src=\"https:\/\/www.xhplasticlife.com\/wp-content\/uploads\/2026\/01\/Wholesale-Square-Food-Containers-4pcs-SKU-06.webp\" alt=\"\u062d\u0627\u0648\u064a\u0627\u062a \u0637\u0639\u0627\u0645 \u0645\u0631\u0628\u0639\u0629 \u0627\u0644\u0634\u0643\u0644 \u0628\u0627\u0644\u062c\u0645\u0644\u0629 - 4 \u0642\u0637\u0639 - SKU-06\" class=\"wp-image-1994\" srcset=\"https:\/\/www.xhplasticlife.com\/wp-content\/uploads\/2026\/01\/Wholesale-Square-Food-Containers-4pcs-SKU-06.webp 800w, https:\/\/www.xhplasticlife.com\/wp-content\/uploads\/2026\/01\/Wholesale-Square-Food-Containers-4pcs-SKU-06-300x300.webp 300w, https:\/\/www.xhplasticlife.com\/wp-content\/uploads\/2026\/01\/Wholesale-Square-Food-Containers-4pcs-SKU-06-150x150.webp 150w, https:\/\/www.xhplasticlife.com\/wp-content\/uploads\/2026\/01\/Wholesale-Square-Food-Containers-4pcs-SKU-06-768x768.webp 768w, https:\/\/www.xhplasticlife.com\/wp-content\/uploads\/2026\/01\/Wholesale-Square-Food-Containers-4pcs-SKU-06-12x12.webp 12w, https:\/\/www.xhplasticlife.com\/wp-content\/uploads\/2026\/01\/Wholesale-Square-Food-Containers-4pcs-SKU-06-600x600.webp 600w, https:\/\/www.xhplasticlife.com\/wp-content\/uploads\/2026\/01\/Wholesale-Square-Food-Containers-4pcs-SKU-06-100x100.webp 100w\" sizes=\"(max-width: 800px) 100vw, 800px\" \/><figcaption class=\"wp-element-caption\">3325<\/figcaption><\/figure>\n<\/div><\/div>\n<\/div>","protected":false},"excerpt":{"rendered":"<p data-start=\"443\" data-end=\"722\">\u0645\u0631\u062d\u0628\u064b\u0627 \u0628\u0643\u0645 \u0641\u064a \u0634\u0631\u0627\u0621 \u0645\u0648\u0631\u062f \u062d\u0627\u0648\u064a\u0627\u062a \u0627\u0644\u0637\u0639\u0627\u0645 \u0627\u0644\u0645\u0631\u0628\u0639\u0629 \u0627\u0644\u0633\u0627\u0626\u0628\u0629. \u0646\u062d\u0646 \u0646\u0642\u062f\u0645 \u0623\u0637\u0642\u0645 \u062d\u0627\u0648\u064a\u0627\u062a \u062a\u062e\u0632\u064a\u0646 \u0637\u0639\u0627\u0645 \u0628\u0644\u0627\u0633\u062a\u064a\u0643\u064a\u0629 \u0645\u0631\u0628\u0639\u0629 \u0628\u0644\u0627\u0633\u062a\u064a\u0643\u064a\u0629 \u062e\u0627\u0644\u064a\u0629 \u0645\u0646 BPA \u0644\u0625\u0639\u062f\u0627\u062f \u0627\u0644\u0648\u062c\u0628\u0627\u062a. \u0628\u0635\u0641\u062a\u0646\u0627 \u0634\u0631\u0643\u0629 \u0645\u0635\u0646\u0639\u0629 \u0644\u0645\u062c\u0645\u0648\u0639\u0629 \u062d\u0627\u0648\u064a\u0627\u062a \u062a\u062e\u0632\u064a\u0646 \u0627\u0644\u0637\u0639\u0627\u0645 \u0627\u0644\u0628\u0644\u0627\u0633\u062a\u064a\u0643\u064a\u0629 \u0627\u0644\u0645\u0631\u0628\u0639\u0629\u060c \u0641\u0625\u0646\u0646\u0627 \u0646\u0642\u062f\u0645 \u0623\u0633\u0639\u0627\u0631 \u0627\u0644\u062c\u0645\u0644\u0629 \u0627\u0644\u0645\u0628\u0627\u0634\u0631\u0629 \u0645\u0646 \u0627\u0644\u0645\u0635\u0646\u0639 \u0648\u0639\u064a\u0646\u0627\u062a \u0645\u062c\u0627\u0646\u064a\u0629 \u0644\u0644\u0645\u0634\u062a\u0631\u064a\u0646.<\/p>\n<h2>\u0645\u0639\u0644\u0645\u0629 \u062d\u0627\u0648\u064a\u0627\u062a \u0627\u0644\u0637\u0639\u0627\u0645 \u0627\u0644\u0645\u0631\u0628\u0639\u0629 \u0627\u0644\u0633\u0627\u0626\u0628\u0629 \u0627\u0644\u0645\u0631\u0628\u0639\u0629<\/h2>\n<p><strong>\u0627\u0644\u0637\u0631\u0627\u0632<\/strong>: 3323-3325<br \/><strong>\u0627\u0633\u0645 \u0627\u0644\u0639\u0644\u0627\u0645\u0629 \u0627\u0644\u062a\u062c\u0627\u0631\u064a\u0629<\/strong>: \u0634\u064a\u0646\u063a\u0648\u064a<br \/><strong>\u0627\u0644\u0645\u0648\u0627\u062f<\/strong>: \u0628\u0627\u0621 \u0628\u0627\u0621<br \/><strong>\u0627\u0644\u0644\u0648\u0646<\/strong>:: \u0623\u062e\u0636\u0631 + \u0634\u0641\u0627\u0641<br \/><strong>\u0627\u0644\u062a\u0639\u0628\u0626\u0629: <\/strong>\u0627\u0644\u0645\u0632\u0627\u064a\u062f\u0629 \u0627\u0644\u0648\u0631\u0642\u064a\u0629<br \/><strong>\u062a\u0635\u0646\u064a\u0639 \u0627\u0644\u0645\u0639\u062f\u0627\u062a \u0627\u0644\u0623\u0635\u0644\u064a\u0629\/\u0627\u0644\u062a\u0635\u0646\u064a\u0639 \u062d\u0633\u0628 \u0627\u0644\u0637\u0644\u0628<\/strong>: \u0645\u062a\u0627\u062d<br \/><strong>\u062e\u064a\u0627\u0631 \u0645\u062e\u0635\u0635 \u062d\u0633\u0628 \u0627\u0644\u0637\u0644\u0628<\/strong>: \u0627\u0644\u0644\u0648\u0646\/\u0627\u0644\u062d\u062c\u0645\/ \u0627\u0644\u0634\u0639\u0627\u0631\/\u0627\u0644\u062d\u0632\u0645\u0629<\/p>\n<h2>\u0645\u0646 \u0627\u0644\u0634\u0631\u0643\u0629 \u0627\u0644\u0645\u0635\u0646\u0639\u0629 \u0644\u062d\u0627\u0648\u064a\u0627\u062a \u062a\u062e\u0632\u064a\u0646 \u0627\u0644\u0637\u0639\u0627\u0645 :<\/h2>\n<p>\u062a\u0623\u0633\u0633\u062a \u0639\u0627\u0645 2000,<a href=\"https:\/\/www.xhplasticlife.com\/ar\/\">\u00a0<strong>\u0634\u064a\u0646\u063a\u0648\u064a<\/strong><\/a>\u00a0\u0645\u062a\u062e\u0635\u0635\u0629 \u0641\u064a \u0625\u0646\u062a\u0627\u062c \u0648\u0628\u064a\u0639 \u0635\u0646\u0627\u062f\u064a\u0642 \u0627\u0644\u063a\u062f\u0627\u0621 \u0648\u062d\u0627\u0648\u064a\u0627\u062a \u062a\u062e\u0632\u064a\u0646 \u0627\u0644\u0637\u0639\u0627\u0645 \u0648\u062d\u0627\u0648\u064a\u0627\u062a \u062a\u062e\u0632\u064a\u0646 \u0627\u0644\u0637\u0639\u0627\u0645 \u0648\u0623\u0648\u0627\u0646\u064a \u0627\u0644\u0645\u0634\u0631\u0648\u0628\u0627\u062a \u0648\u062d\u0627\u0648\u064a\u0627\u062a \u0627\u0644\u062a\u062e\u0632\u064a\u0646 \u0627\u0644\u0645\u0646\u0632\u0644\u064a\u0629 \u0648\u063a\u064a\u0631\u0647\u0627 \u0645\u0646 \u0627\u0644\u0645\u0646\u062a\u062c\u0627\u062a \u0627\u0644\u0628\u0644\u0627\u0633\u062a\u064a\u0643\u064a\u0629 \u0627\u0644\u064a\u0648\u0645\u064a\u0629. \u062a\u0648\u0641\u064a\u0631 \u062e\u062f\u0645\u0627\u062a \u062a\u0635\u0646\u064a\u0639 \u0627\u0644\u0645\u0639\u062f\u0627\u062a \u0627\u0644\u0623\u0635\u0644\u064a\u0629 \u0648\u062a\u0635\u0646\u064a\u0639 \u0627\u0644\u062a\u0635\u0645\u064a\u0645 \u0627\u0644\u0623\u0635\u0644\u064a \u0648\u062a\u0635\u0646\u064a\u0639 \u0627\u0644\u062a\u0635\u0645\u064a\u0645 \u0627\u0644\u0634\u062e\u0635\u064a \u0648\u062e\u062f\u0645\u0627\u062a \u0627\u0644\u0634\u0631\u0627\u0621 \u0639\u0628\u0631 \u0627\u0644\u0625\u0646\u062a\u0631\u0646\u062a \u0644\u0644\u0639\u0645\u0644\u0627\u0621.<\/p>","protected":false},"featured_media":1990,"comment_status":"closed","ping_status":"closed","template":"","meta":{"_acf_changed":false},"product_brand":[],"product_cat":[18],"product_tag":[],"class_list":{"0":"post-1988","1":"product","2":"type-product","3":"status-publish","4":"has-post-thumbnail","6":"product_cat-bulk-food-storage-container","8":"first","9":"instock","10":"shipping-taxable","11":"product-type-simple"},"acf":[],"_links":{"self":[{"href":"https:\/\/www.xhplasticlife.com\/ar\/wp-json\/wp\/v2\/product\/1988","targetHints":{"allow":["GET"]}}],"collection":[{"href":"https:\/\/www.xhplasticlife.com\/ar\/wp-json\/wp\/v2\/product"}],"about":[{"href":"https:\/\/www.xhplasticlife.com\/ar\/wp-json\/wp\/v2\/types\/product"}],"replies":[{"embeddable":true,"href":"https:\/\/www.xhplasticlife.com\/ar\/wp-json\/wp\/v2\/comments?post=1988"}],"wp:featuredmedia":[{"embeddable":true,"href":"https:\/\/www.xhplasticlife.com\/ar\/wp-json\/wp\/v2\/media\/1990"}],"wp:attachment":[{"href":"https:\/\/www.xhplasticlife.com\/ar\/wp-json\/wp\/v2\/media?parent=1988"}],"wp:term":[{"taxonomy":"product_brand","embeddable":true,"href":"https:\/\/www.xhplasticlife.com\/ar\/wp-json\/wp\/v2\/product_brand?post=1988"},{"taxonomy":"product_cat","embeddable":true,"href":"https:\/\/www.xhplasticlife.com\/ar\/wp-json\/wp\/v2\/product_cat?post=1988"},{"taxonomy":"product_tag","embeddable":true,"href":"https:\/\/www.xhplasticlife.com\/ar\/wp-json\/wp\/v2\/product_tag?post=1988"}],"curies":[{"name":"wp","href":"https:\/\/api.w.org\/{rel}","templated":true}]}}