{"id":1970,"date":"2026-01-06T10:51:31","date_gmt":"2026-01-06T10:51:31","guid":{"rendered":"https:\/\/www.xhplasticlife.com\/?post_type=product&#038;p=1970"},"modified":"2026-01-06T10:51:34","modified_gmt":"2026-01-06T10:51:34","slug":"bulk-grain-storage-containers-custom","status":"publish","type":"product","link":"https:\/\/www.xhplasticlife.com\/ar\/product\/bulk-grain-storage-containers-custom\/","title":{"rendered":"\u0623\u0648\u0639\u064a\u0629 \u062a\u062e\u0632\u064a\u0646 \u0627\u0644\u062d\u0628\u0648\u0628 \u0627\u0644\u0633\u0627\u0626\u0628\u0629 \u0630\u0627\u062a \u0627\u0644\u063a\u0637\u0627\u0621 \u0627\u0644\u0645\u062d\u0643\u0645 \u0627\u0644\u0625\u063a\u0644\u0627\u0642\u060c \u0623\u0648\u0639\u064a\u0629 \u062a\u062e\u0632\u064a\u0646 \u0627\u0644\u0623\u063a\u0630\u064a\u0629 \u0627\u0644\u0628\u0644\u0627\u0633\u062a\u064a\u0643\u064a\u0629 \u0627\u0644\u0645\u0648\u0631\u062f"},"content":{"rendered":"<div class=\"wp-block-columns is-layout-flex wp-container-core-columns-is-layout-9d6595d7 wp-block-columns-is-layout-flex\">\n<div class=\"wp-block-column is-layout-flow wp-block-column-is-layout-flow\">\n<h2 class=\"wp-block-heading\">\u062d\u0627\u0648\u064a\u0627\u062a \u062a\u062e\u0632\u064a\u0646 \u0627\u0644\u062d\u0628\u0648\u0628 \u0627\u0644\u0633\u0627\u0626\u0628\u0629 \u0627\u0644\u0645\u064a\u0632\u0627\u062a:<\/h2>\n\n\n\n<ul class=\"wp-block-list\">\n<li><strong>\u062a\u0635\u0645\u064a\u0645 \u0627\u0644\u063a\u0637\u0627\u0621 \u0645\u062d\u0643\u0645 \u0627\u0644\u0625\u063a\u0644\u0627\u0642 \u0644\u0646\u0636\u0627\u0631\u0629 \u062a\u062f\u0648\u0645 \u0637\u0648\u064a\u0644\u0627\u064b \u0648\u062d\u0645\u0627\u064a\u0629 \u0645\u0646 \u0627\u0644\u0631\u0637\u0648\u0628\u0629: <\/strong>\u064a\u0639\u0645\u0644 \u0647\u064a\u0643\u0644 \u0627\u0644\u063a\u0637\u0627\u0621 \u0627\u0644\u0645\u062d\u0643\u0645 \u0639\u0644\u0649 \u0639\u0632\u0644 \u0627\u0644\u0647\u0648\u0627\u0621 \u0648\u0627\u0644\u0631\u0637\u0648\u0628\u0629 \u0628\u0634\u0643\u0644 \u0641\u0639\u0627\u0644\u060c \u0645\u0645\u0627 \u064a\u0633\u0627\u0639\u062f \u0639\u0644\u0649 \u0627\u0644\u062d\u0641\u0627\u0638 \u0639\u0644\u0649 \u0627\u0644\u0628\u0636\u0627\u0626\u0639 \u0627\u0644\u062c\u0627\u0641\u0629 \u0645\u062b\u0644 \u0627\u0644\u062d\u0628\u0648\u0628 \u0648\u0627\u0644\u0623\u0631\u0632 \u0648\u0627\u0644\u062f\u0642\u064a\u0642 \u0648\u0627\u0644\u0641\u0627\u0635\u0648\u0644\u064a\u0627 \u0637\u0627\u0632\u062c\u0629\u060c \u0648\u064a\u0642\u0644\u0644 \u0645\u0646 \u0645\u0634\u0627\u0643\u0644 \u0627\u0644\u0631\u0637\u0648\u0628\u0629 \u0648\u0627\u0644\u0622\u0641\u0627\u062a\u060c \u0648\u064a\u062d\u0633\u0646 \u0645\u0646 \u0633\u0644\u0627\u0645\u0629 \u0627\u0644\u062a\u062e\u0632\u064a\u0646.<\/li>\n\n\n\n<li><strong>\u0645\u0627\u062f\u0629 \u0628\u0644\u0627\u0633\u062a\u064a\u0643\u064a\u0629 \u0645\u0635\u0646\u0648\u0639\u0629 \u0645\u0646 \u0627\u0644\u0628\u0644\u0627\u0633\u062a\u064a\u0643 \u0627\u0644\u0645\u062e\u0635\u0635 \u0644\u0644\u0637\u0639\u0627\u0645 \u0645\u0646 \u0623\u062c\u0644 \u0627\u0644\u0633\u0644\u0627\u0645\u0629 \u0648\u0631\u0627\u062d\u0629 \u0627\u0644\u0628\u0627\u0644:<\/strong> \u0645\u0635\u0646\u0648\u0639\u0629 \u0645\u0646 \u0645\u0648\u0627\u062f \u0628\u0644\u0627\u0633\u062a\u064a\u0643\u064a\u0629 \u062a\u0641\u064a \u0628\u0645\u0639\u0627\u064a\u064a\u0631 \u0645\u0644\u0627\u0645\u0633\u0629 \u0627\u0644\u0637\u0639\u0627\u0645\u060c \u0648\u0647\u064a \u0639\u062f\u064a\u0645\u0629 \u0627\u0644\u0631\u0627\u0626\u062d\u0629 \u0648\u0644\u0627 \u062a\u062a\u0634\u0648\u0647 \u0628\u0633\u0647\u0648\u0644\u0629 \u0648\u0645\u0646\u0627\u0633\u0628\u0629 \u0644\u0644\u0627\u0633\u062a\u062e\u062f\u0627\u0645 \u0637\u0648\u064a\u0644 \u0627\u0644\u0623\u062c\u0644 \u0641\u064a \u0627\u0644\u0645\u0646\u0627\u0632\u0644 \u0648\u0627\u0644\u0645\u0637\u0627\u0628\u062e \u0627\u0644\u062a\u062c\u0627\u0631\u064a\u0629 \u0648\u0633\u0648\u0642 \u0627\u0644\u062a\u062c\u0632\u0626\u0629. \u0628\u0635\u0641\u062a\u0646\u0627 \u0645\u0648\u0631\u062f\u064b\u0627 \u0645\u062d\u062a\u0631\u0641\u064b\u0627 \u0644\u062d\u0627\u0648\u064a\u0627\u062a \u062a\u062e\u0632\u064a\u0646 \u0627\u0644\u0637\u0639\u0627\u0645 \u0627\u0644\u0645\u062e\u0635\u0635\u0629\u060c \u0641\u0625\u0646\u0646\u0627 \u0646\u062a\u062d\u0643\u0645 \u0628\u0635\u0631\u0627\u0645\u0629 \u0641\u064a \u062c\u0648\u062f\u0629 \u0627\u0644\u0645\u0648\u0627\u062f \u0627\u0644\u062e\u0627\u0645.<\/li>\n\n\n\n<li><strong>\u062e\u064a\u0627\u0631\u0627\u062a \u0645\u062a\u0639\u062f\u062f\u0629 \u0627\u0644\u0633\u0639\u0629 \u0644\u0644\u0645\u0628\u064a\u0639\u0627\u062a \u0628\u0627\u0644\u062c\u0645\u0644\u0629:<\/strong> \u062a\u062a\u0648\u0641\u0631 \u0645\u062c\u0645\u0648\u0639\u0629 \u0645\u062a\u0646\u0648\u0639\u0629 \u0645\u0646 \u0627\u0644\u0633\u0639\u0627\u062a \u0648\u0627\u0644\u0623\u0634\u0643\u0627\u0644 \u0644\u062a\u0633\u0647\u064a\u0644 \u0627\u0644\u062a\u062e\u0632\u064a\u0646 \u0627\u0644\u0645\u0635\u0646\u0641 \u0644\u0645\u062e\u062a\u0644\u0641 \u0627\u0644\u062d\u0628\u0648\u0628 \u0648\u0627\u0644\u0633\u0644\u0639 \u0627\u0644\u062c\u0627\u0641\u0629\u060c \u0645\u0645\u0627 \u064a\u062c\u0639\u0644\u0647\u0627 \u0645\u0646\u0627\u0633\u0628\u0629 \u0628\u0634\u0643\u0644 \u062e\u0627\u0635 \u0644\u0633\u064a\u0646\u0627\u0631\u064a\u0648\u0647\u0627\u062a \u0627\u0644\u0628\u064a\u0639 \u0628\u0627\u0644\u062c\u0645\u0644\u0629 \u0648\u0627\u0644\u0645\u062c\u0645\u0639\u0629 \u0644\u062d\u0627\u0648\u064a\u0627\u062a \u062a\u062e\u0632\u064a\u0646 \u0627\u0644\u062d\u0628\u0648\u0628 \u0627\u0644\u0633\u0627\u0626\u0628\u0629 \u0630\u0627\u062a \u0627\u0644\u0623\u063a\u0637\u064a\u0629 \u0627\u0644\u0645\u062d\u0643\u0645\u0629 \u0627\u0644\u0625\u063a\u0644\u0627\u0642.<\/li>\n\n\n\n<li><strong>\u062a\u0635\u0645\u064a\u0645 \u0634\u0641\u0627\u0641 \u0648\u0645\u0631\u0626\u064a \u0644\u062a\u062d\u0633\u064a\u0646 \u062a\u062c\u0631\u0628\u0629 \u0627\u0644\u0645\u0633\u062a\u062e\u062f\u0645 \u0627\u0644\u0646\u0647\u0627\u0626\u064a: <\/strong>\u062a\u0643\u0648\u0646 \u0627\u0644\u0645\u062d\u062a\u0648\u064a\u0627\u062a \u0645\u0631\u0626\u064a\u0629 \u0628\u0648\u0636\u0648\u062d\u060c \u0645\u0645\u0627 \u064a\u0633\u0647\u0644 \u0627\u0644\u062a\u0639\u0631\u0641 \u0627\u0644\u0633\u0631\u064a\u0639 \u0639\u0644\u0649 \u0627\u0644\u0643\u0645\u064a\u0627\u062a \u0627\u0644\u0645\u062a\u0628\u0642\u064a\u0629\u060c \u0645\u0645\u0627 \u064a\u062d\u0633\u0646 \u0645\u0646 \u062a\u062c\u0631\u0628\u0629 \u0627\u0644\u0645\u0633\u062a\u062e\u062f\u0645 \u0648\u0639\u0631\u0636 \u0627\u0644\u062a\u062c\u0632\u0626\u0629.<\/li>\n\n\n\n<li><strong>\u062a\u062a\u0648\u0641\u0631 \u062e\u062f\u0645\u0627\u062a \u0627\u0644\u062a\u062e\u0635\u064a\u0635 \u062d\u0633\u0628 \u0627\u0644\u0637\u0644\u0628\/\u0627\u0644\u062a\u0635\u0646\u064a\u0639 \u062d\u0633\u0628 \u0627\u0644\u0637\u0644\u0628<\/strong>: \u064a\u062a\u0645 \u062a\u0642\u062f\u064a\u0645 \u062a\u062e\u0635\u064a\u0635 \u0627\u0644\u0623\u0644\u0648\u0627\u0646\u060c \u0648\u0627\u0644\u0634\u0639\u0627\u0631\u0627\u062a\u060c \u0648\u0639\u0644\u0627\u0645\u0627\u062a \u0627\u0644\u0633\u0639\u0629\u060c \u0648\u0627\u0644\u062a\u063a\u0644\u064a\u0641 \u0627\u0644\u062e\u0627\u0631\u062c\u064a \u0644\u0645\u0633\u0627\u0639\u062f\u0629 \u0623\u0635\u062d\u0627\u0628 \u0627\u0644\u0639\u0644\u0627\u0645\u0627\u062a \u0627\u0644\u062a\u062c\u0627\u0631\u064a\u0629 \u0648\u0639\u0645\u0644\u0627\u0621 \u0627\u0644\u0642\u0646\u0648\u0627\u062a \u0639\u0644\u0649 \u0625\u0646\u0634\u0627\u0621 \u062e\u0637\u0648\u0637 \u0625\u0646\u062a\u0627\u062c \u0645\u062a\u0645\u064a\u0632\u0629 \u0644\u062a\u062e\u0632\u064a\u0646 \u0627\u0644\u0623\u063a\u0630\u064a\u0629.<\/li>\n\n\n\n<li><strong>\u062a\u0648\u0631\u064a\u062f \u0645\u0628\u0627\u0634\u0631 \u0645\u0646 \u0627\u0644\u0645\u0635\u0646\u0639\u060c \u0648\u0623\u0633\u0639\u0627\u0631 \u0645\u0633\u062a\u0642\u0631\u0629 \u0648\u062a\u0646\u0627\u0641\u0633\u064a\u0629: <\/strong>\u0648\u0628\u0627\u0639\u062a\u0628\u0627\u0631\u0646\u0627 \u0645\u0648\u0631\u062f\u064b\u0627 \u0646\u0627\u0636\u062c\u064b\u0627 \u0644\u062d\u0627\u0648\u064a\u0627\u062a \u062a\u062e\u0632\u064a\u0646 \u0627\u0644\u0637\u0639\u0627\u0645 \u0627\u0644\u0645\u062e\u0635\u0635\u0629\u060c \u0641\u0625\u0646\u0646\u0627 \u0646\u0645\u062a\u0644\u0643 \u0642\u062f\u0631\u0629 \u0625\u0646\u062a\u0627\u062c \u0645\u0633\u062a\u0642\u0631\u0629 \u0648\u0623\u0633\u0639\u0627\u0631 \u062c\u0645\u0644\u0629 \u0641\u064a \u0627\u0644\u0645\u0635\u0646\u0639\u060c \u0645\u0645\u0627 \u064a\u0633\u0627\u0639\u062f \u0627\u0644\u0639\u0645\u0644\u0627\u0621 \u0639\u0644\u0649 \u0627\u0644\u062a\u062d\u0643\u0645 \u0628\u0641\u0639\u0627\u0644\u064a\u0629 \u0641\u064a \u062a\u0643\u0627\u0644\u064a\u0641 \u0627\u0644\u0634\u0631\u0627\u0621.<\/li>\n\n\n\n<li><strong>\u062f\u0639\u0645 \u0645\u062c\u0627\u0646\u064a \u0644\u0644\u0639\u064a\u0646\u0627\u062a\u060c \u0645\u0645\u0627 \u064a\u0642\u0644\u0644 \u0645\u0646 \u0645\u062e\u0627\u0637\u0631 \u0627\u0644\u0634\u0631\u0627\u0621: <\/strong>\u0646\u062d\u0646 \u0646\u0648\u0641\u0631 \u0639\u064a\u0646\u0627\u062a \u0645\u062c\u0627\u0646\u064a\u0629 \u0644\u062a\u0633\u0647\u064a\u0644 \u0627\u062e\u062a\u0628\u0627\u0631 \u0627\u0644\u062c\u0648\u062f\u0629 \u0648\u0627\u0644\u062a\u062d\u0642\u0642 \u0645\u0646 \u0635\u062d\u0629 \u0627\u0644\u0633\u0648\u0642 \u0644\u0644\u0645\u0634\u062a\u0631\u064a\u0646 \u0642\u0628\u0644 \u062a\u0642\u062f\u064a\u0645 \u0627\u0644\u0637\u0644\u0628\u0627\u062a\u060c \u0645\u0645\u0627 \u064a\u0633\u0631\u0639 \u0645\u0646 \u0639\u0645\u0644\u064a\u0629 \u0627\u062a\u062e\u0627\u0630 \u0642\u0631\u0627\u0631\u0627\u062a \u0627\u0644\u062a\u0639\u0627\u0648\u0646.<\/li>\n<\/ul>\n<\/div>\n\n\n\n<div class=\"wp-block-column is-layout-flow wp-block-column-is-layout-flow\">\n<figure class=\"wp-block-image size-full\"><img decoding=\"async\" width=\"800\" height=\"800\" src=\"https:\/\/www.xhplasticlife.com\/wp-content\/uploads\/2026\/01\/Bulk-Grain-Storage-Containers-Supplier-Xinghui-2.webp\" alt=\"\u0645\u0648\u0631\u062f \u062d\u0627\u0648\u064a\u0627\u062a \u062a\u062e\u0632\u064a\u0646 \u0627\u0644\u062d\u0628\u0648\u0628 \u0627\u0644\u0633\u0627\u0626\u0628\u0629 -Xinghui (2)\" class=\"wp-image-1976\" srcset=\"https:\/\/www.xhplasticlife.com\/wp-content\/uploads\/2026\/01\/Bulk-Grain-Storage-Containers-Supplier-Xinghui-2.webp 800w, https:\/\/www.xhplasticlife.com\/wp-content\/uploads\/2026\/01\/Bulk-Grain-Storage-Containers-Supplier-Xinghui-2-300x300.webp 300w, https:\/\/www.xhplasticlife.com\/wp-content\/uploads\/2026\/01\/Bulk-Grain-Storage-Containers-Supplier-Xinghui-2-150x150.webp 150w, https:\/\/www.xhplasticlife.com\/wp-content\/uploads\/2026\/01\/Bulk-Grain-Storage-Containers-Supplier-Xinghui-2-768x768.webp 768w, https:\/\/www.xhplasticlife.com\/wp-content\/uploads\/2026\/01\/Bulk-Grain-Storage-Containers-Supplier-Xinghui-2-12x12.webp 12w, https:\/\/www.xhplasticlife.com\/wp-content\/uploads\/2026\/01\/Bulk-Grain-Storage-Containers-Supplier-Xinghui-2-600x600.webp 600w, https:\/\/www.xhplasticlife.com\/wp-content\/uploads\/2026\/01\/Bulk-Grain-Storage-Containers-Supplier-Xinghui-2-100x100.webp 100w\" sizes=\"(max-width: 800px) 100vw, 800px\" \/><\/figure>\n<\/div>\n<\/div>\n\n\n\n<h2 class=\"wp-block-heading\">\u062d\u0627\u0648\u064a\u0627\u062a \u062a\u062e\u0632\u064a\u0646 \u0627\u0644\u062d\u0628\u0648\u0628 \u0627\u0644\u0633\u0627\u0626\u0628\u0629 \u0628\u063a\u0637\u0627\u0621 \u0645\u062d\u0643\u0645 \u0627\u0644\u0625\u063a\u0644\u0627\u0642 \u0627\u0644\u062d\u062c\u0645:<\/h2>\n\n\n\n<figure class=\"wp-block-table is-style-stripes\"><table class=\"has-fixed-layout\"><tbody><tr><td>\u0627\u0644\u0637\u0631\u0627\u0632<\/td><td>\u0627\u0644\u0633\u0639\u0629<\/td><td>\u062d\u062c\u0645 \u0627\u0644\u062a\u0639\u0628\u0626\u0629<\/td><td>\u062c\u064a.\u062f\u0628\u0644\u064a\u0648\/\u062d\u0627\u0644\u0629<\/td><td>\u0623\u0628\u0639\u0627\u062f \u0627\u0644\u0645\u0646\u062a\u062c<\/td><td>\u062d\u062c\u0645 \u0627\u0644\u0635\u0646\u062f\u0648\u0642 \u0627\u0644\u062e\u0627\u0631\u062c\u064a<\/td><\/tr><tr><td>3040<\/td><td>1700 \u0645\u0644\u0644\u064a<\/td><td>60<\/td><td>11 \u0643\u062c\u0645<\/td><td>10.3 \u00d7 10.3 \u00d7 10.3 \u00d7 20.4 \u0633\u0645<\/td><td>53 \u00d7 43 \u00d7 43 \u00d7 63 \u0633\u0645<\/td><\/tr><tr><td>3041<\/td><td>1300 \u0645\u0644\u0644\u064a<\/td><td>80<\/td><td>11 \u0643\u062c\u0645<\/td><td>10.3 \u00d7 10.3 \u00d7 10.3 \u00d7 16.3 \u0633\u0645<\/td><td>53 \u00d7 45.45.5 \u00d7 56 \u0633\u0645<\/td><\/tr><tr><td>3042<\/td><td>800 \u0645\u0644\u0644\u064a<\/td><td>100<\/td><td>11 \u0643\u062c\u0645<\/td><td>10.3 \u00d7 10.3 \u00d7 10.3 \u00d7 20.4 \u0633\u0645<\/td><td>65\u00d736\u00d766 \u0633\u0645<\/td><\/tr><tr><td>3043<\/td><td>400 \u0645\u0644\u0644\u064a<\/td><td>120<\/td><td>10 \u0643\u062c\u0645<\/td><td>10.3 \u00d7 10.3 \u00d7 10.3 \u00d7 6.2 \u0633\u0645<\/td><td>57.5 \u00d7 41 \u00d7 75.5 \u0633\u0645<\/td><\/tr><\/tbody><\/table><\/figure>\n\n\n\n<div class=\"wp-block-columns is-layout-flex wp-container-core-columns-is-layout-9d6595d7 wp-block-columns-is-layout-flex\">\n<div class=\"wp-block-column is-layout-flow wp-block-column-is-layout-flow\">\n<figure class=\"wp-block-image size-full\"><img decoding=\"async\" width=\"680\" height=\"666\" src=\"https:\/\/www.xhplasticlife.com\/wp-content\/uploads\/2026\/01\/Bulk-Grain-Storage-Containers-3040.webp\" alt=\"\u062d\u0627\u0648\u064a\u0627\u062a \u062a\u062e\u0632\u064a\u0646 \u0627\u0644\u062d\u0628\u0648\u0628 \u0627\u0644\u0633\u0627\u0626\u0628\u0629 - 3040\" class=\"wp-image-1971\" srcset=\"https:\/\/www.xhplasticlife.com\/wp-content\/uploads\/2026\/01\/Bulk-Grain-Storage-Containers-3040.webp 680w, https:\/\/www.xhplasticlife.com\/wp-content\/uploads\/2026\/01\/Bulk-Grain-Storage-Containers-3040-300x294.webp 300w, https:\/\/www.xhplasticlife.com\/wp-content\/uploads\/2026\/01\/Bulk-Grain-Storage-Containers-3040-12x12.webp 12w, https:\/\/www.xhplasticlife.com\/wp-content\/uploads\/2026\/01\/Bulk-Grain-Storage-Containers-3040-600x588.webp 600w\" sizes=\"(max-width: 680px) 100vw, 680px\" \/><\/figure>\n<\/div>\n\n\n\n<div class=\"wp-block-column is-layout-flow wp-block-column-is-layout-flow\">\n<figure class=\"wp-block-image size-full\"><img decoding=\"async\" width=\"664\" height=\"594\" src=\"https:\/\/www.xhplasticlife.com\/wp-content\/uploads\/2026\/01\/Bulk-Grain-Storage-Containers-3041.webp\" alt=\"\u062d\u0627\u0648\u064a\u0627\u062a \u062a\u062e\u0632\u064a\u0646 \u0627\u0644\u062d\u0628\u0648\u0628 \u0627\u0644\u0633\u0627\u0626\u0628\u0629 - 3041\" class=\"wp-image-1972\" srcset=\"https:\/\/www.xhplasticlife.com\/wp-content\/uploads\/2026\/01\/Bulk-Grain-Storage-Containers-3041.webp 664w, https:\/\/www.xhplasticlife.com\/wp-content\/uploads\/2026\/01\/Bulk-Grain-Storage-Containers-3041-300x268.webp 300w, https:\/\/www.xhplasticlife.com\/wp-content\/uploads\/2026\/01\/Bulk-Grain-Storage-Containers-3041-13x12.webp 13w, https:\/\/www.xhplasticlife.com\/wp-content\/uploads\/2026\/01\/Bulk-Grain-Storage-Containers-3041-600x537.webp 600w\" sizes=\"(max-width: 664px) 100vw, 664px\" \/><\/figure>\n<\/div>\n\n\n\n<div class=\"wp-block-column is-layout-flow wp-block-column-is-layout-flow\">\n<figure class=\"wp-block-image size-full\"><img decoding=\"async\" width=\"640\" height=\"536\" src=\"https:\/\/www.xhplasticlife.com\/wp-content\/uploads\/2026\/01\/Bulk-Grain-Storage-Containers-3042.webp\" alt=\"\u062d\u0627\u0648\u064a\u0627\u062a \u062a\u062e\u0632\u064a\u0646 \u0627\u0644\u062d\u0628\u0648\u0628 \u0627\u0644\u0633\u0627\u0626\u0628\u0629 - 3042\" class=\"wp-image-1973\" srcset=\"https:\/\/www.xhplasticlife.com\/wp-content\/uploads\/2026\/01\/Bulk-Grain-Storage-Containers-3042.webp 640w, https:\/\/www.xhplasticlife.com\/wp-content\/uploads\/2026\/01\/Bulk-Grain-Storage-Containers-3042-300x251.webp 300w, https:\/\/www.xhplasticlife.com\/wp-content\/uploads\/2026\/01\/Bulk-Grain-Storage-Containers-3042-14x12.webp 14w, https:\/\/www.xhplasticlife.com\/wp-content\/uploads\/2026\/01\/Bulk-Grain-Storage-Containers-3042-600x503.webp 600w\" sizes=\"(max-width: 640px) 100vw, 640px\" \/><\/figure>\n<\/div>\n\n\n\n<div class=\"wp-block-column is-layout-flow wp-block-column-is-layout-flow\">\n<figure class=\"wp-block-image size-full\"><img decoding=\"async\" width=\"602\" height=\"414\" src=\"https:\/\/www.xhplasticlife.com\/wp-content\/uploads\/2026\/01\/Bulk-Grain-Storage-Containers-3043.webp\" alt=\"\u062d\u0627\u0648\u064a\u0627\u062a \u062a\u062e\u0632\u064a\u0646 \u0627\u0644\u062d\u0628\u0648\u0628 \u0627\u0644\u0633\u0627\u0626\u0628\u0629 - 3043\" class=\"wp-image-1974\" srcset=\"https:\/\/www.xhplasticlife.com\/wp-content\/uploads\/2026\/01\/Bulk-Grain-Storage-Containers-3043.webp 602w, https:\/\/www.xhplasticlife.com\/wp-content\/uploads\/2026\/01\/Bulk-Grain-Storage-Containers-3043-300x206.webp 300w, https:\/\/www.xhplasticlife.com\/wp-content\/uploads\/2026\/01\/Bulk-Grain-Storage-Containers-3043-18x12.webp 18w, https:\/\/www.xhplasticlife.com\/wp-content\/uploads\/2026\/01\/Bulk-Grain-Storage-Containers-3043-600x413.webp 600w\" sizes=\"(max-width: 602px) 100vw, 602px\" \/><\/figure>\n<\/div>\n<\/div>","protected":false},"excerpt":{"rendered":"<p>\u0645\u0631\u062d\u0628\u064b\u0627 \u0628\u0643\u0645 \u0641\u064a \u0634\u0631\u0627\u0621 \u062d\u0627\u0648\u064a\u0627\u062a \u062a\u062e\u0632\u064a\u0646 \u0627\u0644\u062d\u0628\u0648\u0628 \u0627\u0644\u0633\u0627\u0626\u0628\u0629 \u0630\u0627\u062a \u0627\u0644\u0623\u063a\u0637\u064a\u0629 \u0627\u0644\u0645\u062d\u0643\u0645\u0629 \u0627\u0644\u0625\u063a\u0644\u0627\u0642. \u0628\u0635\u0641\u062a\u0646\u0627 \u0645\u0648\u0631\u062f\u064b\u0627 \u0645\u062d\u062a\u0631\u0641\u064b\u0627 \u0644\u062d\u0627\u0648\u064a\u0627\u062a \u062a\u062e\u0632\u064a\u0646 \u0627\u0644\u0637\u0639\u0627\u0645 \u0627\u0644\u0645\u062e\u0635\u0635\u0629\u060c \u0641\u0625\u0646\u0646\u0627 \u0646\u0648\u0641\u0631 \u062d\u0627\u0648\u064a\u0627\u062a \u062d\u0628\u0648\u0628 \u0628\u0644\u0627\u0633\u062a\u064a\u0643\u064a\u0629 \u0645\u062a\u064a\u0646\u0629 \u0630\u0627\u062a \u0623\u063a\u0637\u064a\u0629 \u0645\u062d\u0643\u0645\u0629 \u0627\u0644\u0625\u063a\u0644\u0627\u0642. \u062a\u0633\u0627\u0639\u062f \u0623\u0633\u0639\u0627\u0631 \u0627\u0644\u062c\u0645\u0644\u0629 \u0627\u0644\u0645\u0628\u0627\u0634\u0631\u0629 \u0645\u0646 \u0627\u0644\u0645\u0635\u0646\u0639\u060c \u0648\u062f\u0639\u0645 \u062a\u0635\u0646\u064a\u0639 \u0627\u0644\u0645\u0639\u062f\u0627\u062a \u0627\u0644\u0623\u0635\u0644\u064a\u0629\/\u0627\u0644\u062a\u0635\u0646\u064a\u0639 \u062d\u0633\u0628 \u0627\u0644\u0637\u0644\u0628\u060c \u0648\u0627\u0644\u0639\u064a\u0646\u0627\u062a \u0627\u0644\u0645\u062c\u0627\u0646\u064a\u0629 \u0627\u0644\u0645\u0634\u062a\u0631\u064a\u0646 \u0639\u0644\u0649 \u0627\u0644\u062d\u0635\u0648\u0644 \u0639\u0644\u0649 \u0627\u0644\u0645\u0635\u0627\u062f\u0631 \u0628\u0643\u0641\u0627\u0621\u0629.<\/p>\n<h2>\u0645\u0639\u0644\u0645\u0629 \u062d\u0627\u0648\u064a\u0627\u062a \u062a\u062e\u0632\u064a\u0646 \u0627\u0644\u062d\u0628\u0648\u0628 \u0627\u0644\u0633\u0627\u0626\u0628\u0629<\/h2>\n<p><strong>\u0627\u0644\u0637\u0631\u0627\u0632<\/strong>: 3040-3043<br \/><strong>\u0627\u0633\u0645 \u0627\u0644\u0639\u0644\u0627\u0645\u0629 \u0627\u0644\u062a\u062c\u0627\u0631\u064a\u0629<\/strong>: \u0634\u064a\u0646\u063a\u0648\u064a<br \/><strong>\u0627\u0644\u0645\u0648\u0627\u062f<\/strong>: \u0628\u0627\u0621 \u0628\u0627\u0621\u00a0<br \/><strong>\u0627\u0644\u0644\u0648\u0646<\/strong>: \u0648\u0631\u062f\u064a\u060c \u0623\u0632\u0631\u0642<br \/><strong>\u0627\u0644\u062a\u0639\u0628\u0626\u0629: <\/strong>\u062d\u0642\u064a\u0628\u0629 OPP<br \/><strong>\u062a\u0635\u0646\u064a\u0639 \u0627\u0644\u0645\u0639\u062f\u0627\u062a \u0627\u0644\u0623\u0635\u0644\u064a\u0629\/\u0627\u0644\u062a\u0635\u0646\u064a\u0639 \u062d\u0633\u0628 \u0627\u0644\u0637\u0644\u0628<\/strong>: \u0645\u062a\u0627\u062d<br \/><strong>\u062e\u064a\u0627\u0631 \u0645\u062e\u0635\u0635 \u062d\u0633\u0628 \u0627\u0644\u0637\u0644\u0628<\/strong>: \u0627\u0644\u0644\u0648\u0646\/\u0627\u0644\u062d\u062c\u0645\/ \u0627\u0644\u0634\u0639\u0627\u0631\/\u0627\u0644\u062d\u0632\u0645\u0629<\/p>\n<h2>\u0645\u0646 \u0627\u0644\u0634\u0631\u0643\u0629 \u0627\u0644\u0645\u0635\u0646\u0639\u0629 \u0644\u062d\u0627\u0648\u064a\u0627\u062a \u062a\u062e\u0632\u064a\u0646 \u0627\u0644\u0637\u0639\u0627\u0645 :<\/h2>\n<p>\u062a\u0623\u0633\u0633\u062a \u0639\u0627\u0645 2000,<a href=\"https:\/\/www.xhplasticlife.com\/ar\/\">\u00a0<strong>\u0634\u064a\u0646\u063a\u0648\u064a<\/strong><\/a>\u00a0\u0645\u062a\u062e\u0635\u0635\u0629 \u0641\u064a \u0625\u0646\u062a\u0627\u062c \u0648\u0628\u064a\u0639 \u0635\u0646\u0627\u062f\u064a\u0642 \u0627\u0644\u063a\u062f\u0627\u0621 \u0648\u062d\u0627\u0648\u064a\u0627\u062a \u062a\u062e\u0632\u064a\u0646 \u0627\u0644\u0637\u0639\u0627\u0645 \u0648\u062d\u0627\u0648\u064a\u0627\u062a \u062a\u062e\u0632\u064a\u0646 \u0627\u0644\u0637\u0639\u0627\u0645 \u0648\u0623\u0648\u0627\u0646\u064a \u0627\u0644\u0645\u0634\u0631\u0648\u0628\u0627\u062a \u0648\u062d\u0627\u0648\u064a\u0627\u062a \u0627\u0644\u062a\u062e\u0632\u064a\u0646 \u0627\u0644\u0645\u0646\u0632\u0644\u064a\u0629 \u0648\u063a\u064a\u0631\u0647\u0627 \u0645\u0646 \u0627\u0644\u0645\u0646\u062a\u062c\u0627\u062a \u0627\u0644\u0628\u0644\u0627\u0633\u062a\u064a\u0643\u064a\u0629 \u0627\u0644\u064a\u0648\u0645\u064a\u0629. \u062a\u0648\u0641\u064a\u0631 \u062e\u062f\u0645\u0627\u062a \u062a\u0635\u0646\u064a\u0639 \u0627\u0644\u0645\u0639\u062f\u0627\u062a \u0627\u0644\u0623\u0635\u0644\u064a\u0629 \u0648\u062a\u0635\u0646\u064a\u0639 \u0627\u0644\u062a\u0635\u0645\u064a\u0645 \u0627\u0644\u0623\u0635\u0644\u064a \u0648\u062a\u0635\u0646\u064a\u0639 \u0627\u0644\u062a\u0635\u0645\u064a\u0645 \u0627\u0644\u0634\u062e\u0635\u064a \u0648\u062e\u062f\u0645\u0627\u062a \u0627\u0644\u0634\u0631\u0627\u0621 \u0639\u0628\u0631 \u0627\u0644\u0625\u0646\u062a\u0631\u0646\u062a \u0644\u0644\u0639\u0645\u0644\u0627\u0621.<\/p>","protected":false},"featured_media":1977,"comment_status":"closed","ping_status":"closed","template":"","meta":{"_acf_changed":false},"product_brand":[],"product_cat":[18],"product_tag":[],"class_list":{"0":"post-1970","1":"product","2":"type-product","3":"status-publish","4":"has-post-thumbnail","6":"product_cat-bulk-food-storage-container","8":"first","9":"instock","10":"shipping-taxable","11":"product-type-simple"},"acf":[],"_links":{"self":[{"href":"https:\/\/www.xhplasticlife.com\/ar\/wp-json\/wp\/v2\/product\/1970","targetHints":{"allow":["GET"]}}],"collection":[{"href":"https:\/\/www.xhplasticlife.com\/ar\/wp-json\/wp\/v2\/product"}],"about":[{"href":"https:\/\/www.xhplasticlife.com\/ar\/wp-json\/wp\/v2\/types\/product"}],"replies":[{"embeddable":true,"href":"https:\/\/www.xhplasticlife.com\/ar\/wp-json\/wp\/v2\/comments?post=1970"}],"wp:featuredmedia":[{"embeddable":true,"href":"https:\/\/www.xhplasticlife.com\/ar\/wp-json\/wp\/v2\/media\/1977"}],"wp:attachment":[{"href":"https:\/\/www.xhplasticlife.com\/ar\/wp-json\/wp\/v2\/media?parent=1970"}],"wp:term":[{"taxonomy":"product_brand","embeddable":true,"href":"https:\/\/www.xhplasticlife.com\/ar\/wp-json\/wp\/v2\/product_brand?post=1970"},{"taxonomy":"product_cat","embeddable":true,"href":"https:\/\/www.xhplasticlife.com\/ar\/wp-json\/wp\/v2\/product_cat?post=1970"},{"taxonomy":"product_tag","embeddable":true,"href":"https:\/\/www.xhplasticlife.com\/ar\/wp-json\/wp\/v2\/product_tag?post=1970"}],"curies":[{"name":"wp","href":"https:\/\/api.w.org\/{rel}","templated":true}]}}