{"id":1785,"date":"2025-11-19T07:40:17","date_gmt":"2025-11-19T07:40:17","guid":{"rendered":"https:\/\/www.xhplasticlife.com\/?post_type=product&#038;p=1785"},"modified":"2025-11-19T07:40:20","modified_gmt":"2025-11-19T07:40:20","slug":"double-layer-storage-shelf-wholesale","status":"publish","type":"product","link":"https:\/\/www.xhplasticlife.com\/ar\/product\/double-layer-storage-shelf-wholesale\/","title":{"rendered":"\u0645\u064f\u0635\u0646\u0650\u0651\u0639 \u0623\u0631\u0641\u0641 \u0627\u0644\u062a\u062e\u0632\u064a\u0646 \u0627\u0644\u0633\u0627\u0626\u0628\u0629 \u0645\u0632\u062f\u0648\u062c\u0629 \u0627\u0644\u0637\u0628\u0642\u0629 | \u0645\u0646\u0638\u0645 \u0633\u0637\u062d \u0645\u0643\u062a\u0628 \u0628\u0644\u0627\u0633\u062a\u064a\u0643\u064a \u0645\u062e\u0635\u0635 \u0644\u0644\u0645\u0643\u062a\u0628 \u0648\u0627\u0644\u0645\u0646\u0632\u0644"},"content":{"rendered":"<div class=\"wp-block-columns is-layout-flex wp-container-core-columns-is-layout-9d6595d7 wp-block-columns-is-layout-flex\">\n<div class=\"wp-block-column is-layout-flow wp-block-column-is-layout-flow\">\n<h2 class=\"wp-block-heading\">\u0645\u064a\u0632\u0627\u062a \u0631\u0641 \u0627\u0644\u062a\u062e\u0632\u064a\u0646 \u0627\u0644\u0633\u0627\u0626\u0628\u0629 \u0645\u0632\u062f\u0648\u062c \u0627\u0644\u0637\u0628\u0642\u0629:<\/h2>\n\n\n\n<ul class=\"wp-block-list\">\n<li><strong>\u062a\u0635\u0645\u064a\u0645 \u0645\u062a\u064a\u0646 \u0645\u0632\u062f\u0648\u062c \u0627\u0644\u0637\u0628\u0642\u0629: <\/strong>\u0627\u0644\u062c\u0632\u0621 \u0627\u0644\u0639\u0644\u0648\u064a \u0635\u063a\u064a\u0631 \u0648\u0627\u0644\u062c\u0632\u0621 \u0627\u0644\u0633\u0641\u0644\u064a \u0643\u0628\u064a\u0631. \u062a\u0635\u0645\u064a\u0645 \u0645\u0632\u062f\u0648\u062c \u0627\u0644\u0637\u0628\u0642\u0629 \u064a\u0633\u0645\u062d \u0628\u0648\u0636\u0639 \u0627\u0644\u0623\u062f\u0648\u0627\u062a \u0627\u0644\u0645\u0643\u062a\u0628\u064a\u0629 \u0623\u0648 \u0627\u0644\u062a\u0648\u0627\u0628\u0644 \u0623\u0648 \u0627\u0644\u0623\u063a\u0631\u0627\u0636 \u0627\u0644\u0635\u063a\u064a\u0631\u0629 \u0639\u0644\u0649 \u0627\u0644\u0637\u0628\u0642\u0629 \u0627\u0644\u0639\u0644\u0648\u064a\u0629 \u0648\u0627\u0644\u0643\u062a\u0628 \u0627\u0644\u0643\u0628\u064a\u0631\u0629 \u0623\u0648 \u0627\u0644\u0628\u0631\u0637\u0645\u0627\u0646\u0627\u062a \u0623\u0648 \u0623\u063a\u0631\u0627\u0636 \u0627\u0644\u0645\u0643\u062a\u0628\/\u0627\u0644\u0645\u0637\u0628\u062e \u0627\u0644\u0623\u0643\u0628\u0631 \u062d\u062c\u0645\u064b\u0627 \u0639\u0644\u0649 \u0627\u0644\u0637\u0628\u0642\u0629 \u0627\u0644\u0633\u0641\u0644\u064a\u0629. \u0648\u0647\u0630\u0627 \u064a\u0644\u0628\u064a \u0627\u062d\u062a\u064a\u0627\u062c\u0627\u062a \u0627\u0644\u062a\u062e\u0632\u064a\u0646 \u0627\u0644\u0645\u062a\u0646\u0648\u0639\u0629 \u0644\u0645\u0634\u062a\u0631\u064a \u0627\u0644\u062c\u0645\u0644\u0629 \u0644\u0623\u0631\u0641\u0641 \u0627\u0644\u062a\u062e\u0632\u064a\u0646 \u0627\u0644\u0645\u0632\u062f\u0648\u062c\u0629 \u0627\u0644\u0637\u0628\u0642\u0629 \u0627\u0644\u0633\u0627\u0626\u0628\u0629.<\/li>\n\n\n\n<li><strong>\u0645\u0627\u062f\u0629 \u0628\u0644\u0627\u0633\u062a\u064a\u0643\u064a\u0629 \u0645\u0645\u062a\u0627\u0632\u0629<\/strong>: \u0631\u0641 \u0627\u0644\u062a\u062e\u0632\u064a\u0646 \u0645\u0632\u062f\u0648\u062c \u0627\u0644\u0637\u0628\u0642\u0629 \u0628\u0627\u0644\u062c\u0645\u0644\u0629 \u0647\u0630\u0627 \u0645\u0635\u0646\u0648\u0639 \u0645\u0646 \u0628\u0644\u0627\u0633\u062a\u064a\u0643 \u0639\u0627\u0644\u064a \u0627\u0644\u062c\u0648\u062f\u0629 \u0648\u0635\u062f\u064a\u0642 \u0644\u0644\u0628\u064a\u0626\u0629. \u0625\u0646\u0647 \u062e\u0641\u064a\u0641 \u0627\u0644\u0648\u0632\u0646 \u0648\u0645\u062a\u064a\u0646 \u0648\u0645\u0642\u0627\u0648\u0645 \u0644\u0644\u0645\u0627\u0621 \u0648\u0627\u0644\u0631\u0637\u0648\u0628\u0629\u060c \u0648\u0645\u0646\u0627\u0633\u0628 \u0644\u0644\u0627\u0633\u062a\u062e\u062f\u0627\u0645 \u0644\u0641\u062a\u0631\u0629 \u0637\u0648\u064a\u0644\u0629 \u0644\u0644\u062d\u0641\u0627\u0638 \u0639\u0644\u0649 \u0633\u0637\u062d \u0627\u0644\u0645\u0643\u062a\u0628 \u0645\u0631\u062a\u0628\u064b\u0627 \u0648\u0646\u0638\u064a\u0641\u064b\u0627.<\/li>\n\n\n\n<li><strong>\u0645\u0646\u0638\u0645 \u0633\u0637\u062d \u0627\u0644\u0645\u0643\u062a\u0628 \u0627\u0644\u0645\u062e\u0635\u0635<\/strong>: \u0646\u062d\u0646 \u0646\u062f\u0639\u0645 \u062a\u062e\u0635\u064a\u0635 \u0627\u0644\u062d\u062c\u0645 \u0648\u0627\u0644\u0644\u0648\u0646 \u0648\u0627\u0644\u0634\u0639\u0627\u0631 \u0648\u0627\u0644\u062a\u0639\u0628\u0626\u0629 \u0648\u0627\u0644\u062a\u063a\u0644\u064a\u0641 \u0644\u0623\u0631\u0641\u0641 \u0645\u0646\u0638\u0645 \u0633\u0637\u062d \u0627\u0644\u0645\u0643\u062a\u0628 \u0627\u0644\u0628\u0644\u0627\u0633\u062a\u064a\u0643\u064a\u0629. \u0643\u0645\u0627 \u0646\u062f\u0639\u0645 \u0627\u0644\u0625\u0646\u062a\u0627\u062c \u0627\u0644\u0636\u062e\u0645 \u0644\u062a\u0635\u0646\u064a\u0639 \u0627\u0644\u0645\u0639\u062f\u0627\u062a \u0627\u0644\u0623\u0635\u0644\u064a\u0629\/\u0627\u0644\u062a\u0635\u0646\u064a\u0639 \u062d\u0633\u0628 \u0627\u0644\u0637\u0644\u0628.<\/li>\n\n\n\n<li><strong>\u0633\u0647\u0644\u0629 \u0627\u0644\u062a\u062c\u0645\u064a\u0639 \u0648\u0627\u0644\u0627\u0633\u062a\u062e\u062f\u0627\u0645:<\/strong> \u0631\u0641 \u0627\u0644\u062a\u062e\u0632\u064a\u0646 \u0627\u0644\u0628\u0644\u0627\u0633\u062a\u064a\u0643\u064a \u0627\u0644\u0641\u0627\u062e\u0631 \u0647\u0630\u0627 \u0644\u0627 \u064a\u062a\u0637\u0644\u0628 \u0623\u064a \u0623\u062f\u0627\u0629 \u0644\u0644\u062a\u0631\u0643\u064a\u0628. \u0645\u0646 \u0627\u0644\u0633\u0647\u0644 \u062c\u062f\u0627\u064b \u062a\u0646\u0638\u064a\u0641\u0647 \u0628\u0633\u0628\u0628 \u0633\u0637\u062d\u0647 \u0627\u0644\u0623\u0645\u0644\u0633\u061b \u0648\u064a\u062a\u0645 \u0627\u0644\u062d\u0641\u0627\u0638 \u0639\u0644\u0649 \u0646\u0638\u0627\u0641\u062a\u0647 \u0644\u0641\u062a\u0631\u0629 \u0637\u0648\u064a\u0644\u0629.<\/li>\n\n\n\n<li><strong>\u062a\u0637\u0628\u064a\u0642 \u0645\u062a\u0639\u062f\u062f \u0627\u0644\u0645\u0634\u0627\u0647\u062f<\/strong>: \u062a\u0645 \u062a\u0635\u0645\u064a\u0645\u0647 \u0644\u0644\u0645\u0643\u0627\u062a\u0628\u060c \u0623\u0648 \u0627\u0644\u0645\u0646\u0627\u0632\u0644\u060c \u0623\u0648 \u0627\u0644\u0645\u0637\u0627\u0628\u062e\u060c \u0623\u0648 \u0627\u0644\u062f\u0631\u0627\u0633\u0627\u062a\u060c \u0623\u0648 \u0627\u0644\u0645\u062a\u0627\u062c\u0631\u060c \u0645\u0645\u0627 \u064a\u0648\u0641\u0631 \u0645\u0633\u0627\u062d\u0629 \u0633\u0637\u062d \u0627\u0644\u0645\u0643\u062a\u0628 \u0648\u064a\u062c\u0645\u0651\u0644\u0647\u0627.<\/li>\n\n\n\n<li><strong>\u0642\u0627\u0639\u062f\u0629 \u0645\u0636\u0627\u062f\u0629 \u0644\u0644\u0627\u0646\u0632\u0644\u0627\u0642:<\/strong> \u064a\u062a\u0645\u064a\u0632 \u0627\u0644\u062c\u0632\u0621 \u0627\u0644\u0633\u0641\u0644\u064a \u0645\u0646 \u0631\u0641 \u0627\u0644\u062a\u062e\u0632\u064a\u0646 \u0627\u0644\u0645\u0632\u062f\u0648\u062c \u0627\u0644\u0637\u0628\u0642\u0629 \u0627\u0644\u0633\u0627\u0626\u0628\u0629 \u0647\u0630\u0627 \u0628\u062f\u0639\u0627\u0645\u0627\u062a \u0645\u0627\u0646\u0639\u0629 \u0644\u0644\u0627\u0646\u0632\u0644\u0627\u0642 \u0648\u062b\u0627\u0628\u062a\u0629 \u0644\u0645\u0646\u0639 \u0627\u0646\u0642\u0644\u0627\u0628 \u0627\u0644\u0623\u063a\u0631\u0627\u0636. \u0625\u0646\u0647 \u0622\u0645\u0646 \u0648\u0645\u0648\u062b\u0648\u0642 \u062d\u062a\u0649 \u0639\u0646\u062f \u0648\u0636\u0639 \u0627\u0644\u0639\u062f\u064a\u062f \u0645\u0646 \u0627\u0644\u0645\u0646\u062a\u062c\u0627\u062a \u0639\u0644\u064a\u0647.<\/li>\n<\/ul>\n<\/div>\n\n\n\n<div class=\"wp-block-column is-layout-flow wp-block-column-is-layout-flow\">\n<figure class=\"wp-block-image size-full\"><img decoding=\"async\" width=\"416\" height=\"416\" src=\"https:\/\/www.xhplasticlife.com\/wp-content\/uploads\/2025\/11\/Bulk-Double-Layer-Storage-Shelf-Manufacturer-1.webp\" alt=\"\u0645\u064f\u0635\u0646\u0650\u0651\u0639 \u0623\u0631\u0641\u0641 \u0627\u0644\u062a\u062e\u0632\u064a\u0646 \u0627\u0644\u0633\u0627\u0626\u0628\u0629 \u0645\u0632\u062f\u0648\u062c\u0629 \u0627\u0644\u0637\u0628\u0642\u0629 (1)\" class=\"wp-image-1786\" srcset=\"https:\/\/www.xhplasticlife.com\/wp-content\/uploads\/2025\/11\/Bulk-Double-Layer-Storage-Shelf-Manufacturer-1.webp 416w, https:\/\/www.xhplasticlife.com\/wp-content\/uploads\/2025\/11\/Bulk-Double-Layer-Storage-Shelf-Manufacturer-1-300x300.webp 300w, https:\/\/www.xhplasticlife.com\/wp-content\/uploads\/2025\/11\/Bulk-Double-Layer-Storage-Shelf-Manufacturer-1-150x150.webp 150w, https:\/\/www.xhplasticlife.com\/wp-content\/uploads\/2025\/11\/Bulk-Double-Layer-Storage-Shelf-Manufacturer-1-12x12.webp 12w, https:\/\/www.xhplasticlife.com\/wp-content\/uploads\/2025\/11\/Bulk-Double-Layer-Storage-Shelf-Manufacturer-1-100x100.webp 100w\" sizes=\"(max-width: 416px) 100vw, 416px\" \/><\/figure>\n<\/div>\n<\/div>\n\n\n\n<div class=\"wp-block-columns is-layout-flex wp-container-core-columns-is-layout-9d6595d7 wp-block-columns-is-layout-flex\">\n<div class=\"wp-block-column is-layout-flow wp-block-column-is-layout-flow\"><div class=\"wp-block-image\">\n<figure class=\"aligncenter size-full\"><img decoding=\"async\" width=\"800\" height=\"800\" src=\"https:\/\/www.xhplasticlife.com\/wp-content\/uploads\/2025\/11\/Bulk-Double-Layer-Storage-Shelf-Manufacturer-xinghui-1.webp\" alt=\"\u0627\u0644\u0634\u0631\u0643\u0629 \u0627\u0644\u0645\u0635\u0646\u0639\u0629 \u0644\u0623\u0631\u0641\u0641 \u0627\u0644\u062a\u062e\u0632\u064a\u0646 \u0627\u0644\u0633\u0627\u0626\u0628\u0629 \u0645\u0632\u062f\u0648\u062c\u0629 \u0627\u0644\u0637\u0628\u0642\u0629 - xinghui (1)\" class=\"wp-image-1792\" srcset=\"https:\/\/www.xhplasticlife.com\/wp-content\/uploads\/2025\/11\/Bulk-Double-Layer-Storage-Shelf-Manufacturer-xinghui-1.webp 800w, https:\/\/www.xhplasticlife.com\/wp-content\/uploads\/2025\/11\/Bulk-Double-Layer-Storage-Shelf-Manufacturer-xinghui-1-300x300.webp 300w, https:\/\/www.xhplasticlife.com\/wp-content\/uploads\/2025\/11\/Bulk-Double-Layer-Storage-Shelf-Manufacturer-xinghui-1-150x150.webp 150w, https:\/\/www.xhplasticlife.com\/wp-content\/uploads\/2025\/11\/Bulk-Double-Layer-Storage-Shelf-Manufacturer-xinghui-1-768x768.webp 768w, https:\/\/www.xhplasticlife.com\/wp-content\/uploads\/2025\/11\/Bulk-Double-Layer-Storage-Shelf-Manufacturer-xinghui-1-12x12.webp 12w, https:\/\/www.xhplasticlife.com\/wp-content\/uploads\/2025\/11\/Bulk-Double-Layer-Storage-Shelf-Manufacturer-xinghui-1-600x600.webp 600w, https:\/\/www.xhplasticlife.com\/wp-content\/uploads\/2025\/11\/Bulk-Double-Layer-Storage-Shelf-Manufacturer-xinghui-1-100x100.webp 100w\" sizes=\"(max-width: 800px) 100vw, 800px\" \/><figcaption class=\"wp-element-caption\">SN2415<\/figcaption><\/figure>\n<\/div><\/div>\n\n\n\n<div class=\"wp-block-column is-layout-flow wp-block-column-is-layout-flow\"><div class=\"wp-block-image\">\n<figure class=\"aligncenter size-full\"><img decoding=\"async\" width=\"800\" height=\"800\" src=\"https:\/\/www.xhplasticlife.com\/wp-content\/uploads\/2025\/11\/Bulk-Double-Layer-Storage-Shelf-Manufacturer-xinghui-4.webp\" alt=\"\u0627\u0644\u0634\u0631\u0643\u0629 \u0627\u0644\u0645\u0635\u0646\u0639\u0629 \u0644\u0623\u0631\u0641\u0641 \u0627\u0644\u062a\u062e\u0632\u064a\u0646 \u0627\u0644\u0633\u0627\u0626\u0628\u0629 \u0645\u0632\u062f\u0648\u062c\u0629 \u0627\u0644\u0637\u0628\u0642\u0629 - xinghui (4)\" class=\"wp-image-1795\" srcset=\"https:\/\/www.xhplasticlife.com\/wp-content\/uploads\/2025\/11\/Bulk-Double-Layer-Storage-Shelf-Manufacturer-xinghui-4.webp 800w, https:\/\/www.xhplasticlife.com\/wp-content\/uploads\/2025\/11\/Bulk-Double-Layer-Storage-Shelf-Manufacturer-xinghui-4-300x300.webp 300w, https:\/\/www.xhplasticlife.com\/wp-content\/uploads\/2025\/11\/Bulk-Double-Layer-Storage-Shelf-Manufacturer-xinghui-4-150x150.webp 150w, https:\/\/www.xhplasticlife.com\/wp-content\/uploads\/2025\/11\/Bulk-Double-Layer-Storage-Shelf-Manufacturer-xinghui-4-768x768.webp 768w, https:\/\/www.xhplasticlife.com\/wp-content\/uploads\/2025\/11\/Bulk-Double-Layer-Storage-Shelf-Manufacturer-xinghui-4-12x12.webp 12w, https:\/\/www.xhplasticlife.com\/wp-content\/uploads\/2025\/11\/Bulk-Double-Layer-Storage-Shelf-Manufacturer-xinghui-4-600x600.webp 600w, https:\/\/www.xhplasticlife.com\/wp-content\/uploads\/2025\/11\/Bulk-Double-Layer-Storage-Shelf-Manufacturer-xinghui-4-100x100.webp 100w\" sizes=\"(max-width: 800px) 100vw, 800px\" \/><figcaption class=\"wp-element-caption\">SN2415<\/figcaption><\/figure>\n<\/div><\/div>\n\n\n\n<div class=\"wp-block-column is-layout-flow wp-block-column-is-layout-flow\"><div class=\"wp-block-image\">\n<figure class=\"aligncenter size-full\"><img decoding=\"async\" width=\"800\" height=\"800\" src=\"https:\/\/www.xhplasticlife.com\/wp-content\/uploads\/2025\/11\/Bulk-Double-Layer-Storage-Shelf-Manufacturer-xinghui-3.webp\" alt=\"\u0627\u0644\u0634\u0631\u0643\u0629 \u0627\u0644\u0645\u0635\u0646\u0639\u0629 \u0644\u0623\u0631\u0641\u0641 \u0627\u0644\u062a\u062e\u0632\u064a\u0646 \u0627\u0644\u0633\u0627\u0626\u0628\u0629 \u0645\u0632\u062f\u0648\u062c\u0629 \u0627\u0644\u0637\u0628\u0642\u0629 - xinghui (3)\" class=\"wp-image-1794\" srcset=\"https:\/\/www.xhplasticlife.com\/wp-content\/uploads\/2025\/11\/Bulk-Double-Layer-Storage-Shelf-Manufacturer-xinghui-3.webp 800w, https:\/\/www.xhplasticlife.com\/wp-content\/uploads\/2025\/11\/Bulk-Double-Layer-Storage-Shelf-Manufacturer-xinghui-3-300x300.webp 300w, https:\/\/www.xhplasticlife.com\/wp-content\/uploads\/2025\/11\/Bulk-Double-Layer-Storage-Shelf-Manufacturer-xinghui-3-150x150.webp 150w, https:\/\/www.xhplasticlife.com\/wp-content\/uploads\/2025\/11\/Bulk-Double-Layer-Storage-Shelf-Manufacturer-xinghui-3-768x768.webp 768w, https:\/\/www.xhplasticlife.com\/wp-content\/uploads\/2025\/11\/Bulk-Double-Layer-Storage-Shelf-Manufacturer-xinghui-3-12x12.webp 12w, https:\/\/www.xhplasticlife.com\/wp-content\/uploads\/2025\/11\/Bulk-Double-Layer-Storage-Shelf-Manufacturer-xinghui-3-600x600.webp 600w, https:\/\/www.xhplasticlife.com\/wp-content\/uploads\/2025\/11\/Bulk-Double-Layer-Storage-Shelf-Manufacturer-xinghui-3-100x100.webp 100w\" sizes=\"(max-width: 800px) 100vw, 800px\" \/><figcaption class=\"wp-element-caption\">SN2416<\/figcaption><\/figure>\n<\/div><\/div>\n\n\n\n<div class=\"wp-block-column is-layout-flow wp-block-column-is-layout-flow\"><div class=\"wp-block-image\">\n<figure class=\"aligncenter size-full\"><img decoding=\"async\" width=\"800\" height=\"800\" src=\"https:\/\/www.xhplasticlife.com\/wp-content\/uploads\/2025\/11\/Bulk-Double-Layer-Storage-Shelf-Manufacturer-xinghui-2.webp\" alt=\"\u0627\u0644\u0634\u0631\u0643\u0629 \u0627\u0644\u0645\u0635\u0646\u0639\u0629 \u0644\u0623\u0631\u0641\u0641 \u0627\u0644\u062a\u062e\u0632\u064a\u0646 \u0627\u0644\u0633\u0627\u0626\u0628\u0629 \u0645\u0632\u062f\u0648\u062c\u0629 \u0627\u0644\u0637\u0628\u0642\u0629 - xinghui (2)\" class=\"wp-image-1793\" srcset=\"https:\/\/www.xhplasticlife.com\/wp-content\/uploads\/2025\/11\/Bulk-Double-Layer-Storage-Shelf-Manufacturer-xinghui-2.webp 800w, https:\/\/www.xhplasticlife.com\/wp-content\/uploads\/2025\/11\/Bulk-Double-Layer-Storage-Shelf-Manufacturer-xinghui-2-300x300.webp 300w, https:\/\/www.xhplasticlife.com\/wp-content\/uploads\/2025\/11\/Bulk-Double-Layer-Storage-Shelf-Manufacturer-xinghui-2-150x150.webp 150w, https:\/\/www.xhplasticlife.com\/wp-content\/uploads\/2025\/11\/Bulk-Double-Layer-Storage-Shelf-Manufacturer-xinghui-2-768x768.webp 768w, https:\/\/www.xhplasticlife.com\/wp-content\/uploads\/2025\/11\/Bulk-Double-Layer-Storage-Shelf-Manufacturer-xinghui-2-12x12.webp 12w, https:\/\/www.xhplasticlife.com\/wp-content\/uploads\/2025\/11\/Bulk-Double-Layer-Storage-Shelf-Manufacturer-xinghui-2-600x600.webp 600w, https:\/\/www.xhplasticlife.com\/wp-content\/uploads\/2025\/11\/Bulk-Double-Layer-Storage-Shelf-Manufacturer-xinghui-2-100x100.webp 100w\" sizes=\"(max-width: 800px) 100vw, 800px\" \/><figcaption class=\"wp-element-caption\">SN2416<\/figcaption><\/figure>\n<\/div><\/div>\n<\/div>\n\n\n\n<div class=\"wp-block-columns is-layout-flex wp-container-core-columns-is-layout-9d6595d7 wp-block-columns-is-layout-flex\">\n<div class=\"wp-block-column is-layout-flow wp-block-column-is-layout-flow\">\n<div class=\"wp-block-columns is-layout-flex wp-container-core-columns-is-layout-9d6595d7 wp-block-columns-is-layout-flex\">\n<div class=\"wp-block-column is-layout-flow wp-block-column-is-layout-flow\"><div class=\"wp-block-image\">\n<figure class=\"aligncenter size-full\"><img decoding=\"async\" width=\"800\" height=\"800\" src=\"https:\/\/www.xhplasticlife.com\/wp-content\/uploads\/2025\/11\/Bulk-Double-Layer-Storage-Shelf-Manufacturer-3.webp\" alt=\"\u0627\u0644\u0634\u0631\u0643\u0629 \u0627\u0644\u0645\u0635\u0646\u0639\u0629 \u0644\u0623\u0631\u0641\u0641 \u0627\u0644\u062a\u062e\u0632\u064a\u0646 \u0627\u0644\u0633\u0627\u0626\u0628\u0629 \u0645\u0632\u062f\u0648\u062c\u0629 \u0627\u0644\u0637\u0628\u0642\u0629 (3)\" class=\"wp-image-1789\" srcset=\"https:\/\/www.xhplasticlife.com\/wp-content\/uploads\/2025\/11\/Bulk-Double-Layer-Storage-Shelf-Manufacturer-3.webp 800w, https:\/\/www.xhplasticlife.com\/wp-content\/uploads\/2025\/11\/Bulk-Double-Layer-Storage-Shelf-Manufacturer-3-300x300.webp 300w, https:\/\/www.xhplasticlife.com\/wp-content\/uploads\/2025\/11\/Bulk-Double-Layer-Storage-Shelf-Manufacturer-3-150x150.webp 150w, https:\/\/www.xhplasticlife.com\/wp-content\/uploads\/2025\/11\/Bulk-Double-Layer-Storage-Shelf-Manufacturer-3-768x768.webp 768w, https:\/\/www.xhplasticlife.com\/wp-content\/uploads\/2025\/11\/Bulk-Double-Layer-Storage-Shelf-Manufacturer-3-12x12.webp 12w, https:\/\/www.xhplasticlife.com\/wp-content\/uploads\/2025\/11\/Bulk-Double-Layer-Storage-Shelf-Manufacturer-3-600x600.webp 600w, https:\/\/www.xhplasticlife.com\/wp-content\/uploads\/2025\/11\/Bulk-Double-Layer-Storage-Shelf-Manufacturer-3-100x100.webp 100w\" sizes=\"(max-width: 800px) 100vw, 800px\" \/><figcaption class=\"wp-element-caption\">SN2417<\/figcaption><\/figure>\n<\/div><\/div>\n\n\n\n<div class=\"wp-block-column is-layout-flow wp-block-column-is-layout-flow\"><div class=\"wp-block-image\">\n<figure class=\"aligncenter size-full\"><img decoding=\"async\" width=\"800\" height=\"800\" src=\"https:\/\/www.xhplasticlife.com\/wp-content\/uploads\/2025\/11\/Bulk-Double-Layer-Storage-Shelf-Manufacturer-2.webp\" alt=\"\u0627\u0644\u0634\u0631\u0643\u0629 \u0627\u0644\u0645\u0635\u0646\u0639\u0629 \u0644\u0623\u0631\u0641\u0641 \u0627\u0644\u062a\u062e\u0632\u064a\u0646 \u0627\u0644\u0633\u0627\u0626\u0628\u0629 \u0645\u0632\u062f\u0648\u062c\u0629 \u0627\u0644\u0637\u0628\u0642\u0629 (2)\" class=\"wp-image-1788\" srcset=\"https:\/\/www.xhplasticlife.com\/wp-content\/uploads\/2025\/11\/Bulk-Double-Layer-Storage-Shelf-Manufacturer-2.webp 800w, https:\/\/www.xhplasticlife.com\/wp-content\/uploads\/2025\/11\/Bulk-Double-Layer-Storage-Shelf-Manufacturer-2-300x300.webp 300w, https:\/\/www.xhplasticlife.com\/wp-content\/uploads\/2025\/11\/Bulk-Double-Layer-Storage-Shelf-Manufacturer-2-150x150.webp 150w, https:\/\/www.xhplasticlife.com\/wp-content\/uploads\/2025\/11\/Bulk-Double-Layer-Storage-Shelf-Manufacturer-2-768x768.webp 768w, https:\/\/www.xhplasticlife.com\/wp-content\/uploads\/2025\/11\/Bulk-Double-Layer-Storage-Shelf-Manufacturer-2-12x12.webp 12w, https:\/\/www.xhplasticlife.com\/wp-content\/uploads\/2025\/11\/Bulk-Double-Layer-Storage-Shelf-Manufacturer-2-600x600.webp 600w, https:\/\/www.xhplasticlife.com\/wp-content\/uploads\/2025\/11\/Bulk-Double-Layer-Storage-Shelf-Manufacturer-2-100x100.webp 100w\" sizes=\"(max-width: 800px) 100vw, 800px\" \/><figcaption class=\"wp-element-caption\">SN2417<\/figcaption><\/figure>\n<\/div><\/div>\n<\/div>\n<\/div>\n\n\n\n<div class=\"wp-block-column is-layout-flow wp-block-column-is-layout-flow\">\n<figure class=\"wp-block-table is-style-stripes\"><table class=\"has-fixed-layout\"><tbody><tr><td>\u0627\u0644\u0637\u0631\u0627\u0632<\/td><td>\u062d\u062c\u0645 \u0627\u0644\u0645\u0646\u062a\u062c<\/td><td>\u0627\u0644\u0648\u0632\u0646 \u0627\u0644\u0625\u062c\u0645\u0627\u0644\u064a<\/td><\/tr><tr><td>SN2415<\/td><td>35.5 \u00d7 14 \u00d7 11 \u0633\u0645<\/td><td>713g<\/td><\/tr><tr><td>SN2416<\/td><td>35.5 \u00d7 25.5 \u00d7 25.5 \u00d7 11 \u0633\u0645<\/td><td>1218g<\/td><\/tr><tr><td>SN2417<\/td><td>35.5 \u00d7 25.5 \u00d7 25.5 \u00d7 11 \u0633\u0645<\/td><td>1038g<\/td><\/tr><\/tbody><\/table><\/figure>\n<\/div>\n<\/div>","protected":false},"excerpt":{"rendered":"<p>\u0645\u0631\u062d\u0628\u064b\u0627 \u0628\u0643\u0645 \u0641\u064a \u0634\u0631\u0627\u0621 \u0631\u0641 \u0627\u0644\u062a\u062e\u0632\u064a\u0646 \u0627\u0644\u0633\u0627\u0626\u0628 \u0645\u0632\u062f\u0648\u062c \u0627\u0644\u0637\u0628\u0642\u0629\u060c \u0627\u0644\u0645\u0635\u0645\u0645 \u0628\u0637\u0628\u0642\u0629 \u0639\u0644\u0648\u064a\u0629 \u0635\u063a\u064a\u0631\u0629 \u0648\u0637\u0628\u0642\u0629 \u0633\u0641\u0644\u064a\u0629 \u0623\u0643\u0628\u0631 \u0644\u062a\u0646\u0638\u064a\u0645 \u0627\u0644\u0645\u0633\u0627\u062d\u0629 \u0628\u0634\u0643\u0644 \u0645\u062b\u0627\u0644\u064a. \u0646\u062d\u0646 \u0646\u0642\u062f\u0645 \u062d\u0644\u0648\u0644 \u0623\u0631\u0641\u0641 \u0645\u0646\u0638\u0645 \u0633\u0637\u062d \u0627\u0644\u0645\u0643\u062a\u0628 \u0627\u0644\u0628\u0644\u0627\u0633\u062a\u064a\u0643\u064a\u0629 \u0627\u0644\u0645\u062e\u0635\u0635\u0629 \u0645\u0639 \u0623\u0633\u0639\u0627\u0631 \u0627\u0644\u062c\u0645\u0644\u0629 \u0641\u064a \u0627\u0644\u0645\u0635\u0646\u0639\u060c \u0648\u062f\u0639\u0645 \u062a\u0635\u0646\u064a\u0639 \u0627\u0644\u0645\u0639\u062f\u0627\u062a \u0627\u0644\u0623\u0635\u0644\u064a\u0629\/\u0627\u0644\u062a\u0635\u0646\u064a\u0639 \u062d\u0633\u0628 \u0627\u0644\u0637\u0644\u0628\u060c \u0648\u0627\u0644\u062a\u0633\u0644\u064a\u0645 \u0627\u0644\u0633\u0631\u064a\u0639 \u0644\u0644\u0645\u0634\u062a\u0631\u064a\u0646 \u0627\u0644\u0639\u0627\u0644\u0645\u064a\u064a\u0646.<\/p>\n<h2>\u0645\u0639\u0644\u0645\u0629 \u0631\u0641 \u062a\u062e\u0632\u064a\u0646 \u0645\u0632\u062f\u0648\u062c \u0627\u0644\u0637\u0628\u0642\u0629:<\/h2>\n<ul>\n<li><strong>\u0627\u0644\u0637\u0631\u0627\u0632<\/strong>: SN2415-SN2417<\/li>\n<li><strong>\u0627\u0633\u0645 \u0627\u0644\u0639\u0644\u0627\u0645\u0629 \u0627\u0644\u062a\u062c\u0627\u0631\u064a\u0629<\/strong>: \u0634\u064a\u0646\u063a\u0648\u064a<\/li>\n<li><strong>\u0627\u0644\u0645\u0648\u0627\u062f<\/strong>: ABS + \u0641\u0648\u0644\u0627\u0630 \u063a\u064a\u0631 \u0642\u0627\u0628\u0644 \u0644\u0644\u0635\u062f\u0623<\/li>\n<li><strong>\u0627\u0644\u0644\u0648\u0646<\/strong>: \u0623\u0628\u064a\u0636\u060c \u0643\u0631\u064a\u0645\u064a<\/li>\n<li><strong>\u0627\u0644\u062a\u0639\u0628\u0626\u0629<\/strong>: \u0643\u0631\u062a\u0648\u0646<\/li>\n<li><strong>\u062a\u0635\u0646\u064a\u0639 \u0627\u0644\u0645\u0639\u062f\u0627\u062a \u0627\u0644\u0623\u0635\u0644\u064a\u0629\/\u0627\u0644\u062a\u0635\u0646\u064a\u0639 \u062d\u0633\u0628 \u0627\u0644\u0637\u0644\u0628<\/strong>: \u0645\u062a\u0627\u062d<\/li>\n<li><strong>\u062e\u064a\u0627\u0631 \u0645\u062e\u0635\u0635 \u062d\u0633\u0628 \u0627\u0644\u0637\u0644\u0628<\/strong>: \u0627\u0644\u0644\u0648\u0646\/\u0627\u0644\u062d\u062c\u0645\/ \u0627\u0644\u0634\u0639\u0627\u0631\/\u0627\u0644\u062d\u0632\u0645\u0629<\/li>\n<\/ul>\n<h2>\u0645\u0646 \u0627\u0644\u0634\u0631\u0643\u0629 \u0627\u0644\u0645\u0635\u0646\u0639\u0629 \u0644\u0644\u0623\u0648\u0627\u0646\u064a \u0627\u0644\u0628\u0644\u0627\u0633\u062a\u064a\u0643\u064a\u0629 \u0627\u0644\u064a\u0648\u0645\u064a\u0629 :<\/h2>\n<p>\u062a\u0623\u0633\u0633\u062a \u0639\u0627\u0645 2000,\u00a0<a href=\"https:\/\/www.xhplasticlife.com\/ar\/\"><strong>\u0634\u064a\u0646\u063a\u0648\u064a<\/strong><\/a>\u00a0\u0645\u062a\u062e\u0635\u0635\u0629 \u0641\u064a \u0625\u0646\u062a\u0627\u062c \u0648\u0628\u064a\u0639 \u0635\u0646\u0627\u062f\u064a\u0642 \u0627\u0644\u063a\u062f\u0627\u0621 \u0648\u062d\u0627\u0648\u064a\u0627\u062a \u062a\u062e\u0632\u064a\u0646 \u0627\u0644\u0637\u0639\u0627\u0645 \u0648\u062d\u0627\u0648\u064a\u0627\u062a \u062a\u062e\u0632\u064a\u0646 \u0627\u0644\u0637\u0639\u0627\u0645 \u0648\u0623\u0648\u0627\u0646\u064a \u0627\u0644\u0645\u0634\u0631\u0648\u0628\u0627\u062a \u0648\u062d\u0627\u0648\u064a\u0627\u062a \u0627\u0644\u062a\u062e\u0632\u064a\u0646 \u0627\u0644\u0645\u0646\u0632\u0644\u064a\u0629 \u0648\u063a\u064a\u0631\u0647\u0627 \u0645\u0646 \u0627\u0644\u0645\u0646\u062a\u062c\u0627\u062a \u0627\u0644\u0628\u0644\u0627\u0633\u062a\u064a\u0643\u064a\u0629 \u0627\u0644\u064a\u0648\u0645\u064a\u0629. \u062a\u0648\u0641\u064a\u0631 \u062e\u062f\u0645\u0627\u062a \u062a\u0635\u0646\u064a\u0639 \u0627\u0644\u0645\u0639\u062f\u0627\u062a \u0627\u0644\u0623\u0635\u0644\u064a\u0629 \u0648\u062a\u0635\u0646\u064a\u0639 \u0627\u0644\u062a\u0635\u0645\u064a\u0645 \u0627\u0644\u0623\u0635\u0644\u064a \u0648\u062a\u0635\u0646\u064a\u0639 \u0627\u0644\u062a\u0635\u0645\u064a\u0645 \u0627\u0644\u0634\u062e\u0635\u064a \u0648\u062e\u062f\u0645\u0627\u062a \u0627\u0644\u0634\u0631\u0627\u0621 \u0639\u0628\u0631 \u0627\u0644\u0625\u0646\u062a\u0631\u0646\u062a \u0644\u0644\u0639\u0645\u0644\u0627\u0621.<\/p>","protected":false},"featured_media":1786,"comment_status":"closed","ping_status":"closed","template":"","meta":{"_acf_changed":false},"product_brand":[],"product_cat":[19],"product_tag":[],"class_list":{"0":"post-1785","1":"product","2":"type-product","3":"status-publish","4":"has-post-thumbnail","6":"product_cat-kitchen-storage-containers-wholesale","8":"first","9":"instock","10":"shipping-taxable","11":"product-type-simple"},"acf":[],"_links":{"self":[{"href":"https:\/\/www.xhplasticlife.com\/ar\/wp-json\/wp\/v2\/product\/1785","targetHints":{"allow":["GET"]}}],"collection":[{"href":"https:\/\/www.xhplasticlife.com\/ar\/wp-json\/wp\/v2\/product"}],"about":[{"href":"https:\/\/www.xhplasticlife.com\/ar\/wp-json\/wp\/v2\/types\/product"}],"replies":[{"embeddable":true,"href":"https:\/\/www.xhplasticlife.com\/ar\/wp-json\/wp\/v2\/comments?post=1785"}],"wp:featuredmedia":[{"embeddable":true,"href":"https:\/\/www.xhplasticlife.com\/ar\/wp-json\/wp\/v2\/media\/1786"}],"wp:attachment":[{"href":"https:\/\/www.xhplasticlife.com\/ar\/wp-json\/wp\/v2\/media?parent=1785"}],"wp:term":[{"taxonomy":"product_brand","embeddable":true,"href":"https:\/\/www.xhplasticlife.com\/ar\/wp-json\/wp\/v2\/product_brand?post=1785"},{"taxonomy":"product_cat","embeddable":true,"href":"https:\/\/www.xhplasticlife.com\/ar\/wp-json\/wp\/v2\/product_cat?post=1785"},{"taxonomy":"product_tag","embeddable":true,"href":"https:\/\/www.xhplasticlife.com\/ar\/wp-json\/wp\/v2\/product_tag?post=1785"}],"curies":[{"name":"wp","href":"https:\/\/api.w.org\/{rel}","templated":true}]}}