{"id":1672,"date":"2025-11-12T10:11:10","date_gmt":"2025-11-12T10:11:10","guid":{"rendered":"https:\/\/www.xhplasticlife.com\/?post_type=product&#038;p=1672"},"modified":"2025-11-12T18:04:22","modified_gmt":"2025-11-12T18:04:22","slug":"newest-design-soap-dish-wholesale","status":"publish","type":"product","link":"https:\/\/www.xhplasticlife.com\/ar\/product\/newest-design-soap-dish-wholesale\/","title":{"rendered":"\u0623\u062d\u062f\u062b \u0635\u062d\u0646 \u0635\u0627\u0628\u0648\u0646 \u0628\u062a\u0635\u0645\u064a\u0645 \u062c\u062f\u064a\u062f \u0628\u0627\u0644\u062c\u0645\u0644\u0629\u060c \u0635\u0646\u062f\u0648\u0642 \u0635\u0627\u0628\u0648\u0646 \u0628\u0644\u0627\u0633\u062a\u064a\u0643\u064a \u0628\u0627\u0644\u062c\u0645\u0644\u0629 \u0644\u062a\u062e\u0632\u064a\u0646 \u0627\u0644\u0635\u0627\u0628\u0648\u0646 \u0644\u062d\u0645\u0627\u0645 \u0627\u0644\u0641\u0646\u062f\u0642"},"content":{"rendered":"<div class=\"wp-block-columns is-layout-flex wp-container-core-columns-is-layout-9d6595d7 wp-block-columns-is-layout-flex\">\n<div class=\"wp-block-column is-layout-flow wp-block-column-is-layout-flow\">\n<h2 class=\"wp-block-heading\">\u0635\u062d\u0646 \u0635\u0627\u0628\u0648\u0646 \u0628\u0644\u0627\u0633\u062a\u064a\u0643 \u0628\u0627\u0644\u062c\u0645\u0644\u0629 \u0627\u0644\u0645\u064a\u0632\u0627\u062a:<\/h2>\n\n\n\n<ul class=\"wp-block-list\">\n<li><strong>\u062a\u0635\u0645\u064a\u0645 \u0639\u0635\u0631\u064a \u0648\u0639\u0645\u0644\u064a:<\/strong> \u0623\u062d\u062f\u062b \u062a\u0635\u0645\u064a\u0645 \u0644\u0635\u062d\u0646 \u0627\u0644\u0635\u0627\u0628\u0648\u0646 \u0628\u0627\u0644\u062c\u0645\u0644\u0629\u060c \u0648\u0627\u0644\u0630\u064a \u064a\u062c\u0645\u0639 \u0628\u064a\u0646 \u0627\u0644\u0623\u0646\u0627\u0642\u0629 \u0648\u0627\u0644\u0639\u0645\u0644\u064a\u0629\u060c \u0648\u0647\u0648 \u0645\u062b\u0627\u0644\u064a \u0644\u062d\u0645\u0627\u0645 \u0627\u0644\u0641\u0646\u062f\u0642 \u0623\u0648 \u0644\u0644\u0627\u0633\u062a\u062e\u062f\u0627\u0645 \u0627\u0644\u0645\u0646\u0632\u0644\u064a.<\/li>\n\n\n\n<li><strong>\u0645\u0627\u062f\u0629 \u0645\u062a\u064a\u0646\u0629 \u0635\u062f\u064a\u0642\u0629 \u0644\u0644\u0628\u064a\u0626\u0629:<\/strong> \u064a\u0636\u0645\u0646 \u0628\u0644\u0627\u0633\u062a\u064a\u0643 \u0627\u0644\u0628\u0648\u0644\u064a \u0628\u0631\u0648\u0628\u064a\u0644\u064a\u0646 \u0628\u0648\u0644\u064a \u0628\u0631\u0648\u0628\u064a\u0644\u064a\u0646 \u0639\u0627\u0644\u064a \u0627\u0644\u062c\u0648\u062f\u0629 \u0648\u0627\u0644\u062e\u0627\u0644\u064a \u0645\u0646 \u0645\u0627\u062f\u0629 BPA \u0627\u0644\u0645\u0633\u062a\u062e\u062f\u0645 \u0641\u064a \u0627\u0644\u0645\u0646\u062a\u062c \u0627\u0644\u0627\u0633\u062a\u062e\u062f\u0627\u0645 \u0648\u0627\u0644\u0633\u0644\u0627\u0645\u0629 \u0639\u0644\u0649 \u0627\u0644\u0645\u062f\u0649 \u0627\u0644\u0637\u0648\u064a\u0644.<\/li>\n\n\n\n<li><strong>\u0635\u064a\u0646\u064a\u0629 \u062a\u0635\u0631\u064a\u0641 \u0645\u0632\u062f\u0648\u062c\u0629 \u0627\u0644\u0637\u0628\u0642\u0629:<\/strong> \u062a\u0642\u0648\u0645 \u0627\u0644\u0637\u0628\u0642\u0629 \u0627\u0644\u0639\u0644\u0648\u064a\u0629 \u0628\u062a\u0635\u0631\u064a\u0641 \u0627\u0644\u0645\u064a\u0627\u0647 \u0628\u0633\u0631\u0639\u0629\u060c \u0628\u064a\u0646\u0645\u0627 \u062a\u0642\u0648\u0645 \u0627\u0644\u0635\u064a\u0646\u064a\u0629 \u0627\u0644\u0633\u0641\u0644\u064a\u0629 \u0628\u062c\u0645\u0639 \u0627\u0644\u0645\u064a\u0627\u0647 \u0648\u062a\u062d\u0627\u0641\u0638 \u0639\u0644\u0649 \u062c\u0641\u0627\u0641 \u0648\u0646\u0638\u0627\u0641\u0629 \u0623\u0633\u0637\u062d \u0627\u0644\u0639\u0645\u0644.<\/li>\n\n\n\n<li><strong>\u062a\u0635\u0645\u064a\u0645 \u0627\u0644\u063a\u0637\u0627\u0621 \u0627\u0644\u0622\u0645\u0646: <\/strong>\u064a\u0623\u062a\u064a \u0645\u0639 \u063a\u0637\u0627\u0621 \u0645\u0637\u0627\u0628\u0642 \u064a\u062d\u0645\u064a \u0627\u0644\u0635\u0627\u0628\u0648\u0646 \u0645\u0646 \u0627\u0644\u063a\u0628\u0627\u0631 \u0648\u0627\u0644\u0631\u0637\u0648\u0628\u0629.<\/li>\n\n\n\n<li><strong>\u0633\u0644\u0633 \u0648\u0645\u062d\u0645\u0648\u0644: <\/strong>\u0635\u062d\u0646 \u0627\u0644\u0635\u0627\u0628\u0648\u0646 \u0627\u0644\u0628\u0644\u0627\u0633\u062a\u064a\u0643\u064a \u0627\u0644\u0628\u0633\u064a\u0637 \u0627\u0644\u0630\u064a \u0646\u0642\u062f\u0645\u0647 \u0628\u0627\u0644\u062c\u0645\u0644\u0629 \u062e\u0641\u064a\u0641 \u0627\u0644\u0648\u0632\u0646 \u0648\u0633\u0647\u0644 \u0627\u0644\u062d\u0645\u0644\u060c \u0648\u0645\u0646\u0627\u0633\u0628 \u0644\u0644\u0633\u0641\u0631 \u0623\u0648 \u0643\u0645\u0633\u062a\u0644\u0632\u0645\u0627\u062a \u0641\u0646\u062f\u0642\u064a\u0629.<\/li>\n\n\n\n<li><strong>\u062e\u064a\u0627\u0631\u0627\u062a \u0645\u062e\u0635\u0635\u0629 \u0648\u062c\u0645\u0627\u0639\u064a\u0629:<\/strong> \u0646\u062d\u0646 \u0646\u0642\u062f\u0645 \u062a\u062e\u0632\u064a\u0646 \u0639\u0644\u0628 \u0627\u0644\u0635\u0627\u0628\u0648\u0646 \u0627\u0644\u0628\u0644\u0627\u0633\u062a\u064a\u0643\u064a\u0629 \u0627\u0644\u0633\u0627\u0626\u0628\u0629 OEM\/ODM \u0628\u0633\u0639\u0631 \u0627\u0644\u0645\u0635\u0646\u0639 \u0645\u0639 \u0639\u064a\u0646\u0627\u062a \u0645\u062c\u0627\u0646\u064a\u0629 \u0644\u0634\u0631\u0643\u0627\u0621 \u0627\u0644\u0623\u0639\u0645\u0627\u0644.<\/li>\n<\/ul>\n<\/div>\n\n\n\n<div class=\"wp-block-column is-layout-flow wp-block-column-is-layout-flow\">\n<figure class=\"wp-block-image size-full\"><img decoding=\"async\" width=\"750\" height=\"750\" src=\"https:\/\/www.xhplasticlife.com\/wp-content\/uploads\/2025\/11\/Custom-Wholesale-Plastic-Soap-Dish-.webp\" alt=\"\u0637\u0628\u0642 \u0635\u0627\u0628\u0648\u0646 \u0628\u0644\u0627\u0633\u062a\u064a\u0643 \u0628\u0644\u0627\u0633\u062a\u064a\u0643 \u0645\u062e\u0635\u0635 \u0628\u0627\u0644\u062c\u0645\u0644\u0629\" class=\"wp-image-1678\" srcset=\"https:\/\/www.xhplasticlife.com\/wp-content\/uploads\/2025\/11\/Custom-Wholesale-Plastic-Soap-Dish-.webp 750w, https:\/\/www.xhplasticlife.com\/wp-content\/uploads\/2025\/11\/Custom-Wholesale-Plastic-Soap-Dish--300x300.webp 300w, https:\/\/www.xhplasticlife.com\/wp-content\/uploads\/2025\/11\/Custom-Wholesale-Plastic-Soap-Dish--150x150.webp 150w, https:\/\/www.xhplasticlife.com\/wp-content\/uploads\/2025\/11\/Custom-Wholesale-Plastic-Soap-Dish--12x12.webp 12w, https:\/\/www.xhplasticlife.com\/wp-content\/uploads\/2025\/11\/Custom-Wholesale-Plastic-Soap-Dish--600x600.webp 600w, https:\/\/www.xhplasticlife.com\/wp-content\/uploads\/2025\/11\/Custom-Wholesale-Plastic-Soap-Dish--100x100.webp 100w\" sizes=\"(max-width: 750px) 100vw, 750px\" \/><\/figure>\n<\/div>\n<\/div>\n\n\n\n<div class=\"wp-block-columns is-layout-flex wp-container-core-columns-is-layout-9d6595d7 wp-block-columns-is-layout-flex\">\n<div class=\"wp-block-column is-layout-flow wp-block-column-is-layout-flow\" style=\"flex-basis:60%\">\n<figure class=\"wp-block-image size-full\"><img decoding=\"async\" width=\"750\" height=\"538\" src=\"https:\/\/www.xhplasticlife.com\/wp-content\/uploads\/2025\/11\/Plastic-Soap-Dish-Wholesale-Color.webp\" alt=\"\u0635\u062d\u0646 \u0635\u0627\u0628\u0648\u0646 \u0628\u0644\u0627\u0633\u062a\u064a\u0643 \u0628\u0627\u0644\u062c\u0645\u0644\u0629 - \u0645\u0644\u0648\u0646\" class=\"wp-image-1680\" srcset=\"https:\/\/www.xhplasticlife.com\/wp-content\/uploads\/2025\/11\/Plastic-Soap-Dish-Wholesale-Color.webp 750w, https:\/\/www.xhplasticlife.com\/wp-content\/uploads\/2025\/11\/Plastic-Soap-Dish-Wholesale-Color-300x215.webp 300w, https:\/\/www.xhplasticlife.com\/wp-content\/uploads\/2025\/11\/Plastic-Soap-Dish-Wholesale-Color-18x12.webp 18w, https:\/\/www.xhplasticlife.com\/wp-content\/uploads\/2025\/11\/Plastic-Soap-Dish-Wholesale-Color-600x430.webp 600w\" sizes=\"(max-width: 750px) 100vw, 750px\" \/><\/figure>\n<\/div>\n\n\n\n<div class=\"wp-block-column is-layout-flow wp-block-column-is-layout-flow\">\n<figure class=\"wp-block-image size-full\"><img decoding=\"async\" width=\"750\" height=\"750\" src=\"https:\/\/www.xhplasticlife.com\/wp-content\/uploads\/2025\/11\/Plastic-Soap-Dish-Wholesale-Sizes.webp\" alt=\"\u0635\u062d\u0646 \u0635\u0627\u0628\u0648\u0646 \u0628\u0644\u0627\u0633\u062a\u064a\u0643 \u0628\u0627\u0644\u062c\u0645\u0644\u0629 - \u0627\u0644\u0623\u062d\u062c\u0627\u0645\" class=\"wp-image-1681\" srcset=\"https:\/\/www.xhplasticlife.com\/wp-content\/uploads\/2025\/11\/Plastic-Soap-Dish-Wholesale-Sizes.webp 750w, https:\/\/www.xhplasticlife.com\/wp-content\/uploads\/2025\/11\/Plastic-Soap-Dish-Wholesale-Sizes-300x300.webp 300w, https:\/\/www.xhplasticlife.com\/wp-content\/uploads\/2025\/11\/Plastic-Soap-Dish-Wholesale-Sizes-150x150.webp 150w, https:\/\/www.xhplasticlife.com\/wp-content\/uploads\/2025\/11\/Plastic-Soap-Dish-Wholesale-Sizes-12x12.webp 12w, https:\/\/www.xhplasticlife.com\/wp-content\/uploads\/2025\/11\/Plastic-Soap-Dish-Wholesale-Sizes-600x600.webp 600w, https:\/\/www.xhplasticlife.com\/wp-content\/uploads\/2025\/11\/Plastic-Soap-Dish-Wholesale-Sizes-100x100.webp 100w\" sizes=\"(max-width: 750px) 100vw, 750px\" \/><\/figure>\n<\/div>\n<\/div>\n\n\n\n<p><\/p>","protected":false},"excerpt":{"rendered":"<p>\u0645\u0631\u062d\u0628\u064b\u0627 \u0628\u0643\u0645 \u0641\u064a \u0634\u0631\u0627\u0621 \u0623\u062d\u062f\u062b \u062a\u0635\u0645\u064a\u0645 \u0644\u0635\u062d\u0646 \u0627\u0644\u0635\u0627\u0628\u0648\u0646 \u0628\u0627\u0644\u062c\u0645\u0644\u0629\u060c \u0645\u0635\u0646\u0648\u0639 \u0645\u0646 \u0645\u0627\u062f\u0629 \u0627\u0644\u0628\u0648\u0644\u064a \u0628\u0631\u0648\u0628\u064a\u0644\u064a\u0646 \u0628\u0648\u0644\u064a \u0628\u0631\u0648\u0628\u064a\u0644\u064a\u0646 \u0627\u0644\u0635\u062f\u064a\u0642\u0629 \u0644\u0644\u0628\u064a\u0626\u0629 \u0645\u0639 \u0635\u064a\u0646\u064a\u0629 \u062a\u0635\u0631\u064a\u0641 \u0648\u063a\u0637\u0627\u0621 \u0622\u0645\u0646. \u062a\u062d\u0627\u0641\u0638 \u0639\u0644\u0628\u0629 \u062a\u062e\u0632\u064a\u0646 \u0627\u0644\u0635\u0627\u0628\u0648\u0646 \u0627\u0644\u0628\u0644\u0627\u0633\u062a\u064a\u0643\u064a\u0629 \u0627\u0644\u0633\u0627\u0626\u0628\u0629 \u0647\u0630\u0647 \u0639\u0644\u0649 \u0627\u0644\u0635\u0627\u0628\u0648\u0646 \u062c\u0627\u0641\u064b\u0627 \u0648\u0646\u0638\u064a\u0641\u064b\u0627 \u0648\u0623\u0646\u064a\u0642\u064b\u0627 - \u0645\u062b\u0627\u0644\u064a\u0629 \u0644\u0644\u0641\u0646\u0627\u062f\u0642 \u0648\u0627\u0644\u062d\u0645\u0627\u0645\u0627\u062a \u0648\u0627\u0644\u0627\u0633\u062a\u062e\u062f\u0627\u0645 \u0623\u062b\u0646\u0627\u0621 \u0627\u0644\u0633\u0641\u0631 \u0628\u0623\u0633\u0639\u0627\u0631 \u0627\u0644\u0645\u0635\u0646\u0639 \u0645\u0628\u0627\u0634\u0631\u0629.<\/p>\n<h2>\u0645\u0639\u0644\u0645\u0629 \u0635\u062d\u0646 \u0627\u0644\u0635\u0627\u0628\u0648\u0646 \u0627\u0644\u0628\u0644\u0627\u0633\u062a\u064a\u0643 \u0628\u0627\u0644\u062c\u0645\u0644\u0629:<\/h2>\n<ul>\n<li><strong>\u0627\u0633\u0645 \u0627\u0644\u0639\u0644\u0627\u0645\u0629 \u0627\u0644\u062a\u062c\u0627\u0631\u064a\u0629<\/strong>: <a href=\"https:\/\/www.xhplasticlife.com\/ar\/\"><strong>\u0634\u064a\u0646\u063a\u0648\u064a<\/strong><\/a><\/li>\n<li><strong>\u0627\u0644\u0637\u0631\u0627\u0632<\/strong>: XS3625<\/li>\n<li><strong>\u0627\u0644\u0645\u0648\u0627\u062f<\/strong>: \u0628\u0627\u0621 \u0628\u0627\u0621<\/li>\n<li><strong>\u0627\u0644\u0644\u0648\u0646<\/strong>:: \u0627\u0644\u0623\u0632\u0631\u0642 \u0627\u0644\u062f\u0627\u0643\u0646\u060c \u0648\u0627\u0644\u0623\u062e\u0636\u0631 \u0627\u0644\u062f\u0627\u0643\u0646\u060c \u0648\u0627\u0644\u0631\u0645\u0627\u062f\u064a\u060c \u0648\u0627\u0644\u0628\u0631\u062a\u0642\u0627\u0644\u064a<\/li>\n<li><strong>\u0627\u0644\u0648\u0632\u0646:<\/strong> 62G<\/li>\n<li><strong>\u0627\u0644\u0648\u0632\u0646 \u0627\u0644\u0625\u062c\u0645\u0627\u0644\u064a:\u00a0<\/strong>18.3 \u0643\u062c\u0645<\/li>\n<li><strong>\u062d\u062c\u0645 \u0627\u0644\u0643\u0631\u062a\u0648\u0646<\/strong>: 57 \u00d7 45.5 \u00d7 45.5 \u00d7 46 \u0633\u0645<\/li>\n<li><strong>\u0631\u0642\u0645 \u0627\u0644\u062a\u0639\u0628\u0626\u0629: <\/strong>240 \u0642\u0637\u0639\u0629\/\u0637\u0646 \u0645\u062a\u0631\u064a<\/li>\n<li><strong>\u062a\u0635\u0646\u064a\u0639 \u0627\u0644\u0645\u0639\u062f\u0627\u062a \u0627\u0644\u0623\u0635\u0644\u064a\u0629\/\u0627\u0644\u062a\u0635\u0646\u064a\u0639 \u062d\u0633\u0628 \u0627\u0644\u0637\u0644\u0628<\/strong>: \u0645\u062a\u0627\u062d<\/li>\n<li><strong>\u062e\u064a\u0627\u0631 \u0645\u062e\u0635\u0635 \u062d\u0633\u0628 \u0627\u0644\u0637\u0644\u0628<\/strong>: \u0627\u0644\u0644\u0648\u0646\/\u0627\u0644\u062d\u062c\u0645\/ \u0627\u0644\u0634\u0639\u0627\u0631\/\u0627\u0644\u062d\u0632\u0645\u0629<\/li>\n<\/ul>\n<h2>\u0645\u0646 <a href=\"https:\/\/www.xhplasticlife.com\/ar\/\">\u0627\u0644\u0634\u0631\u0643\u0629 \u0627\u0644\u0645\u0635\u0646\u0639\u0629 \u0644\u0644\u0623\u0648\u0627\u0646\u064a \u0627\u0644\u0628\u0644\u0627\u0633\u062a\u064a\u0643\u064a\u0629 \u0627\u0644\u064a\u0648\u0645\u064a\u0629<\/a> :<\/h2>\n<p>\u062a\u0623\u0633\u0633\u062a \u0639\u0627\u0645 2000,\u00a0<a href=\"https:\/\/www.xhplasticlife.com\/ar\/\"><strong>\u0634\u064a\u0646\u063a\u0648\u064a<\/strong><\/a>\u00a0\u0645\u062a\u062e\u0635\u0635\u0629 \u0641\u064a \u0625\u0646\u062a\u0627\u062c \u0648\u0628\u064a\u0639 \u0639\u0644\u0628 \u0627\u0644\u063a\u062f\u0627\u0621 \u0648\u062d\u0627\u0648\u064a\u0627\u062a \u062a\u062e\u0632\u064a\u0646 \u0627\u0644\u0637\u0639\u0627\u0645 \u0648\u062d\u0627\u0648\u064a\u0627\u062a \u062a\u062e\u0632\u064a\u0646 \u0627\u0644\u0637\u0639\u0627\u0645 \u0648\u0623\u062f\u0648\u0627\u062a \u0627\u0644\u0634\u0631\u0628 \u0648\u062d\u0627\u0648\u064a\u0627\u062a \u0627\u0644\u062a\u062e\u0632\u064a\u0646 \u0627\u0644\u0645\u0646\u0632\u0644\u064a\u0629 \u0648\u063a\u064a\u0631\u0647\u0627 \u0645\u0646 \u0627\u0644\u0645\u0646\u062a\u062c\u0627\u062a \u0627\u0644\u0628\u0644\u0627\u0633\u062a\u064a\u0643\u064a\u0629 \u0627\u0644\u064a\u0648\u0645\u064a\u0629. \u062a\u0648\u0641\u064a\u0631 \u0648\u0642\u0641\u0629 \u0648\u0627\u062d\u062f\u0629 <strong><em><a href=\"https:\/\/www.xhplasticlife.com\/ar\/custom-food-storage-containers\/\">\u062a\u0635\u0646\u064a\u0639 \u0627\u0644\u0645\u0639\u062f\u0627\u062a \u0627\u0644\u0623\u0635\u0644\u064a\u0629 \u0648\u062a\u0635\u0646\u064a\u0639 \u0627\u0644\u0645\u0639\u062f\u0627\u062a \u0627\u0644\u0623\u0635\u0644\u064a\u0629<\/a><\/em><\/strong> \u0648 <strong><em><a href=\"https:\/\/www.xhplasticlife.com\/ar\/e-commerce-service\/\">\u062e\u062f\u0645\u0627\u062a \u0645\u0634\u062a\u0631\u064a\u0627\u062a \u0627\u0644\u062a\u062c\u0627\u0631\u0629 \u0627\u0644\u0625\u0644\u0643\u062a\u0631\u0648\u0646\u064a\u0629<\/a><\/em><\/strong> \u0644\u0644\u0639\u0645\u0644\u0627\u0621.<\/p>","protected":false},"featured_media":1675,"comment_status":"closed","ping_status":"closed","template":"","meta":{"_acf_changed":false},"product_brand":[],"product_cat":[21],"product_tag":[],"class_list":{"0":"post-1672","1":"product","2":"type-product","3":"status-publish","4":"has-post-thumbnail","6":"product_cat-home-storage-containers-wholesaler","8":"first","9":"instock","10":"shipping-taxable","11":"product-type-simple"},"acf":[],"_links":{"self":[{"href":"https:\/\/www.xhplasticlife.com\/ar\/wp-json\/wp\/v2\/product\/1672","targetHints":{"allow":["GET"]}}],"collection":[{"href":"https:\/\/www.xhplasticlife.com\/ar\/wp-json\/wp\/v2\/product"}],"about":[{"href":"https:\/\/www.xhplasticlife.com\/ar\/wp-json\/wp\/v2\/types\/product"}],"replies":[{"embeddable":true,"href":"https:\/\/www.xhplasticlife.com\/ar\/wp-json\/wp\/v2\/comments?post=1672"}],"wp:featuredmedia":[{"embeddable":true,"href":"https:\/\/www.xhplasticlife.com\/ar\/wp-json\/wp\/v2\/media\/1675"}],"wp:attachment":[{"href":"https:\/\/www.xhplasticlife.com\/ar\/wp-json\/wp\/v2\/media?parent=1672"}],"wp:term":[{"taxonomy":"product_brand","embeddable":true,"href":"https:\/\/www.xhplasticlife.com\/ar\/wp-json\/wp\/v2\/product_brand?post=1672"},{"taxonomy":"product_cat","embeddable":true,"href":"https:\/\/www.xhplasticlife.com\/ar\/wp-json\/wp\/v2\/product_cat?post=1672"},{"taxonomy":"product_tag","embeddable":true,"href":"https:\/\/www.xhplasticlife.com\/ar\/wp-json\/wp\/v2\/product_tag?post=1672"}],"curies":[{"name":"wp","href":"https:\/\/api.w.org\/{rel}","templated":true}]}}