{"id":1625,"date":"2025-11-09T20:01:32","date_gmt":"2025-11-09T20:01:32","guid":{"rendered":"https:\/\/www.xhplasticlife.com\/?post_type=product&#038;p=1625"},"modified":"2025-11-10T01:15:17","modified_gmt":"2025-11-10T01:15:17","slug":"wholesale-plastic-pitcher-with-lid","status":"publish","type":"product","link":"https:\/\/www.xhplasticlife.com\/ar\/product\/wholesale-plastic-pitcher-with-lid\/","title":{"rendered":"\u0623\u0628\u0627\u0631\u064a\u0642 \u0628\u0644\u0627\u0633\u062a\u064a\u0643\u064a\u0629 \u0628\u063a\u0637\u0627\u0621 \u0628\u0627\u0644\u062c\u0645\u0644\u0629\u060c \u0627\u0644\u0634\u0631\u0643\u0629 \u0627\u0644\u0645\u0635\u0646\u0639\u0629 \u0644\u0625\u0628\u0631\u064a\u0642 \u0627\u0644\u0645\u0627\u0621 \u0627\u0644\u0628\u0627\u0631\u062f OEM"},"content":{"rendered":"<div class=\"wp-block-columns is-layout-flex wp-container-core-columns-is-layout-9d6595d7 wp-block-columns-is-layout-flex\">\n<div class=\"wp-block-column is-layout-flow wp-block-column-is-layout-flow\">\n<h2 class=\"wp-block-heading\">\u0625\u0628\u0631\u064a\u0642 \u0628\u0644\u0627\u0633\u062a\u064a\u0643 \u0628\u0627\u0644\u062c\u0645\u0644\u0629 \u0645\u0639 \u063a\u0637\u0627\u0621 \u0627\u0644\u0645\u064a\u0632\u0627\u062a:<\/h2>\n\n\n\n<ul class=\"wp-block-list\">\n<li><strong>\u0645\u0627\u062f\u0629 PP \u0627\u0644\u0645\u062a\u064a\u0646\u0629<\/strong> - \u0645\u0635\u0646\u0648\u0639 \u0645\u0646 \u0645\u0627\u062f\u0629 \u0627\u0644\u0628\u0648\u0644\u064a \u0628\u0631\u0648\u0628\u064a\u0644\u064a\u0646 \u0627\u0644\u0633\u0645\u064a\u0643\u0629 \u0648\u0627\u0644\u0639\u0627\u0644\u064a\u0629 \u0627\u0644\u062c\u0648\u062f\u0629\u060c \u064a\u0645\u0643\u0646 \u0644\u0647\u0630\u0627 \u0627\u0644\u0625\u0628\u0631\u064a\u0642 \u0627\u0644\u0628\u0644\u0627\u0633\u062a\u064a\u0643\u064a \u0628\u0627\u0644\u062c\u0645\u0644\u0629 \u0645\u0639 \u063a\u0637\u0627\u0621 \u0623\u0646 \u064a\u062a\u062d\u0645\u0644 \u062f\u0631\u062c\u0627\u062a \u062d\u0631\u0627\u0631\u0629 \u062a\u062a\u0631\u0627\u0648\u062d \u0628\u064a\u0646 -20 \u062f\u0631\u062c\u0629 \u0645\u0626\u0648\u064a\u0629 \u0648120 \u062f\u0631\u062c\u0629 \u0645\u0626\u0648\u064a\u0629.<\/li>\n\n\n\n<li><strong>\u062a\u0635\u0645\u064a\u0645 \u0645\u0646\u0627\u0633\u0628 \u0644\u0644\u062b\u0644\u0627\u062c\u0629<\/strong> - \u0639\u0631\u0636 \u0633\u0641\u0644\u064a \u0635\u063a\u064a\u0631 \u0627\u0644\u062d\u062c\u0645 10 \u0633\u0645 \u064a\u062a\u0633\u0639 \u0628\u0633\u0647\u0648\u0644\u0629 \u062f\u0627\u062e\u0644 \u0623\u0628\u0648\u0627\u0628 \u0627\u0644\u062b\u0644\u0627\u062c\u0629 \u0644\u062a\u0648\u0641\u064a\u0631 \u0627\u0644\u0645\u0633\u0627\u062d\u0629.<\/li>\n\n\n\n<li><strong>\u0635\u0628 \u0633\u0644\u0633<\/strong> - \u062a\u0636\u0645\u0646 \u0627\u0644\u0641\u0648\u0647\u0629 \u0639\u0644\u0649 \u0634\u0643\u0644 \u062d\u0631\u0641 V \u0627\u0646\u0633\u0643\u0627\u0628 \u0627\u0644\u0645\u0627\u0621 \u0628\u062f\u0648\u0646 \u0627\u0646\u0633\u0643\u0627\u0628.<\/li>\n\n\n\n<li><strong>\u063a\u0637\u0627\u0621 \u0645\u0631\u0634\u062d \u0644\u0644\u0634\u0627\u064a \u0648\u0627\u0644\u0641\u0627\u0643\u0647\u0629<\/strong> - \u064a\u062d\u062a\u0648\u064a \u0627\u0644\u063a\u0637\u0627\u0621 \u0639\u0644\u0649 \u0641\u062a\u062d\u0627\u062a \u062a\u0635\u0641\u064a\u0629 \u062f\u0642\u064a\u0642\u0629 \u0644\u062a\u0635\u0641\u064a\u0629 \u0623\u0648\u0631\u0627\u0642 \u0627\u0644\u0634\u0627\u064a \u0623\u0648 \u0628\u0642\u0627\u064a\u0627 \u0627\u0644\u0641\u0627\u0643\u0647\u0629.<\/li>\n\n\n\n<li><strong>\u064a\u062a\u0636\u0645\u0646 \u0645\u0635\u0641\u0627\u0629 \u0625\u0646\u0641\u0648\u0633\u0631<\/strong> - \u0645\u062b\u0627\u0644\u064a \u0644\u062a\u062d\u0636\u064a\u0631 \u0634\u0627\u064a \u0627\u0644\u0641\u0648\u0627\u0643\u0647 \u0623\u0648 \u0645\u0646\u0642\u0648\u0639 \u0627\u0644\u0623\u0639\u0634\u0627\u0628 \u0645\u0628\u0627\u0634\u0631\u0629\u064b \u0641\u064a \u0627\u0644\u0625\u0628\u0631\u064a\u0642.<\/li>\n\n\n\n<li><strong>\u0633\u0647\u0644\u0629 \u0627\u0644\u062a\u0646\u0638\u064a\u0641<\/strong> - \u062a\u0633\u0645\u062d \u0641\u0648\u0647\u0629 \u0627\u0644\u0625\u0628\u0631\u064a\u0642 \u0627\u0644\u0639\u0631\u064a\u0636\u0629 \u0628\u0627\u0644\u062a\u0646\u0638\u064a\u0641 \u0648\u0627\u0644\u062a\u0639\u0628\u0626\u0629 \u062f\u0648\u0646 \u0639\u0646\u0627\u0621.<\/li>\n\n\n\n<li><strong>\u0645\u062c\u0645\u0648\u0639\u0629 \u0643\u0627\u0645\u0644\u0629<\/strong> - \u064a\u062a\u0636\u0645\u0646 \u0623\u0643\u0648\u0627\u0628 \u0648\u0635\u064a\u0646\u064a\u0629 \u0644\u062a\u0642\u062f\u064a\u0645 \u0645\u0631\u064a\u062d.<\/li>\n<\/ul>\n<\/div>\n\n\n\n<div class=\"wp-block-column is-layout-flow wp-block-column-is-layout-flow\">\n<figure class=\"wp-block-image size-full\"><img decoding=\"async\" width=\"800\" height=\"800\" src=\"https:\/\/www.xhplasticlife.com\/wp-content\/uploads\/2025\/11\/Wholesale-Plastic-Pitcher-with-Lid-Manufacturer-4.webp\" alt=\"\u0645\u0635\u0646\u0639 \u0623\u0628\u0627\u0631\u064a\u0642 \u0628\u0644\u0627\u0633\u062a\u064a\u0643 \u0628\u063a\u0637\u0627\u0621 \u0644\u0644\u0628\u064a\u0639 \u0628\u0627\u0644\u062c\u0645\u0644\u0629 (4)\" class=\"wp-image-1629\" srcset=\"https:\/\/www.xhplasticlife.com\/wp-content\/uploads\/2025\/11\/Wholesale-Plastic-Pitcher-with-Lid-Manufacturer-4.webp 800w, https:\/\/www.xhplasticlife.com\/wp-content\/uploads\/2025\/11\/Wholesale-Plastic-Pitcher-with-Lid-Manufacturer-4-300x300.webp 300w, https:\/\/www.xhplasticlife.com\/wp-content\/uploads\/2025\/11\/Wholesale-Plastic-Pitcher-with-Lid-Manufacturer-4-150x150.webp 150w, https:\/\/www.xhplasticlife.com\/wp-content\/uploads\/2025\/11\/Wholesale-Plastic-Pitcher-with-Lid-Manufacturer-4-768x768.webp 768w, https:\/\/www.xhplasticlife.com\/wp-content\/uploads\/2025\/11\/Wholesale-Plastic-Pitcher-with-Lid-Manufacturer-4-12x12.webp 12w, https:\/\/www.xhplasticlife.com\/wp-content\/uploads\/2025\/11\/Wholesale-Plastic-Pitcher-with-Lid-Manufacturer-4-600x600.webp 600w, https:\/\/www.xhplasticlife.com\/wp-content\/uploads\/2025\/11\/Wholesale-Plastic-Pitcher-with-Lid-Manufacturer-4-100x100.webp 100w\" sizes=\"(max-width: 800px) 100vw, 800px\" \/><\/figure>\n<\/div>\n<\/div>\n\n\n\n<h2 class=\"wp-block-heading\">\u062d\u062c\u0645 \u0627\u0644\u0625\u0628\u0631\u064a\u0642 \u0627\u0644\u0628\u0644\u0627\u0633\u062a\u064a\u0643 \u0628\u0627\u0644\u062c\u0645\u0644\u0629:<\/h2>\n\n\n\n<figure class=\"wp-block-table is-style-stripes\"><table class=\"has-fixed-layout\"><tbody><tr><td>\u0627\u0644\u0637\u0631\u0627\u0632<\/td><td>\u0627\u0644\u0633\u0639\u0629<\/td><td>\u062d\u062c\u0645 \u0627\u0644\u0643\u0631\u062a\u0648\u0646<\/td><td>\u0627\u0644\u0648\u0632\u0646 \u0627\u0644\u0625\u062c\u0645\u0627\u0644\u064a<\/td><td>\u0627\u0644\u0648\u0632\u0646 \u0627\u0644\u0623\u0633\u0627\u0633\u064a<\/td><\/tr><tr><td>SH3162<\/td><td>1550 \u0645\u0644\u0644\u064a<\/td><td>63\u00d749\u00d761 \u0633\u0645<\/td><td>15.2 \u0643\u062c\u0645<\/td><td>180G<\/td><\/tr><tr><td>SH3163<\/td><td>2200 \u0645\u0644\u0644\u064a<\/td><td>70.5 \u00d7 50 \u00d7 50 \u00d7 64.5 \u0633\u0645<\/td><td>15.8 \u0643\u062c\u0645<\/td><td>235G<\/td><\/tr><\/tbody><\/table><\/figure>\n\n\n\n<div class=\"wp-block-columns is-layout-flex wp-container-core-columns-is-layout-9d6595d7 wp-block-columns-is-layout-flex\">\n<div class=\"wp-block-column is-layout-flow wp-block-column-is-layout-flow\">\n<figure class=\"wp-block-image size-full\"><img decoding=\"async\" width=\"800\" height=\"800\" src=\"https:\/\/www.xhplasticlife.com\/wp-content\/uploads\/2025\/11\/Wholesale-Plastic-Pitcher-with-Lid-Manufacturer-1.webp\" alt=\"\u0645\u0635\u0646\u0639 \u0623\u0628\u0627\u0631\u064a\u0642 \u0628\u0644\u0627\u0633\u062a\u064a\u0643 \u0628\u063a\u0637\u0627\u0621 \u0644\u0644\u0628\u064a\u0639 \u0628\u0627\u0644\u062c\u0645\u0644\u0629 (1)\" class=\"wp-image-1626\" srcset=\"https:\/\/www.xhplasticlife.com\/wp-content\/uploads\/2025\/11\/Wholesale-Plastic-Pitcher-with-Lid-Manufacturer-1.webp 800w, https:\/\/www.xhplasticlife.com\/wp-content\/uploads\/2025\/11\/Wholesale-Plastic-Pitcher-with-Lid-Manufacturer-1-300x300.webp 300w, https:\/\/www.xhplasticlife.com\/wp-content\/uploads\/2025\/11\/Wholesale-Plastic-Pitcher-with-Lid-Manufacturer-1-150x150.webp 150w, https:\/\/www.xhplasticlife.com\/wp-content\/uploads\/2025\/11\/Wholesale-Plastic-Pitcher-with-Lid-Manufacturer-1-768x768.webp 768w, https:\/\/www.xhplasticlife.com\/wp-content\/uploads\/2025\/11\/Wholesale-Plastic-Pitcher-with-Lid-Manufacturer-1-12x12.webp 12w, https:\/\/www.xhplasticlife.com\/wp-content\/uploads\/2025\/11\/Wholesale-Plastic-Pitcher-with-Lid-Manufacturer-1-600x600.webp 600w, https:\/\/www.xhplasticlife.com\/wp-content\/uploads\/2025\/11\/Wholesale-Plastic-Pitcher-with-Lid-Manufacturer-1-100x100.webp 100w\" sizes=\"(max-width: 800px) 100vw, 800px\" \/><\/figure>\n<\/div>\n\n\n\n<div class=\"wp-block-column is-layout-flow wp-block-column-is-layout-flow\">\n<figure class=\"wp-block-image size-full\"><img decoding=\"async\" width=\"750\" height=\"858\" src=\"https:\/\/www.xhplasticlife.com\/wp-content\/uploads\/2025\/11\/OEM-Cold-Water-Jug-Manufacturer-xinghui.webp\" alt=\"\u0627\u0644\u0634\u0631\u0643\u0629 \u0627\u0644\u0645\u0635\u0646\u0639\u0629 \u0644\u0625\u0628\u0631\u064a\u0642 \u0627\u0644\u0645\u0627\u0621 \u0627\u0644\u0628\u0627\u0631\u062f OEM- xinghui\" class=\"wp-image-1631\" srcset=\"https:\/\/www.xhplasticlife.com\/wp-content\/uploads\/2025\/11\/OEM-Cold-Water-Jug-Manufacturer-xinghui.webp 750w, https:\/\/www.xhplasticlife.com\/wp-content\/uploads\/2025\/11\/OEM-Cold-Water-Jug-Manufacturer-xinghui-262x300.webp 262w, https:\/\/www.xhplasticlife.com\/wp-content\/uploads\/2025\/11\/OEM-Cold-Water-Jug-Manufacturer-xinghui-10x12.webp 10w, https:\/\/www.xhplasticlife.com\/wp-content\/uploads\/2025\/11\/OEM-Cold-Water-Jug-Manufacturer-xinghui-600x686.webp 600w\" sizes=\"(max-width: 750px) 100vw, 750px\" \/><\/figure>\n<\/div>\n<\/div>\n\n\n<div class=\"wp-block-image\">\n<figure class=\"aligncenter size-full\"><img decoding=\"async\" width=\"750\" height=\"377\" src=\"https:\/\/www.xhplasticlife.com\/wp-content\/uploads\/2025\/11\/OEM-Cold-Water-Jug-Manufacturer.webp\" alt=\"\u0627\u0644\u0634\u0631\u0643\u0629 \u0627\u0644\u0645\u0635\u0646\u0639\u0629 \u0644\u0625\u0628\u0631\u064a\u0642 \u0627\u0644\u0645\u0627\u0621 \u0627\u0644\u0628\u0627\u0631\u062f \u0645\u0646 OEM\" class=\"wp-image-1632\" srcset=\"https:\/\/www.xhplasticlife.com\/wp-content\/uploads\/2025\/11\/OEM-Cold-Water-Jug-Manufacturer.webp 750w, https:\/\/www.xhplasticlife.com\/wp-content\/uploads\/2025\/11\/OEM-Cold-Water-Jug-Manufacturer-300x151.webp 300w, https:\/\/www.xhplasticlife.com\/wp-content\/uploads\/2025\/11\/OEM-Cold-Water-Jug-Manufacturer-18x9.webp 18w, https:\/\/www.xhplasticlife.com\/wp-content\/uploads\/2025\/11\/OEM-Cold-Water-Jug-Manufacturer-600x302.webp 600w\" sizes=\"(max-width: 750px) 100vw, 750px\" \/><\/figure>\n<\/div>","protected":false},"excerpt":{"rendered":"<p>\u0645\u0631\u062d\u0628\u064b\u0627 \u0628\u0643 \u0641\u064a \u0634\u0631\u0627\u0621 \u0625\u0628\u0631\u064a\u0642\u0646\u0627 \u0627\u0644\u0628\u0644\u0627\u0633\u062a\u064a\u0643\u064a \u0628\u0627\u0644\u062c\u0645\u0644\u0629 \u0645\u0639 \u063a\u0637\u0627\u0621\u060c \u0645\u0635\u0646\u0648\u0639 \u0645\u0646 \u0645\u0627\u062f\u0629 \u0627\u0644\u0628\u0648\u0644\u064a \u0628\u0631\u0648\u0628\u064a\u0644\u064a\u0646 \u0627\u0644\u0645\u062a\u064a\u0646\u0629 \u0627\u0644\u0633\u0645\u064a\u0643\u0629\u060c \u0648\u0641\u0648\u0647\u0629 \u0639\u0644\u0649 \u0634\u0643\u0644 \u062d\u0631\u0641 V \u0644\u0633\u0643\u0628 \u0633\u0644\u0633\u060c \u0648\u063a\u0637\u0627\u0621 \u0645\u0632\u0648\u062f \u0628\u0641\u062a\u062d\u0627\u062a \u062a\u0635\u0641\u064a\u0629. \u064a\u062a\u0636\u0645\u0646 \u0645\u0635\u0641\u0627\u0629 \u0642\u0627\u0628\u0644\u0629 \u0644\u0644\u0625\u0632\u0627\u0644\u0629 \u0644\u0634\u0627\u064a \u0627\u0644\u0641\u0627\u0643\u0647\u0629 \u0623\u0648 \u0645\u0646\u0642\u0648\u0639 \u0627\u0644\u0623\u0639\u0634\u0627\u0628. \u0633\u0647\u0644 \u0627\u0644\u062a\u0646\u0638\u064a\u0641 \u0645\u0639 \u0641\u0648\u0647\u0629 \u0625\u0628\u0631\u064a\u0642 \u0643\u0628\u064a\u0631\u0629 \u0648\u062a\u0635\u0645\u064a\u0645 \u0645\u0646\u0627\u0633\u0628 \u0644\u0644\u062b\u0644\u0627\u062c\u0629. \u0633\u0639\u0631 \u0627\u0644\u0645\u0635\u0646\u0639 \u0628\u0627\u0644\u062c\u0645\u0644\u0629\u060c \u0639\u064a\u0646\u0627\u062a \u0645\u062c\u0627\u0646\u064a\u0629 \u0645\u062a\u0648\u0641\u0631\u0629\u060c \u062f\u0639\u0645 \u062a\u0635\u0646\u064a\u0639 \u0627\u0644\u0645\u0639\u062f\u0627\u062a \u0627\u0644\u0623\u0635\u0644\u064a\u0629\/ \u0627\u0644\u062a\u0635\u0645\u064a\u0645 \u062d\u0633\u0628 \u0627\u0644\u0637\u0644\u0628. \u0627\u062a\u0635\u0644 \u0628\u0646\u0627 \u0644\u0644\u062d\u0635\u0648\u0644 \u0639\u0644\u0649 \u0643\u0648\u0628\u0643 \u0627\u0644\u064a\u0648\u0645!<\/p>\n<h2>\u0645\u0639\u0644\u0645\u0629 \u0625\u0628\u0631\u064a\u0642 \u0628\u0644\u0627\u0633\u062a\u064a\u0643 \u0628\u0627\u0644\u062c\u0645\u0644\u0629:<\/h2>\n<p><strong>\u0627\u0644\u0637\u0631\u0627\u0632<\/strong>: <strong><span data-spm-anchor-id=\"a2700.details-description.0.i4.67b0zO51zO51nR\">sh3162 - sh3163 - sh3163<\/span><\/strong><br \/><strong>\u0627\u0633\u0645 \u0627\u0644\u0639\u0644\u0627\u0645\u0629 \u0627\u0644\u062a\u062c\u0627\u0631\u064a\u0629<\/strong>: \u0634\u064a\u0646\u063a\u0648\u064a<br \/><strong>\u0627\u0644\u0645\u0648\u0627\u062f<\/strong>: \u0628\u0627\u0621 \u0628\u0627\u0621\u00a0<br \/><strong>\u0627\u0644\u0644\u0648\u0646<\/strong>:: \u0623\u0628\u064a\u0636\/\u0623\u062e\u0636\u0631\/\u0623\u062e\u0636\u0631\/\u0628\u0631\u062a\u0642\u0627\u0644\u064a\/\u0623\u0635\u0641\u0631<br \/><strong>\u0627\u0644\u062a\u0639\u0628\u0626\u0629: <\/strong>\u062d\u0642\u064a\u0628\u0629 OPP<br \/><strong>\u062a\u0635\u0646\u064a\u0639 \u0627\u0644\u0645\u0639\u062f\u0627\u062a \u0627\u0644\u0623\u0635\u0644\u064a\u0629\/\u0627\u0644\u062a\u0635\u0646\u064a\u0639 \u062d\u0633\u0628 \u0627\u0644\u0637\u0644\u0628<\/strong>: \u0645\u062a\u0627\u062d<br \/><strong>\u0639\u064a\u0646\u0629: <\/strong>\u0639\u064a\u0646\u0627\u062a \u0645\u062c\u0627\u0646\u064a\u0629<br \/><strong>\u062e\u064a\u0627\u0631 \u0645\u062e\u0635\u0635 \u062d\u0633\u0628 \u0627\u0644\u0637\u0644\u0628<\/strong>: \u0627\u0644\u0644\u0648\u0646\/\u0627\u0644\u062d\u062c\u0645\/ \u0627\u0644\u0634\u0639\u0627\u0631\/\u0627\u0644\u062d\u0632\u0645\u0629<\/p>\n<h2>\u0645\u0646 \u0627\u0644\u0634\u0631\u0643\u0629 \u0627\u0644\u0645\u0635\u0646\u0639\u0629 \u0644\u0623\u0648\u0627\u0646\u064a \u0627\u0644\u0634\u0631\u0628 \u0627\u0644\u0628\u0644\u0627\u0633\u062a\u064a\u0643\u064a\u0629 :<\/h2>\n<p>\u062a\u0623\u0633\u0633\u062a \u0639\u0627\u0645 2000,<a href=\"https:\/\/www.xhplasticlife.com\/ar\/\">\u00a0<strong>\u0634\u064a\u0646\u063a\u0648\u064a<\/strong><\/a>\u00a0\u0645\u062a\u062e\u0635\u0635\u0629 \u0641\u064a \u0625\u0646\u062a\u0627\u062c \u0648\u0628\u064a\u0639 \u0635\u0646\u0627\u062f\u064a\u0642 \u0627\u0644\u063a\u062f\u0627\u0621 \u0648\u062d\u0627\u0648\u064a\u0627\u062a \u062a\u062e\u0632\u064a\u0646 \u0627\u0644\u0637\u0639\u0627\u0645 \u0648\u062d\u0627\u0648\u064a\u0627\u062a \u062a\u062e\u0632\u064a\u0646 \u0627\u0644\u0637\u0639\u0627\u0645 \u0648\u0623\u0648\u0627\u0646\u064a \u0627\u0644\u0645\u0634\u0631\u0648\u0628\u0627\u062a \u0648\u062d\u0627\u0648\u064a\u0627\u062a \u0627\u0644\u062a\u062e\u0632\u064a\u0646 \u0627\u0644\u0645\u0646\u0632\u0644\u064a\u0629 \u0648\u063a\u064a\u0631\u0647\u0627 \u0645\u0646 \u0627\u0644\u0645\u0646\u062a\u062c\u0627\u062a \u0627\u0644\u0628\u0644\u0627\u0633\u062a\u064a\u0643\u064a\u0629 \u0627\u0644\u064a\u0648\u0645\u064a\u0629. \u062a\u0648\u0641\u064a\u0631 \u062e\u062f\u0645\u0627\u062a \u062a\u0635\u0646\u064a\u0639 \u0627\u0644\u0645\u0639\u062f\u0627\u062a \u0627\u0644\u0623\u0635\u0644\u064a\u0629 \u0648\u062a\u0635\u0646\u064a\u0639 \u0627\u0644\u062a\u0635\u0645\u064a\u0645 \u0627\u0644\u0623\u0635\u0644\u064a \u0648\u062a\u0635\u0646\u064a\u0639 \u0627\u0644\u062a\u0635\u0645\u064a\u0645 \u0627\u0644\u0634\u062e\u0635\u064a \u0648\u062e\u062f\u0645\u0627\u062a \u0627\u0644\u0634\u0631\u0627\u0621 \u0639\u0628\u0631 \u0627\u0644\u0625\u0646\u062a\u0631\u0646\u062a \u0644\u0644\u0639\u0645\u0644\u0627\u0621.<\/p>","protected":false},"featured_media":1630,"comment_status":"closed","ping_status":"closed","template":"","meta":{"_acf_changed":false},"product_brand":[],"product_cat":[20],"product_tag":[],"class_list":{"0":"post-1625","1":"product","2":"type-product","3":"status-publish","4":"has-post-thumbnail","6":"product_cat-custom-drinkware-wholesaler","8":"first","9":"instock","10":"shipping-taxable","11":"product-type-simple"},"acf":[],"_links":{"self":[{"href":"https:\/\/www.xhplasticlife.com\/ar\/wp-json\/wp\/v2\/product\/1625","targetHints":{"allow":["GET"]}}],"collection":[{"href":"https:\/\/www.xhplasticlife.com\/ar\/wp-json\/wp\/v2\/product"}],"about":[{"href":"https:\/\/www.xhplasticlife.com\/ar\/wp-json\/wp\/v2\/types\/product"}],"replies":[{"embeddable":true,"href":"https:\/\/www.xhplasticlife.com\/ar\/wp-json\/wp\/v2\/comments?post=1625"}],"wp:featuredmedia":[{"embeddable":true,"href":"https:\/\/www.xhplasticlife.com\/ar\/wp-json\/wp\/v2\/media\/1630"}],"wp:attachment":[{"href":"https:\/\/www.xhplasticlife.com\/ar\/wp-json\/wp\/v2\/media?parent=1625"}],"wp:term":[{"taxonomy":"product_brand","embeddable":true,"href":"https:\/\/www.xhplasticlife.com\/ar\/wp-json\/wp\/v2\/product_brand?post=1625"},{"taxonomy":"product_cat","embeddable":true,"href":"https:\/\/www.xhplasticlife.com\/ar\/wp-json\/wp\/v2\/product_cat?post=1625"},{"taxonomy":"product_tag","embeddable":true,"href":"https:\/\/www.xhplasticlife.com\/ar\/wp-json\/wp\/v2\/product_tag?post=1625"}],"curies":[{"name":"wp","href":"https:\/\/api.w.org\/{rel}","templated":true}]}}